{"id":51,"date":"2020-01-21T15:27:21","date_gmt":"2020-01-21T15:27:21","guid":{"rendered":"https:\/\/space.xtemos.com\/demo\/hitek\/?page_id=51"},"modified":"2022-09-04T09:21:44","modified_gmt":"2022-09-04T09:21:44","slug":"contact-us","status":"publish","type":"page","link":"https:\/\/energystudio-agency.ro\/demo10\/contact-us\/","title":{"rendered":"Contact"},"content":{"rendered":"\t\t<div data-elementor-type=\"wp-page\" data-elementor-id=\"51\" class=\"elementor elementor-51\">\n\t\t\t\t\t\t<section class=\"elementor-section elementor-top-section elementor-element elementor-element-eb246f4 elementor-section-boxed elementor-section-height-default elementor-section-height-default xts-section-disabled\" data-id=\"eb246f4\" data-element_type=\"section\">\n\t\t\t\t\t\t<div class=\"elementor-container elementor-column-gap-wide\">\n\t\t\t\t\t<div class=\"elementor-column elementor-col-50 elementor-top-column elementor-element elementor-element-95bcc6a\" data-id=\"95bcc6a\" data-element_type=\"column\">\n\t\t\t<div class=\"elementor-widget-wrap elementor-element-populated\">\n\t\t\t\t\t\t<div class=\"elementor-element elementor-element-4563283 elementor-widget elementor-widget-xts_accordion\" data-id=\"4563283\" data-element_type=\"widget\" data-widget_type=\"xts_accordion.default\">\n\t\t\t\t<div class=\"elementor-widget-container\">\n\t\t\t\t\t<div class=\"xts-accordion xts-style-bordered\" data-toggle-self=\"yes\" data-state=\"first\">\r\n\t\t\t\t\t\t\t<div class=\"xts-accordion-item\">\r\n\t\t\t\t\t\r\n\t\t\t\t\t<div class=\"xts-accordion-title xts-textalign-left xts-icon-right xts-active\"\r\n\t\t\t\t\t\tdata-accordion-index=\"0\">\r\n\t\t\t\t\t\t<span class=\"xts-accordion-title-text\">C\u00e2t dureaz\u0103 livrarea?<\/span>\r\n\t\t\t\t\t\t<span class=\"xts-accordion-icon xts-style-arrow\"><\/span>\r\n\t\t\t\t\t<\/div>\r\n\r\n\t\t\t\t\t<div class=\"xts-accordion-content xts-active elementor-repeater-item-0a6f7ff xts-textalign-left\"\r\n\t\t\t\t\t\tdata-accordion-index=\"0\">\r\n\t\t\t\t\t\t\t\t\t\t\t\t\t<div class=\"xts-accordion-desc\"\r\n\t\t\t\t\t\t\t\tdata-elementor-setting-key=\"accordion_items.0.item_desc\">\r\n\t\t\t\t\t\t\t\tServiciul nostru standard de livrare dureaz\u0103 1-3 zile lucr\u0103toare. Oper\u0103m, de asemenea, un serviciu de livrare \u00een ziua urm\u0103toare pentru o tax\u0103 suplimentar\u0103.\t\t\t\t\t\t\t<\/div>\r\n\t\t\t\t\t\t\t\t\t\t\t<\/div>\r\n\t\t\t\t<\/div>\r\n\t\t\t\t\t\t\t<div class=\"xts-accordion-item\">\r\n\t\t\t\t\t\r\n\t\t\t\t\t<div class=\"xts-accordion-title xts-textalign-left xts-icon-right\"\r\n\t\t\t\t\t\tdata-accordion-index=\"1\">\r\n\t\t\t\t\t\t<span class=\"xts-accordion-title-text\">Cum \u00eemi verific starea livr\u0103rii?<\/span>\r\n\t\t\t\t\t\t<span class=\"xts-accordion-icon xts-style-arrow\"><\/span>\r\n\t\t\t\t\t<\/div>\r\n\r\n\t\t\t\t\t<div class=\"xts-accordion-content elementor-repeater-item-cddb2cc xts-textalign-left\"\r\n\t\t\t\t\t\tdata-accordion-index=\"1\">\r\n\t\t\t\t\t\t\t\t\t\t\t\t\t<div class=\"xts-accordion-desc\"\r\n\t\t\t\t\t\t\t\tdata-elementor-setting-key=\"accordion_items.1.item_desc\">\r\n\t\t\t\t\t\t\t\tVe\u021bi primi un link de urm\u0103rire \u00eempreun\u0103 cu e-mailul de confirmare a expedierii. Acest lucru v\u0103 va \u021bine la curent cu starea coletului dvs.\t\t\t\t\t\t\t<\/div>\r\n\t\t\t\t\t\t\t\t\t\t\t<\/div>\r\n\t\t\t\t<\/div>\r\n\t\t\t\t\t\t\t<div class=\"xts-accordion-item\">\r\n\t\t\t\t\t\r\n\t\t\t\t\t<div class=\"xts-accordion-title xts-textalign-left xts-icon-right\"\r\n\t\t\t\t\t\tdata-accordion-index=\"2\">\r\n\t\t\t\t\t\t<span class=\"xts-accordion-title-text\">A\u0219 dori s\u0103 returnez articolele mele<\/span>\r\n\t\t\t\t\t\t<span class=\"xts-accordion-icon xts-style-arrow\"><\/span>\r\n\t\t\t\t\t<\/div>\r\n\r\n\t\t\t\t\t<div class=\"xts-accordion-content elementor-repeater-item-2ff7d1f xts-textalign-left\"\r\n\t\t\t\t\t\tdata-accordion-index=\"2\">\r\n\t\t\t\t\t\t\t\t\t\t\t\t\t<div class=\"xts-accordion-desc\"\r\n\t\t\t\t\t\t\t\tdata-elementor-setting-key=\"accordion_items.2.item_desc\">\r\n\t\t\t\t\t\t\t\tDac\u0103 trebuie s\u0103 ne returna\u021bi ceva, v\u0103 rug\u0103m s\u0103 vizita\u021bi www.demo.ro\/returns pentru detalii complete despre politica noastr\u0103 de returnare \u0219i detalii despre cum s\u0103 ne returna\u021bi articolele dvs.\t\t\t\t\t\t\t<\/div>\r\n\t\t\t\t\t\t\t\t\t\t\t<\/div>\r\n\t\t\t\t<\/div>\r\n\t\t\t\t\t\t\t<div class=\"xts-accordion-item\">\r\n\t\t\t\t\t\r\n\t\t\t\t\t<div class=\"xts-accordion-title xts-textalign-left xts-icon-right\"\r\n\t\t\t\t\t\tdata-accordion-index=\"3\">\r\n\t\t\t\t\t\t<span class=\"xts-accordion-title-text\">Ce metode de plata acceptati?<\/span>\r\n\t\t\t\t\t\t<span class=\"xts-accordion-icon xts-style-arrow\"><\/span>\r\n\t\t\t\t\t<\/div>\r\n\r\n\t\t\t\t\t<div class=\"xts-accordion-content elementor-repeater-item-ff7b2b9 xts-textalign-left\"\r\n\t\t\t\t\t\tdata-accordion-index=\"3\">\r\n\t\t\t\t\t\t\t\t\t\t\t\t\t<div class=\"xts-accordion-desc\"\r\n\t\t\t\t\t\t\t\tdata-elementor-setting-key=\"accordion_items.3.item_desc\">\r\n\t\t\t\t\t\t\t\tC\u00e2nd comand\u0103m online, accept\u0103m toate cardurile de credit\/debit majore, Paypal, Amazon Pay\t\t\t\t\t\t\t<\/div>\r\n\t\t\t\t\t\t\t\t\t\t\t<\/div>\r\n\t\t\t\t<\/div>\r\n\t\t\t\t\t\t\t<div class=\"xts-accordion-item\">\r\n\t\t\t\t\t\r\n\t\t\t\t\t<div class=\"xts-accordion-title xts-textalign-left xts-icon-right\"\r\n\t\t\t\t\t\tdata-accordion-index=\"4\">\r\n\t\t\t\t\t\t<span class=\"xts-accordion-title-text\">Cum \u0219tiu dac\u0103 comanda mea a avut succes?<\/span>\r\n\t\t\t\t\t\t<span class=\"xts-accordion-icon xts-style-arrow\"><\/span>\r\n\t\t\t\t\t<\/div>\r\n\r\n\t\t\t\t\t<div class=\"xts-accordion-content elementor-repeater-item-22382a1 xts-textalign-left\"\r\n\t\t\t\t\t\tdata-accordion-index=\"4\">\r\n\t\t\t\t\t\t\t\t\t\t\t\t\t<div class=\"xts-accordion-desc\"\r\n\t\t\t\t\t\t\t\tdata-elementor-setting-key=\"accordion_items.4.item_desc\">\r\n\t\t\t\t\t\t\t\tOdat\u0103 ce comanda dvs. este finalizat\u0103, vi se va furniza un num\u0103r de referin\u021b\u0103 asociat. La scurt timp dup\u0103 aceea, echipa noastr\u0103 v\u0103 va trimite prin e-mail o confirmare a comenzii.\t\t\t\t\t\t\t<\/div>\r\n\t\t\t\t\t\t\t\t\t\t\t<\/div>\r\n\t\t\t\t<\/div>\r\n\t\t\t\t\t<\/div>\r\n\t\t\t\t<\/div>\n\t\t\t\t<\/div>\n\t\t\t\t\t<\/div>\n\t\t<\/div>\n\t\t\t\t<div class=\"elementor-column elementor-col-50 elementor-top-column elementor-element elementor-element-b92b978\" data-id=\"b92b978\" data-element_type=\"column\">\n\t\t\t<div class=\"elementor-widget-wrap elementor-element-populated\">\n\t\t\t\t\t\t<div class=\"elementor-element elementor-element-d9e21e7 elementor-widget elementor-widget-xts_title\" data-id=\"d9e21e7\" data-element_type=\"widget\" data-widget_type=\"xts_title.default\">\n\t\t\t\t<div class=\"elementor-widget-container\">\n\t\t\t\t\t\t<div class=\"xts-section-heading xts-reset-mb-10 xts-reset-last xts-textalign-left\" data-animation-delay=\"\">\r\n\t\t\t\t\t\t\t\t\t<div class=\"xts-section-subtitle xts-fontsize-s\">\r\n\t\t\t\t\t\t<span class=\"xts-section-subtitle-text\" data-elementor-setting-key=\"subtitle\">\r\n\t\t\t\t\t\t\tContacta\u0163i-ne\t\t\t\t\t\t<\/span>\r\n\r\n\t\t\t\t\t\t\t\t\t\t\t<\/div>\r\n\t\t\t\t\r\n\t\t\t\t\t\t\t\t\t<h4 class=\"xts-section-title title xts-design-default xts-fontsize-xl\">\r\n\t\t\t\t\t\t<span class=\"xts-section-title-text\" data-elementor-setting-key=\"title\">\r\n\t\t\t\t\t\t\tPune-\u021bi \u00eentreb\u0103rile\t\t\t\t\t\t<\/span>\r\n\r\n\t\t\t\t\t\t\t\t\t\t\t<\/h4>\r\n\t\t\t\t\r\n\t\t\t\t\r\n\t\t\t\t\t\t\t<\/div>\r\n\t\t\t\t<\/div>\n\t\t\t\t<\/div>\n\t\t\t\t<div class=\"elementor-element elementor-element-11cbda5 elementor-widget elementor-widget-xts_contact_form_7\" data-id=\"11cbda5\" data-element_type=\"widget\" data-widget_type=\"xts_contact_form_7.default\">\n\t\t\t\t<div class=\"elementor-widget-container\">\n\t\t\t\n<div class=\"wpcf7 no-js\" id=\"wpcf7-f361-o1\" lang=\"en-US\" dir=\"ltr\">\n<div class=\"screen-reader-response\"><p role=\"status\" aria-live=\"polite\" aria-atomic=\"true\"><\/p> <ul><\/ul><\/div>\n<form action=\"\/demo10\/wp-json\/wp\/v2\/pages\/51#wpcf7-f361-o1\" method=\"post\" class=\"wpcf7-form init\" aria-label=\"Contact form\" novalidate=\"novalidate\" data-status=\"init\">\n<div style=\"display: none;\">\n<input type=\"hidden\" name=\"_wpcf7\" value=\"361\" \/>\n<input type=\"hidden\" name=\"_wpcf7_version\" value=\"5.9.8\" \/>\n<input type=\"hidden\" name=\"_wpcf7_locale\" value=\"en_US\" \/>\n<input type=\"hidden\" name=\"_wpcf7_unit_tag\" value=\"wpcf7-f361-o1\" \/>\n<input type=\"hidden\" name=\"_wpcf7_container_post\" value=\"0\" \/>\n<input type=\"hidden\" name=\"_wpcf7_posted_data_hash\" value=\"\" \/>\n<\/div>\n<div class=\"row row-spacing-20 row-spacing-bottom-20\">\n\t<p class=\"col-12 col-md-6\"><span class=\"wpcf7-form-control-wrap\" data-name=\"text\"><input size=\"40\" maxlength=\"400\" class=\"wpcf7-form-control wpcf7-text wpcf7-validates-as-required\" aria-required=\"true\" aria-invalid=\"false\" placeholder=\"First Name\" value=\"\" type=\"text\" name=\"text\" \/><\/span>\n\t<\/p>\n\t<p class=\"col-12 col-md-6\"><span class=\"wpcf7-form-control-wrap\" data-name=\"text\"><input size=\"40\" maxlength=\"400\" class=\"wpcf7-form-control wpcf7-text wpcf7-validates-as-required\" aria-required=\"true\" aria-invalid=\"false\" placeholder=\"Last Name\" value=\"\" type=\"text\" name=\"text\" \/><\/span>\n\t<\/p>\n\t<p class=\"col-12 col-md-6\"><span class=\"wpcf7-form-control-wrap\" data-name=\"email\"><input size=\"40\" maxlength=\"400\" class=\"wpcf7-form-control wpcf7-email wpcf7-validates-as-required wpcf7-text wpcf7-validates-as-email\" aria-required=\"true\" aria-invalid=\"false\" placeholder=\"Your Email Address\" value=\"\" type=\"email\" name=\"email\" \/><\/span>\n\t<\/p>\n\t<p class=\"col-12 col-md-6\"><span class=\"wpcf7-form-control-wrap\" data-name=\"text\"><input size=\"40\" maxlength=\"400\" class=\"wpcf7-form-control wpcf7-text wpcf7-validates-as-required\" aria-required=\"true\" aria-invalid=\"false\" placeholder=\"Your Number\" value=\"\" type=\"text\" name=\"text\" \/><\/span>\n\t<\/p>\n\t<p class=\"col-12\"><span class=\"wpcf7-form-control-wrap\" data-name=\"your-message\"><textarea cols=\"40\" rows=\"10\" maxlength=\"2000\" class=\"wpcf7-form-control wpcf7-textarea\" aria-invalid=\"false\" placeholder=\"Message\" name=\"your-message\"><\/textarea><\/span>\n\t<\/p>\n\t<p class=\"col-12\"><input class=\"wpcf7-form-control wpcf7-submit has-spinner\" type=\"submit\" value=\"Send\" \/>\n\t<\/p>\n<\/div><div class=\"wpcf7-response-output\" aria-hidden=\"true\"><\/div>\n<\/form>\n<\/div>\n\t\t<\/div>\n\t\t\t\t<\/div>\n\t\t\t\t\t<\/div>\n\t\t<\/div>\n\t\t\t\t\t<\/div>\n\t\t<\/section>\n\t\t\t\t<\/div>\n\t\t","protected":false},"excerpt":{"rendered":"<p>C\u00e2t dureaz\u0103 livrarea? Serviciul nostru standard de livrare dureaz\u0103 1-3 zile lucr\u0103toare. Oper\u0103m, de asemenea, un serviciu de livrare \u00een ziua urm\u0103toare pentru o tax\u0103 suplimentar\u0103. Cum \u00eemi verific starea livr\u0103rii? Ve\u021bi primi un link de urm\u0103rire \u00eempreun\u0103 cu e-mailul de confirmare a expedierii. Acest lucru v\u0103 va \u021bine la curent cu starea coletului dvs. [&hellip;]<\/p>\n","protected":false},"author":1,"featured_media":0,"parent":0,"menu_order":0,"comment_status":"closed","ping_status":"closed","template":"","meta":{"footnotes":""},"class_list":["post-51","page","type-page","status-publish","hentry"],"_links":{"self":[{"href":"https:\/\/energystudio-agency.ro\/demo10\/wp-json\/wp\/v2\/pages\/51","targetHints":{"allow":["GET"]}}],"collection":[{"href":"https:\/\/energystudio-agency.ro\/demo10\/wp-json\/wp\/v2\/pages"}],"about":[{"href":"https:\/\/energystudio-agency.ro\/demo10\/wp-json\/wp\/v2\/types\/page"}],"author":[{"embeddable":true,"href":"https:\/\/energystudio-agency.ro\/demo10\/wp-json\/wp\/v2\/users\/1"}],"replies":[{"embeddable":true,"href":"https:\/\/energystudio-agency.ro\/demo10\/wp-json\/wp\/v2\/comments?post=51"}],"version-history":[{"count":7,"href":"https:\/\/energystudio-agency.ro\/demo10\/wp-json\/wp\/v2\/pages\/51\/revisions"}],"predecessor-version":[{"id":9506,"href":"https:\/\/energystudio-agency.ro\/demo10\/wp-json\/wp\/v2\/pages\/51\/revisions\/9506"}],"wp:attachment":[{"href":"https:\/\/energystudio-agency.ro\/demo10\/wp-json\/wp\/v2\/media?parent=51"}],"curies":[{"name":"wp","href":"https:\/\/api.w.org\/{rel}","templated":true}]}}