{"id":2479,"date":"2021-01-23T09:40:37","date_gmt":"2021-01-23T09:40:37","guid":{"rendered":"https:\/\/demo1.energystudio.ro\/?page_id=2479"},"modified":"2021-01-23T09:40:37","modified_gmt":"2021-01-23T09:40:37","slug":"drept-de-retur","status":"publish","type":"page","link":"https:\/\/energystudio-agency.ro\/demo12\/drept-de-retur\/","title":{"rendered":"Drept de retur"},"content":{"rendered":"\t\t<div data-elementor-type=\"wp-page\" data-elementor-id=\"2479\" class=\"elementor elementor-2479\">\n\t\t\t\t\t\t<section class=\"elementor-section elementor-top-section elementor-element elementor-element-1091c4c elementor-section-boxed elementor-section-height-default elementor-section-height-default\" data-id=\"1091c4c\" data-element_type=\"section\">\r\n\t\t\t\r\n\t\t\t\t\t\t\t\t\t<div class=\"elementor-container elementor-column-gap-default\">\r\n\t\t\t\t\t\t\t\t<div class=\"elementor-row\">\r\n\t\t\t\t\t\t\t<div class=\"elementor-column elementor-col-100 elementor-top-column elementor-element elementor-element-a78adb8\" data-id=\"a78adb8\" data-element_type=\"column\">\r\n\r\n\t\t\t\t\t<div class=\"elementor-column-wrap elementor-element-populated\">\r\n\t\t\t\t\t\t\t<div class=\"elementor-widget-wrap\">\r\n\t\t\t\t\t\t<div class=\"elementor-element elementor-element-7ba13b24 elementor-widget elementor-widget-text-editor\" data-id=\"7ba13b24\" data-element_type=\"widget\" data-widget_type=\"text-editor.default\">\n\t\t\t\t<div class=\"elementor-widget-container\">\n\t\t\t<style>\/*! elementor - v3.23.0 - 05-08-2024 *\/\n.elementor-widget-text-editor.elementor-drop-cap-view-stacked .elementor-drop-cap{background-color:#69727d;color:#fff}.elementor-widget-text-editor.elementor-drop-cap-view-framed .elementor-drop-cap{color:#69727d;border:3px solid;background-color:transparent}.elementor-widget-text-editor:not(.elementor-drop-cap-view-default) .elementor-drop-cap{margin-top:8px}.elementor-widget-text-editor:not(.elementor-drop-cap-view-default) .elementor-drop-cap-letter{width:1em;height:1em}.elementor-widget-text-editor .elementor-drop-cap{float:left;text-align:center;line-height:1;font-size:50px}.elementor-widget-text-editor .elementor-drop-cap-letter{display:inline-block}<\/style>\t\t\t\t<p><strong>Dreptul la retragere in 14 zile pentru comert la distanta<\/strong><\/p>\n<p>Cumparatorul are dreptul sa se retraga din Contract, respectiv sa returneze un Bun sau sa renun\u021be la un Serviciu, \u00een termen de 14 zile calendaristice, fara invocarea niciunui motiv si fara a suporta alte costuri dec\u00e2t cele de livrare. Astfel, potrivit OUG nr 34\/2014, perioada de returnare a unui Bun sau renun\u021bare la un Serviciu expir\u0103 \u00een termen de 14 zile de la:<\/p>\n<p>&#8211; ziua \u00een care Cumparatorul intr\u0103 \u00een posesia fizic\u0103 a ultimului Bun \u2013 \u00een cazul \u00een care Cumparatorul comand\u0103 printr-o singur\u0103 comand\u0103 produse multiple care vor fi livrate separat<\/p>\n<p>&#8211; ziua \u00een care Cumparatorul intr\u0103 \u00een posesia fizic\u0103 a ultimului Bun sau a ultimei piese \u2013 \u00een cazul livr\u0103rii unui produs care const\u0103 din mai multe loturi sau piese<\/p>\n<p><strong>Condi\u021bii generale pentru returul produselor <\/strong>:<\/p>\n<p>Produsele pe care le returnezi trebuie s\u0103 fie \u00een aceea\u0219i stare \u00een care le-ai primit. Asigur\u0103-te ca produsul nu este protejat de parole setate de tine \u0219i c\u0103 ai \u0219ters eventualele conturi pe care le-ai definit, astfel \u00eenc\u00e2t produsul s\u0103 nu contina nicio data cu caracter personal si sa poat\u0103 fi adus la versiunea ini\u021bial\u0103 de software<\/p>\n<p>Returul se face cu etichetele ini\u021biale intacte, certificatul de garan\u021bie \u00een original (dac\u0103 a fost emis de produc\u0103tor\/ distribuitor) \u0219i toate documentele cu care a fost livrat produsul.<\/p>\n<p>Produsul trebuie s\u0103 fie \u00eensotit de accesoriile\/cadourile cu care a fost livrat.<\/p>\n<p>Dac\u0103 ai cump\u0103rat mai multe produse de acela\u0219i fel \u0219i vrei s\u0103 le returnezi pe toate, asigur\u0103-te c\u0103 doar unul a fost desigilat. Returul celorlalte produse se accept\u0103 doar dac\u0103 sunt sigilate.<\/p>\n<p>Nu se accept\u0103 produsele asupra c\u0103rora au fost efectuate interven\u021bii neautorizate, cele care prezint\u0103 urme de uzur\u0103 sau folosire excesiv\u0103, zg\u00e2rieturi, ciobituri, lovituri, \u0219ocuri mecanice \/ electrice, produsele c\u0103rora le lipsesc accesorii.<\/p>\n<p>Nu se accept\u0103 returul dac\u0103 ai dezinstalat sistemele de operare sau alte programe existente la livrare, dac\u0103 produsele au licen\u021be OEM activate sau dac\u0103 ai dezinstalat sistemele de operare sau alte programe existente la livrare.<\/p>\n<p>Daca in coletul de retur se afla produse diferite fata de cele din formularul completat, dupa verificarea pachetului de catre curier, preluarea va fi refuzata.<\/p>\n<p><strong>&#8211;<\/strong><strong>Banii vor fi returnati \u00een contul specificat de tine \u00een formularul de retur sau pe card, dac\u0103 ai pl\u0103tit online;<\/strong><\/p>\n<p><strong>&#8211;<\/strong><strong>Banii vor fi vizibili \u00een contul sau pe cardul t\u0103u \u00een maximum 14 zile calendaristice;<\/strong><\/p>\n<p><strong>-V<\/strong><strong>a putea amana rambursarea sumei pana la primirea PRODUSELOR vandute sau pana la primirea unei dovezi conform careia acestea au fost expediate, in cazul in care nu s-a oferit sa recupereze el insusi PRODUSELE (se va lua data cea mai recenta).<\/strong><\/p>\n<p><strong>\u00a0<\/strong><\/p>\n<p><strong>Ne rezervam dreptul de a diminua sumele rambursate CLIENTULUI persoana fizica cu valoarea care rezulta din manipularea PRODUSELOR, altele decat cele necesare pentru determinarea naturii, caracteristicilor si functionalitatii PRODUSELOR.<\/strong><\/p>\n<p><strong>Cerere de retur anulat\u0103<\/strong><\/p>\n<p><strong>Dac\u0103 cererea ta de retur a fost anulat\u0103, atunci e posibil s\u0103 fi avut loc una dintre situa\u021biile:<\/strong><\/p>\n<p><strong>&#8211;<\/strong><strong>Te-ai r\u0103zg\u00e2ndit \u0219i nu ai mai predat coletul curierului.<\/strong><\/p>\n<p><strong>&#8211;<\/strong><strong>Curierul te-a sunat de trei ori, dar nu a reu\u0219it s\u0103 dea de tine.<\/strong><\/p>\n<p><strong>Dac\u0103 \u0219tii c\u0103 nu s-a \u00eent\u00e2mplat a\u0219a, te rug\u0103m s\u0103 ne trimi\u021bi un mesaj\u00a0 sau sun\u0103-ne <\/strong><strong>.<\/strong><\/p>\n<p>-Dupa inregistrarea cererii vom trimite curierul sa ridice produsul pe care vrei sa il returnezi.<\/p>\n<p>-Dupa ce predai coletul , te vom tine la curent prin e-mail cu privire la statusul returului tau<\/p>\t\t\t\t\t\t<\/div>\n\t\t\t\t<\/div>\n\t\t\t\t\t\t<\/div>\r\n\t\t\t\t\t<\/div>\r\n\t\t\t\t<\/div>\r\n\t\t\t\t\t\t<\/div>\r\n\t\t\t\t\t<\/div>\r\n\t\t\t\t<\/section>\r\n\t\t\t\t<section class=\"elementor-section elementor-top-section elementor-element elementor-element-377d555 elementor-section-boxed elementor-section-height-default elementor-section-height-default\" data-id=\"377d555\" data-element_type=\"section\">\r\n\t\t\t\r\n\t\t\t\t\t\t\t\t\t<div class=\"elementor-container elementor-column-gap-default\">\r\n\t\t\t\t\t\t\t\t<div class=\"elementor-row\">\r\n\t\t\t\t\t\t\t<div class=\"elementor-column elementor-col-100 elementor-top-column elementor-element elementor-element-fa31a4e\" data-id=\"fa31a4e\" data-element_type=\"column\">\r\n\r\n\t\t\t\t\t<div class=\"elementor-column-wrap elementor-element-populated\">\r\n\t\t\t\t\t\t\t<div class=\"elementor-widget-wrap\">\r\n\t\t\t\t\t\t<div class=\"elementor-element elementor-element-bc66b0e elementor-widget elementor-widget-form\" data-id=\"bc66b0e\" data-element_type=\"widget\" data-widget_type=\"form.default\">\n\t\t\t\t<div class=\"elementor-widget-container\">\n\t\t\t \t\t<\/div>\n\t\t\t\t<\/div>\n\t\t\t\t\t\t<\/div>\r\n\t\t\t\t\t<\/div>\r\n\t\t\t\t<\/div>\r\n\t\t\t\t\t\t<\/div>\r\n\t\t\t\t\t<\/div>\r\n\t\t\t\t<\/section>\r\n\t\t\t\t<\/div>\n\t\t","protected":false},"excerpt":{"rendered":"<p>Dreptul la retragere in 14 zile pentru comert la distanta Cumparatorul are dreptul sa se retraga din Contract, respectiv sa returneze un Bun sau sa renun\u021be la un Serviciu, \u00een termen de 14 zile calendaristice, fara invocarea niciunui motiv si fara a suporta alte costuri dec\u00e2t cele de livrare. Astfel, potrivit OUG nr 34\/2014, perioada [&hellip;]<\/p>\n","protected":false},"author":1,"featured_media":0,"parent":0,"menu_order":0,"comment_status":"closed","ping_status":"closed","template":"","meta":{"footnotes":""},"class_list":["post-2479","page","type-page","status-publish","hentry"],"yoast_head":"<!-- This site is optimized with the Yoast SEO plugin v23.3 - https:\/\/yoast.com\/wordpress\/plugins\/seo\/ -->\n<title>Drept de retur - EnergyStudio Demo<\/title>\n<meta name=\"robots\" content=\"index, follow, max-snippet:-1, max-image-preview:large, max-video-preview:-1\" \/>\n<link rel=\"canonical\" href=\"https:\/\/energystudio-agency.ro\/demo12\/drept-de-retur\/\" \/>\n<meta property=\"og:locale\" content=\"ro_RO\" \/>\n<meta property=\"og:type\" content=\"article\" \/>\n<meta property=\"og:title\" content=\"Drept de retur - EnergyStudio Demo\" \/>\n<meta property=\"og:description\" content=\"Dreptul la retragere in 14 zile pentru comert la distanta Cumparatorul are dreptul sa se retraga din Contract, respectiv sa returneze un Bun sau sa renun\u021be la un Serviciu, \u00een termen de 14 zile calendaristice, fara invocarea niciunui motiv si fara a suporta alte costuri dec\u00e2t cele de livrare. Astfel, potrivit OUG nr 34\/2014, perioada [&hellip;]\" \/>\n<meta property=\"og:url\" content=\"https:\/\/energystudio-agency.ro\/demo12\/drept-de-retur\/\" \/>\n<meta property=\"og:site_name\" content=\"EnergyStudio Demo\" \/>\n<meta name=\"twitter:card\" content=\"summary_large_image\" \/>\n<meta name=\"twitter:label1\" content=\"Timp estimat pentru citire\" \/>\n\t<meta name=\"twitter:data1\" content=\"3 minute\" \/>\n<script type=\"application\/ld+json\" class=\"yoast-schema-graph\">{\"@context\":\"https:\/\/schema.org\",\"@graph\":[{\"@type\":\"WebPage\",\"@id\":\"https:\/\/energystudio-agency.ro\/demo12\/drept-de-retur\/\",\"url\":\"https:\/\/energystudio-agency.ro\/demo12\/drept-de-retur\/\",\"name\":\"Drept de retur - EnergyStudio Demo\",\"isPartOf\":{\"@id\":\"https:\/\/energystudio-agency.ro\/demo12\/#website\"},\"datePublished\":\"2021-01-23T09:40:37+00:00\",\"dateModified\":\"2021-01-23T09:40:37+00:00\",\"breadcrumb\":{\"@id\":\"https:\/\/energystudio-agency.ro\/demo12\/drept-de-retur\/#breadcrumb\"},\"inLanguage\":\"ro-RO\",\"potentialAction\":[{\"@type\":\"ReadAction\",\"target\":[\"https:\/\/energystudio-agency.ro\/demo12\/drept-de-retur\/\"]}]},{\"@type\":\"BreadcrumbList\",\"@id\":\"https:\/\/energystudio-agency.ro\/demo12\/drept-de-retur\/#breadcrumb\",\"itemListElement\":[{\"@type\":\"ListItem\",\"position\":1,\"name\":\"Prima pagin\u0103\",\"item\":\"https:\/\/energystudio-agency.ro\/demo12\/\"},{\"@type\":\"ListItem\",\"position\":2,\"name\":\"Drept de retur\"}]},{\"@type\":\"WebSite\",\"@id\":\"https:\/\/energystudio-agency.ro\/demo12\/#website\",\"url\":\"https:\/\/energystudio-agency.ro\/demo12\/\",\"name\":\"EnergyStudio Demo\",\"description\":\"Magazin Online\",\"potentialAction\":[{\"@type\":\"SearchAction\",\"target\":{\"@type\":\"EntryPoint\",\"urlTemplate\":\"https:\/\/energystudio-agency.ro\/demo12\/?s={search_term_string}\"},\"query-input\":\"required name=search_term_string\"}],\"inLanguage\":\"ro-RO\"}]}<\/script>\n<!-- \/ Yoast SEO plugin. -->","yoast_head_json":{"title":"Drept de retur - EnergyStudio Demo","robots":{"index":"index","follow":"follow","max-snippet":"max-snippet:-1","max-image-preview":"max-image-preview:large","max-video-preview":"max-video-preview:-1"},"canonical":"https:\/\/energystudio-agency.ro\/demo12\/drept-de-retur\/","og_locale":"ro_RO","og_type":"article","og_title":"Drept de retur - EnergyStudio Demo","og_description":"Dreptul la retragere in 14 zile pentru comert la distanta Cumparatorul are dreptul sa se retraga din Contract, respectiv sa returneze un Bun sau sa renun\u021be la un Serviciu, \u00een termen de 14 zile calendaristice, fara invocarea niciunui motiv si fara a suporta alte costuri dec\u00e2t cele de livrare. Astfel, potrivit OUG nr 34\/2014, perioada [&hellip;]","og_url":"https:\/\/energystudio-agency.ro\/demo12\/drept-de-retur\/","og_site_name":"EnergyStudio Demo","twitter_card":"summary_large_image","twitter_misc":{"Timp estimat pentru citire":"3 minute"},"schema":{"@context":"https:\/\/schema.org","@graph":[{"@type":"WebPage","@id":"https:\/\/energystudio-agency.ro\/demo12\/drept-de-retur\/","url":"https:\/\/energystudio-agency.ro\/demo12\/drept-de-retur\/","name":"Drept de retur - EnergyStudio Demo","isPartOf":{"@id":"https:\/\/energystudio-agency.ro\/demo12\/#website"},"datePublished":"2021-01-23T09:40:37+00:00","dateModified":"2021-01-23T09:40:37+00:00","breadcrumb":{"@id":"https:\/\/energystudio-agency.ro\/demo12\/drept-de-retur\/#breadcrumb"},"inLanguage":"ro-RO","potentialAction":[{"@type":"ReadAction","target":["https:\/\/energystudio-agency.ro\/demo12\/drept-de-retur\/"]}]},{"@type":"BreadcrumbList","@id":"https:\/\/energystudio-agency.ro\/demo12\/drept-de-retur\/#breadcrumb","itemListElement":[{"@type":"ListItem","position":1,"name":"Prima pagin\u0103","item":"https:\/\/energystudio-agency.ro\/demo12\/"},{"@type":"ListItem","position":2,"name":"Drept de retur"}]},{"@type":"WebSite","@id":"https:\/\/energystudio-agency.ro\/demo12\/#website","url":"https:\/\/energystudio-agency.ro\/demo12\/","name":"EnergyStudio Demo","description":"Magazin Online","potentialAction":[{"@type":"SearchAction","target":{"@type":"EntryPoint","urlTemplate":"https:\/\/energystudio-agency.ro\/demo12\/?s={search_term_string}"},"query-input":"required name=search_term_string"}],"inLanguage":"ro-RO"}]}},"_links":{"self":[{"href":"https:\/\/energystudio-agency.ro\/demo12\/wp-json\/wp\/v2\/pages\/2479","targetHints":{"allow":["GET"]}}],"collection":[{"href":"https:\/\/energystudio-agency.ro\/demo12\/wp-json\/wp\/v2\/pages"}],"about":[{"href":"https:\/\/energystudio-agency.ro\/demo12\/wp-json\/wp\/v2\/types\/page"}],"author":[{"embeddable":true,"href":"https:\/\/energystudio-agency.ro\/demo12\/wp-json\/wp\/v2\/users\/1"}],"replies":[{"embeddable":true,"href":"https:\/\/energystudio-agency.ro\/demo12\/wp-json\/wp\/v2\/comments?post=2479"}],"version-history":[{"count":0,"href":"https:\/\/energystudio-agency.ro\/demo12\/wp-json\/wp\/v2\/pages\/2479\/revisions"}],"wp:attachment":[{"href":"https:\/\/energystudio-agency.ro\/demo12\/wp-json\/wp\/v2\/media?parent=2479"}],"curies":[{"name":"wp","href":"https:\/\/api.w.org\/{rel}","templated":true}]}}