{"id":2519,"date":"2021-10-25T16:24:20","date_gmt":"2021-10-25T16:24:20","guid":{"rendered":"https:\/\/energystudio-agency.ro\/demo12\/?post_type=product&#038;p=2519"},"modified":"2022-02-09T21:15:34","modified_gmt":"2022-02-09T21:15:34","slug":"allview-soul-x6-xtreme","status":"publish","type":"product","link":"https:\/\/energystudio-agency.ro\/demo12\/produs\/allview-soul-x6-xtreme\/","title":{"rendered":"Allview Soul X6 Xtreme"},"content":{"rendered":"<table id=\"product-attribute-specs-table\" class=\"data-table\">\n<tbody>\n<tr class=\"first odd\">\n<th class=\"label\">Specifications<\/th>\n<td class=\"data\">\n<table border=\"0\" cellspacing=\"0\" cellpadding=\"0\">\n<colgroup>\n<col width=\"95\" \/>\n<col width=\"176\" \/>\n<col width=\"341\" \/><\/colgroup>\n<tbody>\n<tr class=\"even\">\n<td class=\"xl67\" width=\"95\" height=\"17\">General<\/td>\n<td class=\"xl68\" width=\"176\">Lansare<\/td>\n<td class=\"xl70 last\" width=\"341\">Aprilie 2019<\/td>\n<\/tr>\n<tr class=\"odd\">\n<td class=\"xl67\" width=\"95\" height=\"34\"><\/td>\n<td class=\"xl68\" width=\"176\">Limba<\/td>\n<td class=\"xl71 last\" width=\"341\">Romana, Rusa, Engleza, Olandeza, Franceza, Italiana, Spaniola, Germana, Greaca etc.<\/td>\n<\/tr>\n<tr class=\"even\">\n<td class=\"xl67\" width=\"95\" height=\"34\"><\/td>\n<td class=\"xl66\" width=\"176\">Retea<\/td>\n<td class=\"xl71 last\" width=\"341\">2G:850\/900\/1800\/1900MHz;SIM1 si SIM2<br \/>\n3G: UMTS 900\/2100MHz;SIM1 si SIM2<\/td>\n<\/tr>\n<tr class=\"odd\">\n<td class=\"xl67\" width=\"95\" height=\"34\"><\/td>\n<td class=\"xl66\" width=\"176\"><\/td>\n<td class=\"xl71 last\" width=\"341\">4G:FDD 800\/850\/900\/1800\/2100\/2600MHz<br \/>\nTDD 2600MHz;SIM1 si SIM2<\/td>\n<\/tr>\n<tr class=\"even\">\n<td class=\"xl67\" width=\"95\" height=\"17\"><\/td>\n<td class=\"xl68\" width=\"176\">Dual sim<\/td>\n<td class=\"xl71 last\" width=\"341\">Da<\/td>\n<\/tr>\n<tr class=\"odd\">\n<td class=\"xl67\" width=\"95\" height=\"17\"><\/td>\n<td class=\"xl68\" width=\"176\">Nano sim<\/td>\n<td class=\"xl71 last\" width=\"341\">Da sim1 si sim2<\/td>\n<\/tr>\n<tr class=\"even\">\n<td class=\"xl67\" width=\"95\" height=\"17\">Dimensiuni<\/td>\n<td class=\"xl68\" width=\"176\">Dimensiuni<\/td>\n<td class=\"xl71 last\" width=\"341\">156,97&#215;74,34&#215;8,91 mm<\/td>\n<\/tr>\n<tr class=\"odd\">\n<td class=\"xl67\" width=\"95\" height=\"17\"><\/td>\n<td class=\"xl68\" width=\"176\">Greutate<\/td>\n<td class=\"xl72 last\" width=\"341\">176,6g<\/td>\n<\/tr>\n<tr class=\"even\">\n<td class=\"xl67\" width=\"95\" height=\"17\">Display<\/td>\n<td class=\"xl68\" width=\"176\">Tip<\/td>\n<td class=\"xl71 last\" width=\"341\">Amoled Full View<\/td>\n<\/tr>\n<tr class=\"odd\">\n<td class=\"xl67\" width=\"95\" height=\"17\"><\/td>\n<td class=\"xl68\" width=\"176\">Dimensiuni<\/td>\n<td class=\"xl71 last\" width=\"341\">6,39&#8243;<\/td>\n<\/tr>\n<tr class=\"even\">\n<td class=\"xl67\" width=\"95\" height=\"17\"><\/td>\n<td class=\"xl68\" width=\"176\">Scratch Resistant Glass<\/td>\n<td class=\"xl71 last\" width=\"341\">Da,Gorilla Glass 5<\/td>\n<\/tr>\n<tr class=\"odd\">\n<td class=\"xl67\" width=\"95\" height=\"17\"><\/td>\n<td class=\"xl68\" width=\"176\">Rezolutie<\/td>\n<td class=\"xl71 last\" width=\"341\">1080x2340px FHD+<\/td>\n<\/tr>\n<tr class=\"even\">\n<td class=\"xl67\" width=\"95\" height=\"17\"><\/td>\n<td class=\"xl68\" width=\"176\">Touchscreen<\/td>\n<td class=\"xl71 last\" width=\"341\">Touchscreen capacitiv multitouch 2,5D<\/td>\n<\/tr>\n<tr class=\"odd\">\n<td class=\"xl67\" width=\"95\" height=\"17\">Caracteristici<\/td>\n<td class=\"xl68\" width=\"176\">SO<\/td>\n<td class=\"xl71 last\" width=\"341\">Android&#x2122; 9, Pie&#x2122;<\/td>\n<\/tr>\n<tr class=\"even\">\n<td class=\"xl67\" width=\"95\" height=\"17\"><\/td>\n<td class=\"xl68\" width=\"176\">CPU<\/td>\n<td class=\"xl71 last\" width=\"341\">Octacore,4xCortex\u00ae-A53 1,9GHz+4xCortex\u00ae-A73 2,1GHz<\/td>\n<\/tr>\n<tr class=\"odd\">\n<td class=\"xl67\" width=\"95\" height=\"17\"><\/td>\n<td class=\"xl68\" width=\"176\">GPU<\/td>\n<td class=\"xl73 last\">ARM Mali-G72 MP3<\/td>\n<\/tr>\n<tr class=\"even\">\n<td class=\"xl67\" width=\"95\" height=\"17\"><\/td>\n<td class=\"xl68\" width=\"176\">GPS<\/td>\n<td class=\"xl71 last\" width=\"341\">Da<\/td>\n<\/tr>\n<tr class=\"odd\">\n<td class=\"xl67\" width=\"95\" height=\"17\"><\/td>\n<td class=\"xl68\" width=\"176\">AGPS<\/td>\n<td class=\"xl71 last\" width=\"341\">Da<\/td>\n<\/tr>\n<tr class=\"even\">\n<td class=\"xl67\" width=\"95\" height=\"17\"><\/td>\n<td class=\"xl68\" width=\"176\">Glonass<\/td>\n<td class=\"xl71 last\" width=\"341\">Da<\/td>\n<\/tr>\n<tr class=\"odd\">\n<td class=\"xl67\" width=\"95\" height=\"17\"><\/td>\n<td class=\"xl68\" width=\"176\">Memorie Flash<\/td>\n<td class=\"xl71 last\" width=\"341\">64GB<\/td>\n<\/tr>\n<tr class=\"even\">\n<td class=\"xl67\" width=\"95\" height=\"17\"><\/td>\n<td class=\"xl68\" width=\"176\">Memorie RAM<\/td>\n<td class=\"xl71 last\" width=\"341\">4GB<\/td>\n<\/tr>\n<tr class=\"odd\">\n<td class=\"xl67\" width=\"95\" height=\"17\"><\/td>\n<td class=\"xl68\" width=\"176\">Ro-Alert<\/td>\n<td class=\"xl71 last\" width=\"341\">Da<\/td>\n<\/tr>\n<tr class=\"even\">\n<td class=\"xl67\" width=\"95\" height=\"17\"><\/td>\n<td class=\"xl68\" width=\"176\">Widget<\/td>\n<td class=\"xl71 last\" width=\"341\">Da<\/td>\n<\/tr>\n<tr class=\"odd\">\n<td class=\"xl67\" width=\"95\" height=\"17\"><\/td>\n<td class=\"xl68\" width=\"176\">Multitasking<\/td>\n<td class=\"xl71 last\" width=\"341\">Da<\/td>\n<\/tr>\n<tr class=\"even\">\n<td class=\"xl67\" width=\"95\" height=\"17\"><\/td>\n<td class=\"xl68\" width=\"176\">Radio FM<\/td>\n<td class=\"xl71 last\" width=\"341\">Da<\/td>\n<\/tr>\n<tr class=\"odd\">\n<td class=\"xl67\" width=\"95\" height=\"17\"><\/td>\n<td class=\"xl68\" width=\"176\">Micro SD<\/td>\n<td class=\"xl74 last\" width=\"341\">Pana la 128GB in mod single SIM<\/td>\n<\/tr>\n<tr class=\"even\">\n<td class=\"xl67\" width=\"95\" height=\"17\"><\/td>\n<td class=\"xl68\" width=\"176\">Culori<\/td>\n<td class=\"xl75 last\">Urban Violet<\/td>\n<\/tr>\n<tr class=\"odd\">\n<td class=\"xl67\" width=\"95\" height=\"17\">Sunet<\/td>\n<td class=\"xl68\" width=\"176\">3.5mm jack<\/td>\n<td class=\"xl71 last\" width=\"341\">Da<\/td>\n<\/tr>\n<tr class=\"even\">\n<td class=\"xl67\" width=\"95\" height=\"17\"><\/td>\n<td class=\"xl68\" width=\"176\">TRRS standard<\/td>\n<td class=\"xl71 last\" width=\"341\">CTIA<\/td>\n<\/tr>\n<tr class=\"odd\">\n<td class=\"xl67\" width=\"95\" height=\"17\"><\/td>\n<td class=\"xl68\" width=\"176\">Impedanta recomandata casti<\/td>\n<td class=\"xl71 last\" width=\"341\">32 \u03a9<\/td>\n<\/tr>\n<tr class=\"even\">\n<td class=\"xl67\" width=\"95\" height=\"17\"><\/td>\n<td class=\"xl68\" width=\"176\">Difuzor<\/td>\n<td class=\"xl71 last\" width=\"341\">Da<\/td>\n<\/tr>\n<tr class=\"odd\">\n<td class=\"xl67\" width=\"95\" height=\"17\"><\/td>\n<td class=\"xl68\" width=\"176\">Redare fisiere audio<\/td>\n<td class=\"xl71 last\" width=\"341\">Da<\/td>\n<\/tr>\n<tr class=\"even\">\n<td class=\"xl67\" width=\"95\" height=\"17\"><\/td>\n<td class=\"xl68\" width=\"176\">Tip alerta<\/td>\n<td class=\"xl71 last\" width=\"341\">Vibratie, ringtone<\/td>\n<\/tr>\n<tr class=\"odd\">\n<td class=\"xl67\" width=\"95\" height=\"17\">Video<\/td>\n<td class=\"xl68\" width=\"176\">Redare<\/td>\n<td class=\"xl71 last\" width=\"341\">Formate video Full HD 1080p<\/td>\n<\/tr>\n<tr class=\"even\">\n<td class=\"xl67\" width=\"95\" height=\"17\"><\/td>\n<td class=\"xl68\" width=\"176\">Redare flux<\/td>\n<td class=\"xl71 last\" width=\"341\">Full HD 1080p<\/td>\n<\/tr>\n<tr class=\"odd\">\n<td class=\"xl67\" width=\"95\" height=\"17\">Aplicatii<\/td>\n<td class=\"xl68\" width=\"176\">Bitdefender<\/td>\n<td class=\"xl71 last\" width=\"341\"><\/td>\n<\/tr>\n<tr class=\"even\">\n<td class=\"xl67\" width=\"95\" height=\"17\"><\/td>\n<td class=\"xl68 last\" colspan=\"2\" width=\"517\">AVI<\/td>\n<\/tr>\n<tr class=\"odd\">\n<td class=\"xl67\" width=\"95\" height=\"17\">Camera<\/td>\n<td class=\"xl68\" width=\"176\">Rezolutie camera principala<\/td>\n<td class=\"xl71 last\" width=\"341\">Dual camera 16MP AF f\/1.8 Sony + 5MP<\/td>\n<\/tr>\n<tr class=\"even\">\n<td class=\"xl67\" width=\"95\" height=\"17\"><\/td>\n<td class=\"xl68\" width=\"176\">Camera frontala retractabila<\/td>\n<td class=\"xl71 last\" width=\"341\">Da<\/td>\n<\/tr>\n<tr class=\"odd\">\n<td class=\"xl67\" width=\"95\" height=\"17\"><\/td>\n<td class=\"xl68\" width=\"176\">Rezolutie camera frontala<\/td>\n<td class=\"xl71 last\" width=\"341\">8MP<\/td>\n<\/tr>\n<tr class=\"even\">\n<td class=\"xl67\" width=\"95\" height=\"17\"><\/td>\n<td class=\"xl68\" width=\"176\">Inregistrare video<\/td>\n<td class=\"xl71 last\" width=\"341\">Full HD 1080p<\/td>\n<\/tr>\n<tr class=\"odd\">\n<td class=\"xl67\" width=\"95\" height=\"17\"><\/td>\n<td class=\"xl68\" width=\"176\">Touchfocus<\/td>\n<td class=\"xl71 last\" width=\"341\">Da<\/td>\n<\/tr>\n<tr class=\"even\">\n<td class=\"xl67\" width=\"95\" height=\"17\"><\/td>\n<td class=\"xl68\" width=\"176\">High\u00a0Dynamic Range(HDR)<\/td>\n<td class=\"xl71 last\" width=\"341\">Da<\/td>\n<\/tr>\n<tr class=\"odd\">\n<td class=\"xl67\" width=\"95\" height=\"17\"><\/td>\n<td class=\"xl68\" width=\"176\">Professional mode<\/td>\n<td class=\"xl71 last\" width=\"341\">Da<\/td>\n<\/tr>\n<tr class=\"even\">\n<td class=\"xl67\" width=\"95\" height=\"17\"><\/td>\n<td class=\"xl68\" width=\"176\">Super foto<\/td>\n<td class=\"xl74 last\" width=\"341\">Da pana la 90 MP<\/td>\n<\/tr>\n<tr class=\"odd\">\n<td class=\"xl67\" width=\"95\" height=\"17\"><\/td>\n<td class=\"xl68\" width=\"176\">Face beauty<\/td>\n<td class=\"xl71 last\" width=\"341\">Da<\/td>\n<\/tr>\n<tr class=\"even\">\n<td class=\"xl67\" width=\"95\" height=\"17\"><\/td>\n<td class=\"xl68\" width=\"176\">AI mode<\/td>\n<td class=\"xl71 last\" width=\"341\">Da<\/td>\n<\/tr>\n<tr class=\"odd\">\n<td class=\"xl67\" width=\"95\" height=\"17\"><\/td>\n<td class=\"xl68\" width=\"176\">Led flash camera\u00a0 principala<\/td>\n<td class=\"xl71 last\" width=\"341\">Da ,dual tone<\/td>\n<\/tr>\n<tr class=\"even\">\n<td class=\"xl67\" width=\"95\" height=\"17\">Date<\/td>\n<td class=\"xl68\" width=\"176\">4G<\/td>\n<td class=\"xl71 last\" width=\"341\">Cat 7 DL Cat 7 UP<\/td>\n<\/tr>\n<tr class=\"odd\">\n<td class=\"xl67\" width=\"95\" height=\"17\"><\/td>\n<td class=\"xl68\" width=\"176\">3G<\/td>\n<td class=\"xl71 last\" width=\"341\">HSDPA 42.2Mbps\/HSUPA 11.5Mbps<\/td>\n<\/tr>\n<tr class=\"even\">\n<td class=\"xl67\" width=\"95\" height=\"17\"><\/td>\n<td class=\"xl68\" width=\"176\">EDGE<\/td>\n<td class=\"xl71 last\" width=\"341\">Da Class 10<\/td>\n<\/tr>\n<tr class=\"odd\">\n<td class=\"xl67\" width=\"95\" height=\"17\"><\/td>\n<td class=\"xl68\" width=\"176\">GPRS<\/td>\n<td class=\"xl71 last\" width=\"341\">Da Class 10<\/td>\n<\/tr>\n<tr class=\"even\">\n<td class=\"xl67\" width=\"95\" height=\"17\"><\/td>\n<td class=\"xl68\" width=\"176\">Bluetooth<\/td>\n<td class=\"xl71 last\" width=\"341\">Class 4.2<\/td>\n<\/tr>\n<tr class=\"odd\">\n<td class=\"xl67\" width=\"95\" height=\"17\"><\/td>\n<td class=\"xl68\" width=\"176\">WLAN<\/td>\n<td class=\"xl71 last\" width=\"341\">WiFi 802.11 b\/g\/n\/ac 5GHz<\/td>\n<\/tr>\n<tr class=\"even\">\n<td class=\"xl67\" width=\"95\" height=\"17\"><\/td>\n<td class=\"xl68\" width=\"176\">WiFi Direct<\/td>\n<td class=\"xl71 last\" width=\"341\">Da<\/td>\n<\/tr>\n<tr class=\"odd\">\n<td class=\"xl67\" width=\"95\" height=\"17\"><\/td>\n<td class=\"xl68\" width=\"176\">USB<\/td>\n<td class=\"xl71 last\" width=\"341\">Da 2.0 USB tip C<\/td>\n<\/tr>\n<tr class=\"even\">\n<td class=\"xl67\" width=\"95\" height=\"17\">Senzori<\/td>\n<td class=\"xl68\" width=\"176\">Accelerometru<\/td>\n<td class=\"xl71 last\" width=\"341\">Da<\/td>\n<\/tr>\n<tr class=\"odd\">\n<td class=\"xl67\" width=\"95\" height=\"17\"><\/td>\n<td class=\"xl68\" width=\"176\">Senzor de proximitate<\/td>\n<td class=\"xl71 last\" width=\"341\">Da<\/td>\n<\/tr>\n<tr class=\"even\">\n<td class=\"xl67\" width=\"95\" height=\"17\"><\/td>\n<td class=\"xl68\" width=\"176\">Senzor de lumina<\/td>\n<td class=\"xl71 last\" width=\"341\">Da<\/td>\n<\/tr>\n<tr class=\"odd\">\n<td class=\"xl67\" width=\"95\" height=\"17\"><\/td>\n<td class=\"xl68\" width=\"176\">Giroscop<\/td>\n<td class=\"xl71 last\" width=\"341\">Da<\/td>\n<\/tr>\n<tr class=\"even\">\n<td class=\"xl67\" width=\"95\" height=\"17\"><\/td>\n<td class=\"xl68\" width=\"176\">Senzor magnetic<\/td>\n<td class=\"xl71 last\" width=\"341\">Da<\/td>\n<\/tr>\n<tr class=\"odd\">\n<td class=\"xl67\" width=\"95\" height=\"17\"><\/td>\n<td class=\"xl68\" width=\"176\">Senzor amprenta<\/td>\n<td class=\"xl71 last\" width=\"341\">Da,incorporat in display<\/td>\n<\/tr>\n<tr class=\"even\">\n<td class=\"xl67\" width=\"95\" height=\"17\">Internet<\/td>\n<td class=\"xl68\" width=\"176\">Social networking<\/td>\n<td class=\"xl71 last\" width=\"341\">Da<\/td>\n<\/tr>\n<tr class=\"odd\">\n<td class=\"xl67\" width=\"95\" height=\"17\"><\/td>\n<td class=\"xl68\" width=\"176\">E-mail<\/td>\n<td class=\"xl71 last\" width=\"341\">Da<\/td>\n<\/tr>\n<tr class=\"even\">\n<td class=\"xl67\" width=\"95\" height=\"17\"><\/td>\n<td class=\"xl68\" width=\"176\">Aplicatii<\/td>\n<td class=\"xl71 last\" width=\"341\">Da<\/td>\n<\/tr>\n<tr class=\"odd\">\n<td class=\"xl67\" width=\"95\" height=\"17\"><\/td>\n<td class=\"xl68\" width=\"176\">Tethering<\/td>\n<td class=\"xl71 last\" width=\"341\">Tethering prin Wifi<\/td>\n<\/tr>\n<tr class=\"even\">\n<td class=\"xl67\" width=\"95\" height=\"17\"><\/td>\n<td class=\"xl68\" width=\"176\">Tethering<\/td>\n<td class=\"xl71 last\" width=\"341\">Tethering prin USB<\/td>\n<\/tr>\n<tr class=\"odd\">\n<td class=\"xl67\" width=\"95\" height=\"17\"><\/td>\n<td class=\"xl68\" width=\"176\">Tethering<\/td>\n<td class=\"xl71 last\" width=\"341\">Tethering prin Bluetooth<\/td>\n<\/tr>\n<tr class=\"even\">\n<td class=\"xl67\" width=\"95\" height=\"17\">Baterie<\/td>\n<td class=\"xl68\" width=\"176\">Capacitate<\/td>\n<td class=\"xl71 last\" width=\"341\">Li-Pol 3450mAh<\/td>\n<\/tr>\n<tr class=\"odd\">\n<td class=\"xl67\" width=\"95\" height=\"17\"><\/td>\n<td class=\"xl68\" width=\"176\">Incarcare wireless<\/td>\n<td class=\"xl71 last\" width=\"341\">Da<\/td>\n<\/tr>\n<tr class=\"even\">\n<td class=\"xl67\" width=\"95\" height=\"17\"><\/td>\n<td class=\"xl68\" width=\"176\">Tip incarcator<\/td>\n<td class=\"xl71 last\" width=\"341\">9V\/2A fast charging<\/td>\n<\/tr>\n<tr class=\"odd\">\n<td class=\"xl67\" width=\"95\" height=\"17\"><\/td>\n<td class=\"xl68\" width=\"176\">Stand by<\/td>\n<td class=\"xl71 last\" width=\"341\">Pana la 300 h<\/td>\n<\/tr>\n<tr class=\"even\">\n<td class=\"xl67\" width=\"95\" height=\"17\"><\/td>\n<td class=\"xl68\" width=\"176\">Convorbire<\/td>\n<td class=\"xl71 last\" width=\"341\">Pana la 1000 min<\/td>\n<\/tr>\n<tr class=\"odd\">\n<td class=\"xl69\" width=\"95\" height=\"138\">Continut pachet<\/td>\n<td class=\"xl76 last\" colspan=\"2\" width=\"517\">Telefon,<br \/>\nmanual,<br \/>\ncertificat garantie,<br \/>\nalimentator,<br \/>\ncablu USB C,<br \/>\nac SIM,<br \/>\ncapac silicon,<br \/>\ncasti;<\/td>\n<\/tr>\n<tr class=\"last even\">\n<td class=\"xl70\" width=\"244\" height=\"20\">EAN<\/td>\n<td class=\"xl87 last\" width=\"308\">5948790015666<\/td>\n<\/tr>\n<\/tbody>\n<\/table>\n<\/td>\n<\/tr>\n<\/tbody>\n<\/table>\n","protected":false},"excerpt":{"rendered":"<p><strong>Smartphone 4G+ Dual SIM<\/strong><\/p>\n<p>&nbsp;<\/p>\n<p>Asistent vocal \u00een limba rom\u00e2n\u0103<br \/>\nDisplay 19:9, 6,39\u201d (1080&#215;2340), AMOLED Full View , Full HD+, 2.5D<br \/>\nProtejat \u00eempotriva zg\u00e2rieturilor, Gorilla Glass 5<br \/>\nSenzor rapid de amprent\u0103 \u00eencorporat \u00een display<br \/>\nCamera frontal\u0103 retractabil\u0103: 8 MP, Face Beauty \u0219i Bokeh cu AI<br \/>\nCamera principal\u0103 cu AI: Dual Camera 16MP AF, AF f\/1.8 Sony + 5MP, Super Foto p\u00e2n\u0103 la 96 MP<br \/>\nCPU: Mediatek Helio P70 Octa-core, 1,9GHz+4xCortex\u00ae-A73, 4xA53, 2,1GHz<br \/>\nGPU: ARM Mali-G72 MP3<br \/>\nMemorie RAM: 4 GB<br \/>\nMemorie Flash: 64 GB<br \/>\nSuport\u0103 card microSD de p\u00e2n\u0103 la 128 GB \u00een mod single SIM<br \/>\nGPS, Glonass<br \/>\nConectivitate LTE-FDD si TDD, Cat 7, 4G+ simultan SIM1 si SIM 2<br \/>\nUSB tip C<br \/>\nWireless Charge<br \/>\nUltrafast Charging- 10 minute \u00eenc\u0103rcare\/ 3h de utilizare a terminalului<br \/>\nBaterie: 3450 mAh<br \/>\nS.O.: Android&#x2122; 9, Pie&#x2122;<br \/>\nCuloare: Urban Violet<\/p>\n","protected":false},"featured_media":2609,"comment_status":"open","ping_status":"closed","template":"","meta":[],"product_cat":[89,118,93],"product_tag":[],"class_list":{"0":"post-2519","1":"product","2":"type-product","3":"status-publish","4":"has-post-thumbnail","6":"product_cat-toate-produsele","7":"product_cat-telefoane-accesorii","8":"product_cat-telefoane","10":"first","11":"instock","12":"sale","13":"shipping-taxable","14":"purchasable","15":"product-type-simple"},"yoast_head":"<!-- This site is optimized with the Yoast SEO plugin v23.3 - https:\/\/yoast.com\/wordpress\/plugins\/seo\/ -->\n<title>Allview Soul X6 Xtreme - EnergyStudio Demo<\/title>\n<meta name=\"robots\" content=\"index, follow, max-snippet:-1, max-image-preview:large, max-video-preview:-1\" \/>\n<link rel=\"canonical\" href=\"https:\/\/energystudio-agency.ro\/demo12\/produs\/allview-soul-x6-xtreme\/\" \/>\n<meta property=\"og:locale\" content=\"ro_RO\" \/>\n<meta property=\"og:type\" content=\"article\" \/>\n<meta property=\"og:title\" content=\"Allview Soul X6 Xtreme - EnergyStudio Demo\" \/>\n<meta property=\"og:description\" content=\"Smartphone 4G+ Dual SIM  &nbsp;  Asistent vocal \u00een limba rom\u00e2n\u0103 Display 19:9, 6,39\u201d (1080x2340), AMOLED Full View , Full HD+, 2.5D Protejat \u00eempotriva zg\u00e2rieturilor, Gorilla Glass 5 Senzor rapid de amprent\u0103 \u00eencorporat \u00een display Camera frontal\u0103 retractabil\u0103: 8 MP, Face Beauty \u0219i Bokeh cu AI Camera principal\u0103 cu AI: Dual Camera 16MP AF, AF f\/1.8 Sony + 5MP, Super Foto p\u00e2n\u0103 la 96 MP CPU: Mediatek Helio P70 Octa-core, 1,9GHz+4xCortex\u00ae-A73, 4xA53, 2,1GHz GPU: ARM Mali-G72 MP3 Memorie RAM: 4 GB Memorie Flash: 64 GB Suport\u0103 card microSD de p\u00e2n\u0103 la 128 GB \u00een mod single SIM GPS, Glonass Conectivitate LTE-FDD si TDD, Cat 7, 4G+ simultan SIM1 si SIM 2 USB tip C Wireless Charge Ultrafast Charging- 10 minute \u00eenc\u0103rcare\/ 3h de utilizare a terminalului Baterie: 3450 mAh S.O.: Android&#x2122; 9, Pie&#x2122; Culoare: Urban Violet\" \/>\n<meta property=\"og:url\" content=\"https:\/\/energystudio-agency.ro\/demo12\/produs\/allview-soul-x6-xtreme\/\" \/>\n<meta property=\"og:site_name\" content=\"EnergyStudio Demo\" \/>\n<meta property=\"article:modified_time\" content=\"2022-02-09T21:15:34+00:00\" \/>\n<meta property=\"og:image\" content=\"https:\/\/energystudio-agency.ro\/demo12\/wp-content\/uploads\/2021\/10\/poza-principala-x6.jpg\" \/>\n\t<meta property=\"og:image:width\" content=\"650\" \/>\n\t<meta property=\"og:image:height\" content=\"750\" \/>\n\t<meta property=\"og:image:type\" content=\"image\/jpeg\" \/>\n<meta name=\"twitter:card\" content=\"summary_large_image\" \/>\n<meta name=\"twitter:label1\" content=\"Timp estimat pentru citire\" \/>\n\t<meta name=\"twitter:data1\" content=\"2 minute\" \/>\n<script type=\"application\/ld+json\" class=\"yoast-schema-graph\">{\"@context\":\"https:\/\/schema.org\",\"@graph\":[{\"@type\":\"WebPage\",\"@id\":\"https:\/\/energystudio-agency.ro\/demo12\/produs\/allview-soul-x6-xtreme\/\",\"url\":\"https:\/\/energystudio-agency.ro\/demo12\/produs\/allview-soul-x6-xtreme\/\",\"name\":\"Allview Soul X6 Xtreme - EnergyStudio Demo\",\"isPartOf\":{\"@id\":\"https:\/\/energystudio-agency.ro\/demo12\/#website\"},\"primaryImageOfPage\":{\"@id\":\"https:\/\/energystudio-agency.ro\/demo12\/produs\/allview-soul-x6-xtreme\/#primaryimage\"},\"image\":{\"@id\":\"https:\/\/energystudio-agency.ro\/demo12\/produs\/allview-soul-x6-xtreme\/#primaryimage\"},\"thumbnailUrl\":\"https:\/\/energystudio-agency.ro\/demo12\/wp-content\/uploads\/2021\/10\/poza-principala-x6.jpg\",\"datePublished\":\"2021-10-25T16:24:20+00:00\",\"dateModified\":\"2022-02-09T21:15:34+00:00\",\"breadcrumb\":{\"@id\":\"https:\/\/energystudio-agency.ro\/demo12\/produs\/allview-soul-x6-xtreme\/#breadcrumb\"},\"inLanguage\":\"ro-RO\",\"potentialAction\":[{\"@type\":\"ReadAction\",\"target\":[\"https:\/\/energystudio-agency.ro\/demo12\/produs\/allview-soul-x6-xtreme\/\"]}]},{\"@type\":\"ImageObject\",\"inLanguage\":\"ro-RO\",\"@id\":\"https:\/\/energystudio-agency.ro\/demo12\/produs\/allview-soul-x6-xtreme\/#primaryimage\",\"url\":\"https:\/\/energystudio-agency.ro\/demo12\/wp-content\/uploads\/2021\/10\/poza-principala-x6.jpg\",\"contentUrl\":\"https:\/\/energystudio-agency.ro\/demo12\/wp-content\/uploads\/2021\/10\/poza-principala-x6.jpg\",\"width\":650,\"height\":750},{\"@type\":\"BreadcrumbList\",\"@id\":\"https:\/\/energystudio-agency.ro\/demo12\/produs\/allview-soul-x6-xtreme\/#breadcrumb\",\"itemListElement\":[{\"@type\":\"ListItem\",\"position\":1,\"name\":\"Prima pagin\u0103\",\"item\":\"https:\/\/energystudio-agency.ro\/demo12\/\"},{\"@type\":\"ListItem\",\"position\":2,\"name\":\"Shop\",\"item\":\"https:\/\/energystudio-agency.ro\/demo12\/shop\/\"},{\"@type\":\"ListItem\",\"position\":3,\"name\":\"Allview Soul X6 Xtreme\"}]},{\"@type\":\"WebSite\",\"@id\":\"https:\/\/energystudio-agency.ro\/demo12\/#website\",\"url\":\"https:\/\/energystudio-agency.ro\/demo12\/\",\"name\":\"EnergyStudio Demo\",\"description\":\"Magazin Online\",\"potentialAction\":[{\"@type\":\"SearchAction\",\"target\":{\"@type\":\"EntryPoint\",\"urlTemplate\":\"https:\/\/energystudio-agency.ro\/demo12\/?s={search_term_string}\"},\"query-input\":\"required name=search_term_string\"}],\"inLanguage\":\"ro-RO\"}]}<\/script>\n<!-- \/ Yoast SEO plugin. -->","yoast_head_json":{"title":"Allview Soul X6 Xtreme - EnergyStudio Demo","robots":{"index":"index","follow":"follow","max-snippet":"max-snippet:-1","max-image-preview":"max-image-preview:large","max-video-preview":"max-video-preview:-1"},"canonical":"https:\/\/energystudio-agency.ro\/demo12\/produs\/allview-soul-x6-xtreme\/","og_locale":"ro_RO","og_type":"article","og_title":"Allview Soul X6 Xtreme - EnergyStudio Demo","og_description":"Smartphone 4G+ Dual SIM  &nbsp;  Asistent vocal \u00een limba rom\u00e2n\u0103 Display 19:9, 6,39\u201d (1080x2340), AMOLED Full View , Full HD+, 2.5D Protejat \u00eempotriva zg\u00e2rieturilor, Gorilla Glass 5 Senzor rapid de amprent\u0103 \u00eencorporat \u00een display Camera frontal\u0103 retractabil\u0103: 8 MP, Face Beauty \u0219i Bokeh cu AI Camera principal\u0103 cu AI: Dual Camera 16MP AF, AF f\/1.8 Sony + 5MP, Super Foto p\u00e2n\u0103 la 96 MP CPU: Mediatek Helio P70 Octa-core, 1,9GHz+4xCortex\u00ae-A73, 4xA53, 2,1GHz GPU: ARM Mali-G72 MP3 Memorie RAM: 4 GB Memorie Flash: 64 GB Suport\u0103 card microSD de p\u00e2n\u0103 la 128 GB \u00een mod single SIM GPS, Glonass Conectivitate LTE-FDD si TDD, Cat 7, 4G+ simultan SIM1 si SIM 2 USB tip C Wireless Charge Ultrafast Charging- 10 minute \u00eenc\u0103rcare\/ 3h de utilizare a terminalului Baterie: 3450 mAh S.O.: Android&#x2122; 9, Pie&#x2122; Culoare: Urban Violet","og_url":"https:\/\/energystudio-agency.ro\/demo12\/produs\/allview-soul-x6-xtreme\/","og_site_name":"EnergyStudio Demo","article_modified_time":"2022-02-09T21:15:34+00:00","og_image":[{"width":650,"height":750,"url":"https:\/\/energystudio-agency.ro\/demo12\/wp-content\/uploads\/2021\/10\/poza-principala-x6.jpg","type":"image\/jpeg"}],"twitter_card":"summary_large_image","twitter_misc":{"Timp estimat pentru citire":"2 minute"},"schema":{"@context":"https:\/\/schema.org","@graph":[{"@type":"WebPage","@id":"https:\/\/energystudio-agency.ro\/demo12\/produs\/allview-soul-x6-xtreme\/","url":"https:\/\/energystudio-agency.ro\/demo12\/produs\/allview-soul-x6-xtreme\/","name":"Allview Soul X6 Xtreme - EnergyStudio Demo","isPartOf":{"@id":"https:\/\/energystudio-agency.ro\/demo12\/#website"},"primaryImageOfPage":{"@id":"https:\/\/energystudio-agency.ro\/demo12\/produs\/allview-soul-x6-xtreme\/#primaryimage"},"image":{"@id":"https:\/\/energystudio-agency.ro\/demo12\/produs\/allview-soul-x6-xtreme\/#primaryimage"},"thumbnailUrl":"https:\/\/energystudio-agency.ro\/demo12\/wp-content\/uploads\/2021\/10\/poza-principala-x6.jpg","datePublished":"2021-10-25T16:24:20+00:00","dateModified":"2022-02-09T21:15:34+00:00","breadcrumb":{"@id":"https:\/\/energystudio-agency.ro\/demo12\/produs\/allview-soul-x6-xtreme\/#breadcrumb"},"inLanguage":"ro-RO","potentialAction":[{"@type":"ReadAction","target":["https:\/\/energystudio-agency.ro\/demo12\/produs\/allview-soul-x6-xtreme\/"]}]},{"@type":"ImageObject","inLanguage":"ro-RO","@id":"https:\/\/energystudio-agency.ro\/demo12\/produs\/allview-soul-x6-xtreme\/#primaryimage","url":"https:\/\/energystudio-agency.ro\/demo12\/wp-content\/uploads\/2021\/10\/poza-principala-x6.jpg","contentUrl":"https:\/\/energystudio-agency.ro\/demo12\/wp-content\/uploads\/2021\/10\/poza-principala-x6.jpg","width":650,"height":750},{"@type":"BreadcrumbList","@id":"https:\/\/energystudio-agency.ro\/demo12\/produs\/allview-soul-x6-xtreme\/#breadcrumb","itemListElement":[{"@type":"ListItem","position":1,"name":"Prima pagin\u0103","item":"https:\/\/energystudio-agency.ro\/demo12\/"},{"@type":"ListItem","position":2,"name":"Shop","item":"https:\/\/energystudio-agency.ro\/demo12\/shop\/"},{"@type":"ListItem","position":3,"name":"Allview Soul X6 Xtreme"}]},{"@type":"WebSite","@id":"https:\/\/energystudio-agency.ro\/demo12\/#website","url":"https:\/\/energystudio-agency.ro\/demo12\/","name":"EnergyStudio Demo","description":"Magazin Online","potentialAction":[{"@type":"SearchAction","target":{"@type":"EntryPoint","urlTemplate":"https:\/\/energystudio-agency.ro\/demo12\/?s={search_term_string}"},"query-input":"required name=search_term_string"}],"inLanguage":"ro-RO"}]}},"_links":{"self":[{"href":"https:\/\/energystudio-agency.ro\/demo12\/wp-json\/wp\/v2\/product\/2519","targetHints":{"allow":["GET"]}}],"collection":[{"href":"https:\/\/energystudio-agency.ro\/demo12\/wp-json\/wp\/v2\/product"}],"about":[{"href":"https:\/\/energystudio-agency.ro\/demo12\/wp-json\/wp\/v2\/types\/product"}],"replies":[{"embeddable":true,"href":"https:\/\/energystudio-agency.ro\/demo12\/wp-json\/wp\/v2\/comments?post=2519"}],"wp:featuredmedia":[{"embeddable":true,"href":"https:\/\/energystudio-agency.ro\/demo12\/wp-json\/wp\/v2\/media\/2609"}],"wp:attachment":[{"href":"https:\/\/energystudio-agency.ro\/demo12\/wp-json\/wp\/v2\/media?parent=2519"}],"wp:term":[{"taxonomy":"product_cat","embeddable":true,"href":"https:\/\/energystudio-agency.ro\/demo12\/wp-json\/wp\/v2\/product_cat?post=2519"},{"taxonomy":"product_tag","embeddable":true,"href":"https:\/\/energystudio-agency.ro\/demo12\/wp-json\/wp\/v2\/product_tag?post=2519"}],"curies":[{"name":"wp","href":"https:\/\/api.w.org\/{rel}","templated":true}]}}