{"id":2520,"date":"2021-10-25T16:24:20","date_gmt":"2021-10-25T16:24:20","guid":{"rendered":"https:\/\/energystudio-agency.ro\/demo12\/?post_type=product&#038;p=2520"},"modified":"2022-02-09T21:16:51","modified_gmt":"2022-02-09T21:16:51","slug":"allview-soul-x7-pro","status":"publish","type":"product","link":"https:\/\/energystudio-agency.ro\/demo12\/produs\/allview-soul-x7-pro\/","title":{"rendered":"Allview Soul X7 Pro"},"content":{"rendered":"<table id=\"product-attribute-specs-table\" class=\"data-table\">\n<tbody>\n<tr class=\"first odd\">\n<th class=\"label\">Specifications<\/th>\n<td class=\"data\">\n<table border=\"0\" cellspacing=\"0\" cellpadding=\"0\">\n<colgroup>\n<col width=\"95\" \/>\n<col width=\"167\" \/>\n<col width=\"350\" \/><\/colgroup>\n<tbody>\n<tr class=\"even\">\n<td class=\"xl68\" width=\"95\" height=\"17\">General<\/td>\n<td class=\"xl78\" width=\"167\">Lansare<\/td>\n<td class=\"xl71 last\" width=\"350\">Mai 2020<\/td>\n<\/tr>\n<tr class=\"odd\">\n<td class=\"xl68\" width=\"95\" height=\"35\"><\/td>\n<td class=\"xl78\" width=\"167\">Limba<\/td>\n<td class=\"xl79 last\" width=\"350\">Romana, Engleza, Germana, Spaniola, Maghiara, Franceza, Olandeza, Rusa, Italiana etc.<\/td>\n<\/tr>\n<tr class=\"even\">\n<td class=\"xl68\" width=\"95\" height=\"34\"><\/td>\n<td class=\"xl72\" width=\"167\">Retea<\/td>\n<td class=\"xl79 last\" width=\"350\">2G:850\/900\/1800\/1900MHz;SIM1 si SIM2<br \/>\n3G: UMTS 850\/900\/1900\/2100MHz;SIM1 si SIM2<\/td>\n<\/tr>\n<tr class=\"odd\">\n<td class=\"xl68\" width=\"95\" height=\"34\"><\/td>\n<td class=\"xl72\" width=\"167\"><\/td>\n<td class=\"xl79 last\" width=\"350\">4G:FDD 800\/850\/900\/1800\/1900\/2100\/2600MHz<br \/>\nTDD 2300\/2500\/2600MHz;SIM1 si SIM2<\/td>\n<\/tr>\n<tr class=\"even\">\n<td class=\"xl68\" width=\"95\" height=\"17\"><\/td>\n<td class=\"xl78\" width=\"167\">Dual sim<\/td>\n<td class=\"xl79 last\" width=\"350\">Da<\/td>\n<\/tr>\n<tr class=\"odd\">\n<td class=\"xl68\" width=\"95\" height=\"17\"><\/td>\n<td class=\"xl78\" width=\"167\">Micro sim<\/td>\n<td class=\"xl79 last\" width=\"350\">Da, sim1<\/td>\n<\/tr>\n<tr class=\"even\">\n<td class=\"xl68\" width=\"95\" height=\"17\"><\/td>\n<td class=\"xl78\" width=\"167\">Nano sim<\/td>\n<td class=\"xl79 last\" width=\"350\">Da, sim2<\/td>\n<\/tr>\n<tr class=\"odd\">\n<td class=\"xl68\" width=\"95\" height=\"17\">Dimensiuni<\/td>\n<td class=\"xl78\" width=\"167\">Dimensiuni<\/td>\n<td class=\"xl79 last\" width=\"350\">161,9&#215;76,8&#215;8,3 mm<\/td>\n<\/tr>\n<tr class=\"even\">\n<td class=\"xl68\" width=\"95\" height=\"17\"><\/td>\n<td class=\"xl78\" width=\"167\">Greutate<\/td>\n<td class=\"xl73 last\" width=\"350\">193g<\/td>\n<\/tr>\n<tr class=\"odd\">\n<td class=\"xl68\" width=\"95\" height=\"17\">Display<\/td>\n<td class=\"xl78\" width=\"167\">Tip<\/td>\n<td class=\"xl79 last\" width=\"350\">TFT<\/td>\n<\/tr>\n<tr class=\"even\">\n<td class=\"xl68\" width=\"95\" height=\"17\"><\/td>\n<td class=\"xl78\" width=\"167\">Dimensiuni<\/td>\n<td class=\"xl79 last\" width=\"350\">6,53&#8243;<\/td>\n<\/tr>\n<tr class=\"odd\">\n<td class=\"xl68\" width=\"95\" height=\"17\"><\/td>\n<td class=\"xl78\" width=\"167\">Scratch Resistant Glass<\/td>\n<td class=\"xl79 last\" width=\"350\">Da, Gorilla Glass<\/td>\n<\/tr>\n<tr class=\"even\">\n<td class=\"xl68\" width=\"95\" height=\"17\"><\/td>\n<td class=\"xl78\" width=\"167\">Rezolutie<\/td>\n<td class=\"xl79 last\" width=\"350\">1080x2340px FHD+<\/td>\n<\/tr>\n<tr class=\"odd\">\n<td class=\"xl68\" width=\"95\" height=\"17\"><\/td>\n<td class=\"xl78\" width=\"167\">Touchscreen<\/td>\n<td class=\"xl79 last\" width=\"350\">Touchscreen capacitiv multitouch 2.5D<\/td>\n<\/tr>\n<tr class=\"even\">\n<td class=\"xl68\" width=\"95\" height=\"17\">Caracteristici<\/td>\n<td class=\"xl78\" width=\"167\">SO<\/td>\n<td class=\"xl79 last\" width=\"350\">Android&#x2122; 9.0<\/td>\n<\/tr>\n<tr class=\"odd\">\n<td class=\"xl68\" width=\"95\" height=\"17\"><\/td>\n<td class=\"xl78\" width=\"167\">CPU<\/td>\n<td class=\"xl79 last\" width=\"350\">Octacore,4xCortex\u00ae-A53 1.843Ghz+4xCortex\u00ae-A53 2.2Ghz<\/td>\n<\/tr>\n<tr class=\"even\">\n<td class=\"xl68\" width=\"95\" height=\"17\"><\/td>\n<td class=\"xl78\" width=\"167\">GPU<\/td>\n<td class=\"xl74 last\">Adreno508 @700 MHz<\/td>\n<\/tr>\n<tr class=\"odd\">\n<td class=\"xl68\" width=\"95\" height=\"17\"><\/td>\n<td class=\"xl78\" width=\"167\">GPS<\/td>\n<td class=\"xl79 last\" width=\"350\">Da<\/td>\n<\/tr>\n<tr class=\"even\">\n<td class=\"xl68\" width=\"95\" height=\"17\"><\/td>\n<td class=\"xl78\" width=\"167\">AGPS<\/td>\n<td class=\"xl79 last\" width=\"350\">Da<\/td>\n<\/tr>\n<tr class=\"odd\">\n<td class=\"xl68\" width=\"95\" height=\"17\"><\/td>\n<td class=\"xl78\" width=\"167\">Glonass<\/td>\n<td class=\"xl79 last\" width=\"350\">Da<\/td>\n<\/tr>\n<tr class=\"even\">\n<td class=\"xl68\" width=\"95\" height=\"17\"><\/td>\n<td class=\"xl78\" width=\"167\">Memorie Flash<\/td>\n<td class=\"xl79 last\" width=\"350\">64GB<\/td>\n<\/tr>\n<tr class=\"odd\">\n<td class=\"xl68\" width=\"95\" height=\"17\"><\/td>\n<td class=\"xl78\" width=\"167\">Memorie RAM<\/td>\n<td class=\"xl79 last\" width=\"350\">4GB<\/td>\n<\/tr>\n<tr class=\"even\">\n<td class=\"xl68\" width=\"95\" height=\"17\"><\/td>\n<td class=\"xl78\" width=\"167\">Widget<\/td>\n<td class=\"xl79 last\" width=\"350\">Da<\/td>\n<\/tr>\n<tr class=\"odd\">\n<td class=\"xl68\" width=\"95\" height=\"17\"><\/td>\n<td class=\"xl78\" width=\"167\">Multitasking<\/td>\n<td class=\"xl79 last\" width=\"350\">Da<\/td>\n<\/tr>\n<tr class=\"even\">\n<td class=\"xl68\" width=\"95\" height=\"17\"><\/td>\n<td class=\"xl78\" width=\"167\">Radio FM<\/td>\n<td class=\"xl79 last\" width=\"350\">Da<\/td>\n<\/tr>\n<tr class=\"odd\">\n<td class=\"xl68\" width=\"95\" height=\"17\"><\/td>\n<td class=\"xl78\" width=\"167\">Micro SD<\/td>\n<td class=\"xl75 last\" width=\"350\">Pana la 256GB in mod single SIM<\/td>\n<\/tr>\n<tr class=\"even\">\n<td class=\"xl68\" width=\"95\" height=\"17\"><\/td>\n<td class=\"xl70\" width=\"167\">Fingerprint<\/td>\n<td class=\"xl80 last\" width=\"350\">Da<\/td>\n<\/tr>\n<tr class=\"odd\">\n<td class=\"xl68\" width=\"95\" height=\"17\"><\/td>\n<td class=\"xl70\" width=\"167\">Face ID<\/td>\n<td class=\"xl77 last\" width=\"350\">Da<\/td>\n<\/tr>\n<tr class=\"even\">\n<td class=\"xl68\" width=\"95\" height=\"17\"><\/td>\n<td class=\"xl78\" width=\"167\">Culori<\/td>\n<td class=\"xl76 last\">Negru<\/td>\n<\/tr>\n<tr class=\"odd\">\n<td class=\"xl68\" width=\"95\" height=\"17\">Sunet<\/td>\n<td class=\"xl78\" width=\"167\">3.5mm jack<\/td>\n<td class=\"xl79 last\" width=\"350\">Da<\/td>\n<\/tr>\n<tr class=\"even\">\n<td class=\"xl68\" width=\"95\" height=\"17\"><\/td>\n<td class=\"xl78\" width=\"167\">TRRS standard<\/td>\n<td class=\"xl79 last\" width=\"350\">CTIA<\/td>\n<\/tr>\n<tr class=\"odd\">\n<td class=\"xl68\" width=\"95\" height=\"17\"><\/td>\n<td class=\"xl78\" width=\"167\">Impedanta recomandata casti<\/td>\n<td class=\"xl79 last\" width=\"350\">16\u03a9 &#8211; 32\u03a9<\/td>\n<\/tr>\n<tr class=\"even\">\n<td class=\"xl68\" width=\"95\" height=\"17\"><\/td>\n<td class=\"xl78\" width=\"167\">Difuzor<\/td>\n<td class=\"xl79 last\" width=\"350\">Da<\/td>\n<\/tr>\n<tr class=\"odd\">\n<td class=\"xl68\" width=\"95\" height=\"17\"><\/td>\n<td class=\"xl78\" width=\"167\">Redare fisiere audio<\/td>\n<td class=\"xl79 last\" width=\"350\">Da<\/td>\n<\/tr>\n<tr class=\"even\">\n<td class=\"xl68\" width=\"95\" height=\"17\"><\/td>\n<td class=\"xl78\" width=\"167\">Tip alerta<\/td>\n<td class=\"xl79 last\" width=\"350\">Vibratie, ringtone<\/td>\n<\/tr>\n<tr class=\"odd\">\n<td class=\"xl68\" width=\"95\" height=\"17\">Video<\/td>\n<td class=\"xl78\" width=\"167\">Redare<\/td>\n<td class=\"xl81 last\" width=\"350\">Formate video 4K 2160P<\/td>\n<\/tr>\n<tr class=\"even\">\n<td class=\"xl68\" width=\"95\" height=\"17\"><\/td>\n<td class=\"xl78\" width=\"167\">Redare flux<\/td>\n<td class=\"xl81 last\" width=\"350\">Full HD 1080P<\/td>\n<\/tr>\n<tr class=\"odd\">\n<td class=\"xl68\" width=\"95\" height=\"17\">Aplicatii<\/td>\n<td class=\"xl82\" width=\"167\">AVI<\/td>\n<td class=\"xl79 last\" width=\"350\"><\/td>\n<\/tr>\n<tr class=\"even\">\n<td class=\"xl68\" width=\"95\" height=\"34\">Camera<\/td>\n<td class=\"xl85\" width=\"167\">Rezolutie camera principala<\/td>\n<td class=\"xl81 last\" width=\"350\">Quad camera 13MP AF f\/1.8 + 2MP macro + 2MP bokeh + 8MP wide.<\/td>\n<\/tr>\n<tr class=\"odd\">\n<td class=\"xl68\" width=\"95\" height=\"17\"><\/td>\n<td class=\"xl78\" width=\"167\">Rezolutie camera frontala<\/td>\n<td class=\"xl79 last\" width=\"350\">16MP<\/td>\n<\/tr>\n<tr class=\"even\">\n<td class=\"xl68\" width=\"95\" height=\"17\"><\/td>\n<td class=\"xl78\" width=\"167\">Inregistrare video<\/td>\n<td class=\"xl81 last\" width=\"350\">4K 2160P<\/td>\n<\/tr>\n<tr class=\"odd\">\n<td class=\"xl68\" width=\"95\" height=\"17\"><\/td>\n<td class=\"xl82\" width=\"167\">AI scene<\/td>\n<td class=\"xl81 last\" width=\"350\">Da<\/td>\n<\/tr>\n<tr class=\"even\">\n<td class=\"xl68\" width=\"95\" height=\"17\"><\/td>\n<td class=\"xl78\" width=\"167\">Touchfocus<\/td>\n<td class=\"xl79 last\" width=\"350\">Da<\/td>\n<\/tr>\n<tr class=\"odd\">\n<td class=\"xl68\" width=\"95\" height=\"17\"><\/td>\n<td class=\"xl78\" width=\"167\">Face detection<\/td>\n<td class=\"xl79 last\" width=\"350\">Da<\/td>\n<\/tr>\n<tr class=\"even\">\n<td class=\"xl68\" width=\"95\" height=\"17\"><\/td>\n<td class=\"xl78\" width=\"167\">High\u00a0Dynamic Range(HDR)<\/td>\n<td class=\"xl79 last\" width=\"350\">Da<\/td>\n<\/tr>\n<tr class=\"odd\">\n<td class=\"xl68\" width=\"95\" height=\"17\"><\/td>\n<td class=\"xl78\" width=\"167\">Professional mode<\/td>\n<td class=\"xl79 last\" width=\"350\">Da<\/td>\n<\/tr>\n<tr class=\"even\">\n<td class=\"xl68\" width=\"95\" height=\"17\"><\/td>\n<td class=\"xl78\" width=\"167\">Wide Angle<\/td>\n<td class=\"xl79 last\" width=\"350\">120\u00b0<\/td>\n<\/tr>\n<tr class=\"odd\">\n<td class=\"xl68\" width=\"95\" height=\"17\"><\/td>\n<td class=\"xl78\" width=\"167\">Macro mode<\/td>\n<td class=\"xl81 last\" width=\"350\">Da<\/td>\n<\/tr>\n<tr class=\"even\">\n<td class=\"xl68\" width=\"95\" height=\"17\"><\/td>\n<td class=\"xl78\" width=\"167\">Slow motion<\/td>\n<td class=\"xl81 last\" width=\"350\">Da<\/td>\n<\/tr>\n<tr class=\"odd\">\n<td class=\"xl68\" width=\"95\" height=\"17\"><\/td>\n<td class=\"xl78\" width=\"167\">Time lapse<\/td>\n<td class=\"xl81 last\" width=\"350\">Da<\/td>\n<\/tr>\n<tr class=\"even\">\n<td class=\"xl68\" width=\"95\" height=\"17\"><\/td>\n<td class=\"xl78\" width=\"167\">Led flash camera\u00a0 principala<\/td>\n<td class=\"xl79 last\" width=\"350\">Da<\/td>\n<\/tr>\n<tr class=\"odd\">\n<td class=\"xl68\" width=\"95\" height=\"17\">Date<\/td>\n<td class=\"xl78\" width=\"167\">4G<\/td>\n<td class=\"xl79 last\" width=\"350\">Cat 7 DL Cat 7 UP<\/td>\n<\/tr>\n<tr class=\"even\">\n<td class=\"xl68\" width=\"95\" height=\"17\"><\/td>\n<td class=\"xl78\" width=\"167\">3G<\/td>\n<td class=\"xl79 last\" width=\"350\">HSDPA 42.2Mbps\/HSUPA 11.5Mbps<\/td>\n<\/tr>\n<tr class=\"odd\">\n<td class=\"xl68\" width=\"95\" height=\"17\"><\/td>\n<td class=\"xl78\" width=\"167\">EDGE<\/td>\n<td class=\"xl79 last\" width=\"350\">Da Class 10<\/td>\n<\/tr>\n<tr class=\"even\">\n<td class=\"xl68\" width=\"95\" height=\"17\"><\/td>\n<td class=\"xl78\" width=\"167\">GPRS<\/td>\n<td class=\"xl79 last\" width=\"350\">Da Class 10<\/td>\n<\/tr>\n<tr class=\"odd\">\n<td class=\"xl68\" width=\"95\" height=\"17\"><\/td>\n<td class=\"xl78\" width=\"167\">Bluetooth<\/td>\n<td class=\"xl79 last\" width=\"350\">Class 5.0<\/td>\n<\/tr>\n<tr class=\"even\">\n<td class=\"xl68\" width=\"95\" height=\"17\"><\/td>\n<td class=\"xl78\" width=\"167\">WLAN<\/td>\n<td class=\"xl79 last\" width=\"350\">WiFi 802.11 a\/b\/g\/n\/ac 5GHz<\/td>\n<\/tr>\n<tr class=\"odd\">\n<td class=\"xl68\" width=\"95\" height=\"17\"><\/td>\n<td class=\"xl78\" width=\"167\">WiFi Direct<\/td>\n<td class=\"xl79 last\" width=\"350\">Da<\/td>\n<\/tr>\n<tr class=\"even\">\n<td class=\"xl68\" width=\"95\" height=\"17\"><\/td>\n<td class=\"xl78\" width=\"167\">USB<\/td>\n<td class=\"xl79 last\" width=\"350\">Da 3.0 tip C<\/td>\n<\/tr>\n<tr class=\"odd\">\n<td class=\"xl68\" width=\"95\" height=\"17\">Senzori<\/td>\n<td class=\"xl78\" width=\"167\">Accelerometru<\/td>\n<td class=\"xl79 last\" width=\"350\">Da<\/td>\n<\/tr>\n<tr class=\"even\">\n<td class=\"xl68\" width=\"95\" height=\"17\"><\/td>\n<td class=\"xl78\" width=\"167\">Senzor de proximitate<\/td>\n<td class=\"xl79 last\" width=\"350\">Da<\/td>\n<\/tr>\n<tr class=\"odd\">\n<td class=\"xl68\" width=\"95\" height=\"17\"><\/td>\n<td class=\"xl78\" width=\"167\">Senzor de lumina<\/td>\n<td class=\"xl79 last\" width=\"350\">Da<\/td>\n<\/tr>\n<tr class=\"even\">\n<td class=\"xl68\" width=\"95\" height=\"17\"><\/td>\n<td class=\"xl78\" width=\"167\">Senzor magnetic<\/td>\n<td class=\"xl79 last\" width=\"350\">Da<\/td>\n<\/tr>\n<tr class=\"odd\">\n<td class=\"xl68\" width=\"95\" height=\"17\"><\/td>\n<td class=\"xl82\" width=\"167\">Giroscop<\/td>\n<td class=\"xl81 last\" width=\"350\">Nu<\/td>\n<\/tr>\n<tr class=\"even\">\n<td class=\"xl68\" width=\"95\" height=\"17\"><\/td>\n<td class=\"xl78\" width=\"167\">Senzor amprenta<\/td>\n<td class=\"xl79 last\" width=\"350\">Da<\/td>\n<\/tr>\n<tr class=\"odd\">\n<td class=\"xl68\" width=\"95\" height=\"17\">Internet<\/td>\n<td class=\"xl78\" width=\"167\">Social networking<\/td>\n<td class=\"xl79 last\" width=\"350\">Da<\/td>\n<\/tr>\n<tr class=\"even\">\n<td class=\"xl68\" width=\"95\" height=\"17\"><\/td>\n<td class=\"xl78\" width=\"167\">E-mail<\/td>\n<td class=\"xl79 last\" width=\"350\">Da<\/td>\n<\/tr>\n<tr class=\"odd\">\n<td class=\"xl68\" width=\"95\" height=\"17\"><\/td>\n<td class=\"xl78\" width=\"167\">Aplicatii<\/td>\n<td class=\"xl79 last\" width=\"350\">Da<\/td>\n<\/tr>\n<tr class=\"even\">\n<td class=\"xl68\" width=\"95\" height=\"17\"><\/td>\n<td class=\"xl78\" width=\"167\">Tethering<\/td>\n<td class=\"xl79 last\" width=\"350\">Tethering prin Wifi<\/td>\n<\/tr>\n<tr class=\"odd\">\n<td class=\"xl68\" width=\"95\" height=\"17\"><\/td>\n<td class=\"xl78\" width=\"167\">Tethering<\/td>\n<td class=\"xl79 last\" width=\"350\">Tethering prin USB<\/td>\n<\/tr>\n<tr class=\"even\">\n<td class=\"xl68\" width=\"95\" height=\"17\"><\/td>\n<td class=\"xl78\" width=\"167\">Tethering<\/td>\n<td class=\"xl79 last\" width=\"350\">Tethering prin Bluetooth<\/td>\n<\/tr>\n<tr class=\"odd\">\n<td class=\"xl68\" width=\"95\" height=\"17\">Baterie<\/td>\n<td class=\"xl78\" width=\"167\">Capacitate<\/td>\n<td class=\"xl79 last\" width=\"350\">Li-Pol 4000mAh<\/td>\n<\/tr>\n<tr class=\"even\">\n<td class=\"xl68\" width=\"95\" height=\"17\"><\/td>\n<td class=\"xl78\" width=\"167\">Incarcare rapida<\/td>\n<td class=\"xl79 last\" width=\"350\">Da<\/td>\n<\/tr>\n<tr class=\"odd\">\n<td class=\"xl68\" width=\"95\" height=\"17\"><\/td>\n<td class=\"xl78\" width=\"167\">Tip incarcator<\/td>\n<td class=\"xl79 last\" width=\"350\">9V\/2A<\/td>\n<\/tr>\n<tr class=\"even\">\n<td class=\"xl68\" width=\"95\" height=\"17\"><\/td>\n<td class=\"xl78\" width=\"167\">Stand by<\/td>\n<td class=\"xl79 last\" width=\"350\">Pana la 360 h<\/td>\n<\/tr>\n<tr class=\"odd\">\n<td class=\"xl68\" width=\"95\" height=\"17\"><\/td>\n<td class=\"xl78\" width=\"167\">Convorbire<\/td>\n<td class=\"xl79 last\" width=\"350\">Pana la 2100 min<\/td>\n<\/tr>\n<tr class=\"last even\">\n<td class=\"xl69\" width=\"95\" height=\"125\">Continut pachet<\/td>\n<td class=\"xl83 last\" colspan=\"2\" width=\"517\">Telefon,<br \/>\nmanual,<br \/>\ncertificat garantie,<br \/>\nalimentator,<br \/>\ncablu USB tip C,<br \/>\ncasti,<br \/>\nac SIM;<\/td>\n<\/tr>\n<\/tbody>\n<\/table>\n<\/td>\n<\/tr>\n<\/tbody>\n<\/table>\n","protected":false},"excerpt":{"rendered":"<p>Display 19:9, 6,53\u201d FHD+ (1080x2340px,) Full View, LTPS<\/p>\n<p>&nbsp;<\/p>\n<p>Sistem AI Quad Camera<br \/>\nCamera principal\u0103 cu AI: Ultra Wide Camera cu unghi larg de vizualizare -120\u00b0, Wide Camera cu senzor de 13MP \u0219i AF f\/1.8, Bokeh Effect Camera \u0219i Macro Camera<br \/>\nCamera frontal\u0103: 16 MP, Bokeh<br \/>\nCPU: Qualcomm\u00ae Snapdragon 630,4xCortex\u00ae-A53 1.843Ghz+4xCortex\u00ae-A53 2.2Ghz<br \/>\nGPU: Adreno508 @700 MHz<br \/>\nMemorie RAM: 4 GB<br \/>\nMemorie Flash: 64 GB<br \/>\nSuport\u0103 card microSD de p\u00e2n\u0103 la 256 GB \u00een mod single SIM<br \/>\nConectivitate:\u00a0FDD si TDD, 4G+ simultan SIM1 si SIM 2<br \/>\nGPS<br \/>\nUSB tip C<br \/>\nUltrafast Charging: 10 minute \u00eenc\u0103rcare\/ 99 min redare video continu\u0103<br \/>\nBaterie: 4000 mAh<br \/>\nS.O.: Android&#x2122; 9, Pie&#x2122;<br \/>\nAVI &#8211; Asistent vocal \u00een limba rom\u00e2n\u0103, notific\u0103ri vocale<br \/>\nCuloare: Black Desire<br \/>\nVisual UI 3.0 Swipe<\/p>\n","protected":false},"featured_media":2613,"comment_status":"open","ping_status":"closed","template":"","meta":[],"product_cat":[89,118,93],"product_tag":[],"class_list":{"0":"post-2520","1":"product","2":"type-product","3":"status-publish","4":"has-post-thumbnail","6":"product_cat-toate-produsele","7":"product_cat-telefoane-accesorii","8":"product_cat-telefoane","10":"first","11":"outofstock","12":"sale","13":"shipping-taxable","14":"purchasable","15":"product-type-simple"},"yoast_head":"<!-- This site is optimized with the Yoast SEO plugin v23.3 - https:\/\/yoast.com\/wordpress\/plugins\/seo\/ -->\n<title>Allview Soul X7 Pro - EnergyStudio Demo<\/title>\n<meta name=\"robots\" content=\"index, follow, max-snippet:-1, max-image-preview:large, max-video-preview:-1\" \/>\n<link rel=\"canonical\" href=\"https:\/\/energystudio-agency.ro\/demo12\/produs\/allview-soul-x7-pro\/\" \/>\n<meta property=\"og:locale\" content=\"ro_RO\" \/>\n<meta property=\"og:type\" content=\"article\" \/>\n<meta property=\"og:title\" content=\"Allview Soul X7 Pro - EnergyStudio Demo\" \/>\n<meta property=\"og:description\" content=\"Display 19:9, 6,53\u201d FHD+ (1080x2340px,) Full View, LTPS  &nbsp;  Sistem AI Quad Camera Camera principal\u0103 cu AI: Ultra Wide Camera cu unghi larg de vizualizare -120\u00b0, Wide Camera cu senzor de 13MP \u0219i AF f\/1.8, Bokeh Effect Camera \u0219i Macro Camera Camera frontal\u0103: 16 MP, Bokeh CPU: Qualcomm\u00ae Snapdragon 630,4xCortex\u00ae-A53 1.843Ghz+4xCortex\u00ae-A53 2.2Ghz GPU: Adreno508 @700 MHz Memorie RAM: 4 GB Memorie Flash: 64 GB Suport\u0103 card microSD de p\u00e2n\u0103 la 256 GB \u00een mod single SIM Conectivitate:\u00a0FDD si TDD, 4G+ simultan SIM1 si SIM 2 GPS USB tip C Ultrafast Charging: 10 minute \u00eenc\u0103rcare\/ 99 min redare video continu\u0103 Baterie: 4000 mAh S.O.: Android&#x2122; 9, Pie&#x2122; AVI - Asistent vocal \u00een limba rom\u00e2n\u0103, notific\u0103ri vocale Culoare: Black Desire Visual UI 3.0 Swipe\" \/>\n<meta property=\"og:url\" content=\"https:\/\/energystudio-agency.ro\/demo12\/produs\/allview-soul-x7-pro\/\" \/>\n<meta property=\"og:site_name\" content=\"EnergyStudio Demo\" \/>\n<meta property=\"article:modified_time\" content=\"2022-02-09T21:16:51+00:00\" \/>\n<meta property=\"og:image\" content=\"https:\/\/energystudio-agency.ro\/demo12\/wp-content\/uploads\/2021\/10\/pzoa_principala_x7.png\" \/>\n\t<meta property=\"og:image:width\" content=\"650\" \/>\n\t<meta property=\"og:image:height\" content=\"750\" \/>\n\t<meta property=\"og:image:type\" content=\"image\/png\" \/>\n<meta name=\"twitter:card\" content=\"summary_large_image\" \/>\n<meta name=\"twitter:label1\" content=\"Timp estimat pentru citire\" \/>\n\t<meta name=\"twitter:data1\" content=\"2 minute\" \/>\n<script type=\"application\/ld+json\" class=\"yoast-schema-graph\">{\"@context\":\"https:\/\/schema.org\",\"@graph\":[{\"@type\":\"WebPage\",\"@id\":\"https:\/\/energystudio-agency.ro\/demo12\/produs\/allview-soul-x7-pro\/\",\"url\":\"https:\/\/energystudio-agency.ro\/demo12\/produs\/allview-soul-x7-pro\/\",\"name\":\"Allview Soul X7 Pro - EnergyStudio Demo\",\"isPartOf\":{\"@id\":\"https:\/\/energystudio-agency.ro\/demo12\/#website\"},\"primaryImageOfPage\":{\"@id\":\"https:\/\/energystudio-agency.ro\/demo12\/produs\/allview-soul-x7-pro\/#primaryimage\"},\"image\":{\"@id\":\"https:\/\/energystudio-agency.ro\/demo12\/produs\/allview-soul-x7-pro\/#primaryimage\"},\"thumbnailUrl\":\"https:\/\/energystudio-agency.ro\/demo12\/wp-content\/uploads\/2021\/10\/pzoa_principala_x7.png\",\"datePublished\":\"2021-10-25T16:24:20+00:00\",\"dateModified\":\"2022-02-09T21:16:51+00:00\",\"breadcrumb\":{\"@id\":\"https:\/\/energystudio-agency.ro\/demo12\/produs\/allview-soul-x7-pro\/#breadcrumb\"},\"inLanguage\":\"ro-RO\",\"potentialAction\":[{\"@type\":\"ReadAction\",\"target\":[\"https:\/\/energystudio-agency.ro\/demo12\/produs\/allview-soul-x7-pro\/\"]}]},{\"@type\":\"ImageObject\",\"inLanguage\":\"ro-RO\",\"@id\":\"https:\/\/energystudio-agency.ro\/demo12\/produs\/allview-soul-x7-pro\/#primaryimage\",\"url\":\"https:\/\/energystudio-agency.ro\/demo12\/wp-content\/uploads\/2021\/10\/pzoa_principala_x7.png\",\"contentUrl\":\"https:\/\/energystudio-agency.ro\/demo12\/wp-content\/uploads\/2021\/10\/pzoa_principala_x7.png\",\"width\":650,\"height\":750},{\"@type\":\"BreadcrumbList\",\"@id\":\"https:\/\/energystudio-agency.ro\/demo12\/produs\/allview-soul-x7-pro\/#breadcrumb\",\"itemListElement\":[{\"@type\":\"ListItem\",\"position\":1,\"name\":\"Prima pagin\u0103\",\"item\":\"https:\/\/energystudio-agency.ro\/demo12\/\"},{\"@type\":\"ListItem\",\"position\":2,\"name\":\"Shop\",\"item\":\"https:\/\/energystudio-agency.ro\/demo12\/shop\/\"},{\"@type\":\"ListItem\",\"position\":3,\"name\":\"Allview Soul X7 Pro\"}]},{\"@type\":\"WebSite\",\"@id\":\"https:\/\/energystudio-agency.ro\/demo12\/#website\",\"url\":\"https:\/\/energystudio-agency.ro\/demo12\/\",\"name\":\"EnergyStudio Demo\",\"description\":\"Magazin Online\",\"potentialAction\":[{\"@type\":\"SearchAction\",\"target\":{\"@type\":\"EntryPoint\",\"urlTemplate\":\"https:\/\/energystudio-agency.ro\/demo12\/?s={search_term_string}\"},\"query-input\":\"required name=search_term_string\"}],\"inLanguage\":\"ro-RO\"}]}<\/script>\n<!-- \/ Yoast SEO plugin. -->","yoast_head_json":{"title":"Allview Soul X7 Pro - EnergyStudio Demo","robots":{"index":"index","follow":"follow","max-snippet":"max-snippet:-1","max-image-preview":"max-image-preview:large","max-video-preview":"max-video-preview:-1"},"canonical":"https:\/\/energystudio-agency.ro\/demo12\/produs\/allview-soul-x7-pro\/","og_locale":"ro_RO","og_type":"article","og_title":"Allview Soul X7 Pro - EnergyStudio Demo","og_description":"Display 19:9, 6,53\u201d FHD+ (1080x2340px,) Full View, LTPS  &nbsp;  Sistem AI Quad Camera Camera principal\u0103 cu AI: Ultra Wide Camera cu unghi larg de vizualizare -120\u00b0, Wide Camera cu senzor de 13MP \u0219i AF f\/1.8, Bokeh Effect Camera \u0219i Macro Camera Camera frontal\u0103: 16 MP, Bokeh CPU: Qualcomm\u00ae Snapdragon 630,4xCortex\u00ae-A53 1.843Ghz+4xCortex\u00ae-A53 2.2Ghz GPU: Adreno508 @700 MHz Memorie RAM: 4 GB Memorie Flash: 64 GB Suport\u0103 card microSD de p\u00e2n\u0103 la 256 GB \u00een mod single SIM Conectivitate:\u00a0FDD si TDD, 4G+ simultan SIM1 si SIM 2 GPS USB tip C Ultrafast Charging: 10 minute \u00eenc\u0103rcare\/ 99 min redare video continu\u0103 Baterie: 4000 mAh S.O.: Android&#x2122; 9, Pie&#x2122; AVI - Asistent vocal \u00een limba rom\u00e2n\u0103, notific\u0103ri vocale Culoare: Black Desire Visual UI 3.0 Swipe","og_url":"https:\/\/energystudio-agency.ro\/demo12\/produs\/allview-soul-x7-pro\/","og_site_name":"EnergyStudio Demo","article_modified_time":"2022-02-09T21:16:51+00:00","og_image":[{"width":650,"height":750,"url":"https:\/\/energystudio-agency.ro\/demo12\/wp-content\/uploads\/2021\/10\/pzoa_principala_x7.png","type":"image\/png"}],"twitter_card":"summary_large_image","twitter_misc":{"Timp estimat pentru citire":"2 minute"},"schema":{"@context":"https:\/\/schema.org","@graph":[{"@type":"WebPage","@id":"https:\/\/energystudio-agency.ro\/demo12\/produs\/allview-soul-x7-pro\/","url":"https:\/\/energystudio-agency.ro\/demo12\/produs\/allview-soul-x7-pro\/","name":"Allview Soul X7 Pro - EnergyStudio Demo","isPartOf":{"@id":"https:\/\/energystudio-agency.ro\/demo12\/#website"},"primaryImageOfPage":{"@id":"https:\/\/energystudio-agency.ro\/demo12\/produs\/allview-soul-x7-pro\/#primaryimage"},"image":{"@id":"https:\/\/energystudio-agency.ro\/demo12\/produs\/allview-soul-x7-pro\/#primaryimage"},"thumbnailUrl":"https:\/\/energystudio-agency.ro\/demo12\/wp-content\/uploads\/2021\/10\/pzoa_principala_x7.png","datePublished":"2021-10-25T16:24:20+00:00","dateModified":"2022-02-09T21:16:51+00:00","breadcrumb":{"@id":"https:\/\/energystudio-agency.ro\/demo12\/produs\/allview-soul-x7-pro\/#breadcrumb"},"inLanguage":"ro-RO","potentialAction":[{"@type":"ReadAction","target":["https:\/\/energystudio-agency.ro\/demo12\/produs\/allview-soul-x7-pro\/"]}]},{"@type":"ImageObject","inLanguage":"ro-RO","@id":"https:\/\/energystudio-agency.ro\/demo12\/produs\/allview-soul-x7-pro\/#primaryimage","url":"https:\/\/energystudio-agency.ro\/demo12\/wp-content\/uploads\/2021\/10\/pzoa_principala_x7.png","contentUrl":"https:\/\/energystudio-agency.ro\/demo12\/wp-content\/uploads\/2021\/10\/pzoa_principala_x7.png","width":650,"height":750},{"@type":"BreadcrumbList","@id":"https:\/\/energystudio-agency.ro\/demo12\/produs\/allview-soul-x7-pro\/#breadcrumb","itemListElement":[{"@type":"ListItem","position":1,"name":"Prima pagin\u0103","item":"https:\/\/energystudio-agency.ro\/demo12\/"},{"@type":"ListItem","position":2,"name":"Shop","item":"https:\/\/energystudio-agency.ro\/demo12\/shop\/"},{"@type":"ListItem","position":3,"name":"Allview Soul X7 Pro"}]},{"@type":"WebSite","@id":"https:\/\/energystudio-agency.ro\/demo12\/#website","url":"https:\/\/energystudio-agency.ro\/demo12\/","name":"EnergyStudio Demo","description":"Magazin Online","potentialAction":[{"@type":"SearchAction","target":{"@type":"EntryPoint","urlTemplate":"https:\/\/energystudio-agency.ro\/demo12\/?s={search_term_string}"},"query-input":"required name=search_term_string"}],"inLanguage":"ro-RO"}]}},"_links":{"self":[{"href":"https:\/\/energystudio-agency.ro\/demo12\/wp-json\/wp\/v2\/product\/2520","targetHints":{"allow":["GET"]}}],"collection":[{"href":"https:\/\/energystudio-agency.ro\/demo12\/wp-json\/wp\/v2\/product"}],"about":[{"href":"https:\/\/energystudio-agency.ro\/demo12\/wp-json\/wp\/v2\/types\/product"}],"replies":[{"embeddable":true,"href":"https:\/\/energystudio-agency.ro\/demo12\/wp-json\/wp\/v2\/comments?post=2520"}],"wp:featuredmedia":[{"embeddable":true,"href":"https:\/\/energystudio-agency.ro\/demo12\/wp-json\/wp\/v2\/media\/2613"}],"wp:attachment":[{"href":"https:\/\/energystudio-agency.ro\/demo12\/wp-json\/wp\/v2\/media?parent=2520"}],"wp:term":[{"taxonomy":"product_cat","embeddable":true,"href":"https:\/\/energystudio-agency.ro\/demo12\/wp-json\/wp\/v2\/product_cat?post=2520"},{"taxonomy":"product_tag","embeddable":true,"href":"https:\/\/energystudio-agency.ro\/demo12\/wp-json\/wp\/v2\/product_tag?post=2520"}],"curies":[{"name":"wp","href":"https:\/\/api.w.org\/{rel}","templated":true}]}}