{"id":2522,"date":"2021-10-25T16:24:21","date_gmt":"2021-10-25T16:24:21","guid":{"rendered":"https:\/\/energystudio-agency.ro\/demo12\/?post_type=product&#038;p=2522"},"modified":"2022-02-09T21:12:13","modified_gmt":"2022-02-09T21:12:13","slug":"allview-d3-senior","status":"publish","type":"product","link":"https:\/\/energystudio-agency.ro\/demo12\/produs\/allview-d3-senior\/","title":{"rendered":"Allview D3 Senior"},"content":{"rendered":"<table id=\"product-attribute-specs-table\" class=\"data-table\">\n<tbody>\n<tr class=\"first odd\">\n<th class=\"label\">Specifications<\/th>\n<td class=\"data\">\n<table border=\"0\" cellspacing=\"0\" cellpadding=\"0\">\n<colgroup>\n<col width=\"95\" \/>\n<col width=\"155\" \/>\n<col width=\"213\" \/><\/colgroup>\n<tbody>\n<tr class=\"even\">\n<td class=\"xl67\" width=\"95\" height=\"17\">General<\/td>\n<td class=\"xl68\" width=\"155\">Lansare<\/td>\n<td class=\"xl69 last\" width=\"213\"><\/td>\n<\/tr>\n<tr class=\"odd\">\n<td class=\"xl67\" width=\"95\" height=\"51\"><\/td>\n<td class=\"xl70\" width=\"155\">Limba<\/td>\n<td class=\"xl75 last\" width=\"213\">Romana, Engleza, Bulgara, Ceha, Estona, Lituaniana, Letona, Maghiara, Poloneza, Rusa, Spaniola.<\/td>\n<\/tr>\n<tr class=\"even\">\n<td class=\"xl67\" width=\"95\" height=\"36\"><\/td>\n<td class=\"xl71\" width=\"155\">Retea<\/td>\n<td class=\"xl72 last\" width=\"213\">2G: 900\/1800MHz; SIM1 si SIM2<br \/>\n3G: UMTS 900\/2100MHz; SIM1<\/td>\n<\/tr>\n<tr class=\"odd\">\n<td class=\"xl67\" width=\"95\" height=\"17\"><\/td>\n<td class=\"xl70\" width=\"155\">Dual sim<\/td>\n<td class=\"xl70 last\" width=\"213\">Da<\/td>\n<\/tr>\n<tr class=\"even\">\n<td class=\"xl67\" width=\"95\" height=\"17\"><\/td>\n<td class=\"xl70\" width=\"155\">Mini sim<\/td>\n<td class=\"xl70 last\" width=\"213\">Da sim1 si sim2<\/td>\n<\/tr>\n<tr class=\"odd\">\n<td class=\"xl67\" width=\"95\" height=\"17\">Dimensiuni<\/td>\n<td class=\"xl70\" width=\"155\">Dimensiuni<\/td>\n<td class=\"xl70 last\" width=\"213\">123&#215;58,5&#215;14,5 mm<\/td>\n<\/tr>\n<tr class=\"even\">\n<td class=\"xl67\" width=\"95\" height=\"17\"><\/td>\n<td class=\"xl70\" width=\"155\">Greutate<\/td>\n<td class=\"xl73 last\" width=\"213\">100g<\/td>\n<\/tr>\n<tr class=\"odd\">\n<td class=\"xl67\" width=\"95\" height=\"17\">Display<\/td>\n<td class=\"xl70\" width=\"155\">Tip<\/td>\n<td class=\"xl70 last\" width=\"213\">TFT<\/td>\n<\/tr>\n<tr class=\"even\">\n<td class=\"xl67\" width=\"95\" height=\"17\"><\/td>\n<td class=\"xl70\" width=\"155\">Dimensiuni<\/td>\n<td class=\"xl70 last\" width=\"213\">2,31&#8243; QVGA<\/td>\n<\/tr>\n<tr class=\"odd\">\n<td class=\"xl67\" width=\"95\" height=\"17\"><\/td>\n<td class=\"xl70\" width=\"155\">Rezolutie<\/td>\n<td class=\"xl70 last\" width=\"213\">240x320px<\/td>\n<\/tr>\n<tr class=\"even\">\n<td class=\"xl67\" width=\"95\" height=\"17\">Caracteristici<\/td>\n<td class=\"xl70\" width=\"155\">CPU<\/td>\n<td class=\"xl70 last\" width=\"213\">SC7701B(Spreadtrum)<\/td>\n<\/tr>\n<tr class=\"odd\">\n<td class=\"xl67\" width=\"95\" height=\"17\"><\/td>\n<td class=\"xl70\" width=\"155\">Memorie Flash<\/td>\n<td class=\"xl70 last\" width=\"213\">16MB<\/td>\n<\/tr>\n<tr class=\"even\">\n<td class=\"xl67\" width=\"95\" height=\"17\"><\/td>\n<td class=\"xl70\" width=\"155\">Memorie RAM<\/td>\n<td class=\"xl70 last\" width=\"213\">8MB<\/td>\n<\/tr>\n<tr class=\"odd\">\n<td class=\"xl67\" width=\"95\" height=\"17\"><\/td>\n<td class=\"xl70\" width=\"155\">Micro SD<\/td>\n<td class=\"xl70 last\" width=\"213\">Pana la 32GB<\/td>\n<\/tr>\n<tr class=\"even\">\n<td class=\"xl67\" width=\"95\" height=\"17\"><\/td>\n<td class=\"xl70\" width=\"155\">Calendar<\/td>\n<td class=\"xl70 last\" width=\"213\">Da<\/td>\n<\/tr>\n<tr class=\"odd\">\n<td class=\"xl67\" width=\"95\" height=\"17\"><\/td>\n<td class=\"xl70\" width=\"155\">Alarma<\/td>\n<td class=\"xl70 last\" width=\"213\">Da<\/td>\n<\/tr>\n<tr class=\"even\">\n<td class=\"xl67\" width=\"95\" height=\"17\"><\/td>\n<td class=\"xl70\" width=\"155\">Functie SOS<\/td>\n<td class=\"xl70 last\" width=\"213\">Da<\/td>\n<\/tr>\n<tr class=\"odd\">\n<td class=\"xl67\" width=\"95\" height=\"17\"><\/td>\n<td class=\"xl70\" width=\"155\">Functie maini libere<\/td>\n<td class=\"xl70 last\" width=\"213\">Da<\/td>\n<\/tr>\n<tr class=\"even\">\n<td class=\"xl67\" width=\"95\" height=\"17\"><\/td>\n<td class=\"xl70\" width=\"155\">Lanterna<\/td>\n<td class=\"xl70 last\" width=\"213\">Da<\/td>\n<\/tr>\n<tr class=\"odd\">\n<td class=\"xl67\" width=\"95\" height=\"17\"><\/td>\n<td class=\"xl70\" width=\"155\">Radio FM<\/td>\n<td class=\"xl70 last\" width=\"213\">Da<\/td>\n<\/tr>\n<tr class=\"even\">\n<td class=\"xl67\" width=\"95\" height=\"17\"><\/td>\n<td class=\"xl70\" width=\"155\">Culoare<\/td>\n<td class=\"xl70 last\" width=\"213\">Negru<\/td>\n<\/tr>\n<tr class=\"odd\">\n<td class=\"xl67\" width=\"95\" height=\"17\">Sunet<\/td>\n<td class=\"xl70\" width=\"155\">Difuzor<\/td>\n<td class=\"xl70 last\" width=\"213\">Da<\/td>\n<\/tr>\n<tr class=\"even\">\n<td class=\"xl67\" width=\"95\" height=\"17\"><\/td>\n<td class=\"xl70\" width=\"155\">Inregistrare audio<\/td>\n<td class=\"xl70 last\" width=\"213\">Da<\/td>\n<\/tr>\n<tr class=\"odd\">\n<td class=\"xl67\" width=\"95\" height=\"17\"><\/td>\n<td class=\"xl70\" width=\"155\">Redare fisiere audio<\/td>\n<td class=\"xl70 last\" width=\"213\">Da<\/td>\n<\/tr>\n<tr class=\"even\">\n<td class=\"xl67\" width=\"95\" height=\"17\"><\/td>\n<td class=\"xl70\" width=\"155\">Tip alerta<\/td>\n<td class=\"xl70 last\" width=\"213\">Vibratie, ringtone<\/td>\n<\/tr>\n<tr class=\"odd\">\n<td class=\"xl67\" width=\"95\" height=\"17\">Camera<\/td>\n<td class=\"xl70\" width=\"155\">Rezolutie camera principala<\/td>\n<td class=\"xl75 last\" width=\"213\">2 MP<\/td>\n<\/tr>\n<tr class=\"even\">\n<td class=\"xl67\" width=\"95\" height=\"17\"><\/td>\n<td class=\"xl70\" width=\"155\">Inregistrare video<\/td>\n<td class=\"xl70 last\" width=\"213\">Da<\/td>\n<\/tr>\n<tr class=\"odd\">\n<td class=\"xl67\" width=\"95\" height=\"17\"><\/td>\n<td class=\"xl70\" width=\"155\">Redare fisiere video<\/td>\n<td class=\"xl70 last\" width=\"213\">Da<\/td>\n<\/tr>\n<tr class=\"even\">\n<td class=\"xl67\" width=\"95\" height=\"17\"><\/td>\n<td class=\"xl70\" width=\"155\">Led flash spate<\/td>\n<td class=\"xl74 last\" width=\"213\">Da, dublu<\/td>\n<\/tr>\n<tr class=\"odd\">\n<td class=\"xl67\" width=\"95\" height=\"17\">Conectivitate<\/td>\n<td class=\"xl70\" width=\"155\">Bluetooth<\/td>\n<td class=\"xl70 last\" width=\"213\">Class 2.1 +EDR<\/td>\n<\/tr>\n<tr class=\"even\">\n<td class=\"xl67\" width=\"95\" height=\"17\"><\/td>\n<td class=\"xl70\" width=\"155\">USB<\/td>\n<td class=\"xl70 last\" width=\"213\">Da 2.0 micro USB<\/td>\n<\/tr>\n<tr class=\"odd\">\n<td class=\"xl67\" width=\"95\" height=\"17\">Baterie<\/td>\n<td class=\"xl70\" width=\"155\">Capacitate<\/td>\n<td class=\"xl70 last\" width=\"213\">Li-Ion 1400 mAh<\/td>\n<\/tr>\n<tr class=\"even\">\n<td class=\"xl67\" width=\"95\" height=\"17\"><\/td>\n<td class=\"xl70\" width=\"155\">Timp stand-by<\/td>\n<td class=\"xl70 last\" width=\"213\">Pana la 168 h<\/td>\n<\/tr>\n<tr class=\"odd\">\n<td class=\"xl67\" width=\"95\" height=\"17\"><\/td>\n<td class=\"xl70\" width=\"155\">Timp convorbire<\/td>\n<td class=\"xl70 last\" width=\"213\">Pana la 420 min<\/td>\n<\/tr>\n<tr class=\"even\">\n<td class=\"xl67\" width=\"95\" height=\"15\"><\/td>\n<td class=\"xl70\" width=\"155\">Tip incarcator<\/td>\n<td class=\"xl70 last\" width=\"213\">DC 5V,500mA<\/td>\n<\/tr>\n<tr class=\"last odd\">\n<td class=\"xl67\" width=\"95\" height=\"96\">Continut pachet<\/td>\n<td class=\"xl76 last\" colspan=\"2\" width=\"368\">Telefon,<br \/>\nalimentator,<br \/>\nstatie incarcare,<br \/>\nmanual,<br \/>\ncertificate garantie;<\/td>\n<\/tr>\n<\/tbody>\n<\/table>\n<\/td>\n<\/tr>\n<\/tbody>\n<\/table>\n","protected":false},"excerpt":{"rendered":"<p><strong>Telefon Dual SIM<\/strong><br \/>\nEcran: 2,3\u201d TFT, 240&#215;320 px<br \/>\nFunc\u021bie S.O.S.<br \/>\nCamer\u0103: 2 MP<br \/>\nLantern\u0103<br \/>\nRe\u021bea: 3G: UMTS 900\/2100MHz; SIM1 &amp; 2G: 900\/1800MHz; SIM1 si SIM2<br \/>\nMemorie extern\u0103 de p\u00e2n\u0103 la 32GB prin card microSD<br \/>\nBluetooth: Class 2.1 +EDR<br \/>\nUSB: 2.0 micro USB<br \/>\nRadio FM<br \/>\nBaterie Li-ion 1400mAh<br \/>\nAutonomie: 168 ore \u00een stand-by<br \/>\nP\u00e2n\u0103 la 420 minute de convorbire<br \/>\nAlte func\u021bionalit\u0103\u021bi: Alarm\u0103, Calendar, Func\u021bie m\u00e2ini libere<br \/>\nCuloare: negru<\/p>\n","protected":false},"featured_media":2622,"comment_status":"open","ping_status":"closed","template":"","meta":[],"product_cat":[89,118,93],"product_tag":[],"class_list":{"0":"post-2522","1":"product","2":"type-product","3":"status-publish","4":"has-post-thumbnail","6":"product_cat-toate-produsele","7":"product_cat-telefoane-accesorii","8":"product_cat-telefoane","10":"first","11":"instock","12":"shipping-taxable","13":"purchasable","14":"product-type-simple"},"yoast_head":"<!-- This site is optimized with the Yoast SEO plugin v23.3 - https:\/\/yoast.com\/wordpress\/plugins\/seo\/ -->\n<title>Allview D3 Senior - EnergyStudio Demo<\/title>\n<meta name=\"robots\" content=\"index, follow, max-snippet:-1, max-image-preview:large, max-video-preview:-1\" \/>\n<link rel=\"canonical\" href=\"https:\/\/energystudio-agency.ro\/demo12\/produs\/allview-d3-senior\/\" \/>\n<meta property=\"og:locale\" content=\"ro_RO\" \/>\n<meta property=\"og:type\" content=\"article\" \/>\n<meta property=\"og:title\" content=\"Allview D3 Senior - EnergyStudio Demo\" \/>\n<meta property=\"og:description\" content=\"Telefon Dual SIM Ecran: 2,3\u201d TFT, 240x320 px Func\u021bie S.O.S. Camer\u0103: 2 MP Lantern\u0103 Re\u021bea: 3G: UMTS 900\/2100MHz; SIM1 &amp; 2G: 900\/1800MHz; SIM1 si SIM2 Memorie extern\u0103 de p\u00e2n\u0103 la 32GB prin card microSD Bluetooth: Class 2.1 +EDR USB: 2.0 micro USB Radio FM Baterie Li-ion 1400mAh Autonomie: 168 ore \u00een stand-by P\u00e2n\u0103 la 420 minute de convorbire Alte func\u021bionalit\u0103\u021bi: Alarm\u0103, Calendar, Func\u021bie m\u00e2ini libere Culoare: negru\" \/>\n<meta property=\"og:url\" content=\"https:\/\/energystudio-agency.ro\/demo12\/produs\/allview-d3-senior\/\" \/>\n<meta property=\"og:site_name\" content=\"EnergyStudio Demo\" \/>\n<meta property=\"article:modified_time\" content=\"2022-02-09T21:12:13+00:00\" \/>\n<meta property=\"og:image\" content=\"https:\/\/energystudio-agency.ro\/demo12\/wp-content\/uploads\/2021\/10\/poza_principala_4.png\" \/>\n\t<meta property=\"og:image:width\" content=\"650\" \/>\n\t<meta property=\"og:image:height\" content=\"750\" \/>\n\t<meta property=\"og:image:type\" content=\"image\/png\" \/>\n<meta name=\"twitter:card\" content=\"summary_large_image\" \/>\n<meta name=\"twitter:label1\" content=\"Timp estimat pentru citire\" \/>\n\t<meta name=\"twitter:data1\" content=\"1 minut\" \/>\n<script type=\"application\/ld+json\" class=\"yoast-schema-graph\">{\"@context\":\"https:\/\/schema.org\",\"@graph\":[{\"@type\":\"WebPage\",\"@id\":\"https:\/\/energystudio-agency.ro\/demo12\/produs\/allview-d3-senior\/\",\"url\":\"https:\/\/energystudio-agency.ro\/demo12\/produs\/allview-d3-senior\/\",\"name\":\"Allview D3 Senior - EnergyStudio Demo\",\"isPartOf\":{\"@id\":\"https:\/\/energystudio-agency.ro\/demo12\/#website\"},\"primaryImageOfPage\":{\"@id\":\"https:\/\/energystudio-agency.ro\/demo12\/produs\/allview-d3-senior\/#primaryimage\"},\"image\":{\"@id\":\"https:\/\/energystudio-agency.ro\/demo12\/produs\/allview-d3-senior\/#primaryimage\"},\"thumbnailUrl\":\"https:\/\/energystudio-agency.ro\/demo12\/wp-content\/uploads\/2021\/10\/poza_principala_4.png\",\"datePublished\":\"2021-10-25T16:24:21+00:00\",\"dateModified\":\"2022-02-09T21:12:13+00:00\",\"breadcrumb\":{\"@id\":\"https:\/\/energystudio-agency.ro\/demo12\/produs\/allview-d3-senior\/#breadcrumb\"},\"inLanguage\":\"ro-RO\",\"potentialAction\":[{\"@type\":\"ReadAction\",\"target\":[\"https:\/\/energystudio-agency.ro\/demo12\/produs\/allview-d3-senior\/\"]}]},{\"@type\":\"ImageObject\",\"inLanguage\":\"ro-RO\",\"@id\":\"https:\/\/energystudio-agency.ro\/demo12\/produs\/allview-d3-senior\/#primaryimage\",\"url\":\"https:\/\/energystudio-agency.ro\/demo12\/wp-content\/uploads\/2021\/10\/poza_principala_4.png\",\"contentUrl\":\"https:\/\/energystudio-agency.ro\/demo12\/wp-content\/uploads\/2021\/10\/poza_principala_4.png\",\"width\":650,\"height\":750},{\"@type\":\"BreadcrumbList\",\"@id\":\"https:\/\/energystudio-agency.ro\/demo12\/produs\/allview-d3-senior\/#breadcrumb\",\"itemListElement\":[{\"@type\":\"ListItem\",\"position\":1,\"name\":\"Prima pagin\u0103\",\"item\":\"https:\/\/energystudio-agency.ro\/demo12\/\"},{\"@type\":\"ListItem\",\"position\":2,\"name\":\"Shop\",\"item\":\"https:\/\/energystudio-agency.ro\/demo12\/shop\/\"},{\"@type\":\"ListItem\",\"position\":3,\"name\":\"Allview D3 Senior\"}]},{\"@type\":\"WebSite\",\"@id\":\"https:\/\/energystudio-agency.ro\/demo12\/#website\",\"url\":\"https:\/\/energystudio-agency.ro\/demo12\/\",\"name\":\"EnergyStudio Demo\",\"description\":\"Magazin Online\",\"potentialAction\":[{\"@type\":\"SearchAction\",\"target\":{\"@type\":\"EntryPoint\",\"urlTemplate\":\"https:\/\/energystudio-agency.ro\/demo12\/?s={search_term_string}\"},\"query-input\":\"required name=search_term_string\"}],\"inLanguage\":\"ro-RO\"}]}<\/script>\n<!-- \/ Yoast SEO plugin. -->","yoast_head_json":{"title":"Allview D3 Senior - EnergyStudio Demo","robots":{"index":"index","follow":"follow","max-snippet":"max-snippet:-1","max-image-preview":"max-image-preview:large","max-video-preview":"max-video-preview:-1"},"canonical":"https:\/\/energystudio-agency.ro\/demo12\/produs\/allview-d3-senior\/","og_locale":"ro_RO","og_type":"article","og_title":"Allview D3 Senior - EnergyStudio Demo","og_description":"Telefon Dual SIM Ecran: 2,3\u201d TFT, 240x320 px Func\u021bie S.O.S. Camer\u0103: 2 MP Lantern\u0103 Re\u021bea: 3G: UMTS 900\/2100MHz; SIM1 &amp; 2G: 900\/1800MHz; SIM1 si SIM2 Memorie extern\u0103 de p\u00e2n\u0103 la 32GB prin card microSD Bluetooth: Class 2.1 +EDR USB: 2.0 micro USB Radio FM Baterie Li-ion 1400mAh Autonomie: 168 ore \u00een stand-by P\u00e2n\u0103 la 420 minute de convorbire Alte func\u021bionalit\u0103\u021bi: Alarm\u0103, Calendar, Func\u021bie m\u00e2ini libere Culoare: negru","og_url":"https:\/\/energystudio-agency.ro\/demo12\/produs\/allview-d3-senior\/","og_site_name":"EnergyStudio Demo","article_modified_time":"2022-02-09T21:12:13+00:00","og_image":[{"width":650,"height":750,"url":"https:\/\/energystudio-agency.ro\/demo12\/wp-content\/uploads\/2021\/10\/poza_principala_4.png","type":"image\/png"}],"twitter_card":"summary_large_image","twitter_misc":{"Timp estimat pentru citire":"1 minut"},"schema":{"@context":"https:\/\/schema.org","@graph":[{"@type":"WebPage","@id":"https:\/\/energystudio-agency.ro\/demo12\/produs\/allview-d3-senior\/","url":"https:\/\/energystudio-agency.ro\/demo12\/produs\/allview-d3-senior\/","name":"Allview D3 Senior - EnergyStudio Demo","isPartOf":{"@id":"https:\/\/energystudio-agency.ro\/demo12\/#website"},"primaryImageOfPage":{"@id":"https:\/\/energystudio-agency.ro\/demo12\/produs\/allview-d3-senior\/#primaryimage"},"image":{"@id":"https:\/\/energystudio-agency.ro\/demo12\/produs\/allview-d3-senior\/#primaryimage"},"thumbnailUrl":"https:\/\/energystudio-agency.ro\/demo12\/wp-content\/uploads\/2021\/10\/poza_principala_4.png","datePublished":"2021-10-25T16:24:21+00:00","dateModified":"2022-02-09T21:12:13+00:00","breadcrumb":{"@id":"https:\/\/energystudio-agency.ro\/demo12\/produs\/allview-d3-senior\/#breadcrumb"},"inLanguage":"ro-RO","potentialAction":[{"@type":"ReadAction","target":["https:\/\/energystudio-agency.ro\/demo12\/produs\/allview-d3-senior\/"]}]},{"@type":"ImageObject","inLanguage":"ro-RO","@id":"https:\/\/energystudio-agency.ro\/demo12\/produs\/allview-d3-senior\/#primaryimage","url":"https:\/\/energystudio-agency.ro\/demo12\/wp-content\/uploads\/2021\/10\/poza_principala_4.png","contentUrl":"https:\/\/energystudio-agency.ro\/demo12\/wp-content\/uploads\/2021\/10\/poza_principala_4.png","width":650,"height":750},{"@type":"BreadcrumbList","@id":"https:\/\/energystudio-agency.ro\/demo12\/produs\/allview-d3-senior\/#breadcrumb","itemListElement":[{"@type":"ListItem","position":1,"name":"Prima pagin\u0103","item":"https:\/\/energystudio-agency.ro\/demo12\/"},{"@type":"ListItem","position":2,"name":"Shop","item":"https:\/\/energystudio-agency.ro\/demo12\/shop\/"},{"@type":"ListItem","position":3,"name":"Allview D3 Senior"}]},{"@type":"WebSite","@id":"https:\/\/energystudio-agency.ro\/demo12\/#website","url":"https:\/\/energystudio-agency.ro\/demo12\/","name":"EnergyStudio Demo","description":"Magazin Online","potentialAction":[{"@type":"SearchAction","target":{"@type":"EntryPoint","urlTemplate":"https:\/\/energystudio-agency.ro\/demo12\/?s={search_term_string}"},"query-input":"required name=search_term_string"}],"inLanguage":"ro-RO"}]}},"_links":{"self":[{"href":"https:\/\/energystudio-agency.ro\/demo12\/wp-json\/wp\/v2\/product\/2522","targetHints":{"allow":["GET"]}}],"collection":[{"href":"https:\/\/energystudio-agency.ro\/demo12\/wp-json\/wp\/v2\/product"}],"about":[{"href":"https:\/\/energystudio-agency.ro\/demo12\/wp-json\/wp\/v2\/types\/product"}],"replies":[{"embeddable":true,"href":"https:\/\/energystudio-agency.ro\/demo12\/wp-json\/wp\/v2\/comments?post=2522"}],"wp:featuredmedia":[{"embeddable":true,"href":"https:\/\/energystudio-agency.ro\/demo12\/wp-json\/wp\/v2\/media\/2622"}],"wp:attachment":[{"href":"https:\/\/energystudio-agency.ro\/demo12\/wp-json\/wp\/v2\/media?parent=2522"}],"wp:term":[{"taxonomy":"product_cat","embeddable":true,"href":"https:\/\/energystudio-agency.ro\/demo12\/wp-json\/wp\/v2\/product_cat?post=2522"},{"taxonomy":"product_tag","embeddable":true,"href":"https:\/\/energystudio-agency.ro\/demo12\/wp-json\/wp\/v2\/product_tag?post=2522"}],"curies":[{"name":"wp","href":"https:\/\/api.w.org\/{rel}","templated":true}]}}