{"id":4000,"date":"2022-03-11T15:45:42","date_gmt":"2022-03-11T15:45:42","guid":{"rendered":"https:\/\/energystudio-agency.ro\/demo12\/?post_type=product&#038;p=4000"},"modified":"2022-03-11T15:45:42","modified_gmt":"2022-03-11T15:45:42","slug":"blender-2-in-1retro-ameriaca","status":"publish","type":"product","link":"https:\/\/energystudio-agency.ro\/demo12\/produs\/blender-2-in-1retro-ameriaca\/","title":{"rendered":"Blender 2 \u00een 1,Retro Ameriaca"},"content":{"rendered":"<p>Blender 2 \u00een 1<br \/>\nCapacitate sticla 1,5 litri<br \/>\nLame de titan<br \/>\nPutere 600w<br \/>\nBaza antiderapanta<br \/>\nCur\u0103\u021bare u\u0219oar\u0103 a borcanului \u0219i a lamei<br \/>\nButon de reglare a vitezei<\/p>\n","protected":false},"excerpt":{"rendered":"<p>Blender 2 \u00een 1 Capacitate sticla 1,5 litri Lame de titan Putere 600w Baza antiderapanta Cur\u0103\u021bare u\u0219oar\u0103 a borcanului \u0219i a lamei Buton de reglare a vitezei<\/p>\n","protected":false},"featured_media":4002,"comment_status":"open","ping_status":"closed","template":"","meta":[],"product_cat":[89,113,124],"product_tag":[],"class_list":{"0":"post-4000","1":"product","2":"type-product","3":"status-publish","4":"has-post-thumbnail","6":"product_cat-toate-produsele","7":"product_cat-casa-si-gradina","8":"product_cat-accesori-casa","10":"first","11":"instock","12":"shipping-taxable","13":"purchasable","14":"product-type-simple"},"yoast_head":"<!-- This site is optimized with the Yoast SEO plugin v23.3 - https:\/\/yoast.com\/wordpress\/plugins\/seo\/ -->\n<title>Blender 2 \u00een 1,Retro Ameriaca - EnergyStudio Demo<\/title>\n<meta name=\"robots\" content=\"index, follow, max-snippet:-1, max-image-preview:large, max-video-preview:-1\" \/>\n<link rel=\"canonical\" href=\"https:\/\/energystudio-agency.ro\/demo12\/produs\/blender-2-in-1retro-ameriaca\/\" \/>\n<meta property=\"og:locale\" content=\"ro_RO\" \/>\n<meta property=\"og:type\" content=\"article\" \/>\n<meta property=\"og:title\" content=\"Blender 2 \u00een 1,Retro Ameriaca - EnergyStudio Demo\" \/>\n<meta property=\"og:description\" content=\"Blender 2 \u00een 1 Capacitate sticla 1,5 litri Lame de titan Putere 600w Baza antiderapanta Cur\u0103\u021bare u\u0219oar\u0103 a borcanului \u0219i a lamei Buton de reglare a vitezei\" \/>\n<meta property=\"og:url\" content=\"https:\/\/energystudio-agency.ro\/demo12\/produs\/blender-2-in-1retro-ameriaca\/\" \/>\n<meta property=\"og:site_name\" content=\"EnergyStudio Demo\" \/>\n<meta property=\"og:image\" content=\"https:\/\/energystudio-agency.ro\/demo12\/wp-content\/uploads\/2022\/03\/Screenshot_42.png\" \/>\n\t<meta property=\"og:image:width\" content=\"594\" \/>\n\t<meta property=\"og:image:height\" content=\"515\" \/>\n\t<meta property=\"og:image:type\" content=\"image\/png\" \/>\n<meta name=\"twitter:card\" content=\"summary_large_image\" \/>\n<meta name=\"twitter:label1\" content=\"Timp estimat pentru citire\" \/>\n\t<meta name=\"twitter:data1\" content=\"1 minut\" \/>\n<script type=\"application\/ld+json\" class=\"yoast-schema-graph\">{\"@context\":\"https:\/\/schema.org\",\"@graph\":[{\"@type\":\"WebPage\",\"@id\":\"https:\/\/energystudio-agency.ro\/demo12\/produs\/blender-2-in-1retro-ameriaca\/\",\"url\":\"https:\/\/energystudio-agency.ro\/demo12\/produs\/blender-2-in-1retro-ameriaca\/\",\"name\":\"Blender 2 \u00een 1,Retro Ameriaca - EnergyStudio Demo\",\"isPartOf\":{\"@id\":\"https:\/\/energystudio-agency.ro\/demo12\/#website\"},\"primaryImageOfPage\":{\"@id\":\"https:\/\/energystudio-agency.ro\/demo12\/produs\/blender-2-in-1retro-ameriaca\/#primaryimage\"},\"image\":{\"@id\":\"https:\/\/energystudio-agency.ro\/demo12\/produs\/blender-2-in-1retro-ameriaca\/#primaryimage\"},\"thumbnailUrl\":\"https:\/\/energystudio-agency.ro\/demo12\/wp-content\/uploads\/2022\/03\/Screenshot_42.png\",\"datePublished\":\"2022-03-11T15:45:42+00:00\",\"dateModified\":\"2022-03-11T15:45:42+00:00\",\"breadcrumb\":{\"@id\":\"https:\/\/energystudio-agency.ro\/demo12\/produs\/blender-2-in-1retro-ameriaca\/#breadcrumb\"},\"inLanguage\":\"ro-RO\",\"potentialAction\":[{\"@type\":\"ReadAction\",\"target\":[\"https:\/\/energystudio-agency.ro\/demo12\/produs\/blender-2-in-1retro-ameriaca\/\"]}]},{\"@type\":\"ImageObject\",\"inLanguage\":\"ro-RO\",\"@id\":\"https:\/\/energystudio-agency.ro\/demo12\/produs\/blender-2-in-1retro-ameriaca\/#primaryimage\",\"url\":\"https:\/\/energystudio-agency.ro\/demo12\/wp-content\/uploads\/2022\/03\/Screenshot_42.png\",\"contentUrl\":\"https:\/\/energystudio-agency.ro\/demo12\/wp-content\/uploads\/2022\/03\/Screenshot_42.png\",\"width\":594,\"height\":515},{\"@type\":\"BreadcrumbList\",\"@id\":\"https:\/\/energystudio-agency.ro\/demo12\/produs\/blender-2-in-1retro-ameriaca\/#breadcrumb\",\"itemListElement\":[{\"@type\":\"ListItem\",\"position\":1,\"name\":\"Prima pagin\u0103\",\"item\":\"https:\/\/energystudio-agency.ro\/demo12\/\"},{\"@type\":\"ListItem\",\"position\":2,\"name\":\"Shop\",\"item\":\"https:\/\/energystudio-agency.ro\/demo12\/shop\/\"},{\"@type\":\"ListItem\",\"position\":3,\"name\":\"Blender 2 \u00een 1,Retro Ameriaca\"}]},{\"@type\":\"WebSite\",\"@id\":\"https:\/\/energystudio-agency.ro\/demo12\/#website\",\"url\":\"https:\/\/energystudio-agency.ro\/demo12\/\",\"name\":\"EnergyStudio Demo\",\"description\":\"Magazin Online\",\"potentialAction\":[{\"@type\":\"SearchAction\",\"target\":{\"@type\":\"EntryPoint\",\"urlTemplate\":\"https:\/\/energystudio-agency.ro\/demo12\/?s={search_term_string}\"},\"query-input\":\"required name=search_term_string\"}],\"inLanguage\":\"ro-RO\"}]}<\/script>\n<!-- \/ Yoast SEO plugin. -->","yoast_head_json":{"title":"Blender 2 \u00een 1,Retro Ameriaca - EnergyStudio Demo","robots":{"index":"index","follow":"follow","max-snippet":"max-snippet:-1","max-image-preview":"max-image-preview:large","max-video-preview":"max-video-preview:-1"},"canonical":"https:\/\/energystudio-agency.ro\/demo12\/produs\/blender-2-in-1retro-ameriaca\/","og_locale":"ro_RO","og_type":"article","og_title":"Blender 2 \u00een 1,Retro Ameriaca - EnergyStudio Demo","og_description":"Blender 2 \u00een 1 Capacitate sticla 1,5 litri Lame de titan Putere 600w Baza antiderapanta Cur\u0103\u021bare u\u0219oar\u0103 a borcanului \u0219i a lamei Buton de reglare a vitezei","og_url":"https:\/\/energystudio-agency.ro\/demo12\/produs\/blender-2-in-1retro-ameriaca\/","og_site_name":"EnergyStudio Demo","og_image":[{"width":594,"height":515,"url":"https:\/\/energystudio-agency.ro\/demo12\/wp-content\/uploads\/2022\/03\/Screenshot_42.png","type":"image\/png"}],"twitter_card":"summary_large_image","twitter_misc":{"Timp estimat pentru citire":"1 minut"},"schema":{"@context":"https:\/\/schema.org","@graph":[{"@type":"WebPage","@id":"https:\/\/energystudio-agency.ro\/demo12\/produs\/blender-2-in-1retro-ameriaca\/","url":"https:\/\/energystudio-agency.ro\/demo12\/produs\/blender-2-in-1retro-ameriaca\/","name":"Blender 2 \u00een 1,Retro Ameriaca - EnergyStudio Demo","isPartOf":{"@id":"https:\/\/energystudio-agency.ro\/demo12\/#website"},"primaryImageOfPage":{"@id":"https:\/\/energystudio-agency.ro\/demo12\/produs\/blender-2-in-1retro-ameriaca\/#primaryimage"},"image":{"@id":"https:\/\/energystudio-agency.ro\/demo12\/produs\/blender-2-in-1retro-ameriaca\/#primaryimage"},"thumbnailUrl":"https:\/\/energystudio-agency.ro\/demo12\/wp-content\/uploads\/2022\/03\/Screenshot_42.png","datePublished":"2022-03-11T15:45:42+00:00","dateModified":"2022-03-11T15:45:42+00:00","breadcrumb":{"@id":"https:\/\/energystudio-agency.ro\/demo12\/produs\/blender-2-in-1retro-ameriaca\/#breadcrumb"},"inLanguage":"ro-RO","potentialAction":[{"@type":"ReadAction","target":["https:\/\/energystudio-agency.ro\/demo12\/produs\/blender-2-in-1retro-ameriaca\/"]}]},{"@type":"ImageObject","inLanguage":"ro-RO","@id":"https:\/\/energystudio-agency.ro\/demo12\/produs\/blender-2-in-1retro-ameriaca\/#primaryimage","url":"https:\/\/energystudio-agency.ro\/demo12\/wp-content\/uploads\/2022\/03\/Screenshot_42.png","contentUrl":"https:\/\/energystudio-agency.ro\/demo12\/wp-content\/uploads\/2022\/03\/Screenshot_42.png","width":594,"height":515},{"@type":"BreadcrumbList","@id":"https:\/\/energystudio-agency.ro\/demo12\/produs\/blender-2-in-1retro-ameriaca\/#breadcrumb","itemListElement":[{"@type":"ListItem","position":1,"name":"Prima pagin\u0103","item":"https:\/\/energystudio-agency.ro\/demo12\/"},{"@type":"ListItem","position":2,"name":"Shop","item":"https:\/\/energystudio-agency.ro\/demo12\/shop\/"},{"@type":"ListItem","position":3,"name":"Blender 2 \u00een 1,Retro Ameriaca"}]},{"@type":"WebSite","@id":"https:\/\/energystudio-agency.ro\/demo12\/#website","url":"https:\/\/energystudio-agency.ro\/demo12\/","name":"EnergyStudio Demo","description":"Magazin Online","potentialAction":[{"@type":"SearchAction","target":{"@type":"EntryPoint","urlTemplate":"https:\/\/energystudio-agency.ro\/demo12\/?s={search_term_string}"},"query-input":"required name=search_term_string"}],"inLanguage":"ro-RO"}]}},"_links":{"self":[{"href":"https:\/\/energystudio-agency.ro\/demo12\/wp-json\/wp\/v2\/product\/4000","targetHints":{"allow":["GET"]}}],"collection":[{"href":"https:\/\/energystudio-agency.ro\/demo12\/wp-json\/wp\/v2\/product"}],"about":[{"href":"https:\/\/energystudio-agency.ro\/demo12\/wp-json\/wp\/v2\/types\/product"}],"replies":[{"embeddable":true,"href":"https:\/\/energystudio-agency.ro\/demo12\/wp-json\/wp\/v2\/comments?post=4000"}],"wp:featuredmedia":[{"embeddable":true,"href":"https:\/\/energystudio-agency.ro\/demo12\/wp-json\/wp\/v2\/media\/4002"}],"wp:attachment":[{"href":"https:\/\/energystudio-agency.ro\/demo12\/wp-json\/wp\/v2\/media?parent=4000"}],"wp:term":[{"taxonomy":"product_cat","embeddable":true,"href":"https:\/\/energystudio-agency.ro\/demo12\/wp-json\/wp\/v2\/product_cat?post=4000"},{"taxonomy":"product_tag","embeddable":true,"href":"https:\/\/energystudio-agency.ro\/demo12\/wp-json\/wp\/v2\/product_tag?post=4000"}],"curies":[{"name":"wp","href":"https:\/\/api.w.org\/{rel}","templated":true}]}}