{"id":3121,"date":"2021-07-26T13:57:49","date_gmt":"2021-07-26T13:57:49","guid":{"rendered":"https:\/\/esmee.qodeinteractive.com\/?page_id=3121"},"modified":"2022-03-29T11:01:54","modified_gmt":"2022-03-29T11:01:54","slug":"faq","status":"publish","type":"page","link":"https:\/\/energystudio-agency.ro\/demo13\/faq\/","title":{"rendered":"\u00centreb\u0103ri frecvente"},"content":{"rendered":"\t\t<div data-elementor-type=\"wp-page\" data-elementor-id=\"3121\" class=\"elementor elementor-3121\">\n\t\t\t\t\t\t\t\t\t<section class=\"elementor-section elementor-top-section elementor-element elementor-element-3cba1f6 qodef-elementor-content-grid elementor-section-boxed elementor-section-height-default elementor-section-height-default\" data-id=\"3cba1f6\" data-element_type=\"section\">\n\t\t\t\t\t\t<div class=\"elementor-container elementor-column-gap-default\">\n\t\t\t\t\t<div class=\"elementor-column elementor-col-50 elementor-top-column elementor-element elementor-element-fdb54a0\" data-id=\"fdb54a0\" data-element_type=\"column\">\n\t\t\t<div class=\"elementor-widget-wrap elementor-element-populated\">\n\t\t\t\t\t\t\t\t<div class=\"elementor-element elementor-element-4c91453 elementor-widget elementor-widget-esmee_core_section_title\" data-id=\"4c91453\" data-element_type=\"widget\" data-widget_type=\"esmee_core_section_title.default\">\n\t\t\t\t<div class=\"elementor-widget-container\">\n\t\t\t<div class=\"qodef-shortcode qodef-m  qodef-section-title qodef-alignment--left \">\n\t\t<h6 class=\"qodef-m-subtitle\" >intreaba-ne orice<\/h6>\n\t\t<h3 class=\"qodef-m-title\" >\n\t\t\t\t\t\u00centreb\u0103ri frecvente\t\t\t<\/h3>\n\t<\/div>\n\t\t<\/div>\n\t\t\t\t<\/div>\n\t\t\t\t<div class=\"elementor-element elementor-element-1a353f1 elementor-widget elementor-widget-text-editor\" data-id=\"1a353f1\" data-element_type=\"widget\" data-widget_type=\"text-editor.default\">\n\t\t\t\t<div class=\"elementor-widget-container\">\n\t\t\t<style>\/*! elementor - v3.18.0 - 06-12-2023 *\/\n.elementor-widget-text-editor.elementor-drop-cap-view-stacked .elementor-drop-cap{background-color:#69727d;color:#fff}.elementor-widget-text-editor.elementor-drop-cap-view-framed .elementor-drop-cap{color:#69727d;border:3px solid;background-color:transparent}.elementor-widget-text-editor:not(.elementor-drop-cap-view-default) .elementor-drop-cap{margin-top:8px}.elementor-widget-text-editor:not(.elementor-drop-cap-view-default) .elementor-drop-cap-letter{width:1em;height:1em}.elementor-widget-text-editor .elementor-drop-cap{float:left;text-align:center;line-height:1;font-size:50px}.elementor-widget-text-editor .elementor-drop-cap-letter{display:inline-block}<\/style>\t\t\t\t<p>Sun\u0103-ne acum la <strong><a href=\"te:+40739845018\">+40739845018<\/a><\/strong> sau trimite-ne un mesaj la <strong><a href=\"mailto:office@energystudio-agency.ro\">office@energystudio-agency.ro<\/a><\/strong><\/p><p>\u00a0<\/p><p>\u00a0<\/p>\t\t\t\t\t\t<\/div>\n\t\t\t\t<\/div>\n\t\t\t\t<div class=\"elementor-element elementor-element-ed573c2 elementor-widget elementor-widget-text-editor\" data-id=\"ed573c2\" data-element_type=\"widget\" data-widget_type=\"text-editor.default\">\n\t\t\t\t<div class=\"elementor-widget-container\">\n\t\t\t\t\t\t\t<h4>Departamente :\u00a0<\/h4>\t\t\t\t\t\t<\/div>\n\t\t\t\t<\/div>\n\t\t\t\t<div class=\"elementor-element elementor-element-0083e5b elementor-widget elementor-widget-text-editor\" data-id=\"0083e5b\" data-element_type=\"widget\" data-widget_type=\"text-editor.default\">\n\t\t\t\t<div class=\"elementor-widget-container\">\n\t\t\t\t\t\t\t<p><a href=\"#\">Contul meu<\/a><\/p><p><a href=\"#\">Urmareste comanda<\/a><\/p><p><a href=\"#\">Politica companiei<br \/><\/a><\/p><p><a href=\"#\">Optiuni de plata\u00a0<br \/><\/a><\/p><p><a href=\"#\">Carduri cadou<\/a><\/p><p><a href=\"#\">Cum comand online<\/a><\/p><p><a href=\"#\">Drept de retur<\/a><\/p><p><a href=\"#\">Termeni \u0219i condi\u021bii<\/a><\/p><p><a href=\"#\">Politica de Confiden\u021bialitate<\/a><\/p>\t\t\t\t\t\t<\/div>\n\t\t\t\t<\/div>\n\t\t\t\t\t<\/div>\n\t\t<\/div>\n\t\t\t\t<div class=\"elementor-column elementor-col-50 elementor-top-column elementor-element elementor-element-619baf4\" data-id=\"619baf4\" data-element_type=\"column\">\n\t\t\t<div class=\"elementor-widget-wrap elementor-element-populated\">\n\t\t\t\t\t\t\t\t<div class=\"elementor-element elementor-element-61f6ddf elementor-widget elementor-widget-esmee_core_accordion\" data-id=\"61f6ddf\" data-element_type=\"widget\" data-widget_type=\"esmee_core_accordion.default\">\n\t\t\t\t<div class=\"elementor-widget-container\">\n\t\t\t<div class=\"qodef-shortcode qodef-m  qodef-accordion clear qodef-behavior--accordion qodef-layout--simple qodef-accordion--dark\">\n\t<h4 class=\"qodef-accordion-title\">\n\t<span class=\"qodef-tab-title\">De ce sa m\u0103 \u00eenregistrez?<\/span>\n\t<span class=\"qodef-accordion-mark\">\n\t\t<span class=\"qodef-icon--plus\">+<\/span>\n\t\t<span class=\"qodef-icon--minus\">-<\/span>\n\t<\/span>\n<\/h4>\n<div class=\"qodef-accordion-content\">\n\t<div class=\"qodef-accordion-content-inner\">\n\t\tCalitatea de abonat i\u021bi permite accesul la o gama completa de informa\u021bii si servicii cu ajutorul c\u0103rora:\n<ul>\n \t<li>po\u021bi comanda orice produs doar printr-un singur click, f\u0103r\u0103 a mai fi necesar sa completezi mereu toate datele tale personale;<\/li>\n \t<li>po\u021bi urm\u0103ri starea comenzii tale, f\u0103r\u0103 a mai fi nevoit sa suni la Departamentul de Rela\u021bii cu Clien\u021bii din cadrul firmei noastre, economisind astfel timp si bani;<\/li>\n \t<li>po\u021bi primi informa\u021bii personalizate in func\u021bie de listele tale de lectura si de cump\u0103r\u0103turi de pe\u00a0site;<\/li>\n<\/ul>\t<\/div>\n<\/div>\n<h4 class=\"qodef-accordion-title\">\n\t<span class=\"qodef-tab-title\">Cum m\u0103 \u00eenregistrez?<\/span>\n\t<span class=\"qodef-accordion-mark\">\n\t\t<span class=\"qodef-icon--plus\">+<\/span>\n\t\t<span class=\"qodef-icon--minus\">-<\/span>\n\t<\/span>\n<\/h4>\n<div class=\"qodef-accordion-content\">\n\t<div class=\"qodef-accordion-content-inner\">\n\t\t<p>In bara din partea de sus a site-ului nostru pe butonul \u201e\u00cenregistrare\u201d si completezi c\u00e2mpurile cu numele, prenumele, adresa ta de e-mail si alege-ti o parola pentru noul cont. Apoi ape\u0219i butonul \u201e\u00cenregistrare\u201d si in scurt timp vei primi un mesaj de confirmare pe adresa de e-mail pe care ai utilizat-o la \u00eenregistrare.<\/p>\t<\/div>\n<\/div>\n<h4 class=\"qodef-accordion-title\">\n\t<span class=\"qodef-tab-title\">Ce se \u00eent\u00e2mpla cu datele mele personale?<\/span>\n\t<span class=\"qodef-accordion-mark\">\n\t\t<span class=\"qodef-icon--plus\">+<\/span>\n\t\t<span class=\"qodef-icon--minus\">-<\/span>\n\t<\/span>\n<\/h4>\n<div class=\"qodef-accordion-content\">\n\t<div class=\"qodef-accordion-content-inner\">\n\t\t<p>Conform politicii de protejare a informa\u021biilor, putem oferi ter\u021bilor anumite date generice con\u021binute in formularul de \u00eenregistrare, dar nu informa\u021biile personale de identificare, cu excep\u021bia cazurilor c\u00e2nd acest lucru este acceptat explicit de tine sau in cazul in care acest lucru este necesar pentru a respecta legea si procedurile judiciare.<\/p>\t<\/div>\n<\/div>\n<h4 class=\"qodef-accordion-title\">\n\t<span class=\"qodef-tab-title\">Cum comand?<\/span>\n\t<span class=\"qodef-accordion-mark\">\n\t\t<span class=\"qodef-icon--plus\">+<\/span>\n\t\t<span class=\"qodef-icon--minus\">-<\/span>\n\t<\/span>\n<\/h4>\n<div class=\"qodef-accordion-content\">\n\t<div class=\"qodef-accordion-content-inner\">\n\t\t<p>Prin intermediul site po\u021bi comanda online, cu plata ramburs , credit bancar sau prin card , produsele pe care le dore\u0219ti. Astfel economise\u0219ti timp si bani. Fiecare produs pe care dore\u0219ti sa-l cumperi trebuie sa fie ad\u0103ugat in co\u0219ul t\u0103u de cump\u0103r\u0103turi. In dreptul fiec\u0103rui produs exista un buton \u201eAdaug\u0103 in cos\u201d care i\u021bi va adaug\u0103 produsul selectat direct in co\u0219ul t\u0103u de cump\u0103r\u0103turi.<\/p><p>Co\u0219ul t\u0103u de cump\u0103r\u0103turi actualizat permanent va ap\u0103rea mereu in bara de meniu din partea de sus a paginii. Acolo po\u021bi:<\/p><ul><li>modifica cantitatea fiec\u0103rui produs comandat;<\/li><li>vizualiza costul produselor alese;<\/li><\/ul><p>In clipa in care dore\u0219ti sa finalizezi comanda, apas\u0103 butonul \u201eVezi cos\u201d. Acest pas te va duce \u00eentr-o fereastra in care vei completa datele personale, adresa de livrare, vei alege modalitatea de plata si de expediere a produselor. Dup\u0103 completarea tuturor acestor informa\u021bii, vei primi un e-mail de confirmare a comenzii. Odat\u0103 completate, aceste date vor r\u0103m\u00e2ne \u00eenregistrate in contul t\u0103u si nu va mai fi necesar sa le introduci din nou in cazul unei noi comenzi, dec\u00e2t daca dore\u0219ti sa le schimbi (exemplu: o alta adresa de livrare).<\/p>\t<\/div>\n<\/div>\n<h4 class=\"qodef-accordion-title\">\n\t<span class=\"qodef-tab-title\">Pot comanda si prin telefon?<\/span>\n\t<span class=\"qodef-accordion-mark\">\n\t\t<span class=\"qodef-icon--plus\">+<\/span>\n\t\t<span class=\"qodef-icon--minus\">-<\/span>\n\t<\/span>\n<\/h4>\n<div class=\"qodef-accordion-content\">\n\t<div class=\"qodef-accordion-content-inner\">\n\t\t<p>Da, se poate.<\/p>\t<\/div>\n<\/div>\n<h4 class=\"qodef-accordion-title\">\n\t<span class=\"qodef-tab-title\">Cum se procedeaz\u0103 cu comenzile?<\/span>\n\t<span class=\"qodef-accordion-mark\">\n\t\t<span class=\"qodef-icon--plus\">+<\/span>\n\t\t<span class=\"qodef-icon--minus\">-<\/span>\n\t<\/span>\n<\/h4>\n<div class=\"qodef-accordion-content\">\n\t<div class=\"qodef-accordion-content-inner\">\n\t\t<p>In general comenzile sunt preluate si procesate in cel mai scurt timp posibil, f\u0103r\u0103 a se dep\u0103\u0219i o zi lucr\u0103toare de la primirea comenzii in cazul unora dintre produse sau o perioada superioara de timp in cazul altora. Acestea sunt onorate in ordinea intr\u0103rii, in limita stocului disponibil. De\u0219i disponibilitatea fiec\u0103rui produs este verificata si actualizata zilnic, exista totu\u0219i posibilitatea comand\u0103rii unui produs care nu se mai afla in stoc. In acest caz, in momentul prelu\u0103rii comenzii, vei fi contactat telefonic sau prin e-mail pentru a confirma anularea sau livrarea par\u021biala a comenzii. In situa\u021bii speciale (perioade de v\u00e2rf, vacante etc.) pot ap\u0103rea \u00eent\u00e2rzieri in opera\u021biunile de prelucrare si livrare a comenzilor. Comenzile nu sunt procesate in weekenduri si in perioada s\u0103rb\u0103torilor legale.<\/p><p>Pot sa fac o cerere de oferta la un produs care nu existe in una dintre categoriile de pe site ?<\/p><p>Da, In caz in care sa dore\u0219te un anumit produs cu specific special si nu existe pe site (ex. Piese auto, auto accesorii , etc), sa poate face o cerere de ofert\u0103. Pute\u021bi sa ne trimi\u021bi o cerere de oferta pe produsul dorit In bara din partea de sus a site-ului nostru pe butonul \u201eCERERE DE OFERTA\u201d sau pe adresa de email\u00a0sau prin contact direct pe telefon.<\/p>\t<\/div>\n<\/div>\n<h4 class=\"qodef-accordion-title\">\n\t<span class=\"qodef-tab-title\">In ce condi\u021bii pot returna produsele?<\/span>\n\t<span class=\"qodef-accordion-mark\">\n\t\t<span class=\"qodef-icon--plus\">+<\/span>\n\t\t<span class=\"qodef-icon--minus\">-<\/span>\n\t<\/span>\n<\/h4>\n<div class=\"qodef-accordion-content\">\n\t<div class=\"qodef-accordion-content-inner\">\n\t\t<p>In orice situa\u021bie de returnare a produselor (chiar si c\u00e2nd returnarea ii este imputabila \u2013 colete deteriorate, produse gre\u0219it facturate\/gre\u0219it livrate, produse cu defecte de fabrica\u021bie), acestea trebuie sa fie in aceea\u0219i stare, in ambalajul original, cu etichetele intacte si \u00eempreuna cu toate documentele care l-au \u00eenso\u021bit (factura, certificate de garan\u021bie etc.). Produsele returnate trebuie sa fie in aceea\u0219i condi\u021bie ca la primire: f\u0103r\u0103 deterior\u0103ri, f\u0103r\u0103 defecte. Produsele ce constituie un set trebuie returnate ca set.<\/p>\t<\/div>\n<\/div>\n<\/div>\n\t\t<\/div>\n\t\t\t\t<\/div>\n\t\t\t\t\t<\/div>\n\t\t<\/div>\n\t\t\t\t\t\t\t<\/div>\n\t\t<\/section>\n\t\t\t\t\t\t\t<\/div>\n\t\t","protected":false},"excerpt":{"rendered":"<p>intreaba-ne orice \u00centreb\u0103ri frecvente Sun\u0103-ne acum la +40739845018 sau trimite-ne un mesaj la office@energystudio-agency.ro \u00a0 \u00a0 Departamente :\u00a0 Contul meu Urmareste comanda Politica companiei Optiuni de plata\u00a0 Carduri cadou Cum comand online Drept de retur Termeni \u0219i condi\u021bii Politica de Confiden\u021bialitate De ce sa m\u0103 \u00eenregistrez? + &#8211; Calitatea de abonat i\u021bi permite accesul la [&hellip;]<\/p>\n","protected":false},"author":1,"featured_media":0,"parent":0,"menu_order":0,"comment_status":"closed","ping_status":"closed","template":"page-full-width.php","meta":{"footnotes":""},"class_list":["post-3121","page","type-page","status-publish","hentry"],"yoast_head":"<!-- This site is optimized with the Yoast SEO plugin v21.6 - https:\/\/yoast.com\/wordpress\/plugins\/seo\/ -->\n<title>\u00centreb\u0103ri frecvente - energystudio demo shop<\/title>\n<meta name=\"robots\" content=\"index, follow, max-snippet:-1, max-image-preview:large, max-video-preview:-1\" \/>\n<link rel=\"canonical\" href=\"https:\/\/energystudio-agency.ro\/demo13\/faq\/\" \/>\n<meta property=\"og:locale\" content=\"ro_RO\" \/>\n<meta property=\"og:type\" content=\"article\" \/>\n<meta property=\"og:title\" content=\"\u00centreb\u0103ri frecvente - energystudio demo shop\" \/>\n<meta property=\"og:description\" content=\"intreaba-ne orice \u00centreb\u0103ri frecvente Sun\u0103-ne acum la +40739845018 sau trimite-ne un mesaj la office@energystudio-agency.ro \u00a0 \u00a0 Departamente :\u00a0 Contul meu Urmareste comanda Politica companiei Optiuni de plata\u00a0 Carduri cadou Cum comand online Drept de retur Termeni \u0219i condi\u021bii Politica de Confiden\u021bialitate De ce sa m\u0103 \u00eenregistrez? + &#8211; Calitatea de abonat i\u021bi permite accesul la [&hellip;]\" \/>\n<meta property=\"og:url\" content=\"https:\/\/energystudio-agency.ro\/demo13\/faq\/\" \/>\n<meta property=\"og:site_name\" content=\"energystudio demo shop\" \/>\n<meta property=\"article:publisher\" content=\"https:\/\/www.facebook.com\/Carddinale-106408828691151\" \/>\n<meta property=\"article:modified_time\" content=\"2022-03-29T11:01:54+00:00\" \/>\n<meta name=\"twitter:card\" content=\"summary_large_image\" \/>\n<meta name=\"twitter:label1\" content=\"Timp estimat pentru citire\" \/>\n\t<meta name=\"twitter:data1\" content=\"4 minute\" \/>\n<script type=\"application\/ld+json\" class=\"yoast-schema-graph\">{\"@context\":\"https:\/\/schema.org\",\"@graph\":[{\"@type\":\"WebPage\",\"@id\":\"https:\/\/energystudio-agency.ro\/demo13\/faq\/\",\"url\":\"https:\/\/energystudio-agency.ro\/demo13\/faq\/\",\"name\":\"\u00centreb\u0103ri frecvente - energystudio demo shop\",\"isPartOf\":{\"@id\":\"https:\/\/energystudio-agency.ro\/demo13\/#website\"},\"datePublished\":\"2021-07-26T13:57:49+00:00\",\"dateModified\":\"2022-03-29T11:01:54+00:00\",\"breadcrumb\":{\"@id\":\"https:\/\/energystudio-agency.ro\/demo13\/faq\/#breadcrumb\"},\"inLanguage\":\"ro-RO\",\"potentialAction\":[{\"@type\":\"ReadAction\",\"target\":[\"https:\/\/energystudio-agency.ro\/demo13\/faq\/\"]}]},{\"@type\":\"BreadcrumbList\",\"@id\":\"https:\/\/energystudio-agency.ro\/demo13\/faq\/#breadcrumb\",\"itemListElement\":[{\"@type\":\"ListItem\",\"position\":1,\"name\":\"Prima pagin\u0103\",\"item\":\"https:\/\/energystudio-agency.ro\/demo13\/\"},{\"@type\":\"ListItem\",\"position\":2,\"name\":\"\u00centreb\u0103ri frecvente\"}]},{\"@type\":\"WebSite\",\"@id\":\"https:\/\/energystudio-agency.ro\/demo13\/#website\",\"url\":\"https:\/\/energystudio-agency.ro\/demo13\/\",\"name\":\"energystudio demo shop\",\"description\":\"magazin online\",\"publisher\":{\"@id\":\"https:\/\/energystudio-agency.ro\/demo13\/#organization\"},\"potentialAction\":[{\"@type\":\"SearchAction\",\"target\":{\"@type\":\"EntryPoint\",\"urlTemplate\":\"https:\/\/energystudio-agency.ro\/demo13\/?s={search_term_string}\"},\"query-input\":\"required name=search_term_string\"}],\"inLanguage\":\"ro-RO\"},{\"@type\":\"Organization\",\"@id\":\"https:\/\/energystudio-agency.ro\/demo13\/#organization\",\"name\":\"Carddinale haine dama\",\"url\":\"https:\/\/energystudio-agency.ro\/demo13\/\",\"logo\":{\"@type\":\"ImageObject\",\"inLanguage\":\"ro-RO\",\"@id\":\"https:\/\/energystudio-agency.ro\/demo13\/#\/schema\/logo\/image\/\",\"url\":\"https:\/\/energystudio-agency.ro\/demo13\/wp-content\/uploads\/2022\/03\/Logo_Salon_Carddinale-1.png\",\"contentUrl\":\"https:\/\/energystudio-agency.ro\/demo13\/wp-content\/uploads\/2022\/03\/Logo_Salon_Carddinale-1.png\",\"width\":6245,\"height\":1018,\"caption\":\"Carddinale haine dama\"},\"image\":{\"@id\":\"https:\/\/energystudio-agency.ro\/demo13\/#\/schema\/logo\/image\/\"},\"sameAs\":[\"https:\/\/www.facebook.com\/Carddinale-106408828691151\"]}]}<\/script>\n<!-- \/ Yoast SEO plugin. -->","yoast_head_json":{"title":"\u00centreb\u0103ri frecvente - energystudio demo shop","robots":{"index":"index","follow":"follow","max-snippet":"max-snippet:-1","max-image-preview":"max-image-preview:large","max-video-preview":"max-video-preview:-1"},"canonical":"https:\/\/energystudio-agency.ro\/demo13\/faq\/","og_locale":"ro_RO","og_type":"article","og_title":"\u00centreb\u0103ri frecvente - energystudio demo shop","og_description":"intreaba-ne orice \u00centreb\u0103ri frecvente Sun\u0103-ne acum la +40739845018 sau trimite-ne un mesaj la office@energystudio-agency.ro \u00a0 \u00a0 Departamente :\u00a0 Contul meu Urmareste comanda Politica companiei Optiuni de plata\u00a0 Carduri cadou Cum comand online Drept de retur Termeni \u0219i condi\u021bii Politica de Confiden\u021bialitate De ce sa m\u0103 \u00eenregistrez? + &#8211; Calitatea de abonat i\u021bi permite accesul la [&hellip;]","og_url":"https:\/\/energystudio-agency.ro\/demo13\/faq\/","og_site_name":"energystudio demo shop","article_publisher":"https:\/\/www.facebook.com\/Carddinale-106408828691151","article_modified_time":"2022-03-29T11:01:54+00:00","twitter_card":"summary_large_image","twitter_misc":{"Timp estimat pentru citire":"4 minute"},"schema":{"@context":"https:\/\/schema.org","@graph":[{"@type":"WebPage","@id":"https:\/\/energystudio-agency.ro\/demo13\/faq\/","url":"https:\/\/energystudio-agency.ro\/demo13\/faq\/","name":"\u00centreb\u0103ri frecvente - energystudio demo shop","isPartOf":{"@id":"https:\/\/energystudio-agency.ro\/demo13\/#website"},"datePublished":"2021-07-26T13:57:49+00:00","dateModified":"2022-03-29T11:01:54+00:00","breadcrumb":{"@id":"https:\/\/energystudio-agency.ro\/demo13\/faq\/#breadcrumb"},"inLanguage":"ro-RO","potentialAction":[{"@type":"ReadAction","target":["https:\/\/energystudio-agency.ro\/demo13\/faq\/"]}]},{"@type":"BreadcrumbList","@id":"https:\/\/energystudio-agency.ro\/demo13\/faq\/#breadcrumb","itemListElement":[{"@type":"ListItem","position":1,"name":"Prima pagin\u0103","item":"https:\/\/energystudio-agency.ro\/demo13\/"},{"@type":"ListItem","position":2,"name":"\u00centreb\u0103ri frecvente"}]},{"@type":"WebSite","@id":"https:\/\/energystudio-agency.ro\/demo13\/#website","url":"https:\/\/energystudio-agency.ro\/demo13\/","name":"energystudio demo shop","description":"magazin online","publisher":{"@id":"https:\/\/energystudio-agency.ro\/demo13\/#organization"},"potentialAction":[{"@type":"SearchAction","target":{"@type":"EntryPoint","urlTemplate":"https:\/\/energystudio-agency.ro\/demo13\/?s={search_term_string}"},"query-input":"required name=search_term_string"}],"inLanguage":"ro-RO"},{"@type":"Organization","@id":"https:\/\/energystudio-agency.ro\/demo13\/#organization","name":"Carddinale haine dama","url":"https:\/\/energystudio-agency.ro\/demo13\/","logo":{"@type":"ImageObject","inLanguage":"ro-RO","@id":"https:\/\/energystudio-agency.ro\/demo13\/#\/schema\/logo\/image\/","url":"https:\/\/energystudio-agency.ro\/demo13\/wp-content\/uploads\/2022\/03\/Logo_Salon_Carddinale-1.png","contentUrl":"https:\/\/energystudio-agency.ro\/demo13\/wp-content\/uploads\/2022\/03\/Logo_Salon_Carddinale-1.png","width":6245,"height":1018,"caption":"Carddinale haine dama"},"image":{"@id":"https:\/\/energystudio-agency.ro\/demo13\/#\/schema\/logo\/image\/"},"sameAs":["https:\/\/www.facebook.com\/Carddinale-106408828691151"]}]}},"_links":{"self":[{"href":"https:\/\/energystudio-agency.ro\/demo13\/wp-json\/wp\/v2\/pages\/3121","targetHints":{"allow":["GET"]}}],"collection":[{"href":"https:\/\/energystudio-agency.ro\/demo13\/wp-json\/wp\/v2\/pages"}],"about":[{"href":"https:\/\/energystudio-agency.ro\/demo13\/wp-json\/wp\/v2\/types\/page"}],"author":[{"embeddable":true,"href":"https:\/\/energystudio-agency.ro\/demo13\/wp-json\/wp\/v2\/users\/1"}],"replies":[{"embeddable":true,"href":"https:\/\/energystudio-agency.ro\/demo13\/wp-json\/wp\/v2\/comments?post=3121"}],"version-history":[{"count":10,"href":"https:\/\/energystudio-agency.ro\/demo13\/wp-json\/wp\/v2\/pages\/3121\/revisions"}],"predecessor-version":[{"id":6073,"href":"https:\/\/energystudio-agency.ro\/demo13\/wp-json\/wp\/v2\/pages\/3121\/revisions\/6073"}],"wp:attachment":[{"href":"https:\/\/energystudio-agency.ro\/demo13\/wp-json\/wp\/v2\/media?parent=3121"}],"curies":[{"name":"wp","href":"https:\/\/api.w.org\/{rel}","templated":true}]}}