{"id":6704,"date":"2022-05-07T07:13:32","date_gmt":"2022-05-07T07:13:32","guid":{"rendered":"https:\/\/energystudio-agency.ro\/demo13\/?post_type=product&#038;p=6704"},"modified":"2022-06-19T11:07:46","modified_gmt":"2022-06-19T11:07:46","slug":"fusta-coconuda-si-bluza-pdk","status":"publish","type":"product","link":"https:\/\/energystudio-agency.ro\/demo13\/produs\/fusta-coconuda-si-bluza-pdk\/","title":{"rendered":"Fusta Coconuda si bluza PDK"},"content":{"rendered":"<p>Ce planuri ai pentru week-end-ul acesta?<\/p>\n<p>Daca ti-ai propus o iesire cu prietenii, am pregatit pentru tine tinuta potrivita.<br \/>\n<strong>Fusta Coconuda<\/strong> din piele naturala \u00eembrac\u0103 perfect corpul pun\u00e2nd \u00een eviden\u0163\u0103 feminitatea.<\/p>\n<p>Combina <strong>Fusta Coconuda<\/strong> cu <strong>bluza PDK<\/strong> si cu o pereche de pantofi cu toc mic pentru o tinuta eleganta sau cu o pereche de bocanci cu catarame pentru un look nonconformist.<\/p>\n<p>Aerul tineresc al tinutei compusa din <strong>fusta Coconuda cu bluza PDK,<\/strong> sustinut de o atitudine pe masura, o vor plasa printre preferatele sezonului.<\/p>\n<p>Este firesc sa te simti bine!<\/p>\n","protected":false},"excerpt":{"rendered":"<p><strong>Material \u0219i \u00eengrijire<\/strong><\/p>\n<ul>\n<li>Material fusta: 100% Piele<\/li>\n<li>Material bluza: 100% Poliester<\/li>\n<li>\u021aara de origine: Italia<\/li>\n<\/ul>\n","protected":false},"featured_media":6617,"comment_status":"open","ping_status":"closed","template":"","meta":[],"product_cat":[84],"product_tag":[],"class_list":["post-6704","product","type-product","status-publish","has-post-thumbnail","hentry","product_cat-stylish"],"yoast_head":"<!-- This site is optimized with the Yoast SEO plugin v21.6 - https:\/\/yoast.com\/wordpress\/plugins\/seo\/ -->\n<title>Fusta Coconuda si bluza PDK - energystudio demo shop<\/title>\n<meta name=\"robots\" content=\"index, follow, max-snippet:-1, max-image-preview:large, max-video-preview:-1\" \/>\n<link rel=\"canonical\" href=\"https:\/\/energystudio-agency.ro\/demo13\/produs\/fusta-coconuda-si-bluza-pdk\/\" \/>\n<meta property=\"og:locale\" content=\"ro_RO\" \/>\n<meta property=\"og:type\" content=\"article\" \/>\n<meta property=\"og:title\" content=\"Fusta Coconuda si bluza PDK - energystudio demo shop\" \/>\n<meta property=\"og:description\" content=\"Material \u0219i \u00eengrijire   Material fusta: 100% Piele  Material bluza: 100% Poliester  \u021aara de origine: Italia\" \/>\n<meta property=\"og:url\" content=\"https:\/\/energystudio-agency.ro\/demo13\/produs\/fusta-coconuda-si-bluza-pdk\/\" \/>\n<meta property=\"og:site_name\" content=\"energystudio demo shop\" \/>\n<meta property=\"article:publisher\" content=\"https:\/\/www.facebook.com\/Carddinale-106408828691151\" \/>\n<meta property=\"article:modified_time\" content=\"2022-06-19T11:07:46+00:00\" \/>\n<meta property=\"og:image\" content=\"https:\/\/energystudio-agency.ro\/demo13\/wp-content\/uploads\/2022\/05\/DSC03615-scaled.jpg\" \/>\n\t<meta property=\"og:image:width\" content=\"1707\" \/>\n\t<meta property=\"og:image:height\" content=\"2560\" \/>\n\t<meta property=\"og:image:type\" content=\"image\/jpeg\" \/>\n<meta name=\"twitter:card\" content=\"summary_large_image\" \/>\n<meta name=\"twitter:label1\" content=\"Timp estimat pentru citire\" \/>\n\t<meta name=\"twitter:data1\" content=\"1 minut\" \/>\n<script type=\"application\/ld+json\" class=\"yoast-schema-graph\">{\"@context\":\"https:\/\/schema.org\",\"@graph\":[{\"@type\":\"WebPage\",\"@id\":\"https:\/\/energystudio-agency.ro\/demo13\/produs\/fusta-coconuda-si-bluza-pdk\/\",\"url\":\"https:\/\/energystudio-agency.ro\/demo13\/produs\/fusta-coconuda-si-bluza-pdk\/\",\"name\":\"Fusta Coconuda si bluza PDK - energystudio demo shop\",\"isPartOf\":{\"@id\":\"https:\/\/energystudio-agency.ro\/demo13\/#website\"},\"datePublished\":\"2022-05-07T07:13:32+00:00\",\"dateModified\":\"2022-06-19T11:07:46+00:00\",\"breadcrumb\":{\"@id\":\"https:\/\/energystudio-agency.ro\/demo13\/produs\/fusta-coconuda-si-bluza-pdk\/#breadcrumb\"},\"inLanguage\":\"ro-RO\",\"potentialAction\":[{\"@type\":\"ReadAction\",\"target\":[\"https:\/\/energystudio-agency.ro\/demo13\/produs\/fusta-coconuda-si-bluza-pdk\/\"]}]},{\"@type\":\"BreadcrumbList\",\"@id\":\"https:\/\/energystudio-agency.ro\/demo13\/produs\/fusta-coconuda-si-bluza-pdk\/#breadcrumb\",\"itemListElement\":[{\"@type\":\"ListItem\",\"position\":1,\"name\":\"Prima pagin\u0103\",\"item\":\"https:\/\/energystudio-agency.ro\/demo13\/\"},{\"@type\":\"ListItem\",\"position\":2,\"name\":\"Magazin\",\"item\":\"https:\/\/energystudio-agency.ro\/demo13\/magazin\/\"},{\"@type\":\"ListItem\",\"position\":3,\"name\":\"Fusta Coconuda si bluza PDK\"}]},{\"@type\":\"WebSite\",\"@id\":\"https:\/\/energystudio-agency.ro\/demo13\/#website\",\"url\":\"https:\/\/energystudio-agency.ro\/demo13\/\",\"name\":\"energystudio demo shop\",\"description\":\"magazin online\",\"publisher\":{\"@id\":\"https:\/\/energystudio-agency.ro\/demo13\/#organization\"},\"potentialAction\":[{\"@type\":\"SearchAction\",\"target\":{\"@type\":\"EntryPoint\",\"urlTemplate\":\"https:\/\/energystudio-agency.ro\/demo13\/?s={search_term_string}\"},\"query-input\":\"required name=search_term_string\"}],\"inLanguage\":\"ro-RO\"},{\"@type\":\"Organization\",\"@id\":\"https:\/\/energystudio-agency.ro\/demo13\/#organization\",\"name\":\"Carddinale haine dama\",\"url\":\"https:\/\/energystudio-agency.ro\/demo13\/\",\"logo\":{\"@type\":\"ImageObject\",\"inLanguage\":\"ro-RO\",\"@id\":\"https:\/\/energystudio-agency.ro\/demo13\/#\/schema\/logo\/image\/\",\"url\":\"https:\/\/energystudio-agency.ro\/demo13\/wp-content\/uploads\/2022\/03\/Logo_Salon_Carddinale-1.png\",\"contentUrl\":\"https:\/\/energystudio-agency.ro\/demo13\/wp-content\/uploads\/2022\/03\/Logo_Salon_Carddinale-1.png\",\"width\":6245,\"height\":1018,\"caption\":\"Carddinale haine dama\"},\"image\":{\"@id\":\"https:\/\/energystudio-agency.ro\/demo13\/#\/schema\/logo\/image\/\"},\"sameAs\":[\"https:\/\/www.facebook.com\/Carddinale-106408828691151\"]}]}<\/script>\n<!-- \/ Yoast SEO plugin. -->","yoast_head_json":{"title":"Fusta Coconuda si bluza PDK - energystudio demo shop","robots":{"index":"index","follow":"follow","max-snippet":"max-snippet:-1","max-image-preview":"max-image-preview:large","max-video-preview":"max-video-preview:-1"},"canonical":"https:\/\/energystudio-agency.ro\/demo13\/produs\/fusta-coconuda-si-bluza-pdk\/","og_locale":"ro_RO","og_type":"article","og_title":"Fusta Coconuda si bluza PDK - energystudio demo shop","og_description":"Material \u0219i \u00eengrijire   Material fusta: 100% Piele  Material bluza: 100% Poliester  \u021aara de origine: Italia","og_url":"https:\/\/energystudio-agency.ro\/demo13\/produs\/fusta-coconuda-si-bluza-pdk\/","og_site_name":"energystudio demo shop","article_publisher":"https:\/\/www.facebook.com\/Carddinale-106408828691151","article_modified_time":"2022-06-19T11:07:46+00:00","og_image":[{"width":1707,"height":2560,"url":"https:\/\/energystudio-agency.ro\/demo13\/wp-content\/uploads\/2022\/05\/DSC03615-scaled.jpg","type":"image\/jpeg"}],"twitter_card":"summary_large_image","twitter_misc":{"Timp estimat pentru citire":"1 minut"},"schema":{"@context":"https:\/\/schema.org","@graph":[{"@type":"WebPage","@id":"https:\/\/energystudio-agency.ro\/demo13\/produs\/fusta-coconuda-si-bluza-pdk\/","url":"https:\/\/energystudio-agency.ro\/demo13\/produs\/fusta-coconuda-si-bluza-pdk\/","name":"Fusta Coconuda si bluza PDK - energystudio demo shop","isPartOf":{"@id":"https:\/\/energystudio-agency.ro\/demo13\/#website"},"datePublished":"2022-05-07T07:13:32+00:00","dateModified":"2022-06-19T11:07:46+00:00","breadcrumb":{"@id":"https:\/\/energystudio-agency.ro\/demo13\/produs\/fusta-coconuda-si-bluza-pdk\/#breadcrumb"},"inLanguage":"ro-RO","potentialAction":[{"@type":"ReadAction","target":["https:\/\/energystudio-agency.ro\/demo13\/produs\/fusta-coconuda-si-bluza-pdk\/"]}]},{"@type":"BreadcrumbList","@id":"https:\/\/energystudio-agency.ro\/demo13\/produs\/fusta-coconuda-si-bluza-pdk\/#breadcrumb","itemListElement":[{"@type":"ListItem","position":1,"name":"Prima pagin\u0103","item":"https:\/\/energystudio-agency.ro\/demo13\/"},{"@type":"ListItem","position":2,"name":"Magazin","item":"https:\/\/energystudio-agency.ro\/demo13\/magazin\/"},{"@type":"ListItem","position":3,"name":"Fusta Coconuda si bluza PDK"}]},{"@type":"WebSite","@id":"https:\/\/energystudio-agency.ro\/demo13\/#website","url":"https:\/\/energystudio-agency.ro\/demo13\/","name":"energystudio demo shop","description":"magazin online","publisher":{"@id":"https:\/\/energystudio-agency.ro\/demo13\/#organization"},"potentialAction":[{"@type":"SearchAction","target":{"@type":"EntryPoint","urlTemplate":"https:\/\/energystudio-agency.ro\/demo13\/?s={search_term_string}"},"query-input":"required name=search_term_string"}],"inLanguage":"ro-RO"},{"@type":"Organization","@id":"https:\/\/energystudio-agency.ro\/demo13\/#organization","name":"Carddinale haine dama","url":"https:\/\/energystudio-agency.ro\/demo13\/","logo":{"@type":"ImageObject","inLanguage":"ro-RO","@id":"https:\/\/energystudio-agency.ro\/demo13\/#\/schema\/logo\/image\/","url":"https:\/\/energystudio-agency.ro\/demo13\/wp-content\/uploads\/2022\/03\/Logo_Salon_Carddinale-1.png","contentUrl":"https:\/\/energystudio-agency.ro\/demo13\/wp-content\/uploads\/2022\/03\/Logo_Salon_Carddinale-1.png","width":6245,"height":1018,"caption":"Carddinale haine dama"},"image":{"@id":"https:\/\/energystudio-agency.ro\/demo13\/#\/schema\/logo\/image\/"},"sameAs":["https:\/\/www.facebook.com\/Carddinale-106408828691151"]}]}},"_links":{"self":[{"href":"https:\/\/energystudio-agency.ro\/demo13\/wp-json\/wp\/v2\/product\/6704","targetHints":{"allow":["GET"]}}],"collection":[{"href":"https:\/\/energystudio-agency.ro\/demo13\/wp-json\/wp\/v2\/product"}],"about":[{"href":"https:\/\/energystudio-agency.ro\/demo13\/wp-json\/wp\/v2\/types\/product"}],"replies":[{"embeddable":true,"href":"https:\/\/energystudio-agency.ro\/demo13\/wp-json\/wp\/v2\/comments?post=6704"}],"wp:featuredmedia":[{"embeddable":true,"href":"https:\/\/energystudio-agency.ro\/demo13\/wp-json\/wp\/v2\/media\/6617"}],"wp:attachment":[{"href":"https:\/\/energystudio-agency.ro\/demo13\/wp-json\/wp\/v2\/media?parent=6704"}],"wp:term":[{"taxonomy":"product_cat","embeddable":true,"href":"https:\/\/energystudio-agency.ro\/demo13\/wp-json\/wp\/v2\/product_cat?post=6704"},{"taxonomy":"product_tag","embeddable":true,"href":"https:\/\/energystudio-agency.ro\/demo13\/wp-json\/wp\/v2\/product_tag?post=6704"}],"curies":[{"name":"wp","href":"https:\/\/api.w.org\/{rel}","templated":true}]}}