{"id":1000,"date":"2017-04-06T17:32:19","date_gmt":"2017-04-06T17:32:19","guid":{"rendered":"http:\/\/demo2.transvelo.in\/techmarket\/?page_id=1000"},"modified":"2022-09-30T09:36:07","modified_gmt":"2022-09-30T09:36:07","slug":"contact","status":"publish","type":"page","link":"https:\/\/energystudio-agency.ro\/demo14\/contact\/","title":{"rendered":"Contact"},"content":{"rendered":"<section class=\"kc-elm kc-css-566529 kc_row\"><div class=\"kc-row-container  kc-container\"><div class=\"kc-wrap-columns\"><div class=\"kc-elm kc-css-159266 kc_col-sm-12 kc_column kc_col-sm-12\"><div class=\"kc-col-container\"><div id=\" \" class=\"kc-elm kc-css-997185 kc_row kc_row_inner\"><div class=\"kc-elm kc-css-180721 kc_col-sm-6 kc_column_inner kc_col-sm-6 contact-form\"><div class=\"kc_wrapper kc-col-inner-container\"><div class=\"kc-elm kc-css-249025 kc_text_block\"><\/p>\n<h2 class=\"contact-page-title\">Las\u0103-ne un mesaj<\/h2>\n<p>\n<\/div><div class=\"kc-elm kc-css-352033 kc_text_block\"><\/p>\n<div class=\"wpforms-container wpforms-container-full contact-form\" id=\"wpforms-4111\">\n<form id=\"wpforms-form-4111\" class=\"wpforms-validate wpforms-form\" data-formid=\"4111\" method=\"post\" enctype=\"multipart\/form-data\" action=\"\/demo14\/wp-json\/wp\/v2\/pages\/1000\" data-token=\"fc26defe73447378200f0e3df14ad526\"><noscript class=\"wpforms-error-noscript\">Please enable JavaScript in your browser to complete this form.<\/noscript><\/p>\n<div class=\"wpforms-field-container\">\n<div id=\"wpforms-4111-field_0-container\" class=\"wpforms-field wpforms-field-name\" data-field-id=\"0\"><label class=\"wpforms-field-label\" for=\"wpforms-4111-field_0\">Nume <span class=\"wpforms-required-label\">*<\/span><\/label><\/p>\n<div class=\"wpforms-field-row wpforms-field-large\">\n<div class=\"wpforms-field-row-block wpforms-first wpforms-one-half\"><input type=\"text\" id=\"wpforms-4111-field_0\" class=\"wpforms-field-name-first wpforms-field-required\" name=\"wpforms[fields][0][first]\" placeholder=\"Nume\" required><label for=\"wpforms-4111-field_0\" class=\"wpforms-field-sublabel after wpforms-sublabel-hide\">First<\/label><\/div>\n<div class=\"wpforms-field-row-block wpforms-one-half\"><input type=\"text\" id=\"wpforms-4111-field_0-last\" class=\"wpforms-field-name-last wpforms-field-required\" name=\"wpforms[fields][0][last]\" placeholder=\"Prenume\" required><label for=\"wpforms-4111-field_0-last\" class=\"wpforms-field-sublabel after wpforms-sublabel-hide\">Last<\/label><\/div>\n<\/div>\n<\/div>\n<div id=\"wpforms-4111-field_3-container\" class=\"wpforms-field wpforms-field-text\" data-field-id=\"3\"><label class=\"wpforms-field-label\" for=\"wpforms-4111-field_3\">Subiect<\/label><input type=\"text\" id=\"wpforms-4111-field_3\" class=\"wpforms-field-large\" name=\"wpforms[fields][3]\" ><\/div>\n<div id=\"wpforms-4111-field_4-container\" class=\"wpforms-field wpforms-field-textarea\" data-field-id=\"4\"><label class=\"wpforms-field-label\" for=\"wpforms-4111-field_4\">Mesajul tau<\/label><textarea id=\"wpforms-4111-field_4\" class=\"wpforms-field-large\" name=\"wpforms[fields][4]\" ><\/textarea><\/div>\n<\/div>\n<p><!-- .wpforms-field-container --><\/p>\n<div class=\"wpforms-field wpforms-field-hp\"><label for=\"wpforms-4111-field-hp\" class=\"wpforms-field-label\">Comment<\/label><input type=\"text\" name=\"wpforms[hp]\" id=\"wpforms-4111-field-hp\" class=\"wpforms-field-medium\"><\/div>\n<div class=\"wpforms-submit-container\" ><input type=\"hidden\" name=\"wpforms[id]\" value=\"4111\"><input type=\"hidden\" name=\"wpforms[author]\" value=\"1\"><button type=\"submit\" name=\"wpforms[submit]\" id=\"wpforms-submit-4111\" class=\"wpforms-submit\" data-alt-text=\"Sending...\" data-submit-text=\"Trimite mesaj\" aria-live=\"assertive\" value=\"wpforms-submit\">Trimite mesaj<\/button><\/div>\n<\/form>\n<\/div>\n<p>  <!-- .wpforms-container --><\/p>\n<p>\n<\/div><\/div><\/div><div class=\"kc-elm kc-css-618781 kc_col-sm-6 kc_column_inner kc_col-sm-6 store-info store-info-v2\"><div class=\"kc_wrapper kc-col-inner-container\"><div class=\"kc-elm kc-css-605257 kc_google_maps kc_shortcode\"><div style=\"height: 288pxpx\" class=\"kc-google-maps\"><iframe src=\"https:\/\/www.google.com\/maps\/embed?pb=!1m18!1m12!1m3!1d45192.99629011934!2d25.974873097449247!3d44.932236562981046!2m3!1f0!2f0!3f0!3m2!1i1024!2i768!4f13.1!3m3!1m2!1s0x40b249f6a8d6eff7%3A0xb3fe6965e659119!2zUGxvaWXImXRp!5e0!3m2!1sro!2sro!4v1627288400820!5m2!1sro!2sro\" width=\"100%\" height=\"288\" style=\"border:0;\" allowfullscreen=\"\" loading=\"lazy\"><\/iframe><\/div><\/div><div class=\"kc-elm kc-css-841304 kc_text_block\"><\/p>\n<h2 class=\"contact-page-title\">All-Shop<\/h2>\n<p>Ploiest, Romania<br \/>Telefon Comenzi +40 762 663 442<br \/>Email: comenzi@energystudio-agency.ro<\/p>\n<h3>Program<\/h3>\n<p class=\"operation-hours\">Luni-Vineri: 9am-9pm<br \/>Sambata: 9am-11pm<\/p>\n<h3>Cariera<\/h3>\n<p>Dac\u0103 sunte\u021bi interesat de oportunit\u0103\u021bile de angajare la Electro, v\u0103 rug\u0103m s\u0103 ne trimite\u021bi un e-mail: contact@energystudio-agency.ro<\/p>\n<p>\n<\/div><\/div><\/div><\/div><\/div><\/div><\/div><\/div><\/section>\n","protected":false},"excerpt":{"rendered":"","protected":false},"author":1,"featured_media":0,"parent":0,"menu_order":0,"comment_status":"closed","ping_status":"closed","template":"","meta":{"footnotes":""},"class_list":["post-1000","page","type-page","status-publish","hentry"],"_links":{"self":[{"href":"https:\/\/energystudio-agency.ro\/demo14\/wp-json\/wp\/v2\/pages\/1000","targetHints":{"allow":["GET"]}}],"collection":[{"href":"https:\/\/energystudio-agency.ro\/demo14\/wp-json\/wp\/v2\/pages"}],"about":[{"href":"https:\/\/energystudio-agency.ro\/demo14\/wp-json\/wp\/v2\/types\/page"}],"author":[{"embeddable":true,"href":"https:\/\/energystudio-agency.ro\/demo14\/wp-json\/wp\/v2\/users\/1"}],"replies":[{"embeddable":true,"href":"https:\/\/energystudio-agency.ro\/demo14\/wp-json\/wp\/v2\/comments?post=1000"}],"version-history":[{"count":3,"href":"https:\/\/energystudio-agency.ro\/demo14\/wp-json\/wp\/v2\/pages\/1000\/revisions"}],"predecessor-version":[{"id":4199,"href":"https:\/\/energystudio-agency.ro\/demo14\/wp-json\/wp\/v2\/pages\/1000\/revisions\/4199"}],"wp:attachment":[{"href":"https:\/\/energystudio-agency.ro\/demo14\/wp-json\/wp\/v2\/media?parent=1000"}],"curies":[{"name":"wp","href":"https:\/\/api.w.org\/{rel}","templated":true}]}}