{"id":15996,"date":"2022-12-13T20:59:19","date_gmt":"2022-12-13T20:59:19","guid":{"rendered":"https:\/\/energystudio-agency.ro\/demo15\/?post_type=product&#038;p=15996"},"modified":"2022-12-13T21:14:54","modified_gmt":"2022-12-13T21:14:54","slug":"set-tastatura-si-mouse-de-precizie-wireless","status":"publish","type":"product","link":"https:\/\/energystudio-agency.ro\/demo15\/shop\/pc-periferice-software\/accesorii-pc\/set-tastatura-si-mouse-de-precizie-wireless\/","title":{"rendered":"Set tastatur\u0103 \u0219i mouse de precizie wireless"},"content":{"rendered":"<h3 id=\"tw-target-text\" class=\"tw-data-text tw-text-large tw-ta\" dir=\"ltr\" style=\"text-align: center;\" data-placeholder=\"Translation\"><span class=\"Y2IQFc\" lang=\"ro\">Pute\u021bi lucra confortabil departe de computer sau laptop. Wireless 2,4 GHz ofer\u0103 o conexiune puternic\u0103 \u0219i fiabil\u0103 p\u00e2n\u0103 la 10 metri distan\u021b\u0103. Cu receptor USB plug and play. Doar conecta\u021bi-l la un port USB \u0219i sunte\u021bi gata de plecare. Tastele \u0219i mouse-ul silentios v\u0103 permit s\u0103 v\u0103 bucura\u021bi de tastarea lin\u0103, \u00een timp ce forma curbat\u0103 reduce oboseala m\u00e2inilor. Eficient \u0219i confortabil!<\/span><\/h3>\n","protected":false},"excerpt":{"rendered":"<p>Pute\u021bi lucra confortabil departe de computer sau laptop. Wireless 2,4 GHz ofer\u0103 o conexiune puternic\u0103 \u0219i fiabil\u0103 p\u00e2n\u0103 la 10 metri distan\u021b\u0103. Cu receptor USB plug and play. Doar conecta\u021bi-l la un port USB \u0219i sunte\u021bi gata de plecare. Tastele \u0219i mouse-ul silentios v\u0103 permit&#8230;<\/p>\n","protected":false},"featured_media":16107,"comment_status":"open","ping_status":"closed","template":"","meta":[],"etheme_brands":[],"product_cat":[663],"product_tag":[],"class_list":{"0":"post-15996","1":"product","2":"type-product","3":"status-publish","4":"has-post-thumbnail","6":"product_cat-accesorii-pc","8":"first","9":"instock","10":"sale","11":"shipping-taxable","12":"purchasable","13":"product-type-simple"},"_links":{"self":[{"href":"https:\/\/energystudio-agency.ro\/demo15\/wp-json\/wp\/v2\/product\/15996","targetHints":{"allow":["GET"]}}],"collection":[{"href":"https:\/\/energystudio-agency.ro\/demo15\/wp-json\/wp\/v2\/product"}],"about":[{"href":"https:\/\/energystudio-agency.ro\/demo15\/wp-json\/wp\/v2\/types\/product"}],"replies":[{"embeddable":true,"href":"https:\/\/energystudio-agency.ro\/demo15\/wp-json\/wp\/v2\/comments?post=15996"}],"version-history":[{"count":1,"href":"https:\/\/energystudio-agency.ro\/demo15\/wp-json\/wp\/v2\/product\/15996\/revisions"}],"predecessor-version":[{"id":16109,"href":"https:\/\/energystudio-agency.ro\/demo15\/wp-json\/wp\/v2\/product\/15996\/revisions\/16109"}],"wp:featuredmedia":[{"embeddable":true,"href":"https:\/\/energystudio-agency.ro\/demo15\/wp-json\/wp\/v2\/media\/16107"}],"wp:attachment":[{"href":"https:\/\/energystudio-agency.ro\/demo15\/wp-json\/wp\/v2\/media?parent=15996"}],"wp:term":[{"taxonomy":"brand","embeddable":true,"href":"https:\/\/energystudio-agency.ro\/demo15\/wp-json\/wp\/v2\/etheme_brands?post=15996"},{"taxonomy":"product_cat","embeddable":true,"href":"https:\/\/energystudio-agency.ro\/demo15\/wp-json\/wp\/v2\/product_cat?post=15996"},{"taxonomy":"product_tag","embeddable":true,"href":"https:\/\/energystudio-agency.ro\/demo15\/wp-json\/wp\/v2\/product_tag?post=15996"}],"curies":[{"name":"wp","href":"https:\/\/api.w.org\/{rel}","templated":true}]}}