{"id":16363,"date":"2022-12-13T21:01:14","date_gmt":"2022-12-13T21:01:14","guid":{"rendered":"https:\/\/energystudio-agency.ro\/demo15\/?post_type=product&#038;p=16363"},"modified":"2022-12-13T21:14:50","modified_gmt":"2022-12-13T21:14:50","slug":"tocator-manuala-dispozitiv-de-taiat-ceapa-usturoi-legume","status":"publish","type":"product","link":"https:\/\/energystudio-agency.ro\/demo15\/shop\/casa-si-gradina\/accesorii-casa\/tocator-manuala-dispozitiv-de-taiat-ceapa-usturoi-legume\/","title":{"rendered":"Tocator manuala ,dispozitiv de t\u0103iat ceap\u0103, usturoi, legume"},"content":{"rendered":"<ul>\n<li>Tocatorul de alimente dispune de un filator de taiere si 3 lame ultra-ascutite din otel inoxidabil pentru tocare\/tocare rapida si uniforma.<\/li>\n<li>cordonul de fixare u\u0219oar\u0103 t\u0103ierea rapid\u0103 a alimentelor, av\u00e2nd o baz\u0103 anti-alunecare \u0219i un corp transparent.<\/li>\n<li>fabricat din material plastic de \u00eenalt\u0103 calitate, ecologic, \u00een conformitate cu standardele de siguran\u021b\u0103 alimentar\u0103, sigur \u0219i fiabil.<\/li>\n<li>excelent pentru tocat legumele\/salate de fructe, tocat varietatea bebelu\u0219ilor, tocat ierburi, legume, pesto \u0219i multe altele.<\/li>\n<li>poate fi folosit ca tocator de legume, tocator de salate, tocator de ceapa, tocator de usturoi etc.<\/li>\n<li>sigur \u0219i convenabil de utilizat, f\u0103c\u00e2nd prepararea legumelor distractiv \u0219i u\u0219or \u0219i u\u0219or de cur\u0103\u021bat dup\u0103 utilizare.<\/li>\n<\/ul>\n","protected":false},"excerpt":{"rendered":"<p>Tocatorul de alimente dispune de un filator de taiere si 3 lame ultra-ascutite din otel inoxidabil pentru tocare\/tocare rapida si uniforma. cordonul de fixare u\u0219oar\u0103 t\u0103ierea rapid\u0103 a alimentelor, av\u00e2nd o baz\u0103 anti-alunecare \u0219i un corp transparent. fabricat din material plastic de \u00eenalt\u0103 calitate, ecologic,&#8230;<\/p>\n","protected":false},"featured_media":16482,"comment_status":"open","ping_status":"closed","template":"","meta":[],"etheme_brands":[],"product_cat":[651,667],"product_tag":[],"class_list":{"0":"post-16363","1":"product","2":"type-product","3":"status-publish","4":"has-post-thumbnail","6":"product_cat-casa-si-gradina","7":"product_cat-accesorii-casa","9":"first","10":"instock","11":"shipping-taxable","12":"purchasable","13":"product-type-simple"},"_links":{"self":[{"href":"https:\/\/energystudio-agency.ro\/demo15\/wp-json\/wp\/v2\/product\/16363","targetHints":{"allow":["GET"]}}],"collection":[{"href":"https:\/\/energystudio-agency.ro\/demo15\/wp-json\/wp\/v2\/product"}],"about":[{"href":"https:\/\/energystudio-agency.ro\/demo15\/wp-json\/wp\/v2\/types\/product"}],"replies":[{"embeddable":true,"href":"https:\/\/energystudio-agency.ro\/demo15\/wp-json\/wp\/v2\/comments?post=16363"}],"version-history":[{"count":1,"href":"https:\/\/energystudio-agency.ro\/demo15\/wp-json\/wp\/v2\/product\/16363\/revisions"}],"predecessor-version":[{"id":16487,"href":"https:\/\/energystudio-agency.ro\/demo15\/wp-json\/wp\/v2\/product\/16363\/revisions\/16487"}],"wp:featuredmedia":[{"embeddable":true,"href":"https:\/\/energystudio-agency.ro\/demo15\/wp-json\/wp\/v2\/media\/16482"}],"wp:attachment":[{"href":"https:\/\/energystudio-agency.ro\/demo15\/wp-json\/wp\/v2\/media?parent=16363"}],"wp:term":[{"taxonomy":"brand","embeddable":true,"href":"https:\/\/energystudio-agency.ro\/demo15\/wp-json\/wp\/v2\/etheme_brands?post=16363"},{"taxonomy":"product_cat","embeddable":true,"href":"https:\/\/energystudio-agency.ro\/demo15\/wp-json\/wp\/v2\/product_cat?post=16363"},{"taxonomy":"product_tag","embeddable":true,"href":"https:\/\/energystudio-agency.ro\/demo15\/wp-json\/wp\/v2\/product_tag?post=16363"}],"curies":[{"name":"wp","href":"https:\/\/api.w.org\/{rel}","templated":true}]}}