{"id":16512,"date":"2022-12-13T21:02:02","date_gmt":"2022-12-13T21:02:02","guid":{"rendered":"https:\/\/energystudio-agency.ro\/demo15\/?post_type=product&#038;p=16512"},"modified":"2022-12-13T21:14:48","modified_gmt":"2022-12-13T21:14:48","slug":"mop-portabil-cu-pulverizare-rotatie-360-material-microfirba-pentru-toate-suprafetele","status":"publish","type":"product","link":"https:\/\/energystudio-agency.ro\/demo15\/shop\/casa-si-gradina\/accesorii-casa\/mop-portabil-cu-pulverizare-rotatie-360-material-microfirba-pentru-toate-suprafetele\/","title":{"rendered":"Mop portabil cu pulverizare, rotatie 360\u00b0, material microfirba, pentru toate suprafetele"},"content":{"rendered":"<p>Spray mop cu cap de 360 \u200b\u200b\u00b0 \u0219i suprafa\u021b\u0103 din microfibr\u0103 pentru cur\u0103\u021barea u\u0219oar\u0103 a tuturor podelelor, de exemplu\u00a0<em class=\"hcV4Re nkGKTb\">laminat<\/em>\u00a0, gresie, lemn, marmur\u0103 \u0219i ferestre.\u00a0Contine un recipient de 350ml pentru lichidul de curatare cu care poti curata pana la 100mp.<\/p>\n<p><strong>Caracteristici:<\/strong><\/p>\n<ul>\n<li>Material: plastic ABS + aluminiu + microni<\/li>\n<li>Lungime m\u00e2ner: aproximativ 124 cm<\/li>\n<li>Dimensiunea suprafetei microfibra: aproximativ 40 x 13,5 cm<\/li>\n<li>Dimensiune recipient: 350 ml<\/li>\n<li>Culoare alb\u0103<\/li>\n<\/ul>\n<p><strong>Con\u021binutul pachetului:<\/strong><\/p>\n<ul>\n<li><span data-spm-anchor-id=\"a2g0o.detail.1000023.i9.ee047834DZw2UT\">1 x Mop cu pulverizare 360\u00b0<\/span><\/li>\n<li>1 x prosop din microfibr\u0103<\/li>\n<\/ul>\n","protected":false},"excerpt":{"rendered":"<p>Spray mop cu cap de 360 \u200b\u200b\u00b0 \u0219i suprafa\u021b\u0103 din microfibr\u0103 pentru cur\u0103\u021barea u\u0219oar\u0103 a tuturor podelelor, de exemplu\u00a0laminat\u00a0, gresie, lemn, marmur\u0103 \u0219i ferestre.\u00a0Contine un recipient de 350ml pentru lichidul de curatare cu care poti curata pana la 100mp. Caracteristici: Material: plastic ABS + aluminiu&#8230;<\/p>\n","protected":false},"featured_media":16605,"comment_status":"open","ping_status":"closed","template":"","meta":[],"etheme_brands":[],"product_cat":[651,667],"product_tag":[],"class_list":{"0":"post-16512","1":"product","2":"type-product","3":"status-publish","4":"has-post-thumbnail","6":"product_cat-casa-si-gradina","7":"product_cat-accesorii-casa","9":"first","10":"instock","11":"sale","12":"shipping-taxable","13":"purchasable","14":"product-type-simple"},"_links":{"self":[{"href":"https:\/\/energystudio-agency.ro\/demo15\/wp-json\/wp\/v2\/product\/16512","targetHints":{"allow":["GET"]}}],"collection":[{"href":"https:\/\/energystudio-agency.ro\/demo15\/wp-json\/wp\/v2\/product"}],"about":[{"href":"https:\/\/energystudio-agency.ro\/demo15\/wp-json\/wp\/v2\/types\/product"}],"replies":[{"embeddable":true,"href":"https:\/\/energystudio-agency.ro\/demo15\/wp-json\/wp\/v2\/comments?post=16512"}],"version-history":[{"count":1,"href":"https:\/\/energystudio-agency.ro\/demo15\/wp-json\/wp\/v2\/product\/16512\/revisions"}],"predecessor-version":[{"id":16611,"href":"https:\/\/energystudio-agency.ro\/demo15\/wp-json\/wp\/v2\/product\/16512\/revisions\/16611"}],"wp:featuredmedia":[{"embeddable":true,"href":"https:\/\/energystudio-agency.ro\/demo15\/wp-json\/wp\/v2\/media\/16605"}],"wp:attachment":[{"href":"https:\/\/energystudio-agency.ro\/demo15\/wp-json\/wp\/v2\/media?parent=16512"}],"wp:term":[{"taxonomy":"brand","embeddable":true,"href":"https:\/\/energystudio-agency.ro\/demo15\/wp-json\/wp\/v2\/etheme_brands?post=16512"},{"taxonomy":"product_cat","embeddable":true,"href":"https:\/\/energystudio-agency.ro\/demo15\/wp-json\/wp\/v2\/product_cat?post=16512"},{"taxonomy":"product_tag","embeddable":true,"href":"https:\/\/energystudio-agency.ro\/demo15\/wp-json\/wp\/v2\/product_tag?post=16512"}],"curies":[{"name":"wp","href":"https:\/\/api.w.org\/{rel}","templated":true}]}}