{"id":16584,"date":"2022-12-13T21:02:25","date_gmt":"2022-12-13T21:02:25","guid":{"rendered":"https:\/\/energystudio-agency.ro\/demo15\/?post_type=product&#038;p=16584"},"modified":"2022-12-13T21:14:47","modified_gmt":"2022-12-13T21:14:47","slug":"card-de-memorie-micro-sd-card-4-gb","status":"publish","type":"product","link":"https:\/\/energystudio-agency.ro\/demo15\/shop\/laptop-tablete-telefoane\/telefoane-accesorii\/adaptoare-si-cabluri-telefon\/card-de-memorie-micro-sd-card-4-gb\/","title":{"rendered":"Card de Memorie Micro SD Card 4 gb"},"content":{"rendered":"<h4 id=\"tw-target-text\" class=\"tw-data-text tw-text-large tw-ta\" dir=\"ltr\" style=\"text-align: center;\" data-placeholder=\"Translation\"><span class=\"Y2IQFc\" lang=\"ro\">Dac\u0103 dori\u021bi s\u0103 v\u0103 accelera\u021bi via\u021ba digital\u0103 mobil\u0103, nu c\u0103uta\u021bi mai departe, cardul Micro SD Andowl de 4 GB este \u00eenso\u021bitorul ideal pentru telefoanele multimedia, deoarece se conecteaz\u0103 chiar \u00een interiorul telefonului, oferind o extindere imediat\u0103 a memoriei necesare pentru a transporta mai mult\u0103 muzic\u0103, videoclipuri, fotografii, jocuri \u0219i aplica\u021bii software mobile din ultima genera\u021bie de telefoane. <\/span><\/h4>\n<h4 class=\"tw-data-text tw-text-large tw-ta\" dir=\"ltr\" style=\"text-align: center;\" data-placeholder=\"Translation\"><span class=\"Y2IQFc\" lang=\"ro\"> Caracteristici: Capacitatea mare de stocare de\u021bine datele dumneavoastr\u0103 cele mai pre\u021bioase<\/span><\/h4>\n<h4 class=\"tw-data-text tw-text-large tw-ta\" dir=\"ltr\" style=\"text-align: center;\" data-placeholder=\"Translation\"><span class=\"Y2IQFc\" lang=\"ro\">Vitez\u0103 \u0219i performan\u021b\u0103 f\u0103r\u0103 \u00eentreruperi cu dispozitivele compatibile cu MicroSDHC<\/span><\/h4>\n<h4 class=\"tw-data-text tw-text-large tw-ta\" dir=\"ltr\" style=\"text-align: center;\" data-placeholder=\"Translation\"><span class=\"Y2IQFc\" lang=\"ro\">Construit s\u0103 reziste Testat pentru a respecta standardele FCC pentru uz casnic \u0219i birou <\/span><\/h4>\n","protected":false},"excerpt":{"rendered":"<p>Dac\u0103 dori\u021bi s\u0103 v\u0103 accelera\u021bi via\u021ba digital\u0103 mobil\u0103, nu c\u0103uta\u021bi mai departe, cardul Micro SD Andowl de 4 GB este \u00eenso\u021bitorul ideal pentru telefoanele multimedia, deoarece se conecteaz\u0103 chiar \u00een interiorul telefonului, oferind o extindere imediat\u0103 a memoriei necesare pentru a transporta mai mult\u0103 muzic\u0103,&#8230;<\/p>\n","protected":false},"featured_media":16675,"comment_status":"open","ping_status":"closed","template":"","meta":[],"etheme_brands":[],"product_cat":[666],"product_tag":[],"class_list":{"0":"post-16584","1":"product","2":"type-product","3":"status-publish","4":"has-post-thumbnail","6":"product_cat-adaptoare-si-cabluri-telefon","8":"first","9":"instock","10":"sale","11":"shipping-taxable","12":"purchasable","13":"product-type-simple"},"_links":{"self":[{"href":"https:\/\/energystudio-agency.ro\/demo15\/wp-json\/wp\/v2\/product\/16584","targetHints":{"allow":["GET"]}}],"collection":[{"href":"https:\/\/energystudio-agency.ro\/demo15\/wp-json\/wp\/v2\/product"}],"about":[{"href":"https:\/\/energystudio-agency.ro\/demo15\/wp-json\/wp\/v2\/types\/product"}],"replies":[{"embeddable":true,"href":"https:\/\/energystudio-agency.ro\/demo15\/wp-json\/wp\/v2\/comments?post=16584"}],"version-history":[{"count":1,"href":"https:\/\/energystudio-agency.ro\/demo15\/wp-json\/wp\/v2\/product\/16584\/revisions"}],"predecessor-version":[{"id":16676,"href":"https:\/\/energystudio-agency.ro\/demo15\/wp-json\/wp\/v2\/product\/16584\/revisions\/16676"}],"wp:featuredmedia":[{"embeddable":true,"href":"https:\/\/energystudio-agency.ro\/demo15\/wp-json\/wp\/v2\/media\/16675"}],"wp:attachment":[{"href":"https:\/\/energystudio-agency.ro\/demo15\/wp-json\/wp\/v2\/media?parent=16584"}],"wp:term":[{"taxonomy":"brand","embeddable":true,"href":"https:\/\/energystudio-agency.ro\/demo15\/wp-json\/wp\/v2\/etheme_brands?post=16584"},{"taxonomy":"product_cat","embeddable":true,"href":"https:\/\/energystudio-agency.ro\/demo15\/wp-json\/wp\/v2\/product_cat?post=16584"},{"taxonomy":"product_tag","embeddable":true,"href":"https:\/\/energystudio-agency.ro\/demo15\/wp-json\/wp\/v2\/product_tag?post=16584"}],"curies":[{"name":"wp","href":"https:\/\/api.w.org\/{rel}","templated":true}]}}