{"id":16792,"date":"2022-12-13T21:03:33","date_gmt":"2022-12-13T21:03:33","guid":{"rendered":"https:\/\/energystudio-agency.ro\/demo15\/?post_type=product&#038;p=16792"},"modified":"2022-12-13T21:14:10","modified_gmt":"2022-12-13T21:14:10","slug":"mouse-pad-cu-incarcare-wireless-de-10w","status":"publish","type":"product","link":"https:\/\/energystudio-agency.ro\/demo15\/shop\/pc-periferice-software\/accesorii-pc\/mouse-pad-cu-incarcare-wireless-de-10w\/","title":{"rendered":"Mouse pad cu incarcare wireless de 10W"},"content":{"rendered":"<p><strong><span lang=\"ro\" xml:lang=\"ro\">Un mouse pad simplu de la Andowl, potrivit pentru orice tip de mouse. Este recomandat s\u0103-l folosi\u021bi dac\u0103 suprafa\u021ba biroului nu permite mouse-ului s\u0103 func\u021bioneze corect sau dac\u0103 se murd\u0103re\u0219te u\u0219or. Ofer\u0103 \u00eenc\u0103rcare wireless pe telefonul t\u0103u mobil, c\u0103\u0219ti wireless, smartwatch sau orice alt accesoriu care te \u00eencarc\u0103 wireless. Doar atinge\u021bi-l pe partea dreapt\u0103 a mouse pad-ului.<\/span><\/strong><\/p>\n","protected":false},"excerpt":{"rendered":"<p>Un mouse pad simplu de la Andowl, potrivit pentru orice tip de mouse. Este recomandat s\u0103-l folosi\u021bi dac\u0103 suprafa\u021ba biroului nu permite mouse-ului s\u0103 func\u021bioneze corect sau dac\u0103 se murd\u0103re\u0219te u\u0219or. Ofer\u0103 \u00eenc\u0103rcare wireless pe telefonul t\u0103u mobil, c\u0103\u0219ti wireless, smartwatch sau orice alt accesoriu&#8230;<\/p>\n","protected":false},"featured_media":16862,"comment_status":"open","ping_status":"closed","template":"","meta":[],"etheme_brands":[],"product_cat":[663],"product_tag":[],"class_list":{"0":"post-16792","1":"product","2":"type-product","3":"status-publish","4":"has-post-thumbnail","6":"product_cat-accesorii-pc","8":"first","9":"instock","10":"shipping-taxable","11":"purchasable","12":"product-type-simple"},"_links":{"self":[{"href":"https:\/\/energystudio-agency.ro\/demo15\/wp-json\/wp\/v2\/product\/16792","targetHints":{"allow":["GET"]}}],"collection":[{"href":"https:\/\/energystudio-agency.ro\/demo15\/wp-json\/wp\/v2\/product"}],"about":[{"href":"https:\/\/energystudio-agency.ro\/demo15\/wp-json\/wp\/v2\/types\/product"}],"replies":[{"embeddable":true,"href":"https:\/\/energystudio-agency.ro\/demo15\/wp-json\/wp\/v2\/comments?post=16792"}],"version-history":[{"count":1,"href":"https:\/\/energystudio-agency.ro\/demo15\/wp-json\/wp\/v2\/product\/16792\/revisions"}],"predecessor-version":[{"id":16866,"href":"https:\/\/energystudio-agency.ro\/demo15\/wp-json\/wp\/v2\/product\/16792\/revisions\/16866"}],"wp:featuredmedia":[{"embeddable":true,"href":"https:\/\/energystudio-agency.ro\/demo15\/wp-json\/wp\/v2\/media\/16862"}],"wp:attachment":[{"href":"https:\/\/energystudio-agency.ro\/demo15\/wp-json\/wp\/v2\/media?parent=16792"}],"wp:term":[{"taxonomy":"brand","embeddable":true,"href":"https:\/\/energystudio-agency.ro\/demo15\/wp-json\/wp\/v2\/etheme_brands?post=16792"},{"taxonomy":"product_cat","embeddable":true,"href":"https:\/\/energystudio-agency.ro\/demo15\/wp-json\/wp\/v2\/product_cat?post=16792"},{"taxonomy":"product_tag","embeddable":true,"href":"https:\/\/energystudio-agency.ro\/demo15\/wp-json\/wp\/v2\/product_tag?post=16792"}],"curies":[{"name":"wp","href":"https:\/\/api.w.org\/{rel}","templated":true}]}}