{"id":17301,"date":"2022-12-13T21:06:16","date_gmt":"2022-12-13T21:06:16","guid":{"rendered":"https:\/\/energystudio-agency.ro\/demo15\/?post_type=product&#038;p=17301"},"modified":"2022-12-13T21:14:02","modified_gmt":"2022-12-13T21:14:02","slug":"adaptor-andowl-tip-c-la-hdmi-cu-mai-multe-porturi","status":"publish","type":"product","link":"https:\/\/energystudio-agency.ro\/demo15\/shop\/laptop-tablete-telefoane\/telefoane-accesorii\/adaptoare-si-cabluri-telefon\/adaptor-andowl-tip-c-la-hdmi-cu-mai-multe-porturi\/","title":{"rendered":"Adaptor Andowl tip C la HDMI cu mai multe porturi"},"content":{"rendered":"<p>Pentru a transfera o imagine prin ie\u0219irea HDMI, este necesar\u0103 posibilitatea de a transfera o imagine prin tip-c la HDMI de la mediul care trebuie conectat<\/p>\n<p>Compatibil cu Samsung DEX<\/p>\n<p>Determinare:<\/p>\n<p>Marca: ANDOWL<br \/>\nInterfa\u021b\u0103: 1 * USB3.0 1 * HDMI 1 * Type-C<br \/>\nLungime: 150mm<br \/>\nDimensiune: 52 x 60.2 x 11.6mm<br \/>\nGreutatea produsului: 4 3.04g<br \/>\nCuloare: Argintiu<br \/>\nChip: FL5002<br \/>\nSuport OS: Windows XP \/ 7\/8 \/ 8.1 \/ 10 de mai sus pentru Mac OSX 10.6 \/ 10.7 \/ 10.8 \/ 10.9 de mai sus<br \/>\nIntrare: USB 3.1, Certificare Type-C Gen1<br \/>\n: CE \/ FCC \/ Rohs<br \/>\nCARACTERISTICI:<br \/>\n1. Suport\u0103 ie\u0219ire video 4K HDMI.<br \/>\n2. Rata de transmisie poate ajunge la 5 Gbps.<br \/>\n3. \u00cenc\u0103rcare rapid\u0103 PD2.0 pentru laptop \u0219i suport pentru transferul de date.<br \/>\nPachet inclus:<\/p>\n<p>1 * Hub USB Onechoice<\/p>\n","protected":false},"excerpt":{"rendered":"<p>Pentru a transfera o imagine prin ie\u0219irea HDMI, este necesar\u0103 posibilitatea de a transfera o imagine prin tip-c la HDMI de la mediul care trebuie conectat Compatibil cu Samsung DEX Determinare: Marca: ANDOWL Interfa\u021b\u0103: 1 * USB3.0 1 * HDMI 1 * Type-C Lungime: 150mm&#8230;<\/p>\n","protected":false},"featured_media":17417,"comment_status":"open","ping_status":"closed","template":"","meta":[],"etheme_brands":[],"product_cat":[655,666],"product_tag":[],"class_list":{"0":"post-17301","1":"product","2":"type-product","3":"status-publish","4":"has-post-thumbnail","6":"product_cat-telefoane-accesorii","7":"product_cat-adaptoare-si-cabluri-telefon","9":"first","10":"instock","11":"shipping-taxable","12":"purchasable","13":"product-type-simple"},"_links":{"self":[{"href":"https:\/\/energystudio-agency.ro\/demo15\/wp-json\/wp\/v2\/product\/17301","targetHints":{"allow":["GET"]}}],"collection":[{"href":"https:\/\/energystudio-agency.ro\/demo15\/wp-json\/wp\/v2\/product"}],"about":[{"href":"https:\/\/energystudio-agency.ro\/demo15\/wp-json\/wp\/v2\/types\/product"}],"replies":[{"embeddable":true,"href":"https:\/\/energystudio-agency.ro\/demo15\/wp-json\/wp\/v2\/comments?post=17301"}],"version-history":[{"count":1,"href":"https:\/\/energystudio-agency.ro\/demo15\/wp-json\/wp\/v2\/product\/17301\/revisions"}],"predecessor-version":[{"id":17421,"href":"https:\/\/energystudio-agency.ro\/demo15\/wp-json\/wp\/v2\/product\/17301\/revisions\/17421"}],"wp:featuredmedia":[{"embeddable":true,"href":"https:\/\/energystudio-agency.ro\/demo15\/wp-json\/wp\/v2\/media\/17417"}],"wp:attachment":[{"href":"https:\/\/energystudio-agency.ro\/demo15\/wp-json\/wp\/v2\/media?parent=17301"}],"wp:term":[{"taxonomy":"brand","embeddable":true,"href":"https:\/\/energystudio-agency.ro\/demo15\/wp-json\/wp\/v2\/etheme_brands?post=17301"},{"taxonomy":"product_cat","embeddable":true,"href":"https:\/\/energystudio-agency.ro\/demo15\/wp-json\/wp\/v2\/product_cat?post=17301"},{"taxonomy":"product_tag","embeddable":true,"href":"https:\/\/energystudio-agency.ro\/demo15\/wp-json\/wp\/v2\/product_tag?post=17301"}],"curies":[{"name":"wp","href":"https:\/\/api.w.org\/{rel}","templated":true}]}}