{"id":17378,"date":"2022-12-13T21:06:39","date_gmt":"2022-12-13T21:06:39","guid":{"rendered":"https:\/\/energystudio-agency.ro\/demo15\/?post_type=product&#038;p=17378"},"modified":"2022-12-13T21:14:02","modified_gmt":"2022-12-13T21:14:02","slug":"stabilizator-profesional-pentru-camera-cu-montare-pe-umar","status":"publish","type":"product","link":"https:\/\/energystudio-agency.ro\/demo15\/shop\/diverse\/stabilizator-profesional-pentru-camera-cu-montare-pe-umar\/","title":{"rendered":"Stabilizator Profesional Pentru Camera Cu Montare Pe Umar"},"content":{"rendered":"<p><span>Stabilizator profesional pentru camer\u0103 cu montare pe um\u0103r Q-WD81 Stabilizator<\/span><br \/>\n<span>profesional pentru camer\u0103 cu montare pe um\u0103r<\/span><\/p>\n<p><span>Descriere;<\/span><br \/>\n<span>&#8211; Fotografierea este mai stabil\u0103 cu mecanica corpului, Stabilizatorul profesional pentru camer\u0103 pe um\u0103r poate fi folosit timp de multe ore pe zi, f\u0103r\u0103 oboseal\u0103 sau stres<\/span><\/p>\n<p><span>-Elimin\u0103 complet stresul pe g\u00e2t \u0219i pe bra\u021be<\/span><\/p>\n<p><span>-\u00ce\u021bi poate extinde camera \u00een orice unghi \u00een orice direc\u021bie.\u00a0Fie c\u0103 este deasupra capului, \u00eenger \u00eenalt sau cu unghi mic, v\u0103 permite s\u0103 folosi\u021bi imagina\u021bia pentru propriile nevoi.\u00a0Fiind cel mai bun sistem de stabilizare DSLR<\/span><\/p>\n<p><span>&#8211; Stabilizatorul profesionist al camerei cu montare pe um\u0103r poate stabiliza camera \u0219i reduce sarcina m\u00e2inii fotografului, astfel \u00eenc\u00e2t ecranul de fotografiere s\u0103 nu fie anormal din cauza tremur\u0103rii m\u00e2inii.\u00a0\u00eentre timp, rezolv\u0103 problema fotografierii pe termen lung a fotografului \u0219i a oboselii<\/span><\/p>\n<p><span>&#8211; Suport\u0103 o varietate de metode de fotografiere, accept\u0103 fotografierea \u00een unghi joas\u0103, \u00een pozi\u021bie medie \u0219i \u00een pozi\u021bie \u00eenalt\u0103.\u00a0C\u00e2nd fotografia\u021bi cu o camer\u0103 mare, pute\u021bi extinde distan\u021ba de la um\u0103r, pute\u021bi schimba la nesf\u00e2r\u0219it \u0219i pute\u021bi schimba dup\u0103 bunul plac<\/span><\/p>\n<p><span>Caracteristici;<\/span><br \/>\n<span>&#8211; M\u00e2nerul dublu permite fotografierea mai mult\u0103 stabilizare<\/span><br \/>\n<span>&#8211; Design mic (pliabil) pe care \u00eel pute\u021bi transporta cu u\u0219urin\u021b\u0103<\/span><br \/>\n<span>&#8211; Design transformabil pentru diferite stiluri de fotografiere &#8211;<\/span><br \/>\n<span>M\u00e2ner<\/span><br \/>\n<span>confortabil &#8211; U\u0219or de utilizat &#8211;<\/span><br \/>\n<span>Bra\u021b din spate extensibil<\/span><\/p>\n<p><span>Specifica\u021bii;<\/span><br \/>\n<span>-Greutatea pachetului;\u00a01150g<\/span><br \/>\n<span>-Dimensiuni pachet;\u00a0l=33,5cm xl=10cm xh=18,5cm<\/span><\/p>\n","protected":false},"excerpt":{"rendered":"<p>Stabilizator profesional pentru camer\u0103 cu montare pe um\u0103r Q-WD81 Stabilizator profesional pentru camer\u0103 cu montare pe um\u0103r Descriere; &#8211; Fotografierea este mai stabil\u0103 cu mecanica corpului, Stabilizatorul profesional pentru camer\u0103 pe um\u0103r poate fi folosit timp de multe ore pe zi, f\u0103r\u0103 oboseal\u0103 sau stres&#8230;<\/p>\n","protected":false},"featured_media":17531,"comment_status":"open","ping_status":"closed","template":"","meta":[],"etheme_brands":[],"product_cat":[681],"product_tag":[],"class_list":{"0":"post-17378","1":"product","2":"type-product","3":"status-publish","4":"has-post-thumbnail","6":"product_cat-diverse","8":"first","9":"instock","10":"shipping-taxable","11":"purchasable","12":"product-type-simple"},"_links":{"self":[{"href":"https:\/\/energystudio-agency.ro\/demo15\/wp-json\/wp\/v2\/product\/17378","targetHints":{"allow":["GET"]}}],"collection":[{"href":"https:\/\/energystudio-agency.ro\/demo15\/wp-json\/wp\/v2\/product"}],"about":[{"href":"https:\/\/energystudio-agency.ro\/demo15\/wp-json\/wp\/v2\/types\/product"}],"replies":[{"embeddable":true,"href":"https:\/\/energystudio-agency.ro\/demo15\/wp-json\/wp\/v2\/comments?post=17378"}],"version-history":[{"count":1,"href":"https:\/\/energystudio-agency.ro\/demo15\/wp-json\/wp\/v2\/product\/17378\/revisions"}],"predecessor-version":[{"id":17536,"href":"https:\/\/energystudio-agency.ro\/demo15\/wp-json\/wp\/v2\/product\/17378\/revisions\/17536"}],"wp:featuredmedia":[{"embeddable":true,"href":"https:\/\/energystudio-agency.ro\/demo15\/wp-json\/wp\/v2\/media\/17531"}],"wp:attachment":[{"href":"https:\/\/energystudio-agency.ro\/demo15\/wp-json\/wp\/v2\/media?parent=17378"}],"wp:term":[{"taxonomy":"brand","embeddable":true,"href":"https:\/\/energystudio-agency.ro\/demo15\/wp-json\/wp\/v2\/etheme_brands?post=17378"},{"taxonomy":"product_cat","embeddable":true,"href":"https:\/\/energystudio-agency.ro\/demo15\/wp-json\/wp\/v2\/product_cat?post=17378"},{"taxonomy":"product_tag","embeddable":true,"href":"https:\/\/energystudio-agency.ro\/demo15\/wp-json\/wp\/v2\/product_tag?post=17378"}],"curies":[{"name":"wp","href":"https:\/\/api.w.org\/{rel}","templated":true}]}}