{"id":17441,"date":"2022-12-13T21:07:02","date_gmt":"2022-12-13T21:07:02","guid":{"rendered":"https:\/\/energystudio-agency.ro\/demo15\/?post_type=product&#038;p=17441"},"modified":"2022-12-13T21:14:01","modified_gmt":"2022-12-13T21:14:01","slug":"veioza-led-reincarcabila-de-masa-baterie-2600mah","status":"publish","type":"product","link":"https:\/\/energystudio-agency.ro\/demo15\/shop\/casa-si-gradina\/iluminat\/interior\/veioza-led-reincarcabila-de-masa-baterie-2600mah\/","title":{"rendered":"Veioza LED Reincarcabila de Masa, Baterie 2600Mah"},"content":{"rendered":"<p style=\"font-weight: 400;\">Material corpul l\u0103mpii: Aluminiu<\/p>\n<p style=\"font-weight: 400;\">Surs\u0103 de lumin\u0103: LED<\/p>\n<p style=\"font-weight: 400;\">Modul de control: Touch Control<\/p>\n<p style=\"font-weight: 400;\">Forma umbrei: cilindric<\/p>\n<p style=\"font-weight: 400;\">M\u0103rimea: 8 cm x 34 cm<\/p>\n<p style=\"font-weight: 400;\">Culoare: auriu\/argintiu\/alb\/negru<\/p>\n<p style=\"font-weight: 400;\">Utilizare: Iluminat pentru lectur\u0103, decorare pentru birou, etc<\/p>\n<p style=\"font-weight: 400;\">Intrerupator: Comutator tactil<\/p>\n<p style=\"font-weight: 400;\">Putere: 5W<\/p>\n<p style=\"font-weight: 400;\">Baterie: 2600mAh<\/p>\n","protected":false},"excerpt":{"rendered":"<p>Material corpul l\u0103mpii: Aluminiu Surs\u0103 de lumin\u0103: LED Modul de control: Touch Control Forma umbrei: cilindric M\u0103rimea: 8 cm x 34 cm Culoare: auriu\/argintiu\/alb\/negru Utilizare: Iluminat pentru lectur\u0103, decorare pentru birou, etc Intrerupator: Comutator tactil Putere: 5W Baterie: 2600mAh<\/p>\n","protected":false},"featured_media":17551,"comment_status":"open","ping_status":"closed","template":"","meta":[],"etheme_brands":[],"product_cat":[670],"product_tag":[],"class_list":{"0":"post-17441","1":"product","2":"type-product","3":"status-publish","4":"has-post-thumbnail","6":"product_cat-interior","8":"first","9":"instock","10":"shipping-taxable","11":"purchasable","12":"product-type-simple"},"_links":{"self":[{"href":"https:\/\/energystudio-agency.ro\/demo15\/wp-json\/wp\/v2\/product\/17441","targetHints":{"allow":["GET"]}}],"collection":[{"href":"https:\/\/energystudio-agency.ro\/demo15\/wp-json\/wp\/v2\/product"}],"about":[{"href":"https:\/\/energystudio-agency.ro\/demo15\/wp-json\/wp\/v2\/types\/product"}],"replies":[{"embeddable":true,"href":"https:\/\/energystudio-agency.ro\/demo15\/wp-json\/wp\/v2\/comments?post=17441"}],"version-history":[{"count":1,"href":"https:\/\/energystudio-agency.ro\/demo15\/wp-json\/wp\/v2\/product\/17441\/revisions"}],"predecessor-version":[{"id":17557,"href":"https:\/\/energystudio-agency.ro\/demo15\/wp-json\/wp\/v2\/product\/17441\/revisions\/17557"}],"wp:featuredmedia":[{"embeddable":true,"href":"https:\/\/energystudio-agency.ro\/demo15\/wp-json\/wp\/v2\/media\/17551"}],"wp:attachment":[{"href":"https:\/\/energystudio-agency.ro\/demo15\/wp-json\/wp\/v2\/media?parent=17441"}],"wp:term":[{"taxonomy":"brand","embeddable":true,"href":"https:\/\/energystudio-agency.ro\/demo15\/wp-json\/wp\/v2\/etheme_brands?post=17441"},{"taxonomy":"product_cat","embeddable":true,"href":"https:\/\/energystudio-agency.ro\/demo15\/wp-json\/wp\/v2\/product_cat?post=17441"},{"taxonomy":"product_tag","embeddable":true,"href":"https:\/\/energystudio-agency.ro\/demo15\/wp-json\/wp\/v2\/product_tag?post=17441"}],"curies":[{"name":"wp","href":"https:\/\/api.w.org\/{rel}","templated":true}]}}