{"id":17447,"date":"2022-12-13T21:07:03","date_gmt":"2022-12-13T21:07:03","guid":{"rendered":"https:\/\/energystudio-agency.ro\/demo15\/?post_type=product&#038;p=17447"},"modified":"2022-12-13T21:14:01","modified_gmt":"2022-12-13T21:14:01","slug":"camera-ip-andowl-de-20-mp-camera-de-supraveghere-wi-fi-1080p-rezistenta-la-apa-cu-comunicare-in-doua-sensuri-si-obiectiv-de-36-mm","status":"publish","type":"product","link":"https:\/\/energystudio-agency.ro\/demo15\/shop\/tvaudio-video-foto\/camera-ip-andowl-de-20-mp-camera-de-supraveghere-wi-fi-1080p-rezistenta-la-apa-cu-comunicare-in-doua-sensuri-si-obiectiv-de-36-mm\/","title":{"rendered":"Camera IP Andowl de 2,0 MP Camera de supraveghere Wi-Fi 1080p rezistenta la apa cu comunicare in doua sensuri si obiectiv de 3,6 mm"},"content":{"rendered":"<p><span>Camera de securitate Andowl este digital\u0103 (IP), se conecteaz\u0103 la re\u021beaua dvs. f\u0103r\u0103 fir prin Wi-Fi \u0219i este de tip dom.\u00a0Are o durabilitate crescut\u0103, deoarece obiectivul camerei se afl\u0103 \u00een interiorul unui dom.\u00a0Are protectie impermeabila pentru a putea lucra intr-un mediu exterior fara a fi afectat de conditiile meteo.\u00a0De asemenea, pute\u021bi utiliza o aplica\u021bie de pe smartphone pentru a opera camera \u0219i pentru a urm\u0103ri \u00een direct zona de fotografiere dorit\u0103.\u00a0Cu func\u021bia PTZ (Pan-Tilt-Zoom), pute\u021bi m\u0103ri zona dorit\u0103 \u0219i pute\u021bi roti camera vertical sau orizontal.\u00a0\u00cen cele din urm\u0103, este echipat cu lumini cu led cu infraro\u0219u, astfel \u00eenc\u00e2t s\u0103 fie posibil\u0103 \u00eenregistrarea imaginii \u00een \u00eentuneric complet.<\/span><\/p>\n<ul>\n<li><span>Rezolu\u021bie video: Full HD<\/span><\/li>\n<li><span>Fotografiere nocturn\u0103: \u00een infraro\u0219u<\/span><\/li>\n<li><span>Microfon<\/span><\/li>\n<li><span>Difuzor<\/span><\/li>\n<li><span>Lentile cu unghi larg<\/span><\/li>\n<\/ul>\n","protected":false},"excerpt":{"rendered":"<p>Camera de securitate Andowl este digital\u0103 (IP), se conecteaz\u0103 la re\u021beaua dvs. f\u0103r\u0103 fir prin Wi-Fi \u0219i este de tip dom.\u00a0Are o durabilitate crescut\u0103, deoarece obiectivul camerei se afl\u0103 \u00een interiorul unui dom.\u00a0Are protectie impermeabila pentru a putea lucra intr-un mediu exterior fara a fi&#8230;<\/p>\n","protected":false},"featured_media":17592,"comment_status":"open","ping_status":"closed","template":"","meta":[],"etheme_brands":[],"product_cat":[658],"product_tag":[],"class_list":{"0":"post-17447","1":"product","2":"type-product","3":"status-publish","4":"has-post-thumbnail","6":"product_cat-tvaudio-video-foto","8":"first","9":"instock","10":"shipping-taxable","11":"purchasable","12":"product-type-simple"},"_links":{"self":[{"href":"https:\/\/energystudio-agency.ro\/demo15\/wp-json\/wp\/v2\/product\/17447","targetHints":{"allow":["GET"]}}],"collection":[{"href":"https:\/\/energystudio-agency.ro\/demo15\/wp-json\/wp\/v2\/product"}],"about":[{"href":"https:\/\/energystudio-agency.ro\/demo15\/wp-json\/wp\/v2\/types\/product"}],"replies":[{"embeddable":true,"href":"https:\/\/energystudio-agency.ro\/demo15\/wp-json\/wp\/v2\/comments?post=17447"}],"version-history":[{"count":1,"href":"https:\/\/energystudio-agency.ro\/demo15\/wp-json\/wp\/v2\/product\/17447\/revisions"}],"predecessor-version":[{"id":17593,"href":"https:\/\/energystudio-agency.ro\/demo15\/wp-json\/wp\/v2\/product\/17447\/revisions\/17593"}],"wp:featuredmedia":[{"embeddable":true,"href":"https:\/\/energystudio-agency.ro\/demo15\/wp-json\/wp\/v2\/media\/17592"}],"wp:attachment":[{"href":"https:\/\/energystudio-agency.ro\/demo15\/wp-json\/wp\/v2\/media?parent=17447"}],"wp:term":[{"taxonomy":"brand","embeddable":true,"href":"https:\/\/energystudio-agency.ro\/demo15\/wp-json\/wp\/v2\/etheme_brands?post=17447"},{"taxonomy":"product_cat","embeddable":true,"href":"https:\/\/energystudio-agency.ro\/demo15\/wp-json\/wp\/v2\/product_cat?post=17447"},{"taxonomy":"product_tag","embeddable":true,"href":"https:\/\/energystudio-agency.ro\/demo15\/wp-json\/wp\/v2\/product_tag?post=17447"}],"curies":[{"name":"wp","href":"https:\/\/api.w.org\/{rel}","templated":true}]}}