{"id":17448,"date":"2022-12-13T21:07:03","date_gmt":"2022-12-13T21:07:03","guid":{"rendered":"https:\/\/energystudio-agency.ro\/demo15\/?post_type=product&#038;p=17448"},"modified":"2022-12-13T21:14:01","modified_gmt":"2022-12-13T21:14:01","slug":"camera-de-supraveghere-wifi-smart-functie-audio-video-filmare-hd","status":"publish","type":"product","link":"https:\/\/energystudio-agency.ro\/demo15\/shop\/tvaudio-video-foto\/camera-de-supraveghere-wifi-smart-functie-audio-video-filmare-hd\/","title":{"rendered":"Camera de Supraveghere Wifi Smart, Functie Audio-Video, Filmare HD"},"content":{"rendered":"<h6>Camer\u0103 de supraveghere IP Wireless este extrem de simplu de folosit, iar cu ajutorul aplica\u021biilor gratuite oferite de produc\u0103tor pentru Andoid, iOS \u0219i calculator ai acces oric\u00e2nd la film\u0103ri. Camera ofer\u0103 posibilitatea de urm\u0103rire a unei persoane \u00een spa\u021biul protejat prin rotire pe orizontal\u0103 p\u00e2n\u0103 la 355\u00b0 si pe vertical\u0103 pana la 120\u00b0<\/h6>\n<h6>Aceast\u0103 camer\u0103 este ideal\u0103 pentru a proteja tot ce conteaz\u0103 pentru tine: casa, ma\u0219ina, afacerea etc. sau pentru supraveghere copii.\u00a0 \u00a0 \u00a0 \u00a0 \u00a0 \u00a0 \u00a0 \u00a0 \u00a0 \u00a0 \u00a0 \u00a0 \u00a0 \u00a0 \u00a0 \u00a0 \u00a0 \u00a0 \u00a0 \u00a0 \u00a0 \u00a0 \u00a0 \u00a0 \u00a0 \u00a0 \u00a0 \u00a0 \u00a0 \u00a0 \u00a0 \u00a0 \u00a0 \u00a0 \u00a0 \u00a0 \u00a0 \u00a0 \u00a0 \u00a0 \u00a0 \u00a0 \u00a0 \u00a0 \u00a0 \u00a0 Film\u0103rile sunt stocate pe un card TF (se achizitioneaz\u0103 separat) \u0219i ai acces la ele de pe telefonul mobil sau calculator.\u00a0 \u00a0 \u00a0 \u00a0 \u00a0 \u00a0 \u00a0 \u00a0 \u00a0 \u00a0 \u00a0 \u00a0 \u00a0 \u00a0 \u00a0 \u00a0 \u00a0 \u00a0 \u00a0 \u00a0 \u00a0 \u00a0 \u00a0 \u00a0 \u00a0 \u00a0 \u00a0 \u00a0 \u00a0 \u00a0 \u00a0 \u00a0 \u00a0 \u00a0 \u00a0 \u00a0 \u00a0 \u00a0 \u00a0 \u00a0 \u00a0 \u00a0 \u00a0 \u00a0 \u00a0 \u00a0 \u00a0 \u00a0 \u00a0 \u00a0 \u00a0 \u00a0 \u00a0 \u00a0 \u00a0 \u00a0 \u00a0 \u00a0 \u00a0 \u00a0 Camera IP integreaz\u0103 cele mai noi tehnologii cum ar fi: Plug and Play, senzor de mi\u0219care, alert\u0103 prin email, filmare noaptea, conectare la internet prin wireless si contol de la distan\u021b\u0103.<\/h6>\n<h6>Practic camera de supraveghere IP Wireless este camer\u0103 de supraveghere ideal\u0103: imaginile sunt clare, po\u021bi vedea oric\u00e2nd ce a filmat, ai acces la filmari \u0219i setari de oriunde din lume folosind internetul, este u\u0219or de folosit, filmeaz\u0103 pe timp de noapte \u0219i are incorporat si un sezor de mi\u0219care \u0219i o func\u021bie inteligent\u0103 care i\u021bi trimite alerte prin email.<\/h6>\n","protected":false},"excerpt":{"rendered":"<p>Camer\u0103 de supraveghere IP Wireless este extrem de simplu de folosit, iar cu ajutorul aplica\u021biilor gratuite oferite de produc\u0103tor pentru Andoid, iOS \u0219i calculator ai acces oric\u00e2nd la film\u0103ri. Camera ofer\u0103 posibilitatea de urm\u0103rire a unei persoane \u00een spa\u021biul protejat prin rotire pe orizontal\u0103 p\u00e2n\u0103&#8230;<\/p>\n","protected":false},"featured_media":17594,"comment_status":"open","ping_status":"closed","template":"","meta":[],"etheme_brands":[],"product_cat":[658],"product_tag":[],"class_list":{"0":"post-17448","1":"product","2":"type-product","3":"status-publish","4":"has-post-thumbnail","6":"product_cat-tvaudio-video-foto","8":"first","9":"instock","10":"shipping-taxable","11":"purchasable","12":"product-type-simple"},"_links":{"self":[{"href":"https:\/\/energystudio-agency.ro\/demo15\/wp-json\/wp\/v2\/product\/17448","targetHints":{"allow":["GET"]}}],"collection":[{"href":"https:\/\/energystudio-agency.ro\/demo15\/wp-json\/wp\/v2\/product"}],"about":[{"href":"https:\/\/energystudio-agency.ro\/demo15\/wp-json\/wp\/v2\/types\/product"}],"replies":[{"embeddable":true,"href":"https:\/\/energystudio-agency.ro\/demo15\/wp-json\/wp\/v2\/comments?post=17448"}],"version-history":[{"count":1,"href":"https:\/\/energystudio-agency.ro\/demo15\/wp-json\/wp\/v2\/product\/17448\/revisions"}],"predecessor-version":[{"id":17596,"href":"https:\/\/energystudio-agency.ro\/demo15\/wp-json\/wp\/v2\/product\/17448\/revisions\/17596"}],"wp:featuredmedia":[{"embeddable":true,"href":"https:\/\/energystudio-agency.ro\/demo15\/wp-json\/wp\/v2\/media\/17594"}],"wp:attachment":[{"href":"https:\/\/energystudio-agency.ro\/demo15\/wp-json\/wp\/v2\/media?parent=17448"}],"wp:term":[{"taxonomy":"brand","embeddable":true,"href":"https:\/\/energystudio-agency.ro\/demo15\/wp-json\/wp\/v2\/etheme_brands?post=17448"},{"taxonomy":"product_cat","embeddable":true,"href":"https:\/\/energystudio-agency.ro\/demo15\/wp-json\/wp\/v2\/product_cat?post=17448"},{"taxonomy":"product_tag","embeddable":true,"href":"https:\/\/energystudio-agency.ro\/demo15\/wp-json\/wp\/v2\/product_tag?post=17448"}],"curies":[{"name":"wp","href":"https:\/\/api.w.org\/{rel}","templated":true}]}}