{"id":17585,"date":"2022-12-13T21:07:51","date_gmt":"2022-12-13T21:07:51","guid":{"rendered":"https:\/\/energystudio-agency.ro\/demo15\/?post_type=product&#038;p=17585"},"modified":"2022-12-13T21:13:59","modified_gmt":"2022-12-13T21:13:59","slug":"controller-jocuri-5-1-inchi-rezolutie-hd-3","status":"publish","type":"product","link":"https:\/\/energystudio-agency.ro\/demo15\/shop\/jucarii-copii-bebe\/jocuri-jucarii\/controller-jocuri-5-1-inchi-rezolutie-hd-3\/","title":{"rendered":"Controller jocuri 5.1 inchi , rezolutie HD"},"content":{"rendered":"<ul class=\"a-unordered-list a-vertical a-spacing-mini\">\n<li><span class=\"a-list-item\">\u00a0Consola portabil\u0103 retro este rezistent\u0103 la zg\u00e2rieturi \u0219i c\u0103deri, cu sticl\u0103 securizat\u0103 complet laminat\u0103.\u00a0<\/span><\/li>\n<li><span class=\"a-list-item\">Ecran OLED de \u00eenalt\u0103 defini\u021bie de 5,1 inci, unghi de vizualizare complet \/ 960 \u00d7 544, afi\u0219ajul este foarte clar.\u00a0Ofer\u0103 o experien\u021b\u0103 de joc interesant\u0103 \u0219i o protec\u021bie mai bun\u0103 a ochilor.<\/span><\/li>\n<li><span class=\"a-list-item\">Baterie de capacitate mare de 3500 mAh: baterie cu litiu de 3500 mAh \u00eencorporat\u0103<\/span><\/li>\n<li><span class=\"a-list-item\">\u00a0Consola de jocuri portabil\u0103 nu este doar o consol\u0103 de jocuri, ci \u0219i un player muzical, player video, vizualizator de fotografii \u0219i cititor de c\u0103r\u021bi electronice.\u00a0<\/span><\/li>\n<li><span class=\"a-list-item\">Este o consol\u0103 multifunc\u021bional\u0103 cu utiliz\u0103ri multiple<\/span><img fetchpriority=\"high\" decoding=\"async\" class=\"entered litespeed-loaded\" src=\"https:\/\/kumi.ro\/wp-content\/uploads\/2022\/10\/3123123123_480x480.jpg?v=1665999612.webp\" alt=\"\" width=\"322\" height=\"480\" data-lazyloaded=\"1\" data-src=\"https:\/\/kumi.ro\/wp-content\/uploads\/2022\/10\/3123123123_480x480.jpg?v=1665999612.webp\" data-ll-status=\"loaded\" \/><\/li>\n<\/ul>\n<p><img decoding=\"async\" class=\"entered litespeed-loaded\" src=\"https:\/\/kumi.ro\/wp-content\/uploads\/2022\/10\/3213123_480x480.jpg?v=1665999634.webp\" alt=\"\" width=\"480\" height=\"269\" data-lazyloaded=\"1\" data-src=\"https:\/\/kumi.ro\/wp-content\/uploads\/2022\/10\/3213123_480x480.jpg?v=1665999634.webp\" data-ll-status=\"loaded\" \/><\/p>\n","protected":false},"excerpt":{"rendered":"<p>\u00a0Consola portabil\u0103 retro este rezistent\u0103 la zg\u00e2rieturi \u0219i c\u0103deri, cu sticl\u0103 securizat\u0103 complet laminat\u0103.\u00a0 Ecran OLED de \u00eenalt\u0103 defini\u021bie de 5,1 inci, unghi de vizualizare complet \/ 960 \u00d7 544, afi\u0219ajul este foarte clar.\u00a0Ofer\u0103 o experien\u021b\u0103 de joc interesant\u0103 \u0219i o protec\u021bie mai bun\u0103 a&#8230;<\/p>\n","protected":false},"featured_media":17734,"comment_status":"open","ping_status":"closed","template":"","meta":[],"etheme_brands":[],"product_cat":[650],"product_tag":[],"class_list":{"0":"post-17585","1":"product","2":"type-product","3":"status-publish","4":"has-post-thumbnail","6":"product_cat-jocuri-jucarii","8":"first","9":"instock","10":"sale","11":"shipping-taxable","12":"purchasable","13":"product-type-simple"},"_links":{"self":[{"href":"https:\/\/energystudio-agency.ro\/demo15\/wp-json\/wp\/v2\/product\/17585","targetHints":{"allow":["GET"]}}],"collection":[{"href":"https:\/\/energystudio-agency.ro\/demo15\/wp-json\/wp\/v2\/product"}],"about":[{"href":"https:\/\/energystudio-agency.ro\/demo15\/wp-json\/wp\/v2\/types\/product"}],"replies":[{"embeddable":true,"href":"https:\/\/energystudio-agency.ro\/demo15\/wp-json\/wp\/v2\/comments?post=17585"}],"version-history":[{"count":1,"href":"https:\/\/energystudio-agency.ro\/demo15\/wp-json\/wp\/v2\/product\/17585\/revisions"}],"predecessor-version":[{"id":17737,"href":"https:\/\/energystudio-agency.ro\/demo15\/wp-json\/wp\/v2\/product\/17585\/revisions\/17737"}],"wp:featuredmedia":[{"embeddable":true,"href":"https:\/\/energystudio-agency.ro\/demo15\/wp-json\/wp\/v2\/media\/17734"}],"wp:attachment":[{"href":"https:\/\/energystudio-agency.ro\/demo15\/wp-json\/wp\/v2\/media?parent=17585"}],"wp:term":[{"taxonomy":"brand","embeddable":true,"href":"https:\/\/energystudio-agency.ro\/demo15\/wp-json\/wp\/v2\/etheme_brands?post=17585"},{"taxonomy":"product_cat","embeddable":true,"href":"https:\/\/energystudio-agency.ro\/demo15\/wp-json\/wp\/v2\/product_cat?post=17585"},{"taxonomy":"product_tag","embeddable":true,"href":"https:\/\/energystudio-agency.ro\/demo15\/wp-json\/wp\/v2\/product_tag?post=17585"}],"curies":[{"name":"wp","href":"https:\/\/api.w.org\/{rel}","templated":true}]}}