{"id":17772,"date":"2022-12-13T21:09:02","date_gmt":"2022-12-13T21:09:02","guid":{"rendered":"https:\/\/energystudio-agency.ro\/demo15\/?post_type=product&#038;p=17772"},"modified":"2022-12-13T21:13:57","modified_gmt":"2022-12-13T21:13:57","slug":"statie-de-andocare-usb-c-cu-hdmi-pd","status":"publish","type":"product","link":"https:\/\/energystudio-agency.ro\/demo15\/shop\/pc-periferice-software\/accesorii-pc\/statie-de-andocare-usb-c-cu-hdmi-pd\/","title":{"rendered":"Sta\u021bie de andocare USB-C cu HDMI PD"},"content":{"rendered":"<p><span>Acest adaptor USB Type-C la HDMI este conceput pentru a v\u0103 conecta MacBook, notebook-ul, telefonul mobil sau consola de jocuri la un afi\u0219aj HDMI de \u00eenalt\u0103 defini\u021bie. Adaptorul ofer\u0103 un port USB 3.0 de mare vitez\u0103 pentru conectarea la periferice USB.\u00a0Cu o func\u021bie avansat\u0103 de livrare a energiei, acest adaptor v\u0103 va permite s\u0103 v\u0103 \u00eenc\u0103rca\u021bi eficient laptopul \u00een timpul utiliz\u0103rii.<\/span><\/p>\n<p><span>Caracteristicile produsului:<\/span><\/p>\n<p><span>Construc\u021bie rigid\u0103 \u0219i durabil\u0103<\/span><br \/>\n<span>accept\u0103 rezolu\u021bii de p\u00e2n\u0103 la 4k<\/span><br \/>\n<span>Adaptor USB Type-C<\/span><br \/>\n<span>cu mai multe porturi<\/span><br \/>\n<span>Ultra HD<\/span><br \/>\n<span>Ce se afl\u0103 \u00een cutie<\/span><br \/>\n<span>1 x Adaptor\u00a0 4K USB Type-C la HDMI<\/span><\/p>\n","protected":false},"excerpt":{"rendered":"<p>Acest adaptor USB Type-C la HDMI este conceput pentru a v\u0103 conecta MacBook, notebook-ul, telefonul mobil sau consola de jocuri la un afi\u0219aj HDMI de \u00eenalt\u0103 defini\u021bie. Adaptorul ofer\u0103 un port USB 3.0 de mare vitez\u0103 pentru conectarea la periferice USB.\u00a0Cu o func\u021bie avansat\u0103 de&#8230;<\/p>\n","protected":false},"featured_media":17925,"comment_status":"open","ping_status":"closed","template":"","meta":[],"etheme_brands":[],"product_cat":[663],"product_tag":[],"class_list":{"0":"post-17772","1":"product","2":"type-product","3":"status-publish","4":"has-post-thumbnail","6":"product_cat-accesorii-pc","8":"first","9":"instock","10":"sale","11":"shipping-taxable","12":"purchasable","13":"product-type-simple"},"_links":{"self":[{"href":"https:\/\/energystudio-agency.ro\/demo15\/wp-json\/wp\/v2\/product\/17772","targetHints":{"allow":["GET"]}}],"collection":[{"href":"https:\/\/energystudio-agency.ro\/demo15\/wp-json\/wp\/v2\/product"}],"about":[{"href":"https:\/\/energystudio-agency.ro\/demo15\/wp-json\/wp\/v2\/types\/product"}],"replies":[{"embeddable":true,"href":"https:\/\/energystudio-agency.ro\/demo15\/wp-json\/wp\/v2\/comments?post=17772"}],"version-history":[{"count":1,"href":"https:\/\/energystudio-agency.ro\/demo15\/wp-json\/wp\/v2\/product\/17772\/revisions"}],"predecessor-version":[{"id":17927,"href":"https:\/\/energystudio-agency.ro\/demo15\/wp-json\/wp\/v2\/product\/17772\/revisions\/17927"}],"wp:featuredmedia":[{"embeddable":true,"href":"https:\/\/energystudio-agency.ro\/demo15\/wp-json\/wp\/v2\/media\/17925"}],"wp:attachment":[{"href":"https:\/\/energystudio-agency.ro\/demo15\/wp-json\/wp\/v2\/media?parent=17772"}],"wp:term":[{"taxonomy":"brand","embeddable":true,"href":"https:\/\/energystudio-agency.ro\/demo15\/wp-json\/wp\/v2\/etheme_brands?post=17772"},{"taxonomy":"product_cat","embeddable":true,"href":"https:\/\/energystudio-agency.ro\/demo15\/wp-json\/wp\/v2\/product_cat?post=17772"},{"taxonomy":"product_tag","embeddable":true,"href":"https:\/\/energystudio-agency.ro\/demo15\/wp-json\/wp\/v2\/product_tag?post=17772"}],"curies":[{"name":"wp","href":"https:\/\/api.w.org\/{rel}","templated":true}]}}