{"id":17774,"date":"2022-12-13T21:09:03","date_gmt":"2022-12-13T21:09:03","guid":{"rendered":"https:\/\/energystudio-agency.ro\/demo15\/?post_type=product&#038;p=17774"},"modified":"2022-12-13T21:13:56","modified_gmt":"2022-12-13T21:13:56","slug":"scaner-inteligent-de-amprenta-pentru-prezenta","status":"publish","type":"product","link":"https:\/\/energystudio-agency.ro\/demo15\/shop\/diverse\/scaner-inteligent-de-amprenta-pentru-prezenta\/","title":{"rendered":"Scaner inteligent de amprenta pentru prezenta"},"content":{"rendered":"<p><span>Aparatul de prezentare a amprentelor Andowl Q-A27 are un cititor care scaneaz\u0103 amprentele angaja\u021bilor \u0219i determin\u0103 dac\u0103 acestea sunt identice cu \u00eenregistr\u0103rile stocate anterior.\u00a0Dac\u0103 se g\u0103sesc identice, criteriile de prezen\u021b\u0103 pentru angaja\u021bii verifica\u021bi se men\u021bin \u00een mod corespunz\u0103tor.<\/span><br \/>\n<span>-Nu mai trece\u021bi cardurile RFID. Rata de r\u0103spuns a degetului Concord Speed.<\/span><br \/>\n<span>-O unitate de scanare a degetelor este, de asemenea, o unitate portabil\u0103 care poate fi montat\u0103 \u00eentr-o varietate de loca\u021bii.<\/span><br \/>\n<span>-Scaner inteligent de amprenta este un sistem biometric inteligent pentru a \u021bine eviden\u021ba angaja\u021bilor dvs., -Angaja\u021bii<\/span><br \/>\n<span>nu vor putea \u201e\u00een\u0219ela\u201d sau \u201ep\u0103c\u0103li\u201d sistemul, de exemplu \u00eencerc\u00e2nd s\u0103 \u00eenregistreze un coleg care \u00eent\u00e2rzie s\u0103 lucreze ca amprenta fiec\u0103ruia este unic\u0103, ceea ce \u00eenseamn\u0103 c\u0103 toate \u00eenregistr\u0103rile vor fi corecte \u0219i oneste.<\/span><br \/>\n<span>-De asemenea, nu va fi niciodat\u0103 b\u0103taia de cap de a-\u0219i uita cardul de prezen\u021b\u0103 sau cardul de intrare, at\u00e2ta timp c\u00e2t sunt prezen\u021bi, apoi se pot face check-in.<\/span><\/p>\n<p><span>Caracteristici:<\/span><br \/>\n<span>Integrare u\u0219oar\u0103 cu sistemul de blocare a u\u0219ii.<\/span><br \/>\n<span>Conceput pentru a ajuta la gestionarea angaja\u021bilor \u0219i a angajatorilor s\u0103 gestioneze \u00eenregistrarea de prezen\u021b\u0103 Acest sistem de prezen\u021b\u0103 cu\u00a0amprent\u0103<\/span><br \/>\n<span>digital\u0103 utilizeaz\u0103 reorganizarea biometric\u0103 pentru a \u00eenregistra fiecare angajat care \u00eenregistreaz\u0103 \u0219i iese\u00a0. acest sistem, \u00een primul r\u00e2nd, elimin\u0103 necesitatea c\u0103r\u021bilor de vizit\u0103 \u0219i a documentelor, deoarece totul este stocat pe sistemul propriu-zis\u00a0. Este nevoie de mai pu\u021bin de o secund\u0103 pentru ca sistemul s\u0103 recunoasc\u0103 amprenta angajatului, iar apoi angajatul va \u0219ti exact timpul la care a marcat.<\/span><\/p>\n","protected":false},"excerpt":{"rendered":"<p>Aparatul de prezentare a amprentelor Andowl Q-A27 are un cititor care scaneaz\u0103 amprentele angaja\u021bilor \u0219i determin\u0103 dac\u0103 acestea sunt identice cu \u00eenregistr\u0103rile stocate anterior.\u00a0Dac\u0103 se g\u0103sesc identice, criteriile de prezen\u021b\u0103 pentru angaja\u021bii verifica\u021bi se men\u021bin \u00een mod corespunz\u0103tor. -Nu mai trece\u021bi cardurile RFID. Rata de&#8230;<\/p>\n","protected":false},"featured_media":17933,"comment_status":"open","ping_status":"closed","template":"","meta":[],"etheme_brands":[],"product_cat":[681],"product_tag":[],"class_list":{"0":"post-17774","1":"product","2":"type-product","3":"status-publish","4":"has-post-thumbnail","6":"product_cat-diverse","8":"first","9":"instock","10":"shipping-taxable","11":"purchasable","12":"product-type-simple"},"_links":{"self":[{"href":"https:\/\/energystudio-agency.ro\/demo15\/wp-json\/wp\/v2\/product\/17774","targetHints":{"allow":["GET"]}}],"collection":[{"href":"https:\/\/energystudio-agency.ro\/demo15\/wp-json\/wp\/v2\/product"}],"about":[{"href":"https:\/\/energystudio-agency.ro\/demo15\/wp-json\/wp\/v2\/types\/product"}],"replies":[{"embeddable":true,"href":"https:\/\/energystudio-agency.ro\/demo15\/wp-json\/wp\/v2\/comments?post=17774"}],"version-history":[{"count":1,"href":"https:\/\/energystudio-agency.ro\/demo15\/wp-json\/wp\/v2\/product\/17774\/revisions"}],"predecessor-version":[{"id":17936,"href":"https:\/\/energystudio-agency.ro\/demo15\/wp-json\/wp\/v2\/product\/17774\/revisions\/17936"}],"wp:featuredmedia":[{"embeddable":true,"href":"https:\/\/energystudio-agency.ro\/demo15\/wp-json\/wp\/v2\/media\/17933"}],"wp:attachment":[{"href":"https:\/\/energystudio-agency.ro\/demo15\/wp-json\/wp\/v2\/media?parent=17774"}],"wp:term":[{"taxonomy":"brand","embeddable":true,"href":"https:\/\/energystudio-agency.ro\/demo15\/wp-json\/wp\/v2\/etheme_brands?post=17774"},{"taxonomy":"product_cat","embeddable":true,"href":"https:\/\/energystudio-agency.ro\/demo15\/wp-json\/wp\/v2\/product_cat?post=17774"},{"taxonomy":"product_tag","embeddable":true,"href":"https:\/\/energystudio-agency.ro\/demo15\/wp-json\/wp\/v2\/product_tag?post=17774"}],"curies":[{"name":"wp","href":"https:\/\/api.w.org\/{rel}","templated":true}]}}