{"id":19746,"date":"2022-12-13T22:26:28","date_gmt":"2022-12-13T22:26:28","guid":{"rendered":"https:\/\/energystudio-agency.ro\/demo15\/?post_type=product&#038;p=19746"},"modified":"2022-12-13T23:11:03","modified_gmt":"2022-12-13T23:11:03","slug":"teoxane-eye-contour-r-ii-15ml","status":"publish","type":"product","link":"https:\/\/energystudio-agency.ro\/demo15\/shop\/ingrijire-personala-cosmetice\/ingrijire-ten\/cearcane\/teoxane-eye-contour-r-ii-15ml\/","title":{"rendered":"TEOXANE EYE CONTOUR R II 15ml"},"content":{"rendered":"<p>O solu\u021bie avansat\u0103, cu absorb\u021bie rapid\u0103 \u0219i cuprinz\u0103toare la problemele obi\u0219nuite ale pielii oculare. Formulat\u0103 special pentru conturul delicat al ochilor, crema nuan\u021bat\u0103 \u0219i str\u0103lucitoare va ajuta la \u00eembun\u0103t\u0103\u021birea aspectului cearc\u0103nelor, a umfl\u0103turilor \u0219i a ochilor obosi\u021bi.<\/p>\n","protected":false},"excerpt":{"rendered":"<p>Solutie delicata pentru conturul ochilor ilumineza vizibil pielea de la prima aplicare. Cel mai admirat produs TEOXANE! Crema Contur Ochi RII Eyes este usor colorata si intens hidratanta, fara parfum, creata special pentru a combate aspectul tern, imbatranit si umflat al conturului ochilor.<\/p>\n","protected":false},"featured_media":19777,"comment_status":"open","ping_status":"closed","template":"","meta":[],"etheme_brands":[],"product_cat":[740,739],"product_tag":[741,742,743,744,745],"class_list":{"0":"post-19746","1":"product","2":"type-product","3":"status-publish","4":"has-post-thumbnail","6":"product_cat-cearcane","7":"product_cat-ingrijire-ten","8":"product_tag-cearcane","9":"product_tag-crema-de-ochi","10":"product_tag-crema-ochi","11":"product_tag-pungi-sub-ochi","12":"product_tag-zona-din-jurul-ochilor","14":"first","15":"instock","16":"shipping-taxable","17":"purchasable","18":"product-type-simple"},"_links":{"self":[{"href":"https:\/\/energystudio-agency.ro\/demo15\/wp-json\/wp\/v2\/product\/19746","targetHints":{"allow":["GET"]}}],"collection":[{"href":"https:\/\/energystudio-agency.ro\/demo15\/wp-json\/wp\/v2\/product"}],"about":[{"href":"https:\/\/energystudio-agency.ro\/demo15\/wp-json\/wp\/v2\/types\/product"}],"replies":[{"embeddable":true,"href":"https:\/\/energystudio-agency.ro\/demo15\/wp-json\/wp\/v2\/comments?post=19746"}],"version-history":[{"count":1,"href":"https:\/\/energystudio-agency.ro\/demo15\/wp-json\/wp\/v2\/product\/19746\/revisions"}],"predecessor-version":[{"id":19778,"href":"https:\/\/energystudio-agency.ro\/demo15\/wp-json\/wp\/v2\/product\/19746\/revisions\/19778"}],"wp:featuredmedia":[{"embeddable":true,"href":"https:\/\/energystudio-agency.ro\/demo15\/wp-json\/wp\/v2\/media\/19777"}],"wp:attachment":[{"href":"https:\/\/energystudio-agency.ro\/demo15\/wp-json\/wp\/v2\/media?parent=19746"}],"wp:term":[{"taxonomy":"brand","embeddable":true,"href":"https:\/\/energystudio-agency.ro\/demo15\/wp-json\/wp\/v2\/etheme_brands?post=19746"},{"taxonomy":"product_cat","embeddable":true,"href":"https:\/\/energystudio-agency.ro\/demo15\/wp-json\/wp\/v2\/product_cat?post=19746"},{"taxonomy":"product_tag","embeddable":true,"href":"https:\/\/energystudio-agency.ro\/demo15\/wp-json\/wp\/v2\/product_tag?post=19746"}],"curies":[{"name":"wp","href":"https:\/\/api.w.org\/{rel}","templated":true}]}}