{"id":19748,"date":"2022-12-13T22:26:29","date_gmt":"2022-12-13T22:26:29","guid":{"rendered":"https:\/\/energystudio-agency.ro\/demo15\/?post_type=product&#038;p=19748"},"modified":"2022-12-13T23:11:01","modified_gmt":"2022-12-13T23:11:01","slug":"teoxane-teosyal-advanced-filler-ten-normal-mixt-50-ml","status":"publish","type":"product","link":"https:\/\/energystudio-agency.ro\/demo15\/shop\/ingrijire-personala-cosmetice\/ingrijire-ten\/hidratare\/teoxane-teosyal-advanced-filler-ten-normal-mixt-50-ml\/","title":{"rendered":"TEOXANE TEOSYAL ADVANCED FILLER TEN NORMAL\/MIXT 50 ml"},"content":{"rendered":"<p>O crem\u0103 hidratant\u0103 \u0219i de lifting care a fost adaptat\u0103 special pentru pielea normal\u0103 p\u00e2n\u0103 la cea mixt\u0103. Textura luxurianta, combina\u021bia exclusiv\u0103 de RHA\u00ae \u0219i ingrediente cheie ajut\u0103 la p\u0103strarea \u0219i men\u021binerea hidrat\u0103rii durabile pentru piele, pentru a reduce vizibil liniile fine \u0219i ridurile. Textura sa netezitoare \u0219i matifiant\u0103 este special adaptat\u0103 la pielea normal\u0103 p\u00e2n\u0103 la cea mixt\u0103.<\/p>\n","protected":false},"excerpt":{"rendered":"<p>Crema hidratanta si de lifting creata special pentru tenul normal si mixt. Avand o textura luxurianta, aceasta crema de zi esentiala ajutata la stimularea imediata a hidratarii pielii si la refacerea fermitatii pielii.<\/p>\n","protected":false},"featured_media":19781,"comment_status":"open","ping_status":"closed","template":"","meta":[],"etheme_brands":[],"product_cat":[746,739,747],"product_tag":[753,754,755,756,757,758,750,759,760],"class_list":{"0":"post-19748","1":"product","2":"type-product","3":"status-publish","4":"has-post-thumbnail","6":"product_cat-hidratare","7":"product_cat-ingrijire-ten","8":"product_cat-riduri","9":"product_tag-antiage","10":"product_tag-antirid","11":"product_tag-crema-de-fata","12":"product_tag-crema-de-riduri","13":"product_tag-hidratare","14":"product_tag-lifting","15":"product_tag-riduri","16":"product_tag-ten-mixt","17":"product_tag-ten-normal","19":"first","20":"instock","21":"shipping-taxable","22":"purchasable","23":"product-type-simple"},"_links":{"self":[{"href":"https:\/\/energystudio-agency.ro\/demo15\/wp-json\/wp\/v2\/product\/19748","targetHints":{"allow":["GET"]}}],"collection":[{"href":"https:\/\/energystudio-agency.ro\/demo15\/wp-json\/wp\/v2\/product"}],"about":[{"href":"https:\/\/energystudio-agency.ro\/demo15\/wp-json\/wp\/v2\/types\/product"}],"replies":[{"embeddable":true,"href":"https:\/\/energystudio-agency.ro\/demo15\/wp-json\/wp\/v2\/comments?post=19748"}],"version-history":[{"count":1,"href":"https:\/\/energystudio-agency.ro\/demo15\/wp-json\/wp\/v2\/product\/19748\/revisions"}],"predecessor-version":[{"id":19782,"href":"https:\/\/energystudio-agency.ro\/demo15\/wp-json\/wp\/v2\/product\/19748\/revisions\/19782"}],"wp:featuredmedia":[{"embeddable":true,"href":"https:\/\/energystudio-agency.ro\/demo15\/wp-json\/wp\/v2\/media\/19781"}],"wp:attachment":[{"href":"https:\/\/energystudio-agency.ro\/demo15\/wp-json\/wp\/v2\/media?parent=19748"}],"wp:term":[{"taxonomy":"brand","embeddable":true,"href":"https:\/\/energystudio-agency.ro\/demo15\/wp-json\/wp\/v2\/etheme_brands?post=19748"},{"taxonomy":"product_cat","embeddable":true,"href":"https:\/\/energystudio-agency.ro\/demo15\/wp-json\/wp\/v2\/product_cat?post=19748"},{"taxonomy":"product_tag","embeddable":true,"href":"https:\/\/energystudio-agency.ro\/demo15\/wp-json\/wp\/v2\/product_tag?post=19748"}],"curies":[{"name":"wp","href":"https:\/\/api.w.org\/{rel}","templated":true}]}}