{"id":19751,"date":"2022-12-13T22:26:29","date_gmt":"2022-12-13T22:26:29","guid":{"rendered":"https:\/\/energystudio-agency.ro\/demo15\/?post_type=product&#038;p=19751"},"modified":"2022-12-13T23:11:02","modified_gmt":"2022-12-13T23:11:02","slug":"teoxane-gel-de-curatare-aha-150ml","status":"publish","type":"product","link":"https:\/\/energystudio-agency.ro\/demo15\/shop\/ingrijire-personala-cosmetice\/ingrijire-ten\/cleanser\/teoxane-gel-de-curatare-aha-150ml\/","title":{"rendered":"TEOXANE GEL DE CURATARE AHA 150ml"},"content":{"rendered":"<p>Un demachiant multi-beneficii, care cur\u0103\u021b\u0103 \u0219i purific\u0103 profund pielea. Formula sa exclusiv\u0103 combin\u0103 ingrediente inteligente: acid glicolic, acizi de fructe, acid hialuronic RHA Rezilient\u00ae \u0219i un complex luminos pentru \u00eendep\u0103rtarea machiajului de uzur\u0103 \u00eendelungat\u0103, impurit\u0103\u021bilor \u0219i celulelor moarte ale pielii, hidrateaz\u0103 pielea \u0219i ofer\u0103 un ten proasp\u0103t \u0219i radiant.<\/p>\n","protected":false},"excerpt":{"rendered":"<p>Un demachiant spumant ce necesita clatire care purifica in profunzime, revitalizeaza si ilumineaza pielea retandu-i un aspect neted si stralucitor. Cu Gelul de curatare AHA, curatarea devine primul pas esential in orice ritual de infrumusetare.<\/p>\n","protected":false},"featured_media":19787,"comment_status":"open","ping_status":"closed","template":"","meta":[],"etheme_brands":[],"product_cat":[766,739],"product_tag":[767,768,769,770,771],"class_list":{"0":"post-19751","1":"product","2":"type-product","3":"status-publish","4":"has-post-thumbnail","6":"product_cat-cleanser","7":"product_cat-ingrijire-ten","8":"product_tag-cleanser","9":"product_tag-curatare","10":"product_tag-demachiant","11":"product_tag-gel-de-curatare","12":"product_tag-ten-sensibil","14":"first","15":"instock","16":"shipping-taxable","17":"purchasable","18":"product-type-simple"},"_links":{"self":[{"href":"https:\/\/energystudio-agency.ro\/demo15\/wp-json\/wp\/v2\/product\/19751","targetHints":{"allow":["GET"]}}],"collection":[{"href":"https:\/\/energystudio-agency.ro\/demo15\/wp-json\/wp\/v2\/product"}],"about":[{"href":"https:\/\/energystudio-agency.ro\/demo15\/wp-json\/wp\/v2\/types\/product"}],"replies":[{"embeddable":true,"href":"https:\/\/energystudio-agency.ro\/demo15\/wp-json\/wp\/v2\/comments?post=19751"}],"version-history":[{"count":1,"href":"https:\/\/energystudio-agency.ro\/demo15\/wp-json\/wp\/v2\/product\/19751\/revisions"}],"predecessor-version":[{"id":19788,"href":"https:\/\/energystudio-agency.ro\/demo15\/wp-json\/wp\/v2\/product\/19751\/revisions\/19788"}],"wp:featuredmedia":[{"embeddable":true,"href":"https:\/\/energystudio-agency.ro\/demo15\/wp-json\/wp\/v2\/media\/19787"}],"wp:attachment":[{"href":"https:\/\/energystudio-agency.ro\/demo15\/wp-json\/wp\/v2\/media?parent=19751"}],"wp:term":[{"taxonomy":"brand","embeddable":true,"href":"https:\/\/energystudio-agency.ro\/demo15\/wp-json\/wp\/v2\/etheme_brands?post=19751"},{"taxonomy":"product_cat","embeddable":true,"href":"https:\/\/energystudio-agency.ro\/demo15\/wp-json\/wp\/v2\/product_cat?post=19751"},{"taxonomy":"product_tag","embeddable":true,"href":"https:\/\/energystudio-agency.ro\/demo15\/wp-json\/wp\/v2\/product_tag?post=19751"}],"curies":[{"name":"wp","href":"https:\/\/api.w.org\/{rel}","templated":true}]}}