{"id":19752,"date":"2022-12-13T22:26:29","date_gmt":"2022-12-13T22:26:29","guid":{"rendered":"https:\/\/energystudio-agency.ro\/demo15\/?post_type=product&#038;p=19752"},"modified":"2022-12-13T23:11:02","modified_gmt":"2022-12-13T23:11:02","slug":"3d-lip-10ml","status":"publish","type":"product","link":"https:\/\/energystudio-agency.ro\/demo15\/shop\/ingrijire-personala-cosmetice\/ingrijire-buze\/3d-lip-10ml\/","title":{"rendered":"3D LIP 10ml"},"content":{"rendered":"<p>3D Lip este o formul\u0103 de \u00eengrijire zilnic\u0103 a buzelor, cu o textur\u0103 bogat\u0103, care ofer\u0103 confort, hidratare \u0219i efect de umplere pentru buze. Dispune de ingrediente densifiante \u0219i nutritive pentru a netezi, hr\u0103ni \u0219i ob\u021bine un efect umplere pentru buze *. Textura sa absorbabil\u0103, nelipicioas\u0103 \u0219i v\u00e2rful aplicatorului care r\u0103coreste ofer\u0103 confort * buzelor sensibilizate0<\/p>\n","protected":false},"excerpt":{"rendered":"<p>Obtineti buze pline, hidratate si hranite de la prima utilizare a 3D Lip. Dimensiune ideala pentru a fi purtat in geanta de mana, obtineti efectul dorit oricand este nevoie**.<\/p>\n","protected":false},"featured_media":19789,"comment_status":"open","ping_status":"closed","template":"","meta":[],"etheme_brands":[],"product_cat":[772],"product_tag":[773,774,775,776],"class_list":{"0":"post-19752","1":"product","2":"type-product","3":"status-publish","4":"has-post-thumbnail","6":"product_cat-ingrijire-buze","7":"product_tag-balsam-de-buze","8":"product_tag-buze","9":"product_tag-buze-crapate","10":"product_tag-hidratarea-buzelor","12":"first","13":"instock","14":"shipping-taxable","15":"purchasable","16":"product-type-simple"},"_links":{"self":[{"href":"https:\/\/energystudio-agency.ro\/demo15\/wp-json\/wp\/v2\/product\/19752","targetHints":{"allow":["GET"]}}],"collection":[{"href":"https:\/\/energystudio-agency.ro\/demo15\/wp-json\/wp\/v2\/product"}],"about":[{"href":"https:\/\/energystudio-agency.ro\/demo15\/wp-json\/wp\/v2\/types\/product"}],"replies":[{"embeddable":true,"href":"https:\/\/energystudio-agency.ro\/demo15\/wp-json\/wp\/v2\/comments?post=19752"}],"version-history":[{"count":1,"href":"https:\/\/energystudio-agency.ro\/demo15\/wp-json\/wp\/v2\/product\/19752\/revisions"}],"predecessor-version":[{"id":19790,"href":"https:\/\/energystudio-agency.ro\/demo15\/wp-json\/wp\/v2\/product\/19752\/revisions\/19790"}],"wp:featuredmedia":[{"embeddable":true,"href":"https:\/\/energystudio-agency.ro\/demo15\/wp-json\/wp\/v2\/media\/19789"}],"wp:attachment":[{"href":"https:\/\/energystudio-agency.ro\/demo15\/wp-json\/wp\/v2\/media?parent=19752"}],"wp:term":[{"taxonomy":"brand","embeddable":true,"href":"https:\/\/energystudio-agency.ro\/demo15\/wp-json\/wp\/v2\/etheme_brands?post=19752"},{"taxonomy":"product_cat","embeddable":true,"href":"https:\/\/energystudio-agency.ro\/demo15\/wp-json\/wp\/v2\/product_cat?post=19752"},{"taxonomy":"product_tag","embeddable":true,"href":"https:\/\/energystudio-agency.ro\/demo15\/wp-json\/wp\/v2\/product_tag?post=19752"}],"curies":[{"name":"wp","href":"https:\/\/api.w.org\/{rel}","templated":true}]}}