{"id":19753,"date":"2022-12-13T22:26:29","date_gmt":"2022-12-13T22:26:29","guid":{"rendered":"https:\/\/energystudio-agency.ro\/demo15\/?post_type=product&#038;p=19753"},"modified":"2022-12-13T23:11:02","modified_gmt":"2022-12-13T23:11:02","slug":"teosyal-rha-micellar-solution-200ml","status":"publish","type":"product","link":"https:\/\/energystudio-agency.ro\/demo15\/shop\/ingrijire-personala-cosmetice\/ingrijire-ten\/cleanser\/teosyal-rha-micellar-solution-200ml\/","title":{"rendered":"TEOSYAL RHA MICELLAR SOLUTION 200ml"},"content":{"rendered":"<p>O solu\u021bie de cur\u0103\u021bare \u00eembog\u0103\u021bit\u0103 cu tehnologia de hidratare unic\u0103 RHA\u00ae TEOXANE. Cu un amestec puternic de ingrediente revitalizante \u0219i calmante, acest demachiant f\u0103r\u0103 s\u0103pun este adesea folosit de medici pentru a cur\u0103\u021ba \u00een mod optim pielea \u00eenainte de procedurile estetice.<\/p>\n","protected":false},"excerpt":{"rendered":"<p>Un amestec special de ingrediente puternice hidratante \u0219i calmante cur\u0103\u021b\u0103 perfect impurit\u0103\u021bile de suprafa\u021b\u0103 \u0219i demachiaz\u0103 f\u0103r\u0103 a perturba echilibrul natural al pielii. Conceput chiar \u0219i pentru cele mai sensibile tenuri, acesta solutie 3 in 1 de cur\u0103\u021bare, toner \u0219i demachiant va l\u0103sa pielea s\u0103 arate \u0219i s\u0103 se simt\u0103 curat\u0103, hidratat\u0103 \u0219i tonifiat\u0103<\/p>\n","protected":false},"featured_media":19791,"comment_status":"open","ping_status":"closed","template":"","meta":[],"etheme_brands":[],"product_cat":[766,739],"product_tag":[777,767,768,769],"class_list":{"0":"post-19753","1":"product","2":"type-product","3":"status-publish","4":"has-post-thumbnail","6":"product_cat-cleanser","7":"product_cat-ingrijire-ten","8":"product_tag-apa-micelara","9":"product_tag-cleanser","10":"product_tag-curatare","11":"product_tag-demachiant","13":"first","14":"instock","15":"shipping-taxable","16":"purchasable","17":"product-type-simple"},"_links":{"self":[{"href":"https:\/\/energystudio-agency.ro\/demo15\/wp-json\/wp\/v2\/product\/19753","targetHints":{"allow":["GET"]}}],"collection":[{"href":"https:\/\/energystudio-agency.ro\/demo15\/wp-json\/wp\/v2\/product"}],"about":[{"href":"https:\/\/energystudio-agency.ro\/demo15\/wp-json\/wp\/v2\/types\/product"}],"replies":[{"embeddable":true,"href":"https:\/\/energystudio-agency.ro\/demo15\/wp-json\/wp\/v2\/comments?post=19753"}],"version-history":[{"count":1,"href":"https:\/\/energystudio-agency.ro\/demo15\/wp-json\/wp\/v2\/product\/19753\/revisions"}],"predecessor-version":[{"id":19792,"href":"https:\/\/energystudio-agency.ro\/demo15\/wp-json\/wp\/v2\/product\/19753\/revisions\/19792"}],"wp:featuredmedia":[{"embeddable":true,"href":"https:\/\/energystudio-agency.ro\/demo15\/wp-json\/wp\/v2\/media\/19791"}],"wp:attachment":[{"href":"https:\/\/energystudio-agency.ro\/demo15\/wp-json\/wp\/v2\/media?parent=19753"}],"wp:term":[{"taxonomy":"brand","embeddable":true,"href":"https:\/\/energystudio-agency.ro\/demo15\/wp-json\/wp\/v2\/etheme_brands?post=19753"},{"taxonomy":"product_cat","embeddable":true,"href":"https:\/\/energystudio-agency.ro\/demo15\/wp-json\/wp\/v2\/product_cat?post=19753"},{"taxonomy":"product_tag","embeddable":true,"href":"https:\/\/energystudio-agency.ro\/demo15\/wp-json\/wp\/v2\/product_tag?post=19753"}],"curies":[{"name":"wp","href":"https:\/\/api.w.org\/{rel}","templated":true}]}}