{"id":19755,"date":"2022-12-13T22:26:30","date_gmt":"2022-12-13T22:26:30","guid":{"rendered":"https:\/\/energystudio-agency.ro\/demo15\/?post_type=product&#038;p=19755"},"modified":"2022-12-13T23:10:59","modified_gmt":"2022-12-13T23:10:59","slug":"teoxane-ser-rha-vitamina-c-30ml","status":"publish","type":"product","link":"https:\/\/energystudio-agency.ro\/demo15\/shop\/ingrijire-personala-cosmetice\/ingrijire-ten\/pete-pigmentare\/teoxane-ser-rha-vitamina-c-30ml\/","title":{"rendered":"TEOXANE SER RHA VITAMINA C 30ml"},"content":{"rendered":"<p>Serul RHA\u00ae Vit C reune\u0219te tehnologica patentata TEOXANE RHA\u00ae \u0219i VC-IP , o form\u0103 stabilizat\u0103 de vitamina C recunoscut\u0103 de dermatologi pentru propriet\u0103\u021bile sale anti-\u00eemb\u0103tr\u00e2nire: activitate antioxidant\u0103 \u0219i efect de str\u0103lucire. Serul RHA\u00ae Vit C va \u00eembun\u0103t\u0103\u021bi aspectul pigment\u0103rii, pielii \u00eemb\u0103tr\u00e2nite \u0219i va lumina tenul<\/p>\n","protected":false},"excerpt":{"rendered":"<p>O noua generatie de Vitamina C combinata cu Acidul Hialuronic Rezilient TEOXANE RHA\u00ae pentru a combate hiperpigmentarea, pierderea fermitatii si tenul fara stralucire. Acest ser avansat maximizeaza stralucirea pielii prin ingrediente anti-oxidante,\u00a0 anti-pigmentare, hidratand si corectand nuanta pielii.<\/p>\n","protected":false},"featured_media":19795,"comment_status":"open","ping_status":"closed","template":"","meta":[],"etheme_brands":[],"product_cat":[739,779],"product_tag":[754,781,782,783,751,784,785,786],"class_list":{"0":"post-19755","1":"product","2":"type-product","3":"status-publish","4":"has-post-thumbnail","6":"product_cat-ingrijire-ten","7":"product_cat-pete-pigmentare","8":"product_tag-antirid","9":"product_tag-hiperpigmentare","10":"product_tag-pete-pigmentare","11":"product_tag-pigmenti","12":"product_tag-ser","13":"product_tag-ser-cu-vitamina-c","14":"product_tag-vit-c","15":"product_tag-vitamina-c","17":"first","18":"instock","19":"shipping-taxable","20":"purchasable","21":"product-type-simple"},"_links":{"self":[{"href":"https:\/\/energystudio-agency.ro\/demo15\/wp-json\/wp\/v2\/product\/19755","targetHints":{"allow":["GET"]}}],"collection":[{"href":"https:\/\/energystudio-agency.ro\/demo15\/wp-json\/wp\/v2\/product"}],"about":[{"href":"https:\/\/energystudio-agency.ro\/demo15\/wp-json\/wp\/v2\/types\/product"}],"replies":[{"embeddable":true,"href":"https:\/\/energystudio-agency.ro\/demo15\/wp-json\/wp\/v2\/comments?post=19755"}],"version-history":[{"count":1,"href":"https:\/\/energystudio-agency.ro\/demo15\/wp-json\/wp\/v2\/product\/19755\/revisions"}],"predecessor-version":[{"id":19796,"href":"https:\/\/energystudio-agency.ro\/demo15\/wp-json\/wp\/v2\/product\/19755\/revisions\/19796"}],"wp:featuredmedia":[{"embeddable":true,"href":"https:\/\/energystudio-agency.ro\/demo15\/wp-json\/wp\/v2\/media\/19795"}],"wp:attachment":[{"href":"https:\/\/energystudio-agency.ro\/demo15\/wp-json\/wp\/v2\/media?parent=19755"}],"wp:term":[{"taxonomy":"brand","embeddable":true,"href":"https:\/\/energystudio-agency.ro\/demo15\/wp-json\/wp\/v2\/etheme_brands?post=19755"},{"taxonomy":"product_cat","embeddable":true,"href":"https:\/\/energystudio-agency.ro\/demo15\/wp-json\/wp\/v2\/product_cat?post=19755"},{"taxonomy":"product_tag","embeddable":true,"href":"https:\/\/energystudio-agency.ro\/demo15\/wp-json\/wp\/v2\/product_tag?post=19755"}],"curies":[{"name":"wp","href":"https:\/\/api.w.org\/{rel}","templated":true}]}}