{"id":19756,"date":"2022-12-13T22:26:30","date_gmt":"2022-12-13T22:26:30","guid":{"rendered":"https:\/\/energystudio-agency.ro\/demo15\/?post_type=product&#038;p=19756"},"modified":"2022-12-13T23:11:00","modified_gmt":"2022-12-13T23:11:00","slug":"teoxane-teosyal-deep-repair-balm-30ml","status":"publish","type":"product","link":"https:\/\/energystudio-agency.ro\/demo15\/shop\/ingrijire-personala-cosmetice\/ingrijire-ten\/hidratare\/teoxane-teosyal-deep-repair-balm-30ml\/","title":{"rendered":"TEOXANE TEOSYAL DEEP REPAIR BALM 30ml"},"content":{"rendered":"<p>Un balsam lini\u0219titor conceput cu echilibrul optim de RHA\u00ae \u0219i ingrediente calmante pentru a conforta cea mai iritat\u0103 sau sensibil\u0103 a pielii. Dup\u0103 15 zile de utilizare a balsamului Deep Repair, pielea este calmat\u0103 \u0219i hidratat\u0103 eficient. Deep Repair Balm poate fi aplicat \u0219i pe zonele uscate sau iritate rezultate din factori externi (v\u00e2nt, vreme rece sau expunere la soare).<\/p>\n","protected":false},"excerpt":{"rendered":"<p>Balsam ultra-confortabil, bogat si calmant care confera hidratare instanta. Ideal pentru hidratarea si calmarea pielii iritate si sensibile, formula sa hranitoare ajuta la refacerea hidratarii si revitalizarii pielii.<\/p>\n","protected":false},"featured_media":19797,"comment_status":"open","ping_status":"closed","template":"","meta":[],"etheme_brands":[],"product_cat":[746,739],"product_tag":[787,757,788,789,771],"class_list":{"0":"post-19756","1":"product","2":"type-product","3":"status-publish","4":"has-post-thumbnail","6":"product_cat-hidratare","7":"product_cat-ingrijire-ten","8":"product_tag-calmarea-pielii","9":"product_tag-hidratare","10":"product_tag-iritatii-piele","11":"product_tag-ten-iritat","12":"product_tag-ten-sensibil","14":"first","15":"instock","16":"shipping-taxable","17":"purchasable","18":"product-type-simple"},"_links":{"self":[{"href":"https:\/\/energystudio-agency.ro\/demo15\/wp-json\/wp\/v2\/product\/19756","targetHints":{"allow":["GET"]}}],"collection":[{"href":"https:\/\/energystudio-agency.ro\/demo15\/wp-json\/wp\/v2\/product"}],"about":[{"href":"https:\/\/energystudio-agency.ro\/demo15\/wp-json\/wp\/v2\/types\/product"}],"replies":[{"embeddable":true,"href":"https:\/\/energystudio-agency.ro\/demo15\/wp-json\/wp\/v2\/comments?post=19756"}],"version-history":[{"count":1,"href":"https:\/\/energystudio-agency.ro\/demo15\/wp-json\/wp\/v2\/product\/19756\/revisions"}],"predecessor-version":[{"id":19798,"href":"https:\/\/energystudio-agency.ro\/demo15\/wp-json\/wp\/v2\/product\/19756\/revisions\/19798"}],"wp:featuredmedia":[{"embeddable":true,"href":"https:\/\/energystudio-agency.ro\/demo15\/wp-json\/wp\/v2\/media\/19797"}],"wp:attachment":[{"href":"https:\/\/energystudio-agency.ro\/demo15\/wp-json\/wp\/v2\/media?parent=19756"}],"wp:term":[{"taxonomy":"brand","embeddable":true,"href":"https:\/\/energystudio-agency.ro\/demo15\/wp-json\/wp\/v2\/etheme_brands?post=19756"},{"taxonomy":"product_cat","embeddable":true,"href":"https:\/\/energystudio-agency.ro\/demo15\/wp-json\/wp\/v2\/product_cat?post=19756"},{"taxonomy":"product_tag","embeddable":true,"href":"https:\/\/energystudio-agency.ro\/demo15\/wp-json\/wp\/v2\/product_tag?post=19756"}],"curies":[{"name":"wp","href":"https:\/\/api.w.org\/{rel}","templated":true}]}}