{"id":19757,"date":"2022-12-13T22:26:30","date_gmt":"2022-12-13T22:26:30","guid":{"rendered":"https:\/\/energystudio-agency.ro\/demo15\/?post_type=product&#038;p=19757"},"modified":"2022-12-13T23:11:00","modified_gmt":"2022-12-13T23:11:00","slug":"dermapen-cocktail-hyla-active-30-ml","status":"publish","type":"product","link":"https:\/\/energystudio-agency.ro\/demo15\/shop\/ingrijire-personala-cosmetice\/ingrijire-ten\/riduri\/dermapen-cocktail-hyla-active-30-ml\/","title":{"rendered":"DERMAPEN COCKTAIL HYLA ACTIVE 30 ml"},"content":{"rendered":"<p>Formularea revolu\u021bionar\u0103 a acidului hialuronic (AH) Dp Dermaceutical, HylaFuse, livreaz\u0103 AH biologic activ \u0219i alte ingrediente active mai ad\u00e2nc \u00een pielea dumneavoastr\u0103.<\/p>\n<p>Dp Dermaceuticals HYLA ACTIVE con\u021bine o concentra\u021bie puternic\u0103 de HylaFuse pentru hranire intens\u0103 \u0219i hidratare \u0219i se dovede\u0219te a fi absorbit cu 150% mai eficient \u00een piele dec\u00e2t alte forme de AH. HylaFuse din HYLA ACTIVE \u00eencapsuleaz\u0103 zincul \u0219i vitamina B5 pentru a livra aceste ingrediente active de restaurare mai ad\u00e2nc \u00een piele timp de p\u00e2n\u0103 la 8 ore dup\u0103 aplicare.<\/p>\n<p>HYLA ACTIVE este un ser multifunc\u021bional care este aprobat de Dermapen pentru utilizare \u00een timpul \u0219i imediat dup\u0103 procedurile de microneedling. Este un ser popular Meso-Glide &#x2122;, care poate fi amestecat 1: 1 cu alte seruri aprobate, cum ar fi BRITE LITE &#x2122; sau ANTIOXIDANT COCKTAIL &#x2122;, pentru a \u021binti problemele individuale ale pielii. Ne place s\u0103 spunem c\u0103 formeaz\u0103 o \u201ea doua piele\u201d, deoarece ofer\u0103 un strat protector de hidratare, care este deosebit de benefic \u00een urma procedurilor de \u00eentinerire, cum ar fi Dermapen microneedling.<\/p>\n<p>Deosebit de eficient pe pielea deshidratat\u0103, HYLA ACTIVE ajut\u0103 la reducerea apari\u021biei liniilor fine \u0219i a porilor pentru un aspect final impecabil.<\/p>\n","protected":false},"excerpt":{"rendered":"<p>Bucura\u021bi-v\u0103 de senza\u021bia de hidratare profund\u0103, confort \u0219i regenerare cu aceast\u0103 infuzie intens hidratant\u0103. Dp Dermaceuticals HYLA ACTIVE &#x2122; este un ser minune care reduce aspectul liniilor fine \u0219i porilor pentru un aspect final impecabil, reduc\u00e2nd \u00een acela\u0219i timp \u0219i aspectul de ro\u0219ea\u021b\u0103 \u0219i inflama\u021bie. Con\u021bine cea mai mare concentra\u021bie a tehnologiei noastre revolu\u021bionare HylaFuse &#x2122; pentru a furniza acid hialuronic (AH) la niveluri optime ale pielii.<\/p>\n","protected":false},"featured_media":19799,"comment_status":"open","ping_status":"closed","template":"","meta":[],"etheme_brands":[],"product_cat":[778,739,747,790],"product_tag":[791,792,793,794,750,751,795,771],"class_list":{"0":"post-19757","1":"product","2":"type-product","3":"status-publish","4":"has-post-thumbnail","6":"product_cat-diminuarea-porilor","7":"product_cat-ingrijire-ten","8":"product_cat-riduri","9":"product_cat-rozacee","10":"product_tag-acid-hialuronic","11":"product_tag-diminarea-porilor","12":"product_tag-linii-fine","13":"product_tag-pori-mariti","14":"product_tag-riduri","15":"product_tag-ser","16":"product_tag-ser-de-fata","17":"product_tag-ten-sensibil","19":"first","20":"instock","21":"sale","22":"shipping-taxable","23":"purchasable","24":"product-type-simple"},"_links":{"self":[{"href":"https:\/\/energystudio-agency.ro\/demo15\/wp-json\/wp\/v2\/product\/19757","targetHints":{"allow":["GET"]}}],"collection":[{"href":"https:\/\/energystudio-agency.ro\/demo15\/wp-json\/wp\/v2\/product"}],"about":[{"href":"https:\/\/energystudio-agency.ro\/demo15\/wp-json\/wp\/v2\/types\/product"}],"replies":[{"embeddable":true,"href":"https:\/\/energystudio-agency.ro\/demo15\/wp-json\/wp\/v2\/comments?post=19757"}],"version-history":[{"count":1,"href":"https:\/\/energystudio-agency.ro\/demo15\/wp-json\/wp\/v2\/product\/19757\/revisions"}],"predecessor-version":[{"id":19803,"href":"https:\/\/energystudio-agency.ro\/demo15\/wp-json\/wp\/v2\/product\/19757\/revisions\/19803"}],"wp:featuredmedia":[{"embeddable":true,"href":"https:\/\/energystudio-agency.ro\/demo15\/wp-json\/wp\/v2\/media\/19799"}],"wp:attachment":[{"href":"https:\/\/energystudio-agency.ro\/demo15\/wp-json\/wp\/v2\/media?parent=19757"}],"wp:term":[{"taxonomy":"brand","embeddable":true,"href":"https:\/\/energystudio-agency.ro\/demo15\/wp-json\/wp\/v2\/etheme_brands?post=19757"},{"taxonomy":"product_cat","embeddable":true,"href":"https:\/\/energystudio-agency.ro\/demo15\/wp-json\/wp\/v2\/product_cat?post=19757"},{"taxonomy":"product_tag","embeddable":true,"href":"https:\/\/energystudio-agency.ro\/demo15\/wp-json\/wp\/v2\/product_tag?post=19757"}],"curies":[{"name":"wp","href":"https:\/\/api.w.org\/{rel}","templated":true}]}}