{"id":19761,"date":"2022-12-13T22:26:31","date_gmt":"2022-12-13T22:26:31","guid":{"rendered":"https:\/\/energystudio-agency.ro\/demo15\/?post_type=product&#038;p=19761"},"modified":"2022-12-13T23:10:57","modified_gmt":"2022-12-13T23:10:57","slug":"demachiant-tri-phase","status":"publish","type":"product","link":"https:\/\/energystudio-agency.ro\/demo15\/shop\/ingrijire-personala-cosmetice\/ingrijire-ten\/cleanser\/demachiant-tri-phase\/","title":{"rendered":"DEMACHIANT  TRI-PHASE"},"content":{"rendered":"<p>Textura luxuriant\u0103 a Dp Dermaceuticals TRI-PHASE CLEANSER \u00eel face o pl\u0103cere de utilizat. Balsamul m\u0103t\u0103sos calmeaz\u0103 pielea la prima aplicare. Pe m\u0103sur\u0103 ce se adaug\u0103 ap\u0103, ve\u021bi observa c\u00e2t de u\u0219or \u0219i r\u0103coritor devine produsul pe m\u0103sur\u0103 ce se transform\u0103 \u00eentr-un gel. Urmeaz\u0103 stadiul de lapte, l\u0103s\u00e2nd pielea s\u0103 se simt\u0103 purificat\u0103 \u0219i calmat\u0103.<\/p>\n<p>Este un produs de cur\u0103\u021bare delicat\u0103 a fe\u021bei, dar \u00eendep\u0103rteaz\u0103 chiar \u0219i machiajul persistent, cum ar fi rimelul impermeabil \u0219i creionul de ochi.<\/p>\n<p>TRI-PHASE CLEANSER con\u021bine ulei natural din semin\u021be de struguri, care are un con\u021binut ridicat de antioxidan\u021bi pentru a ajuta la protejarea pielii. Uleiul de t\u0103r\u00e2\u021be de orez este un ingredient major, care este foarte apreciat \u00een Japonia pentru propriet\u0103\u021bile sale anti-\u00eemb\u0103tr\u00e2nire.<\/p>\n<p>&nbsp;<\/p>\n<div class=\"item\">\n<ul>\n<li>\u00ceNDEP\u00c3RTEAZ\u00c3 MACHIAJUL &amp; IMPURIT\u00c3TILE<\/li>\n<\/ul>\n<\/div>\n<div class=\"item\">\n<ul>\n<li>TEXTUR\u00c3 USOAR\u00c3 HIDRATANT\u00c3<\/li>\n<\/ul>\n<\/div>\n<div class=\"item\">\n<ul>\n<li>ANTIOXIDANTI NATURALI &amp; EXTRACTE PLANTE<\/li>\n<\/ul>\n<\/div>\n","protected":false},"excerpt":{"rendered":"<p>Tehnologia de transformare revolu\u021bionar\u0103 fixeaz\u0103 hidratarea \u00een piele \u00een timp ce \u00eendep\u0103rteaz\u0103 machiajul \u0219i impurit\u0103\u021bile. Pe m\u0103sur\u0103 ce se adaug\u0103 ap\u0103, aceasta se transform\u0103 pe fa\u021b\u0103 din balsam \u00een gel \u00een lapte. Potrivit pentru utilizare pe piele normal\u0103, mixt\u0103 \u0219i uscat\u0103, produsul nostru de cur\u0103\u021bare delicat pentru fa\u021b\u0103 reduce semnele vizibile de \u00eemb\u0103tr\u00e2nire, pigmentare \u0219i deshidratare.<\/p>\n","protected":false},"featured_media":19819,"comment_status":"open","ping_status":"closed","template":"","meta":[],"etheme_brands":[],"product_cat":[766,739],"product_tag":[767,768,769,759,760,771],"class_list":{"0":"post-19761","1":"product","2":"type-product","3":"status-publish","4":"has-post-thumbnail","6":"product_cat-cleanser","7":"product_cat-ingrijire-ten","8":"product_tag-cleanser","9":"product_tag-curatare","10":"product_tag-demachiant","11":"product_tag-ten-mixt","12":"product_tag-ten-normal","13":"product_tag-ten-sensibil","15":"first","16":"instock","17":"sale","18":"shipping-taxable","19":"purchasable","20":"product-type-simple"},"_links":{"self":[{"href":"https:\/\/energystudio-agency.ro\/demo15\/wp-json\/wp\/v2\/product\/19761","targetHints":{"allow":["GET"]}}],"collection":[{"href":"https:\/\/energystudio-agency.ro\/demo15\/wp-json\/wp\/v2\/product"}],"about":[{"href":"https:\/\/energystudio-agency.ro\/demo15\/wp-json\/wp\/v2\/types\/product"}],"replies":[{"embeddable":true,"href":"https:\/\/energystudio-agency.ro\/demo15\/wp-json\/wp\/v2\/comments?post=19761"}],"version-history":[{"count":1,"href":"https:\/\/energystudio-agency.ro\/demo15\/wp-json\/wp\/v2\/product\/19761\/revisions"}],"predecessor-version":[{"id":19822,"href":"https:\/\/energystudio-agency.ro\/demo15\/wp-json\/wp\/v2\/product\/19761\/revisions\/19822"}],"wp:featuredmedia":[{"embeddable":true,"href":"https:\/\/energystudio-agency.ro\/demo15\/wp-json\/wp\/v2\/media\/19819"}],"wp:attachment":[{"href":"https:\/\/energystudio-agency.ro\/demo15\/wp-json\/wp\/v2\/media?parent=19761"}],"wp:term":[{"taxonomy":"brand","embeddable":true,"href":"https:\/\/energystudio-agency.ro\/demo15\/wp-json\/wp\/v2\/etheme_brands?post=19761"},{"taxonomy":"product_cat","embeddable":true,"href":"https:\/\/energystudio-agency.ro\/demo15\/wp-json\/wp\/v2\/product_cat?post=19761"},{"taxonomy":"product_tag","embeddable":true,"href":"https:\/\/energystudio-agency.ro\/demo15\/wp-json\/wp\/v2\/product_tag?post=19761"}],"curies":[{"name":"wp","href":"https:\/\/api.w.org\/{rel}","templated":true}]}}