{"id":19762,"date":"2022-12-13T22:26:31","date_gmt":"2022-12-13T22:26:31","guid":{"rendered":"https:\/\/energystudio-agency.ro\/demo15\/?post_type=product&#038;p=19762"},"modified":"2022-12-13T23:10:58","modified_gmt":"2022-12-13T23:10:58","slug":"dermapen-cocktail-antioxidant","status":"publish","type":"product","link":"https:\/\/energystudio-agency.ro\/demo15\/shop\/ingrijire-personala-cosmetice\/ingrijire-ten\/seruri\/dermapen-cocktail-antioxidant\/","title":{"rendered":"DERMAPEN COCKTAIL ANTIOXIDANT"},"content":{"rendered":"<p>\u00cent\u0103ri\u021bi ap\u0103rarea pielii \u00eempotriva \u00eemb\u0103tr\u00e2nirii \u0219i a factorilor de mediu d\u0103un\u0103tori. Serul nostru corector fortificant ajut\u0103 la diminuarea efectelor de \u00eemb\u0103tr\u00e2nire ale polu\u0103rii, stresului \u0219i expunerii prelungite la soare.<\/p>\n<p>Conceput ini\u021bial pentru a fi utilizat direct dup\u0103 o procedur\u0103 Dermapen microneedling pentru neutralizarea radicalilor liberi, Dp Dermaceuticals COCKTAIL ANTIOXIDANT a devenit un produs esen\u021bial \u00een lupta \u00eempotriva \u00eemb\u0103tr\u00e2nirii \u0219i a tonusului \u0219i texturii inegale a pielii. Ofer\u0103 o acoperire f\u0103r\u0103 s\u0103 \u00eencarce, potrivit\u0103 pentru toate tipurile de piele, inclusiv tenuri problematice sau grase.<\/p>\n<p>Dup\u0103 cum sugereaz\u0103 \u0219i numele s\u0103u, COCKTAILUL ANTIOXIDANT este infuzat cu antioxidan\u021bi puternici, inclusiv vitaminele C \u0219i B3. De asemenea, con\u021bine combina\u021bia peptidic\u0103 puternic\u0103 dintre Argireline\u00ae \u0219i Syn\u00ae-Coll, care sunt dovedite clinic c\u0103 reduc ad\u00e2ncimea ridurilor \u0219i stimuleaz\u0103 colagenul pentru un ten ferm, ridicat \u0219i \u00eentinerit.<\/p>\n<div class=\"item\">\n<ul>\n<li>STR\u00c2NGE SI ILUMINEAZ\u00c3<\/li>\n<\/ul>\n<\/div>\n<div class=\"item\">\n<ul>\n<li>PROTEJEAZ\u00c3 \u00ceMPOTRIVA RADICALILOR LIBERI<\/li>\n<\/ul>\n<\/div>\n<div class=\"item\">\n<ul>\n<li>SCUT PROTECTOR DE MEDIU<\/li>\n<\/ul>\n<\/div>\n","protected":false},"excerpt":{"rendered":"<p>Acest amestec superb de antioxidan\u021bi func\u021bioneaz\u0103 ca un scut de protec\u021bie \u00eempotriva mediului \u00eenconjur\u0103tor, protej\u00e2nd \u00eempotriva atacurilor radicalilor liberi rezultate at\u00e2t din factorii naturali, c\u00e2t \u0219i din cei din mediu. Dp Dermaceuticals ANTIOXIDANT COCKTAIL &#x2122; este serul dvs. indispensabil pentru a inversa semnele \u00eemb\u0103tr\u00e2nirii, a lumina tonusul pielii \u0219i a str\u00e2nge pielea l\u0103sat\u0103.<\/p>\n","protected":false},"featured_media":19823,"comment_status":"open","ping_status":"closed","template":"","meta":[],"etheme_brands":[],"product_cat":[739,798],"product_tag":[754,763,751,784,795,785,786],"class_list":{"0":"post-19762","1":"product","2":"type-product","3":"status-publish","4":"has-post-thumbnail","6":"product_cat-ingrijire-ten","7":"product_cat-seruri","8":"product_tag-antirid","9":"product_tag-protectie-solara","10":"product_tag-ser","11":"product_tag-ser-cu-vitamina-c","12":"product_tag-ser-de-fata","13":"product_tag-vit-c","14":"product_tag-vitamina-c","16":"first","17":"instock","18":"sale","19":"shipping-taxable","20":"purchasable","21":"product-type-simple"},"_links":{"self":[{"href":"https:\/\/energystudio-agency.ro\/demo15\/wp-json\/wp\/v2\/product\/19762","targetHints":{"allow":["GET"]}}],"collection":[{"href":"https:\/\/energystudio-agency.ro\/demo15\/wp-json\/wp\/v2\/product"}],"about":[{"href":"https:\/\/energystudio-agency.ro\/demo15\/wp-json\/wp\/v2\/types\/product"}],"replies":[{"embeddable":true,"href":"https:\/\/energystudio-agency.ro\/demo15\/wp-json\/wp\/v2\/comments?post=19762"}],"version-history":[{"count":1,"href":"https:\/\/energystudio-agency.ro\/demo15\/wp-json\/wp\/v2\/product\/19762\/revisions"}],"predecessor-version":[{"id":19827,"href":"https:\/\/energystudio-agency.ro\/demo15\/wp-json\/wp\/v2\/product\/19762\/revisions\/19827"}],"wp:featuredmedia":[{"embeddable":true,"href":"https:\/\/energystudio-agency.ro\/demo15\/wp-json\/wp\/v2\/media\/19823"}],"wp:attachment":[{"href":"https:\/\/energystudio-agency.ro\/demo15\/wp-json\/wp\/v2\/media?parent=19762"}],"wp:term":[{"taxonomy":"brand","embeddable":true,"href":"https:\/\/energystudio-agency.ro\/demo15\/wp-json\/wp\/v2\/etheme_brands?post=19762"},{"taxonomy":"product_cat","embeddable":true,"href":"https:\/\/energystudio-agency.ro\/demo15\/wp-json\/wp\/v2\/product_cat?post=19762"},{"taxonomy":"product_tag","embeddable":true,"href":"https:\/\/energystudio-agency.ro\/demo15\/wp-json\/wp\/v2\/product_tag?post=19762"}],"curies":[{"name":"wp","href":"https:\/\/api.w.org\/{rel}","templated":true}]}}