{"id":19764,"date":"2022-12-13T22:26:31","date_gmt":"2022-12-13T22:26:31","guid":{"rendered":"https:\/\/energystudio-agency.ro\/demo15\/?post_type=product&#038;p=19764"},"modified":"2022-12-13T23:10:58","modified_gmt":"2022-12-13T23:10:58","slug":"dermapen-set-5-masti-hyla-active","status":"publish","type":"product","link":"https:\/\/energystudio-agency.ro\/demo15\/shop\/ingrijire-personala-cosmetice\/ingrijire-ten\/masti-facilale\/dermapen-set-5-masti-hyla-active\/","title":{"rendered":"DERMAPEN SET 5 MASTI HYLA ACTIVE"},"content":{"rendered":"<p>Fiecare masc\u0103 HYLA ACTIVE 3D SCULPTURED MASK este conceput\u0103 inteligent pentru a se mula \u00een siguran\u021b\u0103 pe contururile fe\u021bei \u0219i a zonei superioare a g\u00e2tului, livr\u00e2nd acid hialuronic (AH) pur hidratant ad\u00e2nc \u00een piele. Con\u021bine peptide de cupru stimulante, precursori ai colagenului, pentru o piele cu aspect vizibil mai t\u00e2n\u0103r.<\/p>\n<p>Propriet\u0103\u021bile curative ale zincului \u0219i ale pro-vitaminei B5 v\u0103 \u00eent\u0103resc bariera natural\u0103 a pielii. MASTILE HYLA ACTIVE 3D SCULPTURED MASK au fost concepute pentru a fi aplicate imediat dup\u0103 orice procedur\u0103 clinic\u0103, inclusiv microneedling \u0219i \u00dcBER Peels pentru a ajuta la refacerea \u0219i rehidratarea pielii \u0219i un confort mai mare.<\/p>\n<p>Aplica\u021bi masca de fa\u021b\u0103 hidratant\u0103 \u00een timpul sau dup\u0103 zboruri lungi pentru a rehidrata pielea; dup\u0103 expunere la vreme extrem\u0103; \u0219i ca o stimulare rapid\u0103 a pielii \u00eenainte de evenimente speciale.<\/p>\n<div class=\"item\">\n<ul>\n<li>MASC\u00c3 FACIAL\u00c3 INTENS HIDRATANT\u00c3<\/li>\n<\/ul>\n<\/div>\n<div class=\"item\">\n<ul>\n<li>FIXARE FERM\u00c3 PE FA\u021a\u00c3 \u0218I SUB B\u00c3RBIE<\/li>\n<\/ul>\n<\/div>\n<div class=\"item\">\n<ul>\n<li>PIELE MAI FIN\u0102, FERM\u0102, RADIANT\u0102<\/li>\n<\/ul>\n<\/div>\n<p>&nbsp;<\/p>\n","protected":false},"excerpt":{"rendered":"<p>Masca noastr\u0103 de fa\u021b\u0103 hidratant\u0103 vedet\u0103 are urm\u0103ritori devota\u021bi. Adep\u021bii ador\u0103 MASCA HYLA ACTIVE &#x2122;3D SCULPTURED MASK pentru propriet\u0103\u021bile sale puternice de hidratare \u0219i vindecare. Dispun\u00e2nd de o doz\u0103 intensiv\u0103 de complex HylaFuse &#x2122; &#8211; formularea noastr\u0103 de acid hialuronic &#8211; pielea dvs. apare revitalizat\u0103, neted\u0103 \u0219i stimulat\u0103<\/p>\n","protected":false},"featured_media":19854,"comment_status":"open","ping_status":"closed","template":"","meta":[],"etheme_brands":[],"product_cat":[739,802],"product_tag":[753,803,757,804,750],"class_list":{"0":"post-19764","1":"product","2":"type-product","3":"status-publish","4":"has-post-thumbnail","6":"product_cat-ingrijire-ten","7":"product_cat-masti-facilale","8":"product_tag-antiage","9":"product_tag-cicatrici","10":"product_tag-hidratare","11":"product_tag-masca-de-fata","12":"product_tag-riduri","14":"first","15":"instock","16":"sale","17":"shipping-taxable","18":"purchasable","19":"product-type-simple"},"_links":{"self":[{"href":"https:\/\/energystudio-agency.ro\/demo15\/wp-json\/wp\/v2\/product\/19764","targetHints":{"allow":["GET"]}}],"collection":[{"href":"https:\/\/energystudio-agency.ro\/demo15\/wp-json\/wp\/v2\/product"}],"about":[{"href":"https:\/\/energystudio-agency.ro\/demo15\/wp-json\/wp\/v2\/types\/product"}],"replies":[{"embeddable":true,"href":"https:\/\/energystudio-agency.ro\/demo15\/wp-json\/wp\/v2\/comments?post=19764"}],"version-history":[{"count":1,"href":"https:\/\/energystudio-agency.ro\/demo15\/wp-json\/wp\/v2\/product\/19764\/revisions"}],"predecessor-version":[{"id":19859,"href":"https:\/\/energystudio-agency.ro\/demo15\/wp-json\/wp\/v2\/product\/19764\/revisions\/19859"}],"wp:featuredmedia":[{"embeddable":true,"href":"https:\/\/energystudio-agency.ro\/demo15\/wp-json\/wp\/v2\/media\/19854"}],"wp:attachment":[{"href":"https:\/\/energystudio-agency.ro\/demo15\/wp-json\/wp\/v2\/media?parent=19764"}],"wp:term":[{"taxonomy":"brand","embeddable":true,"href":"https:\/\/energystudio-agency.ro\/demo15\/wp-json\/wp\/v2\/etheme_brands?post=19764"},{"taxonomy":"product_cat","embeddable":true,"href":"https:\/\/energystudio-agency.ro\/demo15\/wp-json\/wp\/v2\/product_cat?post=19764"},{"taxonomy":"product_tag","embeddable":true,"href":"https:\/\/energystudio-agency.ro\/demo15\/wp-json\/wp\/v2\/product_tag?post=19764"}],"curies":[{"name":"wp","href":"https:\/\/api.w.org\/{rel}","templated":true}]}}