{"id":19766,"date":"2022-12-13T22:26:31","date_gmt":"2022-12-13T22:26:31","guid":{"rendered":"https:\/\/energystudio-agency.ro\/demo15\/?post_type=product&#038;p=19766"},"modified":"2022-12-13T23:10:59","modified_gmt":"2022-12-13T23:10:59","slug":"dp-dermaceuticals-cbd-elixir-30-ml","status":"publish","type":"product","link":"https:\/\/energystudio-agency.ro\/demo15\/shop\/ingrijire-personala-cosmetice\/ingrijire-ten\/hidratare\/dp-dermaceuticals-cbd-elixir-30-ml\/","title":{"rendered":"DP DERMACEUTICALS CBD ELIXIR 30 ml"},"content":{"rendered":"<p>ELIXIR-ul nostru CBD calmeaz\u0103 \u00een mod natural sensibilitatea pielii \u00eenainte de procedurile de microneedling.<\/p>\n<p>CBD ELIXIR con\u021bine doar cele mai bune ingrediente. CBD cu spectru larg provine din cea mai pur\u0103 canep\u0103 . Uleiul de cocos frac\u021bionat cu trigliceride cu lan\u021b mediu (MCT) natural \u0219i organic este utilizat pentru stabilizarea acestor ingrediente benefice, precum \u0219i pentru intensificarea propriet\u0103\u021bilor de hidratare \u0219i \u00eentinerire a pielii. CBD ac\u021bioneaz\u0103 ca un stimulent de ingrediente, perfect pentru amestecarea cu alte creme pentru rezultate exceptionale.<\/p>\n<p>CBD (canabidiolul) este un canabinoid natural \u00een planta de canabis. Tincturile de CBD nu sunt psihoactive &#8211; starea \u0219i con\u0219tiin\u021ba ta mental\u0103 nu vor fi modificate \u00een niciun fel. Acest remediu natural pe baz\u0103 de plante este sigur pentru toate tipurile de piele.<\/p>\n","protected":false},"excerpt":{"rendered":"<p>Un CBD ELIXIR &#x2122; cu spectru larg pentru a oferi relaxare total\u0103 \u0219i vindecare pentru minte, corp \u0219i piele. Acest amestec non-psihoactiv poate fi aplicat local pe piele. Propriet\u0103\u021bile sale analgezice calmeaz\u0103 pielea, reduc\u00e2nd disconfortul \u00een timpul procedurilor.<\/p>\n","protected":false},"featured_media":19865,"comment_status":"open","ping_status":"closed","template":"","meta":[],"etheme_brands":[],"product_cat":[746,739,798],"product_tag":[807,757,751,795,808],"class_list":{"0":"post-19766","1":"product","2":"type-product","3":"status-publish","4":"has-post-thumbnail","6":"product_cat-hidratare","7":"product_cat-ingrijire-ten","8":"product_cat-seruri","9":"product_tag-calmant","10":"product_tag-hidratare","11":"product_tag-ser","12":"product_tag-ser-de-fata","13":"product_tag-vindecare-ten","15":"first","16":"instock","17":"sale","18":"shipping-taxable","19":"purchasable","20":"product-type-simple"},"_links":{"self":[{"href":"https:\/\/energystudio-agency.ro\/demo15\/wp-json\/wp\/v2\/product\/19766","targetHints":{"allow":["GET"]}}],"collection":[{"href":"https:\/\/energystudio-agency.ro\/demo15\/wp-json\/wp\/v2\/product"}],"about":[{"href":"https:\/\/energystudio-agency.ro\/demo15\/wp-json\/wp\/v2\/types\/product"}],"replies":[{"embeddable":true,"href":"https:\/\/energystudio-agency.ro\/demo15\/wp-json\/wp\/v2\/comments?post=19766"}],"version-history":[{"count":1,"href":"https:\/\/energystudio-agency.ro\/demo15\/wp-json\/wp\/v2\/product\/19766\/revisions"}],"predecessor-version":[{"id":19869,"href":"https:\/\/energystudio-agency.ro\/demo15\/wp-json\/wp\/v2\/product\/19766\/revisions\/19869"}],"wp:featuredmedia":[{"embeddable":true,"href":"https:\/\/energystudio-agency.ro\/demo15\/wp-json\/wp\/v2\/media\/19865"}],"wp:attachment":[{"href":"https:\/\/energystudio-agency.ro\/demo15\/wp-json\/wp\/v2\/media?parent=19766"}],"wp:term":[{"taxonomy":"brand","embeddable":true,"href":"https:\/\/energystudio-agency.ro\/demo15\/wp-json\/wp\/v2\/etheme_brands?post=19766"},{"taxonomy":"product_cat","embeddable":true,"href":"https:\/\/energystudio-agency.ro\/demo15\/wp-json\/wp\/v2\/product_cat?post=19766"},{"taxonomy":"product_tag","embeddable":true,"href":"https:\/\/energystudio-agency.ro\/demo15\/wp-json\/wp\/v2\/product_tag?post=19766"}],"curies":[{"name":"wp","href":"https:\/\/api.w.org\/{rel}","templated":true}]}}