{"id":19767,"date":"2022-12-13T22:26:32","date_gmt":"2022-12-13T22:26:32","guid":{"rendered":"https:\/\/energystudio-agency.ro\/demo15\/?post_type=product&#038;p=19767"},"modified":"2022-12-13T23:10:56","modified_gmt":"2022-12-13T23:10:56","slug":"dp-dermaceuticals-cbd-uber-balm-30-ml","status":"publish","type":"product","link":"https:\/\/energystudio-agency.ro\/demo15\/shop\/ingrijire-personala-cosmetice\/ingrijire-ten\/hidratare\/dp-dermaceuticals-cbd-uber-balm-30-ml\/","title":{"rendered":"DP DERMACEUTICALS CBD UBER-BALM 30 ml"},"content":{"rendered":"<p>Inflama\u021bia se \u00eentinde \u0219i d\u0103uneaz\u0103 pielii, cresc\u00e2nd rata de dezvoltare a ridurilor. Cannabidiolul (CBD) calmeaz\u0103 \u0219i hr\u0103ne\u0219te pielea inflamat\u0103, contribuind la reducerea semnelor vizibile ale \u00eemb\u0103tr\u00e2nirii.<\/p>\n<p>Cu compu\u0219i antiinflamatori \u0219i antioxidan\u021bi puternici, acest balsam calmant CBD este potrivit pentru pielea cicatrizat\u0103 sau sensibil\u0103 \u0219i este deosebit de eficient pe pielea uscat\u0103 persistent\u0103. S-a demonstrat recent c\u0103 uleiul de migdale reduce cicatricile dup\u0103 proceduri invazive \u0219i v\u0103 neteze\u0219te \u0219i \u00eentinere\u0219te pielea.<\/p>\n<p>&nbsp;<\/p>\n","protected":false},"excerpt":{"rendered":"<p>Balsamul nostru calmant SOS universal este de nelipsit din orice trus\u00e3 de \u00eengrijire. Bucura\u021bi-v\u0103 de un amestec matasos de ulei organic de migdale, m\u0103sline \u0219i jojoba, cu izolat 99,7% CBD derivat din c\u00e2nep\u00e3 , extrem de hr\u0103nitor \u0219i bogat \u00een antioxidan\u021bi. CBD \u00dcBER CALM BALM &#x2122; ofer\u0103 o calmare rapid\u0103 \u0219i sigur\u0103 a pielii iritate, \u00een timp ce hidrateaz\u0103 pielea \u0219i reduce tensiunea.<\/p>\n","protected":false},"featured_media":19870,"comment_status":"open","ping_status":"closed","template":"","meta":[],"etheme_brands":[],"product_cat":[746,739],"product_tag":[809,810,757,811,761],"class_list":{"0":"post-19767","1":"product","2":"type-product","3":"status-publish","4":"has-post-thumbnail","6":"product_cat-hidratare","7":"product_cat-ingrijire-ten","8":"product_tag-balsam-de-fata","9":"product_tag-crrema-de-fata","10":"product_tag-hidratare","11":"product_tag-reducerea-cicatricilor","12":"product_tag-ten-uscat","14":"first","15":"instock","16":"sale","17":"shipping-taxable","18":"purchasable","19":"product-type-simple"},"_links":{"self":[{"href":"https:\/\/energystudio-agency.ro\/demo15\/wp-json\/wp\/v2\/product\/19767","targetHints":{"allow":["GET"]}}],"collection":[{"href":"https:\/\/energystudio-agency.ro\/demo15\/wp-json\/wp\/v2\/product"}],"about":[{"href":"https:\/\/energystudio-agency.ro\/demo15\/wp-json\/wp\/v2\/types\/product"}],"replies":[{"embeddable":true,"href":"https:\/\/energystudio-agency.ro\/demo15\/wp-json\/wp\/v2\/comments?post=19767"}],"version-history":[{"count":1,"href":"https:\/\/energystudio-agency.ro\/demo15\/wp-json\/wp\/v2\/product\/19767\/revisions"}],"predecessor-version":[{"id":19874,"href":"https:\/\/energystudio-agency.ro\/demo15\/wp-json\/wp\/v2\/product\/19767\/revisions\/19874"}],"wp:featuredmedia":[{"embeddable":true,"href":"https:\/\/energystudio-agency.ro\/demo15\/wp-json\/wp\/v2\/media\/19870"}],"wp:attachment":[{"href":"https:\/\/energystudio-agency.ro\/demo15\/wp-json\/wp\/v2\/media?parent=19767"}],"wp:term":[{"taxonomy":"brand","embeddable":true,"href":"https:\/\/energystudio-agency.ro\/demo15\/wp-json\/wp\/v2\/etheme_brands?post=19767"},{"taxonomy":"product_cat","embeddable":true,"href":"https:\/\/energystudio-agency.ro\/demo15\/wp-json\/wp\/v2\/product_cat?post=19767"},{"taxonomy":"product_tag","embeddable":true,"href":"https:\/\/energystudio-agency.ro\/demo15\/wp-json\/wp\/v2\/product_tag?post=19767"}],"curies":[{"name":"wp","href":"https:\/\/api.w.org\/{rel}","templated":true}]}}