{"id":19769,"date":"2022-12-13T22:26:32","date_gmt":"2022-12-13T22:26:32","guid":{"rendered":"https:\/\/energystudio-agency.ro\/demo15\/?post_type=product&#038;p=19769"},"modified":"2022-12-13T23:10:56","modified_gmt":"2022-12-13T23:10:56","slug":"dp-dermaceuticals-cliniprep-100-ml","status":"publish","type":"product","link":"https:\/\/energystudio-agency.ro\/demo15\/shop\/ingrijire-personala-cosmetice\/ingrijire-ten\/cleanser\/dp-dermaceuticals-cliniprep-100-ml\/","title":{"rendered":"DP DERMACEUTICALS CLINIPREP 100 ml"},"content":{"rendered":"<p>CLINIPREP \u00eendep\u0103rteaz\u0103 machiajul \u0219i excesul de sebum \u0219i este de nelipsit \u00eenainte, \u00een timpul \u0219i dup\u0103 tratamentele Dermapen &#x2122; datorit\u0103 cur\u0103\u021b\u0103rii rapide \u0219i a controlului antimicrobian. De\u0219i este mortal pentru agen\u021bii patogeni, cum ar fi viru\u0219ii \u0219i bacteriile, CLINIPREP nu interfereaz\u0103 cu regenerarea celular\u0103, ideal\u0103 pentru stadiul de recuperare dupa microneedling \u0219i peelinguri chimice atunci c\u00e2nd pielea este vulnerabil\u0103 la infec\u021bii.<\/p>\n<p>Este un produs de cur\u0103\u021bare a fe\u021bei antibacterian incredibil de delicat, f\u0103r\u0103 alcool sau alte ingrediente care ar putea provoca usturimi, sensibilitate, irita\u021bii sau usc\u0103ciunea pielii \u0219i a ochilor.<\/p>\n<p>CLINIPREP con\u021bine o versiune unic\u0103 de \u00eenalt\u0103 puritate, stabil\u0103, a acidului hipocloros (HOCI), care reduce \u00eemb\u0103tr\u00e2nirea pielii, promoveaz\u0103 dezvoltarea de noi celule cutanate peste r\u0103ni \u0219i stimuleaz\u0103 imunitatea la germeni.<\/p>\n","protected":false},"excerpt":{"rendered":"<p>Formula noastr\u0103 antimicrobian\u0103 de cur\u0103\u021bare a pielii ofer\u0103 o protec\u021bie rapid\u0103 \u0219i eficient\u0103 \u00eempotriva contamin\u00e3rii.<\/p>\n<p>Folosi\u021bi-l oric\u00e2nd dori\u021bi fa\u021ba, m\u00e2inile \u0219i corpul curate clinic. CLINIPREP &#x2122; este un produs de cur\u0103\u021bare \u0219i toner antibacterian ideal pentru acas\u0103, pentru a reduce apari\u021bia acneei \u0219i a conditiilor problematice ale pielii<\/p>\n","protected":false},"featured_media":19876,"comment_status":"open","ping_status":"closed","template":"","meta":[],"etheme_brands":[],"product_cat":[766,739],"product_tag":[767,768,769,771],"class_list":{"0":"post-19769","1":"product","2":"type-product","3":"status-publish","4":"has-post-thumbnail","6":"product_cat-cleanser","7":"product_cat-ingrijire-ten","8":"product_tag-cleanser","9":"product_tag-curatare","10":"product_tag-demachiant","11":"product_tag-ten-sensibil","13":"first","14":"instock","15":"sale","16":"shipping-taxable","17":"purchasable","18":"product-type-simple"},"_links":{"self":[{"href":"https:\/\/energystudio-agency.ro\/demo15\/wp-json\/wp\/v2\/product\/19769","targetHints":{"allow":["GET"]}}],"collection":[{"href":"https:\/\/energystudio-agency.ro\/demo15\/wp-json\/wp\/v2\/product"}],"about":[{"href":"https:\/\/energystudio-agency.ro\/demo15\/wp-json\/wp\/v2\/types\/product"}],"replies":[{"embeddable":true,"href":"https:\/\/energystudio-agency.ro\/demo15\/wp-json\/wp\/v2\/comments?post=19769"}],"version-history":[{"count":1,"href":"https:\/\/energystudio-agency.ro\/demo15\/wp-json\/wp\/v2\/product\/19769\/revisions"}],"predecessor-version":[{"id":19878,"href":"https:\/\/energystudio-agency.ro\/demo15\/wp-json\/wp\/v2\/product\/19769\/revisions\/19878"}],"wp:featuredmedia":[{"embeddable":true,"href":"https:\/\/energystudio-agency.ro\/demo15\/wp-json\/wp\/v2\/media\/19876"}],"wp:attachment":[{"href":"https:\/\/energystudio-agency.ro\/demo15\/wp-json\/wp\/v2\/media?parent=19769"}],"wp:term":[{"taxonomy":"brand","embeddable":true,"href":"https:\/\/energystudio-agency.ro\/demo15\/wp-json\/wp\/v2\/etheme_brands?post=19769"},{"taxonomy":"product_cat","embeddable":true,"href":"https:\/\/energystudio-agency.ro\/demo15\/wp-json\/wp\/v2\/product_cat?post=19769"},{"taxonomy":"product_tag","embeddable":true,"href":"https:\/\/energystudio-agency.ro\/demo15\/wp-json\/wp\/v2\/product_tag?post=19769"}],"curies":[{"name":"wp","href":"https:\/\/api.w.org\/{rel}","templated":true}]}}