{"id":19771,"date":"2022-12-13T22:26:32","date_gmt":"2022-12-13T22:26:32","guid":{"rendered":"https:\/\/energystudio-agency.ro\/demo15\/?post_type=product&#038;p=19771"},"modified":"2022-12-13T23:10:57","modified_gmt":"2022-12-13T23:10:57","slug":"dp-dermaceuticals-retinal-active-50ml","status":"publish","type":"product","link":"https:\/\/energystudio-agency.ro\/demo15\/shop\/ingrijire-personala-cosmetice\/ingrijire-ten\/hidratare\/dp-dermaceuticals-retinal-active-50ml\/","title":{"rendered":"DP DERMACEUTICALS RETINAL ACTIVE 50ml"},"content":{"rendered":"<p>RETINAL ACTIVE ofer\u0103 o combina\u021bie puternic\u0103 de agen\u021bi de \u00eentinerire cu antioxidan\u021bi anti-\u00eemb\u0103tr\u00e2nire. O infuzie intens\u0103 de vitamina A, ac\u021bioneaz\u0103 activ pentru a diminua semnele vizibile de deteriorare a pielii cauzate de soare \u0219i \u00eemb\u0103tr\u00e2nire.<\/p>\n<p>Acest produs nutritiv con\u021bine retinaldehid\u0103 pentru a ajuta la diminuarea aspectului cicatricilor, ridurilor profunde, vergeturilor \u0219i atrofiei datorit\u0103 ac\u021biunii sale de stimulare a re\u00eennoirii celulelor s\u0103n\u0103toase. Retinaldehida este mai bine tolerat\u0103 dec\u00e2t acidul retinoic, f\u0103c\u00e2ndu-l o op\u021biune bun\u0103 pentru cei cu pielea sensibil\u0103 sau delicat\u0103.<\/p>\n<p>RETINAL ACTIVE este o crem\u0103 pre \u0219i post-procedur\u0103 aprobat\u0103 de Dermapen pentru microneedling. Poate fi, de asemenea, utilizat ca o crem\u0103 de noapte pentru efectul de lifting.<\/p>\n","protected":false},"excerpt":{"rendered":"<p>Aceast\u0103 solu\u021bie puternic\u0103 con\u021bine cea mai \u00eenalt\u0103 form\u0103 de retinoid disponibil f\u0103r\u0103 prescrip\u021bie medical\u0103, retinaldehid\u0103 (vitamina A). RETINAL ACTIVE este o crem\u0103 de fa\u021b\u0103 cu efect de lifting, care combin\u0103 propriet\u0103\u021bile de reparare \u0219i \u00eentinerire \u0219i antioxidan\u021bii anti-\u00eemb\u0103tr\u00e2nire. Se utilizeaz\u0103 seara pe piele mixt\u0103, \u00eemb\u0103tr\u00e2nit\u0103, ridat\u0103 sau pigmentat\u0103<\/p>\n","protected":false},"featured_media":19884,"comment_status":"open","ping_status":"closed","template":"","meta":[],"etheme_brands":[],"product_cat":[746,739,747],"product_tag":[754,755,780,771,805],"class_list":{"0":"post-19771","1":"product","2":"type-product","3":"status-publish","4":"has-post-thumbnail","6":"product_cat-hidratare","7":"product_cat-ingrijire-ten","8":"product_cat-riduri","9":"product_tag-antirid","10":"product_tag-crema-de-fata","11":"product_tag-crema-de-noapte","12":"product_tag-ten-sensibil","13":"product_tag-vitamina-a","15":"first","16":"instock","17":"sale","18":"shipping-taxable","19":"purchasable","20":"product-type-simple"},"_links":{"self":[{"href":"https:\/\/energystudio-agency.ro\/demo15\/wp-json\/wp\/v2\/product\/19771","targetHints":{"allow":["GET"]}}],"collection":[{"href":"https:\/\/energystudio-agency.ro\/demo15\/wp-json\/wp\/v2\/product"}],"about":[{"href":"https:\/\/energystudio-agency.ro\/demo15\/wp-json\/wp\/v2\/types\/product"}],"replies":[{"embeddable":true,"href":"https:\/\/energystudio-agency.ro\/demo15\/wp-json\/wp\/v2\/comments?post=19771"}],"version-history":[{"count":1,"href":"https:\/\/energystudio-agency.ro\/demo15\/wp-json\/wp\/v2\/product\/19771\/revisions"}],"predecessor-version":[{"id":19888,"href":"https:\/\/energystudio-agency.ro\/demo15\/wp-json\/wp\/v2\/product\/19771\/revisions\/19888"}],"wp:featuredmedia":[{"embeddable":true,"href":"https:\/\/energystudio-agency.ro\/demo15\/wp-json\/wp\/v2\/media\/19884"}],"wp:attachment":[{"href":"https:\/\/energystudio-agency.ro\/demo15\/wp-json\/wp\/v2\/media?parent=19771"}],"wp:term":[{"taxonomy":"brand","embeddable":true,"href":"https:\/\/energystudio-agency.ro\/demo15\/wp-json\/wp\/v2\/etheme_brands?post=19771"},{"taxonomy":"product_cat","embeddable":true,"href":"https:\/\/energystudio-agency.ro\/demo15\/wp-json\/wp\/v2\/product_cat?post=19771"},{"taxonomy":"product_tag","embeddable":true,"href":"https:\/\/energystudio-agency.ro\/demo15\/wp-json\/wp\/v2\/product_tag?post=19771"}],"curies":[{"name":"wp","href":"https:\/\/api.w.org\/{rel}","templated":true}]}}