{"id":19772,"date":"2022-12-13T22:26:32","date_gmt":"2022-12-13T22:26:32","guid":{"rendered":"https:\/\/energystudio-agency.ro\/demo15\/?post_type=product&#038;p=19772"},"modified":"2022-12-13T23:10:57","modified_gmt":"2022-12-13T23:10:57","slug":"dp-dermaceuticals-ser-ochi-cbd-r-e-r-15ml","status":"publish","type":"product","link":"https:\/\/energystudio-agency.ro\/demo15\/shop\/ingrijire-personala-cosmetice\/ingrijire-ten\/cearcane\/dp-dermaceuticals-ser-ochi-cbd-r-e-r-15ml\/","title":{"rendered":"DP DERMACEUTICALS SER OCHI CBD R.E.R. 15ml"},"content":{"rendered":"<p>Izolatul de CBD derivat din c\u00e2nep\u0103 pur de 99,7% este combinat cu alte ingrediente de \u00eentinerire \u0219i anti-\u00eemb\u0103tr\u00e2nire adecvate zonei oculare fragile. Tehnologia noastr\u0103 sofisticat\u0103 de livrare Calphasomes &#x2122; \u00eencapsuleaz\u0103 beneficiile CBD pentru a p\u0103trunde \u00een piele \u00een mod eficient. Aceast\u0103 crem\u0103 hr\u0103nitoare anti-\u00eemb\u0103tr\u00e2nire bogat\u0103 \u00een antioxidan\u021bi vizeaz\u0103 rapid umfl\u0103turile \u0219i ofer\u0103 protec\u021bie pentru calmarea \u0219i calmarea pielii inflamate.<\/p>\n<p>CBD R.E.R. CREMA DE OCHI este infuzat\u0103 cu vitamina C, un puternic antioxidant care combate efectele d\u0103un\u0103toare ale \u00eemb\u0103tr\u00e2nirii. Elimin\u0103 radicalii liberi care se acumuleaz\u0103 \u00een piele din cauza expunerii la razele ultraviolete din lumina soarelui.<\/p>\n","protected":false},"excerpt":{"rendered":"<p>Gata cu ochii umflati cu aspect obosit. CBD R.E.R. EYE CREAM &#x2122; tonific\u0103 vizibil \u0219i ridic\u0103 contururile \u0219i diminueaz\u0103 aspectul de umfl\u0103turi \u0219i cearc\u0103ne \u00een jurul ochilor. Folosi\u021bi crema noastr\u0103 de ochi anti-\u00eemb\u0103tr\u00e2nire cu CBD noaptea pentru r\u0103cire instantanee, rezultate reconfortante \u0219i \u00eembun\u0103t\u0103\u021bite.<\/p>\n","protected":false},"featured_media":19889,"comment_status":"open","ping_status":"closed","template":"","meta":[],"etheme_brands":[],"product_cat":[740,739],"product_tag":[754,741,742,818,786,745],"class_list":{"0":"post-19772","1":"product","2":"type-product","3":"status-publish","4":"has-post-thumbnail","6":"product_cat-cearcane","7":"product_cat-ingrijire-ten","8":"product_tag-antirid","9":"product_tag-cearcane","10":"product_tag-crema-de-ochi","11":"product_tag-punghi-de-sub-ochi","12":"product_tag-vitamina-c","13":"product_tag-zona-din-jurul-ochilor","15":"first","16":"instock","17":"sale","18":"shipping-taxable","19":"purchasable","20":"product-type-simple"},"_links":{"self":[{"href":"https:\/\/energystudio-agency.ro\/demo15\/wp-json\/wp\/v2\/product\/19772","targetHints":{"allow":["GET"]}}],"collection":[{"href":"https:\/\/energystudio-agency.ro\/demo15\/wp-json\/wp\/v2\/product"}],"about":[{"href":"https:\/\/energystudio-agency.ro\/demo15\/wp-json\/wp\/v2\/types\/product"}],"replies":[{"embeddable":true,"href":"https:\/\/energystudio-agency.ro\/demo15\/wp-json\/wp\/v2\/comments?post=19772"}],"version-history":[{"count":1,"href":"https:\/\/energystudio-agency.ro\/demo15\/wp-json\/wp\/v2\/product\/19772\/revisions"}],"predecessor-version":[{"id":19893,"href":"https:\/\/energystudio-agency.ro\/demo15\/wp-json\/wp\/v2\/product\/19772\/revisions\/19893"}],"wp:featuredmedia":[{"embeddable":true,"href":"https:\/\/energystudio-agency.ro\/demo15\/wp-json\/wp\/v2\/media\/19889"}],"wp:attachment":[{"href":"https:\/\/energystudio-agency.ro\/demo15\/wp-json\/wp\/v2\/media?parent=19772"}],"wp:term":[{"taxonomy":"brand","embeddable":true,"href":"https:\/\/energystudio-agency.ro\/demo15\/wp-json\/wp\/v2\/etheme_brands?post=19772"},{"taxonomy":"product_cat","embeddable":true,"href":"https:\/\/energystudio-agency.ro\/demo15\/wp-json\/wp\/v2\/product_cat?post=19772"},{"taxonomy":"product_tag","embeddable":true,"href":"https:\/\/energystudio-agency.ro\/demo15\/wp-json\/wp\/v2\/product_tag?post=19772"}],"curies":[{"name":"wp","href":"https:\/\/api.w.org\/{rel}","templated":true}]}}