{"id":19773,"date":"2022-12-13T22:26:32","date_gmt":"2022-12-13T22:26:32","guid":{"rendered":"https:\/\/energystudio-agency.ro\/demo15\/?post_type=product&#038;p=19773"},"modified":"2022-12-13T23:10:57","modified_gmt":"2022-12-13T23:10:57","slug":"dp-dermaceuticals-microderm-exfoliant","status":"publish","type":"product","link":"https:\/\/energystudio-agency.ro\/demo15\/shop\/ingrijire-personala-cosmetice\/ingrijire-ten\/diminuarea-porilor\/dp-dermaceuticals-microderm-exfoliant\/","title":{"rendered":"DP DERMACEUTICALS MICRODERM EXFOLIANT"},"content":{"rendered":"<p>Nu pute\u021bi trece de MICRO DERM EXFOLIANT pentru a ob\u021bine o piele neted\u0103 \u0219i matasoas\u0103. Infuzat cu puterea extractului de bambus pentru a sprijini produc\u021bia de colagen \u00een timp ce v\u0103 exfoliaz\u0103 pielea, exfoliantul nostru exclusiv diminueaz\u0103 aspectul liniilor fine, ridurilor, porilor, petelor de v\u00e2rst\u0103, tonului neuniform \u0219i cicatricilor acneice. Extractul de bambus este bogat \u00een silice, un vindec\u0103tor natural, bl\u00e2nd \u0219i calmant pe pielea sensibil\u0103. Este, de asemenea, un puternic antioxidant care combate atacurile radicalilor liberi. Un alt ingredient cheie este acidul lactic, un exfoliant delicat care stimuleaz\u0103 re\u00eennoirea celulelor pentru o piele mai luminoas\u0103, mai fin\u0103 \u0219i mai moale.<\/p>\n<p>MICRO DERM EXFOLIANT trebuie utilizat zilnic \u0219i \u00eenainte de microneedling \u00eentr-un cadru clinic sau la domiciliu pentru a \u00eendep\u0103rta reziduurile matifiante \u0219i celulele moarte ale pielii, permi\u021b\u00e2nd o infuzie mai eficient\u0103 de seruri Meso-Glide &#x2122;.<\/p>\n","protected":false},"excerpt":{"rendered":"<p>Con\u021bin\u00e2nd extract de bambus bogat \u00een silice, MICRO DERM EXFOLIANT &#x2122; purific\u0103, clarific\u0103 \u0219i cur\u0103\u021b\u0103 rapid pielea pentru a dezv\u0103lui un ten re\u00eennoit \u0219i cu aspect mai s\u0103n\u0103tos. Exfoliantul nostru dedicat de fa\u021b\u0103 \u00eendep\u0103rteaz\u0103 reziduurile matifiante \u0219i celulele moarte ale pielii pentru un ten luminat. Las\u0103 toate tipurile de piele s\u0103 se simt\u0103 purificate \u0219i catifelate.<\/p>\n","protected":false},"featured_media":19894,"comment_status":"open","ping_status":"closed","template":"","meta":[],"etheme_brands":[],"product_cat":[812,778,813,739,779],"product_tag":[814,803,815,757,781,782,819,794],"class_list":{"0":"post-19773","1":"product","2":"type-product","3":"status-publish","4":"has-post-thumbnail","6":"product_cat-acnee","7":"product_cat-diminuarea-porilor","8":"product_cat-exfoliant","9":"product_cat-ingrijire-ten","10":"product_cat-pete-pigmentare","11":"product_tag-acnee","12":"product_tag-cicatrici","13":"product_tag-exfoliant","14":"product_tag-hidratare","15":"product_tag-hiperpigmentare","16":"product_tag-pete-pigmentare","17":"product_tag-por","18":"product_tag-pori-mariti","20":"first","21":"instock","22":"sale","23":"shipping-taxable","24":"purchasable","25":"product-type-simple"},"_links":{"self":[{"href":"https:\/\/energystudio-agency.ro\/demo15\/wp-json\/wp\/v2\/product\/19773","targetHints":{"allow":["GET"]}}],"collection":[{"href":"https:\/\/energystudio-agency.ro\/demo15\/wp-json\/wp\/v2\/product"}],"about":[{"href":"https:\/\/energystudio-agency.ro\/demo15\/wp-json\/wp\/v2\/types\/product"}],"replies":[{"embeddable":true,"href":"https:\/\/energystudio-agency.ro\/demo15\/wp-json\/wp\/v2\/comments?post=19773"}],"version-history":[{"count":1,"href":"https:\/\/energystudio-agency.ro\/demo15\/wp-json\/wp\/v2\/product\/19773\/revisions"}],"predecessor-version":[{"id":19897,"href":"https:\/\/energystudio-agency.ro\/demo15\/wp-json\/wp\/v2\/product\/19773\/revisions\/19897"}],"wp:featuredmedia":[{"embeddable":true,"href":"https:\/\/energystudio-agency.ro\/demo15\/wp-json\/wp\/v2\/media\/19894"}],"wp:attachment":[{"href":"https:\/\/energystudio-agency.ro\/demo15\/wp-json\/wp\/v2\/media?parent=19773"}],"wp:term":[{"taxonomy":"brand","embeddable":true,"href":"https:\/\/energystudio-agency.ro\/demo15\/wp-json\/wp\/v2\/etheme_brands?post=19773"},{"taxonomy":"product_cat","embeddable":true,"href":"https:\/\/energystudio-agency.ro\/demo15\/wp-json\/wp\/v2\/product_cat?post=19773"},{"taxonomy":"product_tag","embeddable":true,"href":"https:\/\/energystudio-agency.ro\/demo15\/wp-json\/wp\/v2\/product_tag?post=19773"}],"curies":[{"name":"wp","href":"https:\/\/api.w.org\/{rel}","templated":true}]}}