{"id":19834,"date":"2022-12-13T22:26:54","date_gmt":"2022-12-13T22:26:54","guid":{"rendered":"https:\/\/energystudio-agency.ro\/demo15\/?post_type=product&#038;p=19834"},"modified":"2022-12-13T23:10:55","modified_gmt":"2022-12-13T23:10:55","slug":"dp-dermaceuticals-ser-ochi-r-e-r-15ml","status":"publish","type":"product","link":"https:\/\/energystudio-agency.ro\/demo15\/shop\/ingrijire-personala-cosmetice\/ingrijire-ten\/cearcane\/dp-dermaceuticals-ser-ochi-r-e-r-15ml\/","title":{"rendered":"DP DERMACEUTICALS SER OCHI R.E.R. 15ml"},"content":{"rendered":"<p>Serul R.E.R. EYE SERUM combin\u0103 propriet\u0103\u021bile de \u00eentinerire \u0219i antioxidan\u021bii anti-\u00eemb\u0103tr\u00e2nire pentru a tonifia vizibil \u0219i ridica contururile din jurul ochilor \u0219i pentru a reduce umfl\u0103turile. Acest ser puternic de lifting al ochilor con\u021bine o infuzie intens\u0103 de vitamina A &#8211; Retinaldehid\u0103 &#8211; care ac\u021bioneaz\u0103 direct pentru a diminua semnele vizibile de deteriorare a pielii cauzate de soare \u0219i \u00eemb\u0103tr\u00e2nire.<\/p>\n<p>Beneficia\u021bi de cea mai activ\u0103 form\u0103 de vitamina A (Retinaldehid\u0103) disponibil\u0103 \u00eentr-o crem\u0103 de ochi, stimulat\u0103 de Bakuchiol. Aceste ingrediente puternice sunt tolerate \u00een zona delicat\u0103 a ochilor, datorit\u0103 sistemului de \u00eencapsulare \u0219i administrare dermic\u0103 numit Complex HylaFuse &#x2122; &#8211; formularea noastr\u0103 brevetat\u0103 de acid hialuronic (HA). Produsele care con\u021bin HylaFuse Complex continu\u0103 s\u0103 livreze hidratare \u0219i ingrediente active p\u00e2n\u0103 la opt ore dup\u0103 aplicare.<\/p>\n<p>R.E.R. EYE SERUM vine \u00eentr-un recipient inovator, f\u0103r\u0103 aer, de stilou cu role, care maseaz\u0103 u\u0219or \u0219i stimuleaz\u0103 zona delicat\u0103. Utilizarea tehnicilor de masaj limfatic poate \u00eembun\u0103t\u0103\u021bi circula\u021bia s\u00e2ngelui \u00een zon\u0103.<\/p>\n","protected":false},"excerpt":{"rendered":"<p>Ilumina\u021bi zona din jurul ochilor cu R.E.R. EYE SERUM &#x2122;. Tonific\u0103 \u0219i ridic\u0103 contururile \u0219i diminueaz\u0103 apari\u021bia umfl\u0103turilor \u0219i a cearc\u0103nelor. Folosi\u021bi aplicatorul special pentru a masa serul de lifting al ochilor seara pentru a r\u0103cori instantaneu \u0219i a revitaliza ochii obosi\u021bi.<\/p>\n","protected":false},"featured_media":19898,"comment_status":"open","ping_status":"closed","template":"","meta":[],"etheme_brands":[],"product_cat":[740,739,798],"product_tag":[754,741,818,751,745],"class_list":{"0":"post-19834","1":"product","2":"type-product","3":"status-publish","4":"has-post-thumbnail","6":"product_cat-cearcane","7":"product_cat-ingrijire-ten","8":"product_cat-seruri","9":"product_tag-antirid","10":"product_tag-cearcane","11":"product_tag-punghi-de-sub-ochi","12":"product_tag-ser","13":"product_tag-zona-din-jurul-ochilor","15":"first","16":"instock","17":"sale","18":"shipping-taxable","19":"purchasable","20":"product-type-simple"},"_links":{"self":[{"href":"https:\/\/energystudio-agency.ro\/demo15\/wp-json\/wp\/v2\/product\/19834","targetHints":{"allow":["GET"]}}],"collection":[{"href":"https:\/\/energystudio-agency.ro\/demo15\/wp-json\/wp\/v2\/product"}],"about":[{"href":"https:\/\/energystudio-agency.ro\/demo15\/wp-json\/wp\/v2\/types\/product"}],"replies":[{"embeddable":true,"href":"https:\/\/energystudio-agency.ro\/demo15\/wp-json\/wp\/v2\/comments?post=19834"}],"version-history":[{"count":1,"href":"https:\/\/energystudio-agency.ro\/demo15\/wp-json\/wp\/v2\/product\/19834\/revisions"}],"predecessor-version":[{"id":19902,"href":"https:\/\/energystudio-agency.ro\/demo15\/wp-json\/wp\/v2\/product\/19834\/revisions\/19902"}],"wp:featuredmedia":[{"embeddable":true,"href":"https:\/\/energystudio-agency.ro\/demo15\/wp-json\/wp\/v2\/media\/19898"}],"wp:attachment":[{"href":"https:\/\/energystudio-agency.ro\/demo15\/wp-json\/wp\/v2\/media?parent=19834"}],"wp:term":[{"taxonomy":"brand","embeddable":true,"href":"https:\/\/energystudio-agency.ro\/demo15\/wp-json\/wp\/v2\/etheme_brands?post=19834"},{"taxonomy":"product_cat","embeddable":true,"href":"https:\/\/energystudio-agency.ro\/demo15\/wp-json\/wp\/v2\/product_cat?post=19834"},{"taxonomy":"product_tag","embeddable":true,"href":"https:\/\/energystudio-agency.ro\/demo15\/wp-json\/wp\/v2\/product_tag?post=19834"}],"curies":[{"name":"wp","href":"https:\/\/api.w.org\/{rel}","templated":true}]}}