{"id":19835,"date":"2022-12-13T22:26:54","date_gmt":"2022-12-13T22:26:54","guid":{"rendered":"https:\/\/energystudio-agency.ro\/demo15\/?post_type=product&#038;p=19835"},"modified":"2022-12-13T23:10:55","modified_gmt":"2022-12-13T23:10:55","slug":"dp-dermaceuticals-cover-recover-tawny-20-ml","status":"publish","type":"product","link":"https:\/\/energystudio-agency.ro\/demo15\/shop\/ingrijire-personala-cosmetice\/ingrijire-ten\/spf\/dp-dermaceuticals-cover-recover-tawny-20-ml\/","title":{"rendered":"DP DERMACEUTICALS COVER RECOVER TAWNY 20 ml"},"content":{"rendered":"<p>COVER RECOVER &#x2122; este un game-changer. Ingredientele active din fondul de ten ajut\u0103 la recuperarea pielii dup\u0103 o procedur\u0103 de \u00eentinerire, cum ar fi microneedling, \u00een timp ce acoper\u0103 orice pete, ro\u0219ea\u021b\u0103 sau iritare.<\/p>\n<p>Acoperirea natural\u0103 de lung\u0103 durat\u0103 \u0219i formula eficient\u0103 de camuflaj sunt disponibile \u00een 11 nuan\u021be versatile, f\u0103c\u00e2ndu-l un must-have pentru rutina zilnic\u0103 de frumuse\u021be. Versiunea CLEAR poate fi aplicat\u0103 ca o protec\u021bie solar\u0103 zilnic\u0103.<\/p>\n<p>Plin de vitamine puternice anti-\u00eemb\u0103tr\u00e2nire, extracte de plante, peptide, probiotice \u0219i acid hialuronic, ajut\u0103, de asemenea, la hidratarea \u0219i accelerarea \u00eentineririi pielii post-tratament.<\/p>\n<p>&nbsp;<\/p>\n","protected":false},"excerpt":{"rendered":"<p>Reduce\u021bi timpul de repaus dup\u0103 o procedur\u0103 \u0219i bucura\u021bi-v\u0103 de o acoperire impecabil\u0103 a fondului de ten cu SPF pentru utilizare zilnic\u0103. SPF 30 \/ PA +++ v\u0103 protejeaz\u0103 de razele UV d\u0103un\u0103toare. Disponibil \u00een 5 nuan\u021be versatile, inclusiv CLEAR. R\u0103core\u0219te instantaneu \u0219i hidrateaz\u0103 pielea \u00een timp ce acoper\u0103 ro\u0219ea\u021ba \u0219i iritarea dup\u0103 orice tratament de \u00eentinerire. Fond de ten formulat clinic. Potrivit pentru utilizare zilnic\u0103<\/p>\n<p>Potrivit pentru pielea de culoare medie, cu un ton neutru . Ideal pentru conturare.<\/p>\n","protected":false},"featured_media":19903,"comment_status":"open","ping_status":"closed","template":"","meta":[],"etheme_brands":[],"product_cat":[796,739,762],"product_tag":[797,763,764,765],"class_list":{"0":"post-19835","1":"product","2":"type-product","3":"status-publish","4":"has-post-thumbnail","6":"product_cat-fond-de-ten","7":"product_cat-ingrijire-ten","8":"product_cat-spf","9":"product_tag-fond-de-ten","10":"product_tag-protectie-solara","11":"product_tag-raze-uv","12":"product_tag-spf","14":"first","15":"instock","16":"sale","17":"shipping-taxable","18":"purchasable","19":"product-type-simple"},"_links":{"self":[{"href":"https:\/\/energystudio-agency.ro\/demo15\/wp-json\/wp\/v2\/product\/19835","targetHints":{"allow":["GET"]}}],"collection":[{"href":"https:\/\/energystudio-agency.ro\/demo15\/wp-json\/wp\/v2\/product"}],"about":[{"href":"https:\/\/energystudio-agency.ro\/demo15\/wp-json\/wp\/v2\/types\/product"}],"replies":[{"embeddable":true,"href":"https:\/\/energystudio-agency.ro\/demo15\/wp-json\/wp\/v2\/comments?post=19835"}],"version-history":[{"count":1,"href":"https:\/\/energystudio-agency.ro\/demo15\/wp-json\/wp\/v2\/product\/19835\/revisions"}],"predecessor-version":[{"id":19907,"href":"https:\/\/energystudio-agency.ro\/demo15\/wp-json\/wp\/v2\/product\/19835\/revisions\/19907"}],"wp:featuredmedia":[{"embeddable":true,"href":"https:\/\/energystudio-agency.ro\/demo15\/wp-json\/wp\/v2\/media\/19903"}],"wp:attachment":[{"href":"https:\/\/energystudio-agency.ro\/demo15\/wp-json\/wp\/v2\/media?parent=19835"}],"wp:term":[{"taxonomy":"brand","embeddable":true,"href":"https:\/\/energystudio-agency.ro\/demo15\/wp-json\/wp\/v2\/etheme_brands?post=19835"},{"taxonomy":"product_cat","embeddable":true,"href":"https:\/\/energystudio-agency.ro\/demo15\/wp-json\/wp\/v2\/product_cat?post=19835"},{"taxonomy":"product_tag","embeddable":true,"href":"https:\/\/energystudio-agency.ro\/demo15\/wp-json\/wp\/v2\/product_tag?post=19835"}],"curies":[{"name":"wp","href":"https:\/\/api.w.org\/{rel}","templated":true}]}}