{"id":19837,"date":"2022-12-13T22:26:54","date_gmt":"2022-12-13T22:26:54","guid":{"rendered":"https:\/\/energystudio-agency.ro\/demo15\/?post_type=product&#038;p=19837"},"modified":"2022-12-13T23:10:55","modified_gmt":"2022-12-13T23:10:55","slug":"dp-dermaceuticals-skin-veneer-50-ml","status":"publish","type":"product","link":"https:\/\/energystudio-agency.ro\/demo15\/shop\/ingrijire-personala-cosmetice\/ingrijire-ten\/hidratare\/dp-dermaceuticals-skin-veneer-50-ml\/","title":{"rendered":"DP DERMACEUTICALS SKIN VENEER 50 ml"},"content":{"rendered":"<p>Inspirat de compozi\u021bia func\u021biei naturale de barier\u0103 a pielii, SKIN VENEER ofer\u0103 o hidratare intens\u0103 pentru pielea uscat\u0103 p\u00e2n\u0103 la cea foarte uscat\u0103, protej\u00e2nd \u00een acela\u0219i timp \u00eempotriva condi\u021biilor de mediu dure. Este cel mai bun hidratant dupa microneedling, deoarece pielea tinde s\u0103 se confrunte cu o anumit\u0103 usc\u0103ciune \u00een timpul fazei de proliferare.<\/p>\n<p>O crem\u0103 hidratant\u0103 plin\u0103 de peptide, SKIN VENEER v\u0103 protejeaz\u0103 pielea ca un strat de \u201efurnir\u201d biocompatibil \u00een timp ce cre\u0219te apa intracelular\u0103. Este penultimul pas perfect \u00een aproape orice rutin\u0103 de \u00eengrijire a pielii Dp Dermaceuticals &#x2122; datorit\u0103 modului \u00een care fixeaz\u0103 activele benefice din seruri sau substante corectoare.<\/p>\n<p>Squalane este doar unul dintre ingredientele valoroase cu care se m\u00e2ndre\u0219te acest hidratant de dupa microneedling. Un ulei intens hidratant, Squalane se g\u0103se\u0219te \u00een mod natural \u00een piele \u0219i regleaz\u0103 excesul de produc\u021bie de ulei \u0219i nu \u00eenfund\u0103 porii.<\/p>\n<p>SKIN VENEER este potrivit pentru utilizarea pe pielea uscat\u0103 p\u00e2n\u0103 la cea foarte uscat\u0103 pe tot corpul \u0219i poate ajuta la ameliorarea simptomelor de xeroz\u0103, dermatit\u0103 \u0219i eczem\u0103 \u0219i usc\u0103ciune post-operatorie.<\/p>\n","protected":false},"excerpt":{"rendered":"<p>Fixa\u021bi hidratarea \u0219i proteja\u021bi-v\u0103 pielea de impurit\u0103\u021bile mediului cu SKIN VENEER &#x2122;. Aceast\u0103 crem\u0103 hidratant\u0103 atent echilibrat\u0103 con\u021bine un amestec de peptide, proteine, substan\u021be botanice \u0219i colesterol care reproduc func\u021bia de barier\u0103 natural\u0103 a pielii pentru o protec\u021bie superioar\u0103. Ofer\u0103 un impuls binevenit de hidratare a pielii afectate de v\u00e2rst\u0103, sensibilitate, xeroz\u0103, dermatit\u0103 sau eczeme.<\/p>\n","protected":false},"featured_media":19927,"comment_status":"open","ping_status":"closed","template":"","meta":[],"etheme_brands":[],"product_cat":[746,739],"product_tag":[755,757,823,771],"class_list":{"0":"post-19837","1":"product","2":"type-product","3":"status-publish","4":"has-post-thumbnail","6":"product_cat-hidratare","7":"product_cat-ingrijire-ten","8":"product_tag-crema-de-fata","9":"product_tag-hidratare","10":"product_tag-squalane","11":"product_tag-ten-sensibil","13":"first","14":"instock","15":"sale","16":"shipping-taxable","17":"purchasable","18":"product-type-simple"},"_links":{"self":[{"href":"https:\/\/energystudio-agency.ro\/demo15\/wp-json\/wp\/v2\/product\/19837","targetHints":{"allow":["GET"]}}],"collection":[{"href":"https:\/\/energystudio-agency.ro\/demo15\/wp-json\/wp\/v2\/product"}],"about":[{"href":"https:\/\/energystudio-agency.ro\/demo15\/wp-json\/wp\/v2\/types\/product"}],"replies":[{"embeddable":true,"href":"https:\/\/energystudio-agency.ro\/demo15\/wp-json\/wp\/v2\/comments?post=19837"}],"version-history":[{"count":1,"href":"https:\/\/energystudio-agency.ro\/demo15\/wp-json\/wp\/v2\/product\/19837\/revisions"}],"predecessor-version":[{"id":19931,"href":"https:\/\/energystudio-agency.ro\/demo15\/wp-json\/wp\/v2\/product\/19837\/revisions\/19931"}],"wp:featuredmedia":[{"embeddable":true,"href":"https:\/\/energystudio-agency.ro\/demo15\/wp-json\/wp\/v2\/media\/19927"}],"wp:attachment":[{"href":"https:\/\/energystudio-agency.ro\/demo15\/wp-json\/wp\/v2\/media?parent=19837"}],"wp:term":[{"taxonomy":"brand","embeddable":true,"href":"https:\/\/energystudio-agency.ro\/demo15\/wp-json\/wp\/v2\/etheme_brands?post=19837"},{"taxonomy":"product_cat","embeddable":true,"href":"https:\/\/energystudio-agency.ro\/demo15\/wp-json\/wp\/v2\/product_cat?post=19837"},{"taxonomy":"product_tag","embeddable":true,"href":"https:\/\/energystudio-agency.ro\/demo15\/wp-json\/wp\/v2\/product_tag?post=19837"}],"curies":[{"name":"wp","href":"https:\/\/api.w.org\/{rel}","templated":true}]}}