{"id":19838,"date":"2022-12-13T22:26:55","date_gmt":"2022-12-13T22:26:55","guid":{"rendered":"https:\/\/energystudio-agency.ro\/demo15\/?post_type=product&#038;p=19838"},"modified":"2022-12-13T23:10:53","modified_gmt":"2022-12-13T23:10:53","slug":"dp-dermaceuticals-cap-curatare-oscisonic","status":"publish","type":"product","link":"https:\/\/energystudio-agency.ro\/demo15\/shop\/ingrijire-personala-cosmetice\/ingrijire-ten\/dp-dermaceuticals-cap-curatare-oscisonic\/","title":{"rendered":"DP DERMACEUTICALS CAP CURATARE OSCISONIC"},"content":{"rendered":"<p>Fabricat din silicon de calitate medical\u0103, OSCISONIC CLEANSER HEAD folose\u0219te o vibra\u021bie sonic\u0103 oscilant\u0103 pentru a dezv\u0103lui o piele mai curat\u0103 \u0219i mai str\u0103lucitoare.<\/p>\n<p>Capul periei pentru cur\u0103\u021barea fe\u021bei din silicon se ata\u0219eaz\u0103 la tubul de cur\u0103\u021bare standard Dp Dermaceuticals &#x2122; de 150 ml, inclusiv TRI-PHASE CLEANSER &#x2122;, CLR FOAM CLEANSER &#x2122; \u0219i MICRO DERM EXFOLIANT &#x2122;. Amplasarea proiect\u0103rii geometrice ISO a pl\u0103cilor de exfoliere din silicon din cap deconecteaz\u0103 u\u0219or porii \u0219i elimin\u0103 celulele uscate de la suprafa\u021ba pielii. Tenul t\u0103u este vizibil mai neted, mai luminos \u0219i mai s\u0103n\u0103tos.<\/p>\n","protected":false},"excerpt":{"rendered":"<p>Ata\u0219a\u021bi peria de cur\u0103\u021bare a fe\u021bei din silicon la orice tub de cur\u0103\u021bare standard Dp Dermaceuticals 150 ml pentru a v\u0103 actualiza rutina zilnic\u0103 de \u00eengrijire a pielii. Vibra\u021bia rapid\u0103 func\u021bioneaz\u0103 cu produsul de cur\u0103\u021bare ales pentru a desface porii \u0219i a \u00eendep\u0103rta celulele uscate de pe suprafa\u021ba pielii. Prin accelerarea regenerarii celulelor pielii, se relev\u0103 un ten mai luminos.<\/p>\n","protected":false},"featured_media":19932,"comment_status":"open","ping_status":"closed","template":"","meta":[],"etheme_brands":[],"product_cat":[824,739],"product_tag":[825,767,768,826],"class_list":{"0":"post-19838","1":"product","2":"type-product","3":"status-publish","4":"has-post-thumbnail","6":"product_cat-accesorii","7":"product_cat-ingrijire-ten","8":"product_tag-accesoriu","9":"product_tag-cleanser","10":"product_tag-curatare","11":"product_tag-masaj-facial","13":"first","14":"instock","15":"sale","16":"shipping-taxable","17":"purchasable","18":"product-type-simple"},"_links":{"self":[{"href":"https:\/\/energystudio-agency.ro\/demo15\/wp-json\/wp\/v2\/product\/19838","targetHints":{"allow":["GET"]}}],"collection":[{"href":"https:\/\/energystudio-agency.ro\/demo15\/wp-json\/wp\/v2\/product"}],"about":[{"href":"https:\/\/energystudio-agency.ro\/demo15\/wp-json\/wp\/v2\/types\/product"}],"replies":[{"embeddable":true,"href":"https:\/\/energystudio-agency.ro\/demo15\/wp-json\/wp\/v2\/comments?post=19838"}],"version-history":[{"count":1,"href":"https:\/\/energystudio-agency.ro\/demo15\/wp-json\/wp\/v2\/product\/19838\/revisions"}],"predecessor-version":[{"id":19936,"href":"https:\/\/energystudio-agency.ro\/demo15\/wp-json\/wp\/v2\/product\/19838\/revisions\/19936"}],"wp:featuredmedia":[{"embeddable":true,"href":"https:\/\/energystudio-agency.ro\/demo15\/wp-json\/wp\/v2\/media\/19932"}],"wp:attachment":[{"href":"https:\/\/energystudio-agency.ro\/demo15\/wp-json\/wp\/v2\/media?parent=19838"}],"wp:term":[{"taxonomy":"brand","embeddable":true,"href":"https:\/\/energystudio-agency.ro\/demo15\/wp-json\/wp\/v2\/etheme_brands?post=19838"},{"taxonomy":"product_cat","embeddable":true,"href":"https:\/\/energystudio-agency.ro\/demo15\/wp-json\/wp\/v2\/product_cat?post=19838"},{"taxonomy":"product_tag","embeddable":true,"href":"https:\/\/energystudio-agency.ro\/demo15\/wp-json\/wp\/v2\/product_tag?post=19838"}],"curies":[{"name":"wp","href":"https:\/\/api.w.org\/{rel}","templated":true}]}}