{"id":19839,"date":"2022-12-13T22:26:55","date_gmt":"2022-12-13T22:26:55","guid":{"rendered":"https:\/\/energystudio-agency.ro\/demo15\/?post_type=product&#038;p=19839"},"modified":"2022-12-13T23:10:53","modified_gmt":"2022-12-13T23:10:53","slug":"crema-de-fata-cu-protectie-solara-80-defencextra-spf-50-ml-pressensa","status":"publish","type":"product","link":"https:\/\/energystudio-agency.ro\/demo15\/shop\/ingrijire-personala-cosmetice\/ingrijire-ten\/spf\/crema-de-fata-cu-protectie-solara-80-defencextra-spf-50-ml-pressensa\/","title":{"rendered":"Crem\u0103 de fata cu protec\u021bie solar\u0103 80 DefencExtra SPF 50 ml Pressensa"},"content":{"rendered":"<div class=\"prod__details\">\n<div class=\"col\">\n<div class=\"specs\">\n<div class=\"spec inner-p\">\n<p>\u0218tim c\u0103 radia\u021biile UV sunt responsabile pentru \u00eemb\u0103tr\u00e2nirea prematur\u0103 a pielii, a\u0219a c\u0103 am g\u0103sit formula perfect\u0103 at\u00e2t pentru mare c\u00e2t \u0219i pentru munte, pentru a te proteja pe tine \u0219i pielea ta! \u00ce\u021bi po\u021bi lua adio de la incidentele solare \u0219i totodat\u0103 po\u021bi preveni procesul de \u00eemb\u0103tr\u00e2nire.<\/p>\n<p>G\u00e2ndit\u0103 pentru zile caniculare, c\u00e2t \u0219i pentru zile mai aspre, textura lejer\u0103 \u2013 elemental cel mai important pentru confortul t\u0103u \u2013 f\u0103r\u0103 parabeni, te va face s\u0103 te sim\u021bi u\u0219oar\u0103, f\u0103r\u0103 s\u0103 ai senza\u021bia c\u0103 \u021bi-ai aplicat produse pe ten.<\/p>\n<p>Fie c\u0103 vrei s\u0103 fii natural\u0103, fie c\u0103 vrei s\u0103 te aranjezi, po\u021bi s\u0103 te bazezi c\u0103 Sunkariba Mta (factor de protec\u021bie de ultim\u0103 genera\u021bie \u00eempotriva daunelor cauzate de razele UVB\/UVA) \u0219i extractele naturale (aloe vera, mu\u0219e\u021bel \u0219i acid hialuronic) \u00ee\u021bi vor fi al\u0103turi \u0219i vor deveni indispensabile \u00een rutina ta zilnic\u0103.<\/p>\n<p>&nbsp;<\/p>\n<p>Emulsie hidratant\u0103 cu filtre avansate UVA \/ UVB, ajut\u0103 la protejarea pielii de ac\u021biunea razelor solare pentru un timp \u00eendelungat. Datorit\u0103 texturii sale, se absoarbe u\u0219or \u00een piele \u0219i nu las\u0103 urme albe.Previne \u00eemb\u0103tr\u00e2nirea prematur\u0103, apari\u021bia cuperozei \u0219i a petelor pigmentare. Potrivit pentru toate tipurile de piele, inclusiv cea sensibil\u0103.<\/p>\n<p>Se absoarbe u\u0219or, nu las\u0103 urme albe, protejeaz\u0103 impotriva radia\u021biilor solare, la mare sau munte, blocheaz\u0103 inciden\u021bele razelor solare \u0219i previne procesul de foto\u00eemb\u0103tr\u00e2nire.<\/p>\n<\/div>\n<\/div>\n<\/div>\n<\/div>\n<div class=\"prod__benefits\">\n<p>Formul\u0103 bogat\u0103, textur\u0103 lejer\u0103, f\u0103r\u0103 parabeni. Pentru toate tipurile de ten.<\/p>\n<\/div>\n","protected":false},"excerpt":{"rendered":"<p>Crem\u0103 cu protec\u021bie solar\u0103 maximal\u0103 80 SPF, cu filtre avansate UVA\/UVB<\/p>\n","protected":false},"featured_media":19937,"comment_status":"open","ping_status":"closed","template":"","meta":[],"etheme_brands":[],"product_cat":[739,762],"product_tag":[827,828,763,764,765],"class_list":{"0":"post-19839","1":"product","2":"type-product","3":"status-publish","4":"has-post-thumbnail","6":"product_cat-ingrijire-ten","7":"product_cat-spf","8":"product_tag-crema-cu-factor-de-protectie-spf-80","9":"product_tag-crema-cu-protectie-solara-spf-80-pressensa","10":"product_tag-protectie-solara","11":"product_tag-raze-uv","12":"product_tag-spf","14":"first","15":"instock","16":"shipping-taxable","17":"purchasable","18":"product-type-simple"},"_links":{"self":[{"href":"https:\/\/energystudio-agency.ro\/demo15\/wp-json\/wp\/v2\/product\/19839","targetHints":{"allow":["GET"]}}],"collection":[{"href":"https:\/\/energystudio-agency.ro\/demo15\/wp-json\/wp\/v2\/product"}],"about":[{"href":"https:\/\/energystudio-agency.ro\/demo15\/wp-json\/wp\/v2\/types\/product"}],"replies":[{"embeddable":true,"href":"https:\/\/energystudio-agency.ro\/demo15\/wp-json\/wp\/v2\/comments?post=19839"}],"version-history":[{"count":1,"href":"https:\/\/energystudio-agency.ro\/demo15\/wp-json\/wp\/v2\/product\/19839\/revisions"}],"predecessor-version":[{"id":19938,"href":"https:\/\/energystudio-agency.ro\/demo15\/wp-json\/wp\/v2\/product\/19839\/revisions\/19938"}],"wp:featuredmedia":[{"embeddable":true,"href":"https:\/\/energystudio-agency.ro\/demo15\/wp-json\/wp\/v2\/media\/19937"}],"wp:attachment":[{"href":"https:\/\/energystudio-agency.ro\/demo15\/wp-json\/wp\/v2\/media?parent=19839"}],"wp:term":[{"taxonomy":"brand","embeddable":true,"href":"https:\/\/energystudio-agency.ro\/demo15\/wp-json\/wp\/v2\/etheme_brands?post=19839"},{"taxonomy":"product_cat","embeddable":true,"href":"https:\/\/energystudio-agency.ro\/demo15\/wp-json\/wp\/v2\/product_cat?post=19839"},{"taxonomy":"product_tag","embeddable":true,"href":"https:\/\/energystudio-agency.ro\/demo15\/wp-json\/wp\/v2\/product_tag?post=19839"}],"curies":[{"name":"wp","href":"https:\/\/api.w.org\/{rel}","templated":true}]}}