{"id":19840,"date":"2022-12-13T22:26:55","date_gmt":"2022-12-13T22:26:55","guid":{"rendered":"https:\/\/energystudio-agency.ro\/demo15\/?post_type=product&#038;p=19840"},"modified":"2022-12-13T23:10:53","modified_gmt":"2022-12-13T23:10:53","slug":"totalift-24h-crema-hidratanta-de-zi-50-ml","status":"publish","type":"product","link":"https:\/\/energystudio-agency.ro\/demo15\/shop\/ingrijire-personala-cosmetice\/ingrijire-ten\/riduri\/totalift-24h-crema-hidratanta-de-zi-50-ml\/","title":{"rendered":"TotaLift 24H -crema hidratanta de zi 50 ml"},"content":{"rendered":"<div class=\"prod__details\">\n<div class=\"col\">\n<div class=\"specs\">\n<div class=\"spec inner-p\">\n<p>Efect de \u00eentinerire f\u0103r\u0103 proceduri invazive<\/p>\n<\/div>\n<\/div>\n<\/div>\n<\/div>\n<div class=\"prod__benefits\">\n<p>Propriet\u0103\u021bile hidratante care niveleaz\u0103 ridurile mici \u0219i ofer\u0103 un efect de tonifiere \u0219i catifelare timp de 24h.<\/p>\n<p>&nbsp;<\/p>\n<\/div>\n","protected":false},"excerpt":{"rendered":"<p>Efect de \u00eentinerire f\u0103r\u0103 proceduri invazive<\/p>\n","protected":false},"featured_media":19939,"comment_status":"open","ping_status":"closed","template":"","meta":[],"etheme_brands":[],"product_cat":[739,747],"product_tag":[753,754,755,829,758,750],"class_list":{"0":"post-19840","1":"product","2":"type-product","3":"status-publish","4":"has-post-thumbnail","6":"product_cat-ingrijire-ten","7":"product_cat-riduri","8":"product_tag-antiage","9":"product_tag-antirid","10":"product_tag-crema-de-fata","11":"product_tag-crema-de-zi","12":"product_tag-lifting","13":"product_tag-riduri","15":"first","16":"instock","17":"shipping-taxable","18":"purchasable","19":"product-type-simple"},"_links":{"self":[{"href":"https:\/\/energystudio-agency.ro\/demo15\/wp-json\/wp\/v2\/product\/19840","targetHints":{"allow":["GET"]}}],"collection":[{"href":"https:\/\/energystudio-agency.ro\/demo15\/wp-json\/wp\/v2\/product"}],"about":[{"href":"https:\/\/energystudio-agency.ro\/demo15\/wp-json\/wp\/v2\/types\/product"}],"replies":[{"embeddable":true,"href":"https:\/\/energystudio-agency.ro\/demo15\/wp-json\/wp\/v2\/comments?post=19840"}],"version-history":[{"count":1,"href":"https:\/\/energystudio-agency.ro\/demo15\/wp-json\/wp\/v2\/product\/19840\/revisions"}],"predecessor-version":[{"id":19940,"href":"https:\/\/energystudio-agency.ro\/demo15\/wp-json\/wp\/v2\/product\/19840\/revisions\/19940"}],"wp:featuredmedia":[{"embeddable":true,"href":"https:\/\/energystudio-agency.ro\/demo15\/wp-json\/wp\/v2\/media\/19939"}],"wp:attachment":[{"href":"https:\/\/energystudio-agency.ro\/demo15\/wp-json\/wp\/v2\/media?parent=19840"}],"wp:term":[{"taxonomy":"brand","embeddable":true,"href":"https:\/\/energystudio-agency.ro\/demo15\/wp-json\/wp\/v2\/etheme_brands?post=19840"},{"taxonomy":"product_cat","embeddable":true,"href":"https:\/\/energystudio-agency.ro\/demo15\/wp-json\/wp\/v2\/product_cat?post=19840"},{"taxonomy":"product_tag","embeddable":true,"href":"https:\/\/energystudio-agency.ro\/demo15\/wp-json\/wp\/v2\/product_tag?post=19840"}],"curies":[{"name":"wp","href":"https:\/\/api.w.org\/{rel}","templated":true}]}}