{"id":19841,"date":"2022-12-13T22:26:55","date_gmt":"2022-12-13T22:26:55","guid":{"rendered":"https:\/\/energystudio-agency.ro\/demo15\/?post_type=product&#038;p=19841"},"modified":"2022-12-13T23:10:54","modified_gmt":"2022-12-13T23:10:54","slug":"intense-c-vitaserum-ser-de-fata-30-ml","status":"publish","type":"product","link":"https:\/\/energystudio-agency.ro\/demo15\/shop\/ingrijire-personala-cosmetice\/ingrijire-ten\/pete-pigmentare\/intense-c-vitaserum-ser-de-fata-30-ml\/","title":{"rendered":"Intense C VitaSerum &#8211; Ser de fa\u021b\u0103 30 ml"},"content":{"rendered":"<p>Ser anti-\u00eembatr\u00e2nire.Conceput pentru a stimula producerea de colagen \u0219i elastin\u0103.<\/p>\n<p>Con\u021bine ARGIRELOX&#x2122; (peptida de ultima genera\u021bie), care ac\u021bioneaz\u0103 sinergic pentru a combate ridurile, semnele de \u00eemb\u0103tr\u00e2nire \u0219i linii de expresie, datorit\u0103 c\u0103ruia pielea devine mai moale \u0219i mai flexibil\u0103.<\/p>\n","protected":false},"excerpt":{"rendered":"<p>Ser de fa\u021b\u0103 anti-\u00eemb\u0103tr\u00e2nire, iluminator, cu vitamina C<\/p>\n<p>Ser anti-\u00eembatr\u00e2nire.Conceput pentru a stimula producerea de colagen \u0219i elastin\u0103<\/p>\n","protected":false},"featured_media":19941,"comment_status":"open","ping_status":"closed","template":"","meta":[],"etheme_brands":[],"product_cat":[739,779,798],"product_tag":[753,754,782,751,784,795,785,786],"class_list":{"0":"post-19841","1":"product","2":"type-product","3":"status-publish","4":"has-post-thumbnail","6":"product_cat-ingrijire-ten","7":"product_cat-pete-pigmentare","8":"product_cat-seruri","9":"product_tag-antiage","10":"product_tag-antirid","11":"product_tag-pete-pigmentare","12":"product_tag-ser","13":"product_tag-ser-cu-vitamina-c","14":"product_tag-ser-de-fata","15":"product_tag-vit-c","16":"product_tag-vitamina-c","18":"first","19":"instock","20":"shipping-taxable","21":"purchasable","22":"product-type-simple"},"_links":{"self":[{"href":"https:\/\/energystudio-agency.ro\/demo15\/wp-json\/wp\/v2\/product\/19841","targetHints":{"allow":["GET"]}}],"collection":[{"href":"https:\/\/energystudio-agency.ro\/demo15\/wp-json\/wp\/v2\/product"}],"about":[{"href":"https:\/\/energystudio-agency.ro\/demo15\/wp-json\/wp\/v2\/types\/product"}],"replies":[{"embeddable":true,"href":"https:\/\/energystudio-agency.ro\/demo15\/wp-json\/wp\/v2\/comments?post=19841"}],"version-history":[{"count":1,"href":"https:\/\/energystudio-agency.ro\/demo15\/wp-json\/wp\/v2\/product\/19841\/revisions"}],"predecessor-version":[{"id":19942,"href":"https:\/\/energystudio-agency.ro\/demo15\/wp-json\/wp\/v2\/product\/19841\/revisions\/19942"}],"wp:featuredmedia":[{"embeddable":true,"href":"https:\/\/energystudio-agency.ro\/demo15\/wp-json\/wp\/v2\/media\/19941"}],"wp:attachment":[{"href":"https:\/\/energystudio-agency.ro\/demo15\/wp-json\/wp\/v2\/media?parent=19841"}],"wp:term":[{"taxonomy":"brand","embeddable":true,"href":"https:\/\/energystudio-agency.ro\/demo15\/wp-json\/wp\/v2\/etheme_brands?post=19841"},{"taxonomy":"product_cat","embeddable":true,"href":"https:\/\/energystudio-agency.ro\/demo15\/wp-json\/wp\/v2\/product_cat?post=19841"},{"taxonomy":"product_tag","embeddable":true,"href":"https:\/\/energystudio-agency.ro\/demo15\/wp-json\/wp\/v2\/product_tag?post=19841"}],"curies":[{"name":"wp","href":"https:\/\/api.w.org\/{rel}","templated":true}]}}