{"id":19842,"date":"2022-12-13T22:26:55","date_gmt":"2022-12-13T22:26:55","guid":{"rendered":"https:\/\/energystudio-agency.ro\/demo15\/?post_type=product&#038;p=19842"},"modified":"2022-12-13T23:10:54","modified_gmt":"2022-12-13T23:10:54","slug":"supremeffects-crema-de-noapte-50-ml","status":"publish","type":"product","link":"https:\/\/energystudio-agency.ro\/demo15\/shop\/ingrijire-personala-cosmetice\/ingrijire-ten\/riduri\/supremeffects-crema-de-noapte-50-ml\/","title":{"rendered":"SupremEffects &#8211; Crem\u0103 de noapte 50 ml"},"content":{"rendered":"<p>Revitalizant pentru pielea matur\u0103.<\/p>\n<p>Diminueaz\u0103 semnele de oboseal\u0103, oferind rezisten\u021b\u0103, flexibilitate \u0219i str\u0103lucire pielii, ac\u021bioneaz\u0103 prin combaterea \u00eemb\u0103tr\u00e2nirii pielii conferindu-i elasticitate \u0219i catifelare. Ajut\u0103 la regenerarea filmului hidrolipidic evit\u00e2nd uscarea pielii.<\/p>\n","protected":false},"excerpt":{"rendered":"<p>Efect de \u00eentinerire f\u0103r\u0103 proceduri invazive<\/p>\n","protected":false},"featured_media":19943,"comment_status":"open","ping_status":"closed","template":"","meta":[],"etheme_brands":[],"product_cat":[739,747],"product_tag":[791,753,754,830,780,750,806],"class_list":{"0":"post-19842","1":"product","2":"type-product","3":"status-publish","4":"has-post-thumbnail","6":"product_cat-ingrijire-ten","7":"product_cat-riduri","8":"product_tag-acid-hialuronic","9":"product_tag-antiage","10":"product_tag-antirid","11":"product_tag-crem-de-fata","12":"product_tag-crema-de-noapte","13":"product_tag-riduri","14":"product_tag-vitamina-e","16":"first","17":"instock","18":"shipping-taxable","19":"purchasable","20":"product-type-simple"},"_links":{"self":[{"href":"https:\/\/energystudio-agency.ro\/demo15\/wp-json\/wp\/v2\/product\/19842","targetHints":{"allow":["GET"]}}],"collection":[{"href":"https:\/\/energystudio-agency.ro\/demo15\/wp-json\/wp\/v2\/product"}],"about":[{"href":"https:\/\/energystudio-agency.ro\/demo15\/wp-json\/wp\/v2\/types\/product"}],"replies":[{"embeddable":true,"href":"https:\/\/energystudio-agency.ro\/demo15\/wp-json\/wp\/v2\/comments?post=19842"}],"version-history":[{"count":1,"href":"https:\/\/energystudio-agency.ro\/demo15\/wp-json\/wp\/v2\/product\/19842\/revisions"}],"predecessor-version":[{"id":19944,"href":"https:\/\/energystudio-agency.ro\/demo15\/wp-json\/wp\/v2\/product\/19842\/revisions\/19944"}],"wp:featuredmedia":[{"embeddable":true,"href":"https:\/\/energystudio-agency.ro\/demo15\/wp-json\/wp\/v2\/media\/19943"}],"wp:attachment":[{"href":"https:\/\/energystudio-agency.ro\/demo15\/wp-json\/wp\/v2\/media?parent=19842"}],"wp:term":[{"taxonomy":"brand","embeddable":true,"href":"https:\/\/energystudio-agency.ro\/demo15\/wp-json\/wp\/v2\/etheme_brands?post=19842"},{"taxonomy":"product_cat","embeddable":true,"href":"https:\/\/energystudio-agency.ro\/demo15\/wp-json\/wp\/v2\/product_cat?post=19842"},{"taxonomy":"product_tag","embeddable":true,"href":"https:\/\/energystudio-agency.ro\/demo15\/wp-json\/wp\/v2\/product_tag?post=19842"}],"curies":[{"name":"wp","href":"https:\/\/api.w.org\/{rel}","templated":true}]}}