{"id":19843,"date":"2022-12-13T22:26:55","date_gmt":"2022-12-13T22:26:55","guid":{"rendered":"https:\/\/energystudio-agency.ro\/demo15\/?post_type=product&#038;p=19843"},"modified":"2022-12-13T23:10:54","modified_gmt":"2022-12-13T23:10:54","slug":"whitextreme-crema-activa-depigmentant-50-ml","status":"publish","type":"product","link":"https:\/\/energystudio-agency.ro\/demo15\/shop\/ingrijire-personala-cosmetice\/ingrijire-ten\/pete-pigmentare\/whitextreme-crema-activa-depigmentant-50-ml\/","title":{"rendered":"WhitExtreme -Crem\u0103 activ\u0103 depigmentant 50 ml"},"content":{"rendered":"<div class=\"prod__details\">\n<div class=\"col\">\n<div class=\"specs\">\n<div class=\"spec inner-p\">\n<p>Crema activ\u0103 depigmentant\u0103 cu o textur\u0103 u\u0219oar\u0103. Reduce petele cauzate de v\u00e2rst\u0103. Ofer\u0103 hidratare profund\u0103 \u0219i luminozitate tenului.<\/p>\n<\/div>\n<\/div>\n<\/div>\n<\/div>\n<div class=\"prod__benefits\">\n<p>Este recomandat\u0103 pentru tratamentul semnelor de foto\u00eemb\u0103tr\u00e2nire.<\/p>\n<\/div>\n","protected":false},"excerpt":{"rendered":"<p>Crem\u0103 activ\u0103 depigmentant\u0103 de fa\u021b\u0103, cu textur\u0103 u\u0219oar\u0103<\/p>\n","protected":false},"featured_media":19945,"comment_status":"open","ping_status":"closed","template":"","meta":[],"etheme_brands":[],"product_cat":[739,779],"product_tag":[780,816,782,750,805,806],"class_list":{"0":"post-19843","1":"product","2":"type-product","3":"status-publish","4":"has-post-thumbnail","6":"product_cat-ingrijire-ten","7":"product_cat-pete-pigmentare","8":"product_tag-crema-de-noapte","9":"product_tag-niacinamide","10":"product_tag-pete-pigmentare","11":"product_tag-riduri","12":"product_tag-vitamina-a","13":"product_tag-vitamina-e","15":"first","16":"instock","17":"shipping-taxable","18":"purchasable","19":"product-type-simple"},"_links":{"self":[{"href":"https:\/\/energystudio-agency.ro\/demo15\/wp-json\/wp\/v2\/product\/19843","targetHints":{"allow":["GET"]}}],"collection":[{"href":"https:\/\/energystudio-agency.ro\/demo15\/wp-json\/wp\/v2\/product"}],"about":[{"href":"https:\/\/energystudio-agency.ro\/demo15\/wp-json\/wp\/v2\/types\/product"}],"replies":[{"embeddable":true,"href":"https:\/\/energystudio-agency.ro\/demo15\/wp-json\/wp\/v2\/comments?post=19843"}],"version-history":[{"count":1,"href":"https:\/\/energystudio-agency.ro\/demo15\/wp-json\/wp\/v2\/product\/19843\/revisions"}],"predecessor-version":[{"id":19946,"href":"https:\/\/energystudio-agency.ro\/demo15\/wp-json\/wp\/v2\/product\/19843\/revisions\/19946"}],"wp:featuredmedia":[{"embeddable":true,"href":"https:\/\/energystudio-agency.ro\/demo15\/wp-json\/wp\/v2\/media\/19945"}],"wp:attachment":[{"href":"https:\/\/energystudio-agency.ro\/demo15\/wp-json\/wp\/v2\/media?parent=19843"}],"wp:term":[{"taxonomy":"brand","embeddable":true,"href":"https:\/\/energystudio-agency.ro\/demo15\/wp-json\/wp\/v2\/etheme_brands?post=19843"},{"taxonomy":"product_cat","embeddable":true,"href":"https:\/\/energystudio-agency.ro\/demo15\/wp-json\/wp\/v2\/product_cat?post=19843"},{"taxonomy":"product_tag","embeddable":true,"href":"https:\/\/energystudio-agency.ro\/demo15\/wp-json\/wp\/v2\/product_tag?post=19843"}],"curies":[{"name":"wp","href":"https:\/\/api.w.org\/{rel}","templated":true}]}}