{"id":19845,"date":"2022-12-13T22:26:56","date_gmt":"2022-12-13T22:26:56","guid":{"rendered":"https:\/\/energystudio-agency.ro\/demo15\/?post_type=product&#038;p=19845"},"modified":"2022-12-13T23:10:51","modified_gmt":"2022-12-13T23:10:51","slug":"deepure-lapte-de-curatare-150ml","status":"publish","type":"product","link":"https:\/\/energystudio-agency.ro\/demo15\/shop\/ingrijire-personala-cosmetice\/ingrijire-ten\/cleanser\/deepure-lapte-de-curatare-150ml\/","title":{"rendered":"DeePure &#8211; Lapte de cur\u0103\u021bare 150ml"},"content":{"rendered":"<p>Emulsie cremoas\u0103 revigorant\u0103. \u00cenl\u0103tur\u0103 eficient machiajul \u0219i alte impurit\u0103\u021bi din zona fe\u021bei, g\u00e2tului \u0219i decolteului, f\u0103r\u0103 a deteriora pielea. Pentru toate tipurile de piele, inclusiv cea sensibil\u0103. Nu con\u021bine alcool, nici parabeni.<\/p>\n","protected":false},"excerpt":{"rendered":"<p>Lapte de cur\u0103\u021bare \u0219i hidratare cu ap\u0103 glacial\u0103 lipozomal\u0103<\/p>\n","protected":false},"featured_media":19949,"comment_status":"open","ping_status":"closed","template":"","meta":[],"etheme_brands":[],"product_cat":[766,739],"product_tag":[767,768,769,834],"class_list":{"0":"post-19845","1":"product","2":"type-product","3":"status-publish","4":"has-post-thumbnail","6":"product_cat-cleanser","7":"product_cat-ingrijire-ten","8":"product_tag-cleanser","9":"product_tag-curatare","10":"product_tag-demachiant","11":"product_tag-lapte-demachiant","13":"first","14":"instock","15":"shipping-taxable","16":"purchasable","17":"product-type-simple"},"_links":{"self":[{"href":"https:\/\/energystudio-agency.ro\/demo15\/wp-json\/wp\/v2\/product\/19845","targetHints":{"allow":["GET"]}}],"collection":[{"href":"https:\/\/energystudio-agency.ro\/demo15\/wp-json\/wp\/v2\/product"}],"about":[{"href":"https:\/\/energystudio-agency.ro\/demo15\/wp-json\/wp\/v2\/types\/product"}],"replies":[{"embeddable":true,"href":"https:\/\/energystudio-agency.ro\/demo15\/wp-json\/wp\/v2\/comments?post=19845"}],"version-history":[{"count":1,"href":"https:\/\/energystudio-agency.ro\/demo15\/wp-json\/wp\/v2\/product\/19845\/revisions"}],"predecessor-version":[{"id":19950,"href":"https:\/\/energystudio-agency.ro\/demo15\/wp-json\/wp\/v2\/product\/19845\/revisions\/19950"}],"wp:featuredmedia":[{"embeddable":true,"href":"https:\/\/energystudio-agency.ro\/demo15\/wp-json\/wp\/v2\/media\/19949"}],"wp:attachment":[{"href":"https:\/\/energystudio-agency.ro\/demo15\/wp-json\/wp\/v2\/media?parent=19845"}],"wp:term":[{"taxonomy":"brand","embeddable":true,"href":"https:\/\/energystudio-agency.ro\/demo15\/wp-json\/wp\/v2\/etheme_brands?post=19845"},{"taxonomy":"product_cat","embeddable":true,"href":"https:\/\/energystudio-agency.ro\/demo15\/wp-json\/wp\/v2\/product_cat?post=19845"},{"taxonomy":"product_tag","embeddable":true,"href":"https:\/\/energystudio-agency.ro\/demo15\/wp-json\/wp\/v2\/product_tag?post=19845"}],"curies":[{"name":"wp","href":"https:\/\/api.w.org\/{rel}","templated":true}]}}