{"id":19846,"date":"2022-12-13T22:26:56","date_gmt":"2022-12-13T22:26:56","guid":{"rendered":"https:\/\/energystudio-agency.ro\/demo15\/?post_type=product&#038;p=19846"},"modified":"2022-12-13T23:10:52","modified_gmt":"2022-12-13T23:10:52","slug":"creamask-c-masca-faciala-cu-vitamina-c-50ml","status":"publish","type":"product","link":"https:\/\/energystudio-agency.ro\/demo15\/shop\/ingrijire-personala-cosmetice\/ingrijire-ten\/riduri\/creamask-c-masca-faciala-cu-vitamina-c-50ml\/","title":{"rendered":"CreaMask C &#8211; Masc\u0103 facial\u0103 cu vitamina C 50ml"},"content":{"rendered":"<p>Masc\u0103 facial\u0103 conceput\u0103 pentru a trata pielea obosit\u0103, oferindu-i luminozitate \u0219i vitalitate, conferind, imediat un aspect radiant \u0219i s\u0103n\u0103tos. \u00cen acela\u0219i timp, omogenizeaz\u0103 culoarea pielii, \u00eembun\u0103t\u0103\u021bind textura \u0219i elasticitatea pielii, hidrateaz\u0103 \u00een profunzime \u0219i ajut\u0103 la minimizarea ridurilor \u0219i a liniilor de expresie.<\/p>\n","protected":false},"excerpt":{"rendered":"<p>Masc\u0103 de zi\/noapte absorbant\u0103 \u0219i matifiant\u0103<\/p>\n","protected":false},"featured_media":19951,"comment_status":"open","ping_status":"closed","template":"","meta":[],"etheme_brands":[],"product_cat":[739,779,747],"product_tag":[754,804,782,750,785,786],"class_list":{"0":"post-19846","1":"product","2":"type-product","3":"status-publish","4":"has-post-thumbnail","6":"product_cat-ingrijire-ten","7":"product_cat-pete-pigmentare","8":"product_cat-riduri","9":"product_tag-antirid","10":"product_tag-masca-de-fata","11":"product_tag-pete-pigmentare","12":"product_tag-riduri","13":"product_tag-vit-c","14":"product_tag-vitamina-c","16":"first","17":"instock","18":"shipping-taxable","19":"purchasable","20":"product-type-simple"},"_links":{"self":[{"href":"https:\/\/energystudio-agency.ro\/demo15\/wp-json\/wp\/v2\/product\/19846","targetHints":{"allow":["GET"]}}],"collection":[{"href":"https:\/\/energystudio-agency.ro\/demo15\/wp-json\/wp\/v2\/product"}],"about":[{"href":"https:\/\/energystudio-agency.ro\/demo15\/wp-json\/wp\/v2\/types\/product"}],"replies":[{"embeddable":true,"href":"https:\/\/energystudio-agency.ro\/demo15\/wp-json\/wp\/v2\/comments?post=19846"}],"version-history":[{"count":1,"href":"https:\/\/energystudio-agency.ro\/demo15\/wp-json\/wp\/v2\/product\/19846\/revisions"}],"predecessor-version":[{"id":19952,"href":"https:\/\/energystudio-agency.ro\/demo15\/wp-json\/wp\/v2\/product\/19846\/revisions\/19952"}],"wp:featuredmedia":[{"embeddable":true,"href":"https:\/\/energystudio-agency.ro\/demo15\/wp-json\/wp\/v2\/media\/19951"}],"wp:attachment":[{"href":"https:\/\/energystudio-agency.ro\/demo15\/wp-json\/wp\/v2\/media?parent=19846"}],"wp:term":[{"taxonomy":"brand","embeddable":true,"href":"https:\/\/energystudio-agency.ro\/demo15\/wp-json\/wp\/v2\/etheme_brands?post=19846"},{"taxonomy":"product_cat","embeddable":true,"href":"https:\/\/energystudio-agency.ro\/demo15\/wp-json\/wp\/v2\/product_cat?post=19846"},{"taxonomy":"product_tag","embeddable":true,"href":"https:\/\/energystudio-agency.ro\/demo15\/wp-json\/wp\/v2\/product_tag?post=19846"}],"curies":[{"name":"wp","href":"https:\/\/api.w.org\/{rel}","templated":true}]}}